{"id":11445,"date":"2017-07-11T08:51:10","date_gmt":"2017-07-11T06:51:10","guid":{"rendered":"http:\/\/portal.e-polish.eu\/blog\/?page_id=71"},"modified":"2017-07-11T08:51:10","modified_gmt":"2017-07-11T06:51:10","slug":"o-nas","status":"publish","type":"page","link":"https:\/\/e-polish.eu\/sklep\/o-nas\/","title":{"rendered":"O NAS"},"content":{"rendered":"<p>GLOSSA specjalizuje si\u0119 w nauczaniu j\u0119zyka polskiego jako obcego od blisko 20 lat.\u00a0W naszej szkole wierzymy, \u017ce najlepsz\u0105 drog\u0105 do opanowania j\u0119zyka jest jego cz\u0119ste stosowanie.<\/p>\n<p>Nasze bogate do\u015bwiadczenie zaowocowa\u0142o opracowaniem w\u0142asnej serii podr\u0119cznik\u00f3w (\u201ePOLSKI krok po kroku\u201d) oraz platformy e-learningowej e-polish.eu.\u00a0Teraz dodatkowo b\u0119dziemy tworzy\u0107 blog e-polish, kt\u00f3ry pomo\u017ce Ci lepiej pozna\u0107 Polsk\u0119, nasz\u0105 kultur\u0119, tradycje, kuchni\u0119 i przede wszystkim nasz j\u0119zyk.<\/p>\n<div>\n<p>Cieszymy si\u0119, \u017ce tu trafi\u0142e\u015b.<\/p>\n<p>Mi\u0142ej lektury!<\/p>\n<\/div>\n","protected":false},"excerpt":{"rendered":"<p>GLOSSA specjalizuje si\u0119 w nauczaniu j\u0119zyka polskiego jako obcego od blisko 20 lat.\u00a0W naszej szkole wierzymy, \u017ce najlepsz\u0105 drog\u0105 do [&hellip;]<\/p>\n","protected":false},"author":7908,"featured_media":0,"parent":0,"menu_order":0,"comment_status":"closed","ping_status":"closed","template":"","meta":{"_uag_custom_page_level_css":"","site-sidebar-layout":"default","site-content-layout":"","ast-site-content-layout":"default","site-content-style":"default","site-sidebar-style":"default","ast-global-header-display":"","ast-banner-title-visibility":"","ast-main-header-display":"","ast-hfb-above-header-display":"","ast-hfb-below-header-display":"","ast-hfb-mobile-header-display":"","site-post-title":"","ast-breadcrumbs-content":"","ast-featured-img":"","footer-sml-layout":"","ast-disable-related-posts":"","theme-transparent-header-meta":"","adv-header-id-meta":"","stick-header-meta":"","header-above-stick-meta":"","header-main-stick-meta":"","header-below-stick-meta":"","astra-migrate-meta-layouts":"default","ast-page-background-enabled":"default","ast-page-background-meta":{"desktop":{"background-color":"","background-image":"","background-repeat":"repeat","background-position":"center center","background-size":"auto","background-attachment":"scroll","background-type":"","background-media":"","overlay-type":"","overlay-color":"","overlay-opacity":"","overlay-gradient":""},"tablet":{"background-color":"","background-image":"","background-repeat":"repeat","background-position":"center center","background-size":"auto","background-attachment":"scroll","background-type":"","background-media":"","overlay-type":"","overlay-color":"","overlay-opacity":"","overlay-gradient":""},"mobile":{"background-color":"","background-image":"","background-repeat":"repeat","background-position":"center center","background-size":"auto","background-attachment":"scroll","background-type":"","background-media":"","overlay-type":"","overlay-color":"","overlay-opacity":"","overlay-gradient":""}},"ast-content-background-meta":{"desktop":{"background-color":"var(--ast-global-color-5)","background-image":"","background-repeat":"repeat","background-position":"center center","background-size":"auto","background-attachment":"scroll","background-type":"","background-media":"","overlay-type":"","overlay-color":"","overlay-opacity":"","overlay-gradient":""},"tablet":{"background-color":"var(--ast-global-color-5)","background-image":"","background-repeat":"repeat","background-position":"center center","background-size":"auto","background-attachment":"scroll","background-type":"","background-media":"","overlay-type":"","overlay-color":"","overlay-opacity":"","overlay-gradient":""},"mobile":{"background-color":"var(--ast-global-color-5)","background-image":"","background-repeat":"repeat","background-position":"center center","background-size":"auto","background-attachment":"scroll","background-type":"","background-media":"","overlay-type":"","overlay-color":"","overlay-opacity":"","overlay-gradient":""}},"footnotes":""},"class_list":["post-11445","page","type-page","status-publish","hentry"],"aioseo_notices":[],"uagb_featured_image_src":{"full":false,"thumbnail":false,"medium":false,"medium_large":false,"large":false,"1536x1536":false,"2048x2048":false,"page-small":false,"woocommerce_thumbnail":false,"woocommerce_single":false,"woocommerce_gallery_thumbnail":false,"lws_wr_thumbnail":false,"lws_wr_thumbnail_small":false},"uagb_author_info":{"display_name":"epolish","author_link":"https:\/\/e-polish.eu\/sklep\/blog\/author\/epolish\/"},"uagb_comment_info":0,"uagb_excerpt":"GLOSSA specjalizuje si\u0119 w nauczaniu j\u0119zyka polskiego jako obcego od blisko 20 lat.\u00a0W naszej szkole wierzymy, \u017ce najlepsz\u0105 drog\u0105 do [&hellip;]","_links":{"self":[{"href":"https:\/\/e-polish.eu\/sklep\/wp-json\/wp\/v2\/pages\/11445","targetHints":{"allow":["GET"]}}],"collection":[{"href":"https:\/\/e-polish.eu\/sklep\/wp-json\/wp\/v2\/pages"}],"about":[{"href":"https:\/\/e-polish.eu\/sklep\/wp-json\/wp\/v2\/types\/page"}],"author":[{"embeddable":true,"href":"https:\/\/e-polish.eu\/sklep\/wp-json\/wp\/v2\/users\/7908"}],"replies":[{"embeddable":true,"href":"https:\/\/e-polish.eu\/sklep\/wp-json\/wp\/v2\/comments?post=11445"}],"version-history":[{"count":0,"href":"https:\/\/e-polish.eu\/sklep\/wp-json\/wp\/v2\/pages\/11445\/revisions"}],"wp:attachment":[{"href":"https:\/\/e-polish.eu\/sklep\/wp-json\/wp\/v2\/media?parent=11445"}],"curies":[{"name":"wp","href":"https:\/\/api.w.org\/{rel}","templated":true}]}}