{"id":3656,"date":"2024-05-09T14:17:49","date_gmt":"2024-05-09T12:17:49","guid":{"rendered":"https:\/\/e-polish.eu\/sklep\/?page_id=3656"},"modified":"2024-10-01T16:19:34","modified_gmt":"2024-10-01T14:19:34","slug":"polityka-prywatnosci","status":"publish","type":"page","link":"https:\/\/e-polish.eu\/sklep\/polityka-prywatnosci\/","title":{"rendered":"Polityka prywatno\u015bci"},"content":{"rendered":"\n<h1 class=\"wp-block-heading has-ast-global-color-0-color has-text-color has-link-color wp-elements-35972dcd19556eafd706b225290303b9\" style=\"padding-bottom:0;font-size:45px\">Polityka prywatno\u015bci<\/h1>\n\n\n\n<div style=\"height:50px\" aria-hidden=\"true\" class=\"wp-block-spacer\"><\/div>\n\n\n\n<p class=\"justify-text\">Zgodnie z art. 13 ust. 1 i ust. 2 rozporz\u0105dzenia Parlamentu Europejskiego i Rady (UE) 2016\/679 z 27 kwietnia 2016 r. w sprawie ochrony os\u00f3b fizycznych w zwi\u0105zku z przetwarzaniem danych osobowych i w sprawie swobodnego przep\u0142ywu takich danych oraz uchylenia dyrektywy 95\/46\/WE (RODO), informujemy Pa\u0144stwa o sposobie i celu, w jakim przetwarzamy Pa\u0144stwa dane osobowe (dalej jako \u201edane\u201d), a tak\u017ce o przys\u0142uguj\u0105cych Pa\u0144stwu prawach zwi\u0105zanych z ochron\u0105 danych.<\/p>\n\n\n\n<p class=\"justify-text\">1. <strong>Administratorem Pa\u0144stwa danych osobowych<\/strong> jest Iwona Stempek prowadz\u0105ca dzia\u0142alno\u015b\u0107 gospodarcz\u0105 pod firm\u0105 Iwona Stempek polish-courses.com z siedzib\u0105 w Krakowie 31-031, ul. Dietla 103, tel. +48 12 429 40 51, e-mail: info@e-polish.pl<\/p>\n\n\n\n<p class=\"justify-text\">2. <strong>Pa\u0144stwa dane osobowe b\u0119dziemy przetwarza\u0107 w celu<\/strong>:<\/p>\n\n\n\n<ul class=\"wp-block-list\">\n<li class=\"justify-text\" style=\"margin-left:18px\">wykonania umowy na podstawie art. art. 6 ust. 1 lit. b RODO przez czas trwania umowy i do czasu up\u0142ywu termin\u00f3w do dochodzenia roszcze\u0144;<\/li>\n\n\n\n<li class=\"justify-text\" style=\"margin-left:18px\">rozpatrywania skarg i reklamacji na podstawie art. 6 ust. 1 lit. c RODO przez czas trwania termin\u00f3w, a tak\u017ce przez 1 rok po ich up\u0142ywie lub rozliczeniu reklamacji;<\/li>\n\n\n\n<li class=\"justify-text\" style=\"margin-left:18px\">ustalenia, dochodzenia roszcze\u0144 i obrony przed roszczeniami zwi\u0105zanych z zawart\u0105 umow\u0105 na podstawie art. 6 ust. 1 lit. f RODO, gdzie prawnie uzasadnionym celem jest dochodzenie nale\u017cno\u015bci, obrona przed roszczeniami do czasu prawomocnego zako\u0144czenia post\u0119powa\u0144 w tym post\u0119powania egzekucyjnego lub przedawnienia si\u0119 roszcze\u0144;<\/li>\n\n\n\n<li class=\"justify-text\" style=\"margin-left:18px\">archiwizowania dokument\u00f3w rozliczeniowych na podstawie art. 6 ust. 1 lit. c RODO do czasu up\u0142ywu okresu przedawnienia zobowi\u0105zania podatkowego;<\/li>\n\n\n\n<li class=\"justify-text\" style=\"margin-left:18px\">prowadzenia dzia\u0142a\u0144 marketingowych w\u0142asnych produkt\u00f3w i us\u0142ug bez wykorzystania \u015brodk\u00f3w komunikacji elektronicznej na podstawie art. 6 ust. 1 lit. f RODO, gdzie prawnie uzasadnionym celem jest prowadzenie dzia\u0142a\u0144 marketingowych promuj\u0105cych prowadzon\u0105 dzia\u0142alno\u015b\u0107, do czasu wniesienia sprzeciwu.<\/li>\n\n\n\n<li class=\"justify-text\" style=\"margin-left:18px\">Je\u017celi wyrazili Pa\u0144stwo zgod\u0119, to tak\u017ce dla cel\u00f3w prowadzenia dzia\u0142a\u0144 marketingowych w\u0142asnych produkt\u00f3w i us\u0142ug z wykorzystaniem \u015brodk\u00f3w komunikacji elektronicznej, na podstawie art. 6 ust. 1 lit. f RODO i przepis\u00f3w innych ustaw wymagaj\u0105cych zgody na takie dzia\u0142ania, do czasu wycofania zgody na takie dzia\u0142ania lub wniesienia sprzeciwu w zale\u017cno\u015bci kt\u00f3re ze zdarze\u0144 zast\u0105pi jako pierwsze.<\/li>\n\n\n\n<li class=\"justify-text\" style=\"margin-left:18px\">Dla cel\u00f3w statystycznych na podstawie art. 6 ust. 1 lit. f RODO, gdzie prawnie uzasadnionym celem jest posiadanie informacji o statystykach prowadzonych przez nas dzia\u0142a\u0144 co pozwala nam na usprawnienie prowadzonej przez nas dzia\u0142alno\u015bci, do czasu gdy posiadamy dodatkow\u0105 inna podstaw\u0119 prawn\u0105 przetwarzania \u2013 w razie gdy podstaw\u0119 utrac\u0119 dane ulegaj\u0105 anonimizacji.<\/li>\n<\/ul>\n\n\n\n<p class=\"justify-text\">3. Pa\u0144stwa dane osobowe <strong>mog\u0105 by\u0107 przekazywane innym odbiorcom<\/strong>, tj.:<\/p>\n\n\n\n<ul class=\"wp-block-list\">\n<li class=\"justify-text\" style=\"margin-left:18px\">podmiotom prowadz\u0105cym dzia\u0142alno\u015b\u0107 pocztow\u0105 lub kuriersk\u0105;<\/li>\n\n\n\n<li class=\"justify-text\" style=\"margin-left:18px\">podmiotom umo\u017cliwiaj\u0105cym nam dokonywanie operacji p\u0142atniczych;<\/li>\n\n\n\n<li class=\"justify-text\" style=\"margin-left:18px\">bankom, w przypadku konieczno\u015bci prowadzenia rozlicze\u0144;<\/li>\n\n\n\n<li class=\"justify-text\" style=\"margin-left:18px\">organom pa\u0144stwowym lub innym podmiotom uprawnionym na podstawie przepis\u00f3w prawa;<\/li>\n\n\n\n<li class=\"justify-text\" style=\"margin-left:18px\">podmiotom wspieraj\u0105cym nas w prowadzonej dzia\u0142alno\u015bci na nasze zlecenie, w szczeg\u00f3lno\u015bci dostawcom zewn\u0119trznych system\u00f3w wspieraj\u0105cym nasz\u0105 dzia\u0142alno\u015b\u0107, podmiotom kt\u00f3re b\u0119d\u0105 \u015bwiadczy\u0142y na nasz\u0105 rzecz us\u0142ugi podatkowe, prawne, informatyczne, lektorom, szko\u0142om j\u0119zykowym z kt\u00f3rymi wsp\u00f3\u0142pracujemy za granic\u0105<\/li>\n<\/ul>\n\n\n\n<p class=\"justify-text\">4. Dane osobowe <strong>mog\u0105 by\u0107 przekazywane do odbiorc\u00f3w w krajach spoza Unii Europejskiej<\/strong> (\u201epa\u0144stwa trzecie\u201d):<\/p>\n\n\n\n<ul class=\"wp-block-list\">\n<li class=\"justify-text\" style=\"margin-left:18px\">je\u017celi jest to niezb\u0119dne do wykonania umowy lub do podj\u0119cia dzia\u0142a\u0144 przed zawarciem takiej umowy w celu jej zawarcia;<\/li>\n\n\n\n<li class=\"justify-text\" style=\"margin-left:18px\">w ramach korzystania przez szko\u0142\u0119 GLOSSA z infrastruktury informatycznej (chmura obliczeniowa, poczta elektroniczna).<\/li>\n<\/ul>\n\n\n\n<p class=\"justify-text\">5. <strong>Podanie danych jest dobrowolne<\/strong> i niezb\u0119dne do wykonania umowy, rozpatrzenia i realizacji roszcze\u0144 z tytu\u0142u r\u0119kojmi, gwarancji, roszcze\u0144 odszkodowawczych, w tym obron\u0105 przed roszczeniami.<\/p>\n\n\n\n<p class=\"justify-text\">6. Przys\u0142uguj\u0105 Pa\u0144stwu nast\u0119puj\u0105ce <strong>prawa zwi\u0105zane z przetwarzaniem danych osobowych i podejmowaniem zautomatyzowanych decyzji<\/strong>:<\/p>\n\n\n\n<ul class=\"wp-block-list\">\n<li class=\"justify-text\" style=\"margin-left:18px\">prawo wycofania zgody na przetwarzanie danych,<\/li>\n\n\n\n<li class=\"justify-text\" style=\"margin-left:18px\">prawo dost\u0119pu do danych osobowych,<\/li>\n\n\n\n<li class=\"justify-text\" style=\"margin-left:18px\">prawo \u017c\u0105dania sprostowania danych osobowych,<\/li>\n\n\n\n<li class=\"justify-text\" style=\"margin-left:18px\">prawo \u017c\u0105dania usuni\u0119cia danych osobowych,<\/li>\n\n\n\n<li class=\"justify-text\" style=\"margin-left:18px\">prawo \u017c\u0105dania ograniczenia przetwarzania danych osobowych,<\/li>\n\n\n\n<li class=\"justify-text\" style=\"margin-left:18px\">prawo wyra\u017cenia sprzeciwu wobec przetwarzania danych ze wzgl\u0119du na szczeg\u00f3ln\u0105 sytuacj\u0119 \u2013 w przypadkach przetwarzania danych na podstawie prawnie uzasadnionego interesu Administratora,<\/li>\n\n\n\n<li class=\"justify-text\" style=\"margin-left:18px\">prawo do przenoszenia danych osobowych, tj. prawo otrzymania od Administratora danych osobowych, w ustrukturyzowanym, powszechnie u\u017cywanym formacie informatycznym nadaj\u0105cym si\u0119 do odczytu maszynowego. Prawo do przenoszenia danych osobowych przys\u0142uguje pracownikom tylko co do tych danych, kt\u00f3re Administrator przetwarza na podstawie umowy z pracownikiem lub na podstawie zgody pracownika<\/li>\n<\/ul>\n\n\n\n<p class=\"justify-text\">7. W oparciu o dane osobowe podane przez Klient\u00f3w Administrator Danych Osobowych <strong>nie b\u0119dzie podejmowa\u0142 zautomatyzowanych decyzji<\/strong>, w tym decyzji b\u0119d\u0105cych wynikiem profilowania. (Profilowanie oznacza dowoln\u0105 form\u0119 zautomatyzowanego przetwarzania danych osobowych, kt\u00f3re polega na wykorzystaniu danych osobowych do oceny niekt\u00f3rych czynnik\u00f3w osobowych osoby fizycznej, w szczeg\u00f3lno\u015bci do analizy lub prognozy aspekt\u00f3w dotycz\u0105cych efekt\u00f3w pracy tej osoby fizycznej, jej sytuacji ekonomicznej, zdrowia, osobistych preferencji, zainteresowa\u0144, wiarygodno\u015bci, zachowania, lokalizacji lub przemieszczania si\u0119).<\/p>\n","protected":false},"excerpt":{"rendered":"<p>Polityka prywatno\u015bci Zgodnie z art. 13 ust. 1 i ust. 2 rozporz\u0105dzenia Parlamentu Europejskiego i Rady (UE) 2016\/679 z 27 [&hellip;]<\/p>\n","protected":false},"author":2,"featured_media":0,"parent":0,"menu_order":0,"comment_status":"closed","ping_status":"closed","template":"","meta":{"_uag_custom_page_level_css":"","site-sidebar-layout":"default","site-content-layout":"","ast-site-content-layout":"default","site-content-style":"default","site-sidebar-style":"default","ast-global-header-display":"","ast-banner-title-visibility":"","ast-main-header-display":"","ast-hfb-above-header-display":"","ast-hfb-below-header-display":"","ast-hfb-mobile-header-display":"","site-post-title":"disabled","ast-breadcrumbs-content":"","ast-featured-img":"","footer-sml-layout":"","ast-disable-related-posts":"","theme-transparent-header-meta":"","adv-header-id-meta":"","stick-header-meta":"","header-above-stick-meta":"","header-main-stick-meta":"","header-below-stick-meta":"","astra-migrate-meta-layouts":"set","ast-page-background-enabled":"default","ast-page-background-meta":{"desktop":{"background-color":"","background-image":"","background-repeat":"repeat","background-position":"center center","background-size":"auto","background-attachment":"scroll","background-type":"","background-media":"","overlay-type":"","overlay-color":"","overlay-opacity":"","overlay-gradient":""},"tablet":{"background-color":"","background-image":"","background-repeat":"repeat","background-position":"center center","background-size":"auto","background-attachment":"scroll","background-type":"","background-media":"","overlay-type":"","overlay-color":"","overlay-opacity":"","overlay-gradient":""},"mobile":{"background-color":"","background-image":"","background-repeat":"repeat","background-position":"center center","background-size":"auto","background-attachment":"scroll","background-type":"","background-media":"","overlay-type":"","overlay-color":"","overlay-opacity":"","overlay-gradient":""}},"ast-content-background-meta":{"desktop":{"background-color":"var(--ast-global-color-5)","background-image":"","background-repeat":"repeat","background-position":"center center","background-size":"auto","background-attachment":"scroll","background-type":"","background-media":"","overlay-type":"","overlay-color":"","overlay-opacity":"","overlay-gradient":""},"tablet":{"background-color":"var(--ast-global-color-5)","background-image":"","background-repeat":"repeat","background-position":"center center","background-size":"auto","background-attachment":"scroll","background-type":"","background-media":"","overlay-type":"","overlay-color":"","overlay-opacity":"","overlay-gradient":""},"mobile":{"background-color":"var(--ast-global-color-5)","background-image":"","background-repeat":"repeat","background-position":"center center","background-size":"auto","background-attachment":"scroll","background-type":"","background-media":"","overlay-type":"","overlay-color":"","overlay-opacity":"","overlay-gradient":""}},"footnotes":""},"class_list":["post-3656","page","type-page","status-publish","hentry"],"aioseo_notices":[],"uagb_featured_image_src":{"full":false,"thumbnail":false,"medium":false,"medium_large":false,"large":false,"1536x1536":false,"2048x2048":false,"page-small":false,"woocommerce_thumbnail":false,"woocommerce_single":false,"woocommerce_gallery_thumbnail":false,"lws_wr_thumbnail":false,"lws_wr_thumbnail_small":false},"uagb_author_info":{"display_name":"Marta Zawisza","author_link":"https:\/\/e-polish.eu\/sklep\/blog\/author\/mzawisza\/"},"uagb_comment_info":0,"uagb_excerpt":"Polityka prywatno\u015bci Zgodnie z art. 13 ust. 1 i ust. 2 rozporz\u0105dzenia Parlamentu Europejskiego i Rady (UE) 2016\/679 z 27 [&hellip;]","_links":{"self":[{"href":"https:\/\/e-polish.eu\/sklep\/wp-json\/wp\/v2\/pages\/3656","targetHints":{"allow":["GET"]}}],"collection":[{"href":"https:\/\/e-polish.eu\/sklep\/wp-json\/wp\/v2\/pages"}],"about":[{"href":"https:\/\/e-polish.eu\/sklep\/wp-json\/wp\/v2\/types\/page"}],"author":[{"embeddable":true,"href":"https:\/\/e-polish.eu\/sklep\/wp-json\/wp\/v2\/users\/2"}],"replies":[{"embeddable":true,"href":"https:\/\/e-polish.eu\/sklep\/wp-json\/wp\/v2\/comments?post=3656"}],"version-history":[{"count":0,"href":"https:\/\/e-polish.eu\/sklep\/wp-json\/wp\/v2\/pages\/3656\/revisions"}],"wp:attachment":[{"href":"https:\/\/e-polish.eu\/sklep\/wp-json\/wp\/v2\/media?parent=3656"}],"curies":[{"name":"wp","href":"https:\/\/api.w.org\/{rel}","templated":true}]}}