{"id":3658,"date":"2024-05-09T14:18:02","date_gmt":"2024-05-09T12:18:02","guid":{"rendered":"https:\/\/e-polish.eu\/sklep\/?page_id=3658"},"modified":"2024-10-01T16:17:44","modified_gmt":"2024-10-01T14:17:44","slug":"gdzie-znalezc-kod","status":"publish","type":"page","link":"https:\/\/e-polish.eu\/sklep\/gdzie-znalezc-kod\/","title":{"rendered":"Gdzie znale\u017a\u0107 kod?"},"content":{"rendered":"\n<h1 class=\"wp-block-heading has-ast-global-color-0-color has-text-color has-link-color wp-elements-5f89836acfbda114a70aee1dac5b89a7\" style=\"padding-bottom:0;font-size:45px\">Gdzie znale\u017a\u0107 kod?<\/h1>\n\n\n\n<div style=\"height:50px\" aria-hidden=\"true\" class=\"wp-block-spacer\"><\/div>\n\n\n\n<h4 class=\"wp-block-heading\">Je\u017celi kupujesz ksi\u0105\u017ck\u0119 papierow\u0105:<\/h4>\n\n\n\n<p class=\"justify-text\">Kod aktywacyjny jest do\u0142\u0105czony do publikacji dost\u0119pnych w naszym sklepie internetowym.&nbsp; Poni\u017cej informacja o tym, gdzie znale\u017a\u0107 kod.<\/p>\n\n\n\n<h4 class=\"wp-block-heading\">Kod jest wydrukowany na naklejce, kt\u00f3ra znajduje si\u0119 na przedniej ok\u0142adce wewn\u0105trz ksi\u0105\u017cki:<\/h4>\n\n\n\n<ul class=\"wp-block-list\">\n<li class=\"justify-text\" style=\"margin-left:18px\">POLSKI krok po kroku 1<\/li>\n\n\n\n<li class=\"justify-text\" style=\"margin-left:18px\">POLSKI krok po kroku 2<\/li>\n\n\n\n<li class=\"justify-text\" style=\"margin-left:18px\">Zeszyt \u0107wicze\u0144 1<\/li>\n\n\n\n<li class=\"justify-text\" style=\"margin-left:18px\">Zeszyt \u0107wicze\u0144 2<\/li>\n\n\n\n<li class=\"justify-text\" style=\"margin-left:18px\">Zeszyt \u0107wicze\u0144 &#8211; junior 1<\/li>\n\n\n\n<li class=\"justify-text\" style=\"margin-left:18px\">Podr\u0119cznik nauczyciela 1<\/li>\n\n\n\n<li class=\"justify-text\" style=\"margin-left:18px\">Podr\u0119cznik nauczyciela 2<\/li>\n\n\n\n<li class=\"justify-text\" style=\"margin-left:18px\">Podr\u0119cznik nauczyciela &#8211; junior<\/li>\n\n\n\n<li class=\"justify-text\" style=\"margin-left:18px\">68 pomys\u0142\u00f3w na lekcje polskiego<\/li>\n<\/ul>\n\n\n\n<h4 class=\"wp-block-heading\">Kod jest wydrukowany na naklejce, kt\u00f3ra znajduje si\u0119 na tylnej ok\u0142adce wewn\u0105trz ksi\u0105\u017cki:<\/h4>\n\n\n\n<ul class=\"wp-block-list\">\n<li class=\"justify-text\" style=\"margin-left:18px\">POLSKI krok po kroku &#8211; junior 1<\/li>\n\n\n\n<li class=\"justify-text\" style=\"margin-left:18px\">POLSKI krok po kroku &#8211; junior 2<\/li>\n<\/ul>\n\n\n\n<h4 class=\"wp-block-heading\">Kod jest wydrukowany na kartce A4 do\u0142\u0105czonej do teczki:<\/h4>\n\n\n\n<ul class=\"wp-block-list\">\n<li class=\"justify-text\" style=\"margin-left:18px\">Gry i zabawy j\u0119zykowe 1<\/li>\n\n\n\n<li class=\"justify-text\" style=\"margin-left:18px\">Gry i zabawy j\u0119zykowe &#8211; junior&nbsp;<\/li>\n<\/ul>\n\n\n\n<h4 class=\"wp-block-heading\">Kod jest wydrukowany na naklejce znajduj\u0105cej si\u0119 na ok\u0142adce teczki w \u015brodku:<\/h4>\n\n\n\n<ul class=\"wp-block-list\">\n<li class=\"justify-text\" style=\"margin-left:18px\">Gry i zabawy j\u0119zykowe 2<\/li>\n\n\n\n<li class=\"justify-text\" style=\"margin-left:18px\">Tablice gramatyczne<\/li>\n<\/ul>\n\n\n\n<h4 class=\"wp-block-heading\">Kod jest wydrukowany na wewn\u0119trznej stronie teczki:<\/h4>\n\n\n\n<ul class=\"wp-block-list\">\n<li class=\"justify-text\" style=\"margin-left:18px\">POLSKI w obrazkach 1<\/li>\n\n\n\n<li class=\"justify-text\" style=\"margin-left:18px\">POLSKI w obrazkach 2<\/li>\n<\/ul>\n\n\n\n<h4 class=\"wp-block-heading\">Kod znajduje si\u0119 na stronie 4 i 7 wewn\u0105trz ksi\u0105\u017cki:<\/h4>\n\n\n\n<ul class=\"wp-block-list\">\n<li class=\"justify-text\" style=\"margin-left:18px\">CZYTAJ krok po kroku 1<\/li>\n\n\n\n<li class=\"justify-text\" style=\"margin-left:18px\">CZYTAJ krok po kroku 2<\/li>\n\n\n\n<li class=\"justify-text\" style=\"margin-left:18px\">CZYTAJ krok po kroku 3<\/li>\n\n\n\n<li class=\"justify-text\" style=\"margin-left:18px\">CZYTAJ krok po kroku 4<\/li>\n<\/ul>\n\n\n\n<h4 class=\"wp-block-heading\">Kod znajduje si\u0119 pod naklejk\u0105 na tylnej ok\u0142adce wewn\u0105trz ksi\u0105\u017cki:<\/h4>\n\n\n\n<ul class=\"wp-block-list\">\n<li class=\"justify-text\" style=\"margin-left:18px\">FONETYKA &#8211; polski w praktyce<\/li>\n<\/ul>\n\n\n\n<h4 class=\"wp-block-heading\">Je\u017celi kupujesz pozosta\u0142e produkty:<\/h4>\n\n\n\n<p class=\"justify-text\">Kod aktywacyjny jest do\u0142\u0105czony do e-maila z informacj\u0105 o op\u0142aceniu danego zam\u00f3wienia.<\/p>\n","protected":false},"excerpt":{"rendered":"<p>Gdzie znale\u017a\u0107 kod? Je\u017celi kupujesz ksi\u0105\u017ck\u0119 papierow\u0105: Kod aktywacyjny jest do\u0142\u0105czony do publikacji dost\u0119pnych w naszym sklepie internetowym.&nbsp; Poni\u017cej informacja [&hellip;]<\/p>\n","protected":false},"author":2,"featured_media":0,"parent":0,"menu_order":0,"comment_status":"closed","ping_status":"closed","template":"","meta":{"_uag_custom_page_level_css":"","site-sidebar-layout":"default","site-content-layout":"","ast-site-content-layout":"default","site-content-style":"default","site-sidebar-style":"default","ast-global-header-display":"","ast-banner-title-visibility":"","ast-main-header-display":"","ast-hfb-above-header-display":"","ast-hfb-below-header-display":"","ast-hfb-mobile-header-display":"","site-post-title":"disabled","ast-breadcrumbs-content":"","ast-featured-img":"","footer-sml-layout":"","ast-disable-related-posts":"","theme-transparent-header-meta":"","adv-header-id-meta":"","stick-header-meta":"","header-above-stick-meta":"","header-main-stick-meta":"","header-below-stick-meta":"","astra-migrate-meta-layouts":"set","ast-page-background-enabled":"default","ast-page-background-meta":{"desktop":{"background-color":"","background-image":"","background-repeat":"repeat","background-position":"center center","background-size":"auto","background-attachment":"scroll","background-type":"","background-media":"","overlay-type":"","overlay-color":"","overlay-opacity":"","overlay-gradient":""},"tablet":{"background-color":"","background-image":"","background-repeat":"repeat","background-position":"center center","background-size":"auto","background-attachment":"scroll","background-type":"","background-media":"","overlay-type":"","overlay-color":"","overlay-opacity":"","overlay-gradient":""},"mobile":{"background-color":"","background-image":"","background-repeat":"repeat","background-position":"center center","background-size":"auto","background-attachment":"scroll","background-type":"","background-media":"","overlay-type":"","overlay-color":"","overlay-opacity":"","overlay-gradient":""}},"ast-content-background-meta":{"desktop":{"background-color":"var(--ast-global-color-5)","background-image":"","background-repeat":"repeat","background-position":"center center","background-size":"auto","background-attachment":"scroll","background-type":"","background-media":"","overlay-type":"","overlay-color":"","overlay-opacity":"","overlay-gradient":""},"tablet":{"background-color":"var(--ast-global-color-5)","background-image":"","background-repeat":"repeat","background-position":"center center","background-size":"auto","background-attachment":"scroll","background-type":"","background-media":"","overlay-type":"","overlay-color":"","overlay-opacity":"","overlay-gradient":""},"mobile":{"background-color":"var(--ast-global-color-5)","background-image":"","background-repeat":"repeat","background-position":"center center","background-size":"auto","background-attachment":"scroll","background-type":"","background-media":"","overlay-type":"","overlay-color":"","overlay-opacity":"","overlay-gradient":""}},"footnotes":""},"class_list":["post-3658","page","type-page","status-publish","hentry"],"aioseo_notices":[],"uagb_featured_image_src":{"full":false,"thumbnail":false,"medium":false,"medium_large":false,"large":false,"1536x1536":false,"2048x2048":false,"page-small":false,"woocommerce_thumbnail":false,"woocommerce_single":false,"woocommerce_gallery_thumbnail":false,"lws_wr_thumbnail":false,"lws_wr_thumbnail_small":false},"uagb_author_info":{"display_name":"Marta Zawisza","author_link":"https:\/\/e-polish.eu\/sklep\/blog\/author\/mzawisza\/"},"uagb_comment_info":0,"uagb_excerpt":"Gdzie znale\u017a\u0107 kod? Je\u017celi kupujesz ksi\u0105\u017ck\u0119 papierow\u0105: Kod aktywacyjny jest do\u0142\u0105czony do publikacji dost\u0119pnych w naszym sklepie internetowym.&nbsp; Poni\u017cej informacja [&hellip;]","_links":{"self":[{"href":"https:\/\/e-polish.eu\/sklep\/wp-json\/wp\/v2\/pages\/3658","targetHints":{"allow":["GET"]}}],"collection":[{"href":"https:\/\/e-polish.eu\/sklep\/wp-json\/wp\/v2\/pages"}],"about":[{"href":"https:\/\/e-polish.eu\/sklep\/wp-json\/wp\/v2\/types\/page"}],"author":[{"embeddable":true,"href":"https:\/\/e-polish.eu\/sklep\/wp-json\/wp\/v2\/users\/2"}],"replies":[{"embeddable":true,"href":"https:\/\/e-polish.eu\/sklep\/wp-json\/wp\/v2\/comments?post=3658"}],"version-history":[{"count":0,"href":"https:\/\/e-polish.eu\/sklep\/wp-json\/wp\/v2\/pages\/3658\/revisions"}],"wp:attachment":[{"href":"https:\/\/e-polish.eu\/sklep\/wp-json\/wp\/v2\/media?parent=3658"}],"curies":[{"name":"wp","href":"https:\/\/api.w.org\/{rel}","templated":true}]}}