{"id":3662,"date":"2024-05-09T14:18:26","date_gmt":"2024-05-09T12:18:26","guid":{"rendered":"https:\/\/e-polish.eu\/sklep\/?page_id=3662"},"modified":"2024-10-23T11:24:38","modified_gmt":"2024-10-23T09:24:38","slug":"pytania-i-odpowiedzi","status":"publish","type":"page","link":"https:\/\/e-polish.eu\/sklep\/pytania-i-odpowiedzi\/","title":{"rendered":"Pytania i odpowiedzi"},"content":{"rendered":"\n<h1 class=\"wp-block-heading has-ast-global-color-0-color has-text-color has-link-color wp-elements-bb73362e91846b2c57cacb993e0d5405\" style=\"padding-bottom:0rem;font-size:45px\">Pytania i odpowiedzi<\/h1>\n\n\n\n<div style=\"height:50px\" aria-hidden=\"true\" class=\"wp-block-spacer\"><\/div>\n\n\n\n<h4 class=\"wp-block-heading\">Co to jest jest e-coursebook?<\/h4>\n\n\n\n<p class=\"justify-text\">E-coursebooki to interaktywne ksi\u0105\u017cki online, z kt\u00f3rych mo\u017cna korzysta\u0107 na platformie e-polish.eu. Zawieraj\u0105 one \u0107wiczenia i materia\u0142y z podr\u0119cznika w formie interaktywnej wraz z t\u0142umaczeniami polece\u0144, kluczem odpowiedzi, nagraniami, s\u0142ownikiem multimedialnym, t\u0142umaczeniami s\u0142\u00f3wek i zwrot\u00f3w.<\/p>\n\n\n\n<p class=\"justify-text\">E-coursebook to zdecydowanie wi\u0119cej ni\u017c ebook &#8211; to interaktywna wersja podr\u0119cznika do nauki j\u0119zyka polskiego. Jest zaprojektowany tak, aby motywowa\u0142 Ci\u0119 do pracy i prowadzi\u0142 krok po kroku przez proces samodzielnego uczenia si\u0119.<\/p>\n\n\n\n<p class=\"justify-text\">Dost\u0119p do e-coursebooka udzielany jest bezterminowo w momencie aktywowania go na indywidualne konto u\u017cytkownika na platformie e-polish.eu.<\/p>\n\n\n\n<h4 class=\"wp-block-heading\">Jak uzyska\u0107 dost\u0119p do e-coursebooka?<\/h4>\n\n\n\n<p class=\"justify-text\">Dost\u0119p do e-coursebooka mo\u017cna uzyska\u0107 na dwa sposoby:<\/p>\n\n\n\n<ul class=\"wp-block-list\">\n<li class=\"justify-text\" style=\"margin-left:18px\">kupuj\u0105c papierow\u0105 ksi\u0105\u017ck\u0119 (kt\u00f3ra jest tak\u017ce w wersji e-coursebooka) w naszym sklepie, a nast\u0119pnie aktywuj\u0105c kod do\u0142\u0105czony do ksi\u0105\u017cki na swoim indywidualnym koncie na platformie e-polish.eu,<\/li>\n\n\n\n<li class=\"justify-text\" style=\"margin-left:18px\">kupuj\u0105c wybrany e-coursebook w naszym sklepie, a nast\u0119pnie aktywuj\u0105c kod do\u0142\u0105czony w wiadomo\u015bci e-mail na swoim indywidualnym koncie na platformie e-polish.eu.<\/li>\n<\/ul>\n\n\n\n<h4 class=\"wp-block-heading\">Kt\u00f3re ksi\u0105\u017cki s\u0105 w wersji e-coursebooka?<\/h4>\n\n\n\n<p class=\"justify-text\">Wi\u0119kszo\u015b\u0107 podr\u0119cznik\u00f3w z naszego sklepu jest w wersji interaktywnego podr\u0119cznika (e-coursebook) dost\u0119pnego na platformie e-polish.eu. S\u0105 to:<\/p>\n\n\n\n<ul class=\"wp-block-list\">\n<li class=\"justify-text\" style=\"margin-left:18px\">POLSKI krok po kroku 1<\/li>\n\n\n\n<li class=\"justify-text\" style=\"margin-left:18px\">POLSKI krok po kroku 2<\/li>\n\n\n\n<li class=\"justify-text\" style=\"margin-left:18px\">POLSKI krok po kroku &#8211; junior 1<\/li>\n\n\n\n<li class=\"justify-text\" style=\"margin-left:18px\">POLSKI krok po kroku &#8211; junior 2<\/li>\n\n\n\n<li class=\"justify-text\" style=\"margin-left:18px\">Zeszyt \u0107wicze\u0144 1<\/li>\n\n\n\n<li class=\"justify-text\" style=\"margin-left:18px\">Zeszyt \u0107wicze\u0144 2<\/li>\n\n\n\n<li class=\"justify-text\" style=\"margin-left:18px\">Zeszyt \u0107wicze\u0144 &#8211; junior 1<\/li>\n\n\n\n<li class=\"justify-text\" style=\"margin-left:18px\">Zeszyt \u0107wicze\u0144 &#8211; junior 2<\/li>\n\n\n\n<li class=\"justify-text\" style=\"margin-left:18px\">FONETYKA &#8211; polski w praktyce<\/li>\n<\/ul>\n\n\n\n<h4 class=\"wp-block-heading\">Kupi\u0142em ksi\u0105\u017ck\u0119 papierow\u0105. Gdzie znajd\u0119 kod do aktywowania na platformie e-polish?<\/h4>\n\n\n\n<p class=\"justify-text\">Kod aktywacyjny jest do\u0142\u0105czony do publikacji dost\u0119pnych w naszym sklepie internetowym. Informacj\u0119 o tym, gdzie znale\u017a\u0107 kody w poszczeg\u00f3lnych ksi\u0105\u017ckach mo\u017cna znale\u017a\u0107 na stronie <strong><a href=\"https:\/\/e-polish.eu\/sklep\/gdzie-znalezc-kod\/\" data-type=\"link\" data-id=\"https:\/\/e-polish.eu\/sklep\/gdzie-znalezc-kod\/\">Gdzie znale\u017a\u0107 kod<\/a><\/strong>.<\/p>\n\n\n\n<h4 class=\"wp-block-heading\">Co to jest e-coursebook+?<\/h4>\n\n\n\n<p class=\"justify-text\">E-coursebook+ to kurs self-study przeznaczony do samodzielnej nauki j\u0119zyka polskiego. Bazuje na materia\u0142ach i podej\u015bciu komunikacyjno-zadaniowym wykorzystywanych w bestsellerowej serii podr\u0119cznik\u00f3w \u201ePOLSKI krok po kroku\u201d.<\/p>\n\n\n\n<p class=\"justify-text\">E-coursebook+\u00a0 jest rozbudowan\u0105 wersj\u0105 e-coursebook\u2019a i daje mo\u017cliwo\u015b\u0107 samodzielnej nauki j\u0119zyka w efektywny spos\u00f3b. Obejmuje on \u0107wiczenia i podstawowe materia\u0142y (czyli to co w e-coursebook&#8217;u) oraz dodatkowo dost\u0119p do kilkuset dodatkowych \u0107wicze\u0144 i materia\u0142\u00f3w, kt\u00f3re umo\u017cliwiaj\u0105 lepsze utrwalenie problematycznych zagadnie\u0144 i poszerzanie wiedzy w zakresie wybranej tematyki. Wa\u017cnym komponentem kursu s\u0105 te\u017c komentarze i tabele gramatyczne, a tak\u017ce inteligentne fiszki, kt\u00f3re pozwalaj\u0105 na szybkie i trwa\u0142e zapami\u0119tywanie s\u0142ownictwa.<\/p>\n\n\n\n<p class=\"justify-text\">Dost\u0119p do e-coursebook+ udzielany jest na okres 12 miesi\u0119cy w momencie aktywowania go na indywidualne konto u\u017cytkownika na platformie e-polish.eu.<\/p>\n","protected":false},"excerpt":{"rendered":"<p>Pytania i odpowiedzi Co to jest jest e-coursebook? E-coursebooki to interaktywne ksi\u0105\u017cki online, z kt\u00f3rych mo\u017cna korzysta\u0107 na platformie e-polish.eu. [&hellip;]<\/p>\n","protected":false},"author":2,"featured_media":0,"parent":0,"menu_order":0,"comment_status":"closed","ping_status":"closed","template":"","meta":{"_uag_custom_page_level_css":"","site-sidebar-layout":"default","site-content-layout":"","ast-site-content-layout":"default","site-content-style":"default","site-sidebar-style":"default","ast-global-header-display":"","ast-banner-title-visibility":"","ast-main-header-display":"","ast-hfb-above-header-display":"","ast-hfb-below-header-display":"","ast-hfb-mobile-header-display":"","site-post-title":"disabled","ast-breadcrumbs-content":"","ast-featured-img":"","footer-sml-layout":"","ast-disable-related-posts":"","theme-transparent-header-meta":"","adv-header-id-meta":"","stick-header-meta":"","header-above-stick-meta":"","header-main-stick-meta":"","header-below-stick-meta":"","astra-migrate-meta-layouts":"set","ast-page-background-enabled":"default","ast-page-background-meta":{"desktop":{"background-color":"","background-image":"","background-repeat":"repeat","background-position":"center center","background-size":"auto","background-attachment":"scroll","background-type":"","background-media":"","overlay-type":"","overlay-color":"","overlay-opacity":"","overlay-gradient":""},"tablet":{"background-color":"","background-image":"","background-repeat":"repeat","background-position":"center center","background-size":"auto","background-attachment":"scroll","background-type":"","background-media":"","overlay-type":"","overlay-color":"","overlay-opacity":"","overlay-gradient":""},"mobile":{"background-color":"","background-image":"","background-repeat":"repeat","background-position":"center center","background-size":"auto","background-attachment":"scroll","background-type":"","background-media":"","overlay-type":"","overlay-color":"","overlay-opacity":"","overlay-gradient":""}},"ast-content-background-meta":{"desktop":{"background-color":"var(--ast-global-color-5)","background-image":"","background-repeat":"repeat","background-position":"center center","background-size":"auto","background-attachment":"scroll","background-type":"","background-media":"","overlay-type":"","overlay-color":"","overlay-opacity":"","overlay-gradient":""},"tablet":{"background-color":"var(--ast-global-color-5)","background-image":"","background-repeat":"repeat","background-position":"center center","background-size":"auto","background-attachment":"scroll","background-type":"","background-media":"","overlay-type":"","overlay-color":"","overlay-opacity":"","overlay-gradient":""},"mobile":{"background-color":"var(--ast-global-color-5)","background-image":"","background-repeat":"repeat","background-position":"center center","background-size":"auto","background-attachment":"scroll","background-type":"","background-media":"","overlay-type":"","overlay-color":"","overlay-opacity":"","overlay-gradient":""}},"footnotes":""},"class_list":["post-3662","page","type-page","status-publish","hentry"],"aioseo_notices":[],"uagb_featured_image_src":{"full":false,"thumbnail":false,"medium":false,"medium_large":false,"large":false,"1536x1536":false,"2048x2048":false,"page-small":false,"woocommerce_thumbnail":false,"woocommerce_single":false,"woocommerce_gallery_thumbnail":false,"lws_wr_thumbnail":false,"lws_wr_thumbnail_small":false},"uagb_author_info":{"display_name":"Marta Zawisza","author_link":"https:\/\/e-polish.eu\/sklep\/blog\/author\/mzawisza\/"},"uagb_comment_info":0,"uagb_excerpt":"Pytania i odpowiedzi Co to jest jest e-coursebook? E-coursebooki to interaktywne ksi\u0105\u017cki online, z kt\u00f3rych mo\u017cna korzysta\u0107 na platformie e-polish.eu. [&hellip;]","_links":{"self":[{"href":"https:\/\/e-polish.eu\/sklep\/wp-json\/wp\/v2\/pages\/3662","targetHints":{"allow":["GET"]}}],"collection":[{"href":"https:\/\/e-polish.eu\/sklep\/wp-json\/wp\/v2\/pages"}],"about":[{"href":"https:\/\/e-polish.eu\/sklep\/wp-json\/wp\/v2\/types\/page"}],"author":[{"embeddable":true,"href":"https:\/\/e-polish.eu\/sklep\/wp-json\/wp\/v2\/users\/2"}],"replies":[{"embeddable":true,"href":"https:\/\/e-polish.eu\/sklep\/wp-json\/wp\/v2\/comments?post=3662"}],"version-history":[{"count":0,"href":"https:\/\/e-polish.eu\/sklep\/wp-json\/wp\/v2\/pages\/3662\/revisions"}],"wp:attachment":[{"href":"https:\/\/e-polish.eu\/sklep\/wp-json\/wp\/v2\/media?parent=3662"}],"curies":[{"name":"wp","href":"https:\/\/api.w.org\/{rel}","templated":true}]}}