{"id":3851,"date":"2024-05-17T10:18:21","date_gmt":"2024-05-17T08:18:21","guid":{"rendered":"https:\/\/e-polish.eu\/sklep\/?page_id=3851"},"modified":"2026-01-05T15:16:14","modified_gmt":"2026-01-05T14:16:14","slug":"seria-jpjo-dla-obokrajowcow-polski-w-obrazkach","status":"publish","type":"page","link":"https:\/\/e-polish.eu\/sklep\/seria-jpjo-dla-obokrajowcow-polski-w-obrazkach\/","title":{"rendered":"POLSKI w obrazkach"},"content":{"rendered":"\n<div class=\"wp-block-uagb-container uagb-block-1f0c287d alignfull uagb-is-root-container\"><div class=\"uagb-container-inner-blocks-wrap\">\n<div class=\"wp-block-uagb-container uagb-block-1530cdb0\">\n<div data-aos= \"fade-right\" data-aos-duration=\"400\" data-aos-delay=\"0\" data-aos-easing=\"ease\" data-aos-once=\"true\" class=\"wp-block-uagb-container uagb-block-194902ed\">\n<h1 class=\"wp-block-heading has-ast-global-color-5-color has-text-color has-link-color wp-elements-332d7296acfbeedeff07ea6892d9452b\" style=\"margin-top:0;margin-bottom:0;font-size:45px\">POLSKI w obrazkach<\/h1>\n\n\n\n<div class=\"wp-block-uagb-container uagb-block-9f81a463\">\n<p class=\"has-ast-global-color-5-color has-text-color has-link-color wp-elements-48ee9cb4021239c843f8cb1bc9851d97\" style=\"font-size:24px;font-style:normal;font-weight:500\">Zestaw 32 plansz dydaktycznych to doskona\u0142e narz\u0119dzie wspieraj\u0105ce nauczyciela. Zawiera podstawowe s\u0142owa oraz zwroty niezb\u0119dne na pocz\u0105tkowym etapie nauki.<br><\/p>\n<\/div>\n<\/div>\n<\/div>\n<\/div><\/div>\n\n\n\n<div style=\"height:100px\" aria-hidden=\"true\" class=\"wp-block-spacer\"><\/div>\n\n\n\n<div class=\"wp-block-uagb-container uagb-block-749c2fce alignfull uagb-is-root-container\"><div class=\"uagb-container-inner-blocks-wrap\">\n<div class=\"wp-block-uagb-container uagb-block-a1d7721b\">\n<p style=\"margin-top:0;margin-right:0;margin-bottom:0;margin-left:0\"><strong>Najwa\u017cniejsze zagadnienia leksykalne na poziomie A1<\/strong><\/p>\n<\/div>\n\n\n\n<div class=\"wp-block-uagb-container uagb-block-0766b672\">\n<p style=\"margin-top:0;margin-right:0;margin-bottom:0;margin-left:0\"><strong>Obrazki wspomagaj\u0105ce nauczanie wy\u0142\u0105cznie po polsku<\/strong><\/p>\n<\/div>\n\n\n\n<div class=\"wp-block-uagb-container uagb-block-ac65e9e1\">\n<p style=\"margin-top:0;margin-right:0;margin-bottom:0;margin-left:0\"><strong>Niezast\u0105piona pomoc ju\u017c od pierwszych zaj\u0119\u0107<\/strong><\/p>\n<\/div>\n\n\n\n<div class=\"wp-block-uagb-container uagb-block-ab75b845\">\n<p style=\"margin-top:0;margin-right:0;margin-bottom:0;margin-left:0\"><strong>Pracownia j\u0119zykowa, kt\u00f3ra uczy<\/strong><\/p>\n<\/div>\n<\/div><\/div>\n\n\n\n<div class=\"wp-block-uagb-container uagb-block-c63f3f1a alignfull uagb-is-root-container\"><div class=\"uagb-container-inner-blocks-wrap\">\n<div class=\"wp-block-uagb-container uagb-block-5c51808b\">\n<p>Czy klasa lekcyjna mo\u017ce by\u0107 elementem procesu nauczania? Naturalnie! Odpowiednio zagospodarowana przestrze\u0144 pracowni j\u0119zykowej stymuluje procesy poznawcze i wspiera procesy zapami\u0119tywania. \u015aciany, na kt\u00f3rych wisz\u0105 pomoce dydaktyczne \u201em\u00f3wi\u0105\u201d do uczni\u00f3w i pomagaj\u0105 wdra\u017ca\u0107 nowy materia\u0142. Naturalnie plansze ze wzgl\u0119du na swoje walory estetyczne mog\u0105 stanowi\u0107 praktyczn\u0105 dekoracj\u0119 pracowni j\u0119zykowej, jednak ich najwa\u017cniejszym zadaniem jest u\u0142atwienie wprowadzania i utrwalania nowej leksyki bez potrzeby t\u0142umaczenia i si\u0119gania po s\u0142ownik.<br><\/p>\n<\/div>\n\n\n\n<div class=\"wp-block-uagb-container uagb-block-77a987d2\">\n<figure class=\"wp-block-image size-full\"><img loading=\"lazy\" decoding=\"async\" width=\"800\" height=\"800\" src=\"https:\/\/e-polish.eu\/sklep\/wp-content\/uploads\/2024\/05\/serie-800x800px-PwO-v2-t.png\" alt=\"\" class=\"wp-image-3853\"\/><\/figure>\n<\/div>\n<\/div><\/div>\n\n\n\n<div class=\"wp-block-uagb-container uagb-block-ea3e4d30 alignfull uagb-is-root-container\"><div class=\"uagb-container-inner-blocks-wrap\">\n<div class=\"wp-block-uagb-container uagb-block-bea5e425\">\n<div class=\"wp-block-uagb-container uagb-block-fce181df\">\n<div class=\"wp-block-uagb-advanced-heading uagb-block-00bdabf6\"><h2 class=\"uagb-heading-text\">J\u0118ZYK POLSKI JAKO OBCY (JPJO) &#8211; PLANSZE DYDAKTYCZNE<\/h2><\/div>\n<\/div>\n\n\n\n<div style=\"height:20px\" aria-hidden=\"true\" class=\"wp-block-spacer\"><\/div>\n\n\n\n<div class=\"wp-block-uagb-container uagb-block-8c7aa53c\"><div class=\"woocommerce columns-3 \"><ul class=\"products columns-3\">\n<li class=\"desktop-align-center tablet-align-left mobile-align-left ast-product-gallery-layout-horizontal-slider ast-product-tabs-layout-horizontal product type-product post-49 status-publish first instock product_cat-ksiazki product_cat-polski-w-obrazkach product_cat-wszystkie-produkty has-post-thumbnail taxable shipping-taxable purchasable product-type-simple\">\n\t<a href=\"https:\/\/e-polish.eu\/sklep\/ksiazki\/polski-w-obrazkach-czesc-1\/\" class=\"woocommerce-LoopProduct-link woocommerce-loop-product__link\"><img loading=\"lazy\" decoding=\"async\" width=\"300\" height=\"425\" src=\"https:\/\/e-polish.eu\/sklep\/wp-content\/uploads\/shop-items\/0-polski_w_obrazkach_1-300x425.\" class=\"attachment-woocommerce_thumbnail size-woocommerce_thumbnail\" alt=\"POLSKI w obrazkach 1\" srcset=\"https:\/\/e-polish.eu\/sklep\/wp-content\/uploads\/shop-items\/0-polski_w_obrazkach_1-300x425. 300w, https:\/\/e-polish.eu\/sklep\/wp-content\/uploads\/shop-items\/0-polski_w_obrazkach_1-212x300. 212w, https:\/\/e-polish.eu\/sklep\/wp-content\/uploads\/shop-items\/0-polski_w_obrazkach_1-724x1024. 724w, https:\/\/e-polish.eu\/sklep\/wp-content\/uploads\/shop-items\/0-polski_w_obrazkach_1-768x1087. 768w, https:\/\/e-polish.eu\/sklep\/wp-content\/uploads\/shop-items\/0-polski_w_obrazkach_1-210x297. 210w, https:\/\/e-polish.eu\/sklep\/wp-content\/uploads\/shop-items\/0-polski_w_obrazkach_1-240x340. 240w, https:\/\/e-polish.eu\/sklep\/wp-content\/uploads\/shop-items\/0-polski_w_obrazkach_1-905x1280. 905w, https:\/\/e-polish.eu\/sklep\/wp-content\/uploads\/shop-items\/0-polski_w_obrazkach_1 1000w\" sizes=\"auto, (max-width: 300px) 100vw, 300px\" \/><h2 class=\"woocommerce-loop-product__title\">POLSKI w obrazkach 1<\/h2>\n\t<span class=\"price\">99,90 &#122;&#322;<\/span>\n<\/a><a href=\"\/sklep\/wp-json\/wp\/v2\/pages\/3851?add-to-cart=49\" aria-describedby=\"woocommerce_loop_add_to_cart_link_describedby_49\" data-quantity=\"1\" class=\"button product_type_simple add_to_cart_button ajax_add_to_cart \" data-product_id=\"49\" data-product_sku=\"PWO1\" aria-label=\"Dodaj do koszyka: &bdquo;POLSKI w obrazkach 1&rdquo;\" rel=\"nofollow\" data-success_message=\"&ldquo;POLSKI w obrazkach 1&rdquo; zosta\u0142 dodany do twojego koszyka\" role=\"button\">Dodaj do koszyka<\/a>\t<span id=\"woocommerce_loop_add_to_cart_link_describedby_49\" class=\"screen-reader-text\">\n\t\t\t<\/span>\n<\/li>\n<li class=\"desktop-align-center tablet-align-left mobile-align-left ast-product-gallery-layout-horizontal-slider ast-product-tabs-layout-horizontal product type-product post-50 status-publish instock product_cat-ksiazki product_cat-polski-w-obrazkach product_cat-wszystkie-produkty has-post-thumbnail taxable shipping-taxable purchasable product-type-simple\">\n\t<a href=\"https:\/\/e-polish.eu\/sklep\/ksiazki\/polski-w-obrazkach-czesc-2\/\" class=\"woocommerce-LoopProduct-link woocommerce-loop-product__link\"><img loading=\"lazy\" decoding=\"async\" width=\"300\" height=\"425\" src=\"https:\/\/e-polish.eu\/sklep\/wp-content\/uploads\/shop-items\/0-polski_w_obrazkach_2-300x425.\" class=\"attachment-woocommerce_thumbnail size-woocommerce_thumbnail\" alt=\"POLSKI w obrazkach 2\" srcset=\"https:\/\/e-polish.eu\/sklep\/wp-content\/uploads\/shop-items\/0-polski_w_obrazkach_2-300x425. 300w, https:\/\/e-polish.eu\/sklep\/wp-content\/uploads\/shop-items\/0-polski_w_obrazkach_2-212x300. 212w, https:\/\/e-polish.eu\/sklep\/wp-content\/uploads\/shop-items\/0-polski_w_obrazkach_2-724x1024. 724w, https:\/\/e-polish.eu\/sklep\/wp-content\/uploads\/shop-items\/0-polski_w_obrazkach_2-768x1087. 768w, https:\/\/e-polish.eu\/sklep\/wp-content\/uploads\/shop-items\/0-polski_w_obrazkach_2-210x297. 210w, https:\/\/e-polish.eu\/sklep\/wp-content\/uploads\/shop-items\/0-polski_w_obrazkach_2-240x340. 240w, https:\/\/e-polish.eu\/sklep\/wp-content\/uploads\/shop-items\/0-polski_w_obrazkach_2-905x1280. 905w, https:\/\/e-polish.eu\/sklep\/wp-content\/uploads\/shop-items\/0-polski_w_obrazkach_2 1000w\" sizes=\"auto, (max-width: 300px) 100vw, 300px\" \/><h2 class=\"woocommerce-loop-product__title\">POLSKI w obrazkach 2<\/h2>\n\t<span class=\"price\">99,90 &#122;&#322;<\/span>\n<\/a><a href=\"\/sklep\/wp-json\/wp\/v2\/pages\/3851?add-to-cart=50\" aria-describedby=\"woocommerce_loop_add_to_cart_link_describedby_50\" data-quantity=\"1\" class=\"button product_type_simple add_to_cart_button ajax_add_to_cart \" data-product_id=\"50\" data-product_sku=\"PWO2\" aria-label=\"Dodaj do koszyka: &bdquo;POLSKI w obrazkach 2&rdquo;\" rel=\"nofollow\" data-success_message=\"&ldquo;POLSKI w obrazkach 2&rdquo; zosta\u0142 dodany do twojego koszyka\" role=\"button\">Dodaj do koszyka<\/a>\t<span id=\"woocommerce_loop_add_to_cart_link_describedby_50\" class=\"screen-reader-text\">\n\t\t\t<\/span>\n<\/li>\n<li class=\"desktop-align-center tablet-align-left mobile-align-left ast-product-gallery-layout-horizontal-slider ast-product-gallery-with-no-image ast-product-tabs-layout-horizontal product type-product post-3968 status-publish last instock product_cat-ksiazki product_cat-polski-w-obrazkach product_cat-wszystkie-produkty has-post-thumbnail sale taxable shipping-taxable purchasable product-type-woosb\">\n\t<a href=\"https:\/\/e-polish.eu\/sklep\/ksiazki\/pakiet-polski-w-obrazkach-1-2\/\" class=\"woocommerce-LoopProduct-link woocommerce-loop-product__link\">\n\t\n\t<img loading=\"lazy\" decoding=\"async\" width=\"300\" height=\"425\" src=\"https:\/\/e-polish.eu\/sklep\/wp-content\/uploads\/shop-items\/0-pakiet_polski_w_obrazkach_1_2-300x425.\" class=\"attachment-woocommerce_thumbnail size-woocommerce_thumbnail\" alt=\"Pakiet: POLSKI w obrazkach 1 + 2\" srcset=\"https:\/\/e-polish.eu\/sklep\/wp-content\/uploads\/shop-items\/0-pakiet_polski_w_obrazkach_1_2-300x425. 300w, https:\/\/e-polish.eu\/sklep\/wp-content\/uploads\/shop-items\/0-pakiet_polski_w_obrazkach_1_2-212x300. 212w, https:\/\/e-polish.eu\/sklep\/wp-content\/uploads\/shop-items\/0-pakiet_polski_w_obrazkach_1_2-724x1024. 724w, https:\/\/e-polish.eu\/sklep\/wp-content\/uploads\/shop-items\/0-pakiet_polski_w_obrazkach_1_2-768x1087. 768w, https:\/\/e-polish.eu\/sklep\/wp-content\/uploads\/shop-items\/0-pakiet_polski_w_obrazkach_1_2-210x297. 210w, https:\/\/e-polish.eu\/sklep\/wp-content\/uploads\/shop-items\/0-pakiet_polski_w_obrazkach_1_2-240x340. 240w, https:\/\/e-polish.eu\/sklep\/wp-content\/uploads\/shop-items\/0-pakiet_polski_w_obrazkach_1_2-905x1280. 905w, https:\/\/e-polish.eu\/sklep\/wp-content\/uploads\/shop-items\/0-pakiet_polski_w_obrazkach_1_2 1000w\" sizes=\"auto, (max-width: 300px) 100vw, 300px\" \/><h2 class=\"woocommerce-loop-product__title\">Pakiet: POLSKI w obrazkach 1 + 2<\/h2>\n\t<span class=\"price\"><del aria-hidden=\"true\">199,80 &#122;&#322;<\/del> <span class=\"screen-reader-text\">Pierwotna cena wynosi\u0142a: 199,80 &#122;&#322;.<\/span><ins aria-hidden=\"true\">159,84 &#122;&#322;<\/ins><span class=\"screen-reader-text\">Aktualna cena wynosi: 159,84 &#122;&#322;.<\/span><\/span>\n<\/a><a href=\"\/sklep\/wp-json\/wp\/v2\/pages\/3851?add-to-cart=3968\" aria-describedby=\"woocommerce_loop_add_to_cart_link_describedby_3968\" data-quantity=\"1\" class=\"button product_type_woosb add_to_cart_button ajax_add_to_cart \" data-product_id=\"3968\" data-product_sku=\"book209\" aria-label=\"Przeczytaj wi\u0119cej o &bdquo;Pakiet: POLSKI w obrazkach 1 + 2&rdquo;\" rel=\"nofollow\" role=\"button\">Dodaj do koszyka<\/a>\t<span id=\"woocommerce_loop_add_to_cart_link_describedby_3968\" class=\"screen-reader-text\">\n\t\t\t<\/span>\n<\/li>\n<\/ul>\n<\/div>\n<\/div>\n<\/div>\n<\/div><\/div>\n","protected":false},"excerpt":{"rendered":"<p>POLSKI w obrazkach Zestaw 32 plansz dydaktycznych to doskona\u0142e narz\u0119dzie wspieraj\u0105ce nauczyciela. Zawiera podstawowe s\u0142owa oraz zwroty niezb\u0119dne na pocz\u0105tkowym [&hellip;]<\/p>\n","protected":false},"author":2,"featured_media":0,"parent":0,"menu_order":0,"comment_status":"closed","ping_status":"closed","template":"","meta":{"_uag_custom_page_level_css":"","site-sidebar-layout":"default","site-content-layout":"","ast-site-content-layout":"full-width-container","site-content-style":"default","site-sidebar-style":"default","ast-global-header-display":"","ast-banner-title-visibility":"","ast-main-header-display":"","ast-hfb-above-header-display":"","ast-hfb-below-header-display":"","ast-hfb-mobile-header-display":"","site-post-title":"disabled","ast-breadcrumbs-content":"","ast-featured-img":"","footer-sml-layout":"","ast-disable-related-posts":"","theme-transparent-header-meta":"","adv-header-id-meta":"","stick-header-meta":"","header-above-stick-meta":"","header-main-stick-meta":"","header-below-stick-meta":"","astra-migrate-meta-layouts":"set","ast-page-background-enabled":"default","ast-page-background-meta":{"desktop":{"background-color":"","background-image":"","background-repeat":"repeat","background-position":"center center","background-size":"auto","background-attachment":"scroll","background-type":"","background-media":"","overlay-type":"","overlay-color":"","overlay-opacity":"","overlay-gradient":""},"tablet":{"background-color":"","background-image":"","background-repeat":"repeat","background-position":"center center","background-size":"auto","background-attachment":"scroll","background-type":"","background-media":"","overlay-type":"","overlay-color":"","overlay-opacity":"","overlay-gradient":""},"mobile":{"background-color":"","background-image":"","background-repeat":"repeat","background-position":"center center","background-size":"auto","background-attachment":"scroll","background-type":"","background-media":"","overlay-type":"","overlay-color":"","overlay-opacity":"","overlay-gradient":""}},"ast-content-background-meta":{"desktop":{"background-color":"var(--ast-global-color-5)","background-image":"","background-repeat":"repeat","background-position":"center center","background-size":"auto","background-attachment":"scroll","background-type":"","background-media":"","overlay-type":"","overlay-color":"","overlay-opacity":"","overlay-gradient":""},"tablet":{"background-color":"var(--ast-global-color-5)","background-image":"","background-repeat":"repeat","background-position":"center center","background-size":"auto","background-attachment":"scroll","background-type":"","background-media":"","overlay-type":"","overlay-color":"","overlay-opacity":"","overlay-gradient":""},"mobile":{"background-color":"var(--ast-global-color-5)","background-image":"","background-repeat":"repeat","background-position":"center center","background-size":"auto","background-attachment":"scroll","background-type":"","background-media":"","overlay-type":"","overlay-color":"","overlay-opacity":"","overlay-gradient":""}},"footnotes":""},"class_list":["post-3851","page","type-page","status-publish","hentry"],"aioseo_notices":[],"uagb_featured_image_src":{"full":false,"thumbnail":false,"medium":false,"medium_large":false,"large":false,"1536x1536":false,"2048x2048":false,"page-small":false,"woocommerce_thumbnail":false,"woocommerce_single":false,"woocommerce_gallery_thumbnail":false,"lws_wr_thumbnail":false,"lws_wr_thumbnail_small":false},"uagb_author_info":{"display_name":"Marta Zawisza","author_link":"https:\/\/e-polish.eu\/sklep\/blog\/author\/mzawisza\/"},"uagb_comment_info":0,"uagb_excerpt":"POLSKI w obrazkach Zestaw 32 plansz dydaktycznych to doskona\u0142e narz\u0119dzie wspieraj\u0105ce nauczyciela. Zawiera podstawowe s\u0142owa oraz zwroty niezb\u0119dne na pocz\u0105tkowym [&hellip;]","_links":{"self":[{"href":"https:\/\/e-polish.eu\/sklep\/wp-json\/wp\/v2\/pages\/3851","targetHints":{"allow":["GET"]}}],"collection":[{"href":"https:\/\/e-polish.eu\/sklep\/wp-json\/wp\/v2\/pages"}],"about":[{"href":"https:\/\/e-polish.eu\/sklep\/wp-json\/wp\/v2\/types\/page"}],"author":[{"embeddable":true,"href":"https:\/\/e-polish.eu\/sklep\/wp-json\/wp\/v2\/users\/2"}],"replies":[{"embeddable":true,"href":"https:\/\/e-polish.eu\/sklep\/wp-json\/wp\/v2\/comments?post=3851"}],"version-history":[{"count":3,"href":"https:\/\/e-polish.eu\/sklep\/wp-json\/wp\/v2\/pages\/3851\/revisions"}],"predecessor-version":[{"id":13958,"href":"https:\/\/e-polish.eu\/sklep\/wp-json\/wp\/v2\/pages\/3851\/revisions\/13958"}],"wp:attachment":[{"href":"https:\/\/e-polish.eu\/sklep\/wp-json\/wp\/v2\/media?parent=3851"}],"curies":[{"name":"wp","href":"https:\/\/api.w.org\/{rel}","templated":true}]}}