{"id":3898,"date":"2024-05-17T12:47:12","date_gmt":"2024-05-17T10:47:12","guid":{"rendered":"https:\/\/e-polish.eu\/sklep\/?page_id=3898"},"modified":"2026-01-05T15:18:33","modified_gmt":"2026-01-05T14:18:33","slug":"kompendium-wiedzy-o-jezyku-polski-w-praktyce","status":"publish","type":"page","link":"https:\/\/e-polish.eu\/sklep\/kompendium-wiedzy-o-jezyku-polski-w-praktyce\/","title":{"rendered":"POLSKI w praktyce"},"content":{"rendered":"\n<div class=\"wp-block-uagb-container uagb-block-1f0c287d alignfull uagb-is-root-container\"><div class=\"uagb-container-inner-blocks-wrap\">\n<div class=\"wp-block-uagb-container uagb-block-1530cdb0\">\n<div data-aos= \"fade-right\" data-aos-duration=\"400\" data-aos-delay=\"0\" data-aos-easing=\"ease\" data-aos-once=\"true\" class=\"wp-block-uagb-container uagb-block-194902ed\">\n<h1 class=\"wp-block-heading has-ast-global-color-5-color has-text-color has-link-color wp-elements-97a06208b5bc3deff518ff0313852fb1\" style=\"margin-top:0;margin-bottom:0;font-size:45px\">POLSKI<br>w praktyce<\/h1>\n\n\n\n<div class=\"wp-block-uagb-container uagb-block-9f81a463\">\n<p class=\"has-ast-global-color-5-color has-text-color has-link-color wp-elements-0c9a53a944d0405c029d1227a0debcbc\" style=\"font-size:24px;font-style:normal;font-weight:500\">Kompendium wiedzy na temat kluczowych zagadnie\u0144 ze s\u0142ownictwa, gramatyki oraz fonetyki polskiej wraz z urozmaiconymi \u0107wiczeniami.<\/p>\n<\/div>\n<\/div>\n<\/div>\n<\/div><\/div>\n\n\n\n<div style=\"height:100px\" aria-hidden=\"true\" class=\"wp-block-spacer\"><\/div>\n\n\n\n<div class=\"wp-block-uagb-container uagb-block-4aa07978 alignfull uagb-is-root-container\"><div class=\"uagb-container-inner-blocks-wrap\">\n<div class=\"wp-block-uagb-container uagb-block-c1bad8c3\">\n<p style=\"margin-top:0;margin-right:0;margin-bottom:0;margin-left:0\"><strong>Intuicyjne i\u00a0bogate w\u00a0przyk\u0142ady tablice<\/strong><\/p>\n<\/div>\n\n\n\n<div class=\"wp-block-uagb-container uagb-block-0766b672\">\n<p style=\"margin-top:0;margin-right:0;margin-bottom:0;margin-left:0\"><strong>Nacisk na zagadnienia najcz\u0119\u015bciej pojawiaj\u0105ce si\u0119 w\u00a0praktycznych sytuacjach<\/strong><\/p>\n<\/div>\n\n\n\n<div class=\"wp-block-uagb-container uagb-block-ac65e9e1\">\n<p style=\"margin-top:0;margin-right:0;margin-bottom:0;margin-left:0\"><strong>\u0106wiczenia dobrane do ka\u017cdego z\u00a0prezentowanych zagadnie\u0144<\/strong><\/p>\n<\/div>\n\n\n\n<div class=\"wp-block-uagb-container uagb-block-ab75b845\">\n<p style=\"margin-top:0;margin-right:0;margin-bottom:0;margin-left:0\"><strong>Rzetelne sprawdzenie wiedzy na dany temat<\/strong><\/p>\n<\/div>\n<\/div><\/div>\n\n\n\n<div class=\"wp-block-uagb-container uagb-block-c63f3f1a alignfull uagb-is-root-container\"><div class=\"uagb-container-inner-blocks-wrap\">\n<div class=\"wp-block-uagb-container uagb-block-5c51808b\">\n<p>Seria \u201ePOLSKI w praktyce\u201d powsta\u0142a z my\u015bl\u0105 o wszystkich, kt\u00f3rzy ucz\u0105c si\u0119 j\u0119zyka polskiego potrzebuj\u0105 w praktyczny spos\u00f3b ugruntowa\u0107 swoje umiej\u0119tno\u015bci. Polska fonetyka i najwa\u017cniejsze zagadnienia gramatyczne zaprezentowane w obrazowy i \u0142atwy do zapami\u0119tania spos\u00f3b, a nast\u0119pnie sprawdzane w praktycznych \u0107wiczeniach. Seria mo\u017ce by\u0107 wykorzystywana jako materia\u0142 uzupe\u0142niaj\u0105cy na zaj\u0119ciach lub te\u017c do pracy samodzielnej.<\/p>\n<\/div>\n\n\n\n<div class=\"wp-block-uagb-container uagb-block-77a987d2\">\n<figure class=\"wp-block-image size-full\"><img loading=\"lazy\" decoding=\"async\" width=\"800\" height=\"800\" src=\"https:\/\/e-polish.eu\/sklep\/wp-content\/uploads\/2024\/06\/serie-800x800px-Polski-w-praktyce.png\" alt=\"\" class=\"wp-image-4193\"\/><\/figure>\n<\/div>\n<\/div><\/div>\n\n\n\n<div class=\"wp-block-uagb-container uagb-block-ea3e4d30 alignfull uagb-is-root-container\"><div class=\"uagb-container-inner-blocks-wrap\">\n<div class=\"wp-block-uagb-container uagb-block-bea5e425\">\n<div class=\"wp-block-uagb-container uagb-block-fce181df\">\n<div class=\"wp-block-uagb-advanced-heading uagb-block-00bdabf6\"><h2 class=\"uagb-heading-text\">POLSKI DLA OBCOKRAJOWC\u00d3W &#8211; W PRAKTYCE<\/h2><\/div>\n<\/div>\n\n\n\n<div style=\"height:20px\" aria-hidden=\"true\" class=\"wp-block-spacer\"><\/div>\n\n\n\n<div class=\"wp-block-uagb-container uagb-block-8c7aa53c\"><div class=\"woocommerce columns-3 \"><ul class=\"products columns-3\">\n<li class=\"desktop-align-center tablet-align-left mobile-align-left ast-product-gallery-layout-horizontal-slider ast-product-tabs-layout-horizontal product type-product post-2560 status-publish first instock product_cat-ksiazki product_cat-polski-w-praktyce product_cat-wszystkie-produkty has-post-thumbnail featured taxable shipping-taxable purchasable product-type-simple\">\n\t<a href=\"https:\/\/e-polish.eu\/sklep\/ksiazki\/fonetyka-polski-w-praktyce\/\" class=\"woocommerce-LoopProduct-link woocommerce-loop-product__link\"><img loading=\"lazy\" decoding=\"async\" width=\"300\" height=\"425\" src=\"https:\/\/e-polish.eu\/sklep\/wp-content\/uploads\/shop-items\/0-fonetyka_-_polski_w_praktyce-300x425.\" class=\"attachment-woocommerce_thumbnail size-woocommerce_thumbnail\" alt=\"FONETYKA - polski w praktyce\" srcset=\"https:\/\/e-polish.eu\/sklep\/wp-content\/uploads\/shop-items\/0-fonetyka_-_polski_w_praktyce-300x425. 300w, https:\/\/e-polish.eu\/sklep\/wp-content\/uploads\/shop-items\/0-fonetyka_-_polski_w_praktyce-212x300. 212w, https:\/\/e-polish.eu\/sklep\/wp-content\/uploads\/shop-items\/0-fonetyka_-_polski_w_praktyce-724x1024. 724w, https:\/\/e-polish.eu\/sklep\/wp-content\/uploads\/shop-items\/0-fonetyka_-_polski_w_praktyce-768x1087. 768w, https:\/\/e-polish.eu\/sklep\/wp-content\/uploads\/shop-items\/0-fonetyka_-_polski_w_praktyce-210x297. 210w, https:\/\/e-polish.eu\/sklep\/wp-content\/uploads\/shop-items\/0-fonetyka_-_polski_w_praktyce-240x340. 240w, https:\/\/e-polish.eu\/sklep\/wp-content\/uploads\/shop-items\/0-fonetyka_-_polski_w_praktyce-905x1280. 905w, https:\/\/e-polish.eu\/sklep\/wp-content\/uploads\/shop-items\/0-fonetyka_-_polski_w_praktyce 1000w\" sizes=\"auto, (max-width: 300px) 100vw, 300px\" \/><h2 class=\"woocommerce-loop-product__title\">FONETYKA &#8211; polski w praktyce<\/h2><div class=\"review-rating\"><div class=\"star-rating\"><span style=\"width:80%\">Oceniono <strong class=\"rating\">4.00<\/strong> na 5<\/span><\/div><\/div>\n\t<span class=\"price\">62,90 &#122;&#322;<\/span>\n<\/a><a href=\"\/sklep\/wp-json\/wp\/v2\/pages\/3898?add-to-cart=2560\" aria-describedby=\"woocommerce_loop_add_to_cart_link_describedby_2560\" data-quantity=\"1\" class=\"button product_type_simple add_to_cart_button ajax_add_to_cart \" data-product_id=\"2560\" data-product_sku=\"FON\" aria-label=\"Dodaj do koszyka: &bdquo;FONETYKA - polski w praktyce&rdquo;\" rel=\"nofollow\" data-success_message=\"&ldquo;FONETYKA - polski w praktyce&rdquo; zosta\u0142 dodany do twojego koszyka\" role=\"button\">Dodaj do koszyka<\/a>\t<span id=\"woocommerce_loop_add_to_cart_link_describedby_2560\" class=\"screen-reader-text\">\n\t\t\t<\/span>\n<\/li>\n<\/ul>\n<\/div>\n<\/div>\n<\/div>\n<\/div><\/div>\n","protected":false},"excerpt":{"rendered":"<p>POLSKIw praktyce Kompendium wiedzy na temat kluczowych zagadnie\u0144 ze s\u0142ownictwa, gramatyki oraz fonetyki polskiej wraz z urozmaiconymi \u0107wiczeniami. Intuicyjne i\u00a0bogate [&hellip;]<\/p>\n","protected":false},"author":2,"featured_media":0,"parent":0,"menu_order":0,"comment_status":"closed","ping_status":"closed","template":"","meta":{"_uag_custom_page_level_css":"","site-sidebar-layout":"default","site-content-layout":"","ast-site-content-layout":"full-width-container","site-content-style":"default","site-sidebar-style":"default","ast-global-header-display":"","ast-banner-title-visibility":"","ast-main-header-display":"","ast-hfb-above-header-display":"","ast-hfb-below-header-display":"","ast-hfb-mobile-header-display":"","site-post-title":"disabled","ast-breadcrumbs-content":"","ast-featured-img":"","footer-sml-layout":"","ast-disable-related-posts":"","theme-transparent-header-meta":"","adv-header-id-meta":"","stick-header-meta":"","header-above-stick-meta":"","header-main-stick-meta":"","header-below-stick-meta":"","astra-migrate-meta-layouts":"set","ast-page-background-enabled":"default","ast-page-background-meta":{"desktop":{"background-color":"","background-image":"","background-repeat":"repeat","background-position":"center center","background-size":"auto","background-attachment":"scroll","background-type":"","background-media":"","overlay-type":"","overlay-color":"","overlay-opacity":"","overlay-gradient":""},"tablet":{"background-color":"","background-image":"","background-repeat":"repeat","background-position":"center center","background-size":"auto","background-attachment":"scroll","background-type":"","background-media":"","overlay-type":"","overlay-color":"","overlay-opacity":"","overlay-gradient":""},"mobile":{"background-color":"","background-image":"","background-repeat":"repeat","background-position":"center center","background-size":"auto","background-attachment":"scroll","background-type":"","background-media":"","overlay-type":"","overlay-color":"","overlay-opacity":"","overlay-gradient":""}},"ast-content-background-meta":{"desktop":{"background-color":"var(--ast-global-color-5)","background-image":"","background-repeat":"repeat","background-position":"center center","background-size":"auto","background-attachment":"scroll","background-type":"","background-media":"","overlay-type":"","overlay-color":"","overlay-opacity":"","overlay-gradient":""},"tablet":{"background-color":"var(--ast-global-color-5)","background-image":"","background-repeat":"repeat","background-position":"center center","background-size":"auto","background-attachment":"scroll","background-type":"","background-media":"","overlay-type":"","overlay-color":"","overlay-opacity":"","overlay-gradient":""},"mobile":{"background-color":"var(--ast-global-color-5)","background-image":"","background-repeat":"repeat","background-position":"center center","background-size":"auto","background-attachment":"scroll","background-type":"","background-media":"","overlay-type":"","overlay-color":"","overlay-opacity":"","overlay-gradient":""}},"footnotes":""},"class_list":["post-3898","page","type-page","status-publish","hentry"],"aioseo_notices":[],"uagb_featured_image_src":{"full":false,"thumbnail":false,"medium":false,"medium_large":false,"large":false,"1536x1536":false,"2048x2048":false,"page-small":false,"woocommerce_thumbnail":false,"woocommerce_single":false,"woocommerce_gallery_thumbnail":false,"lws_wr_thumbnail":false,"lws_wr_thumbnail_small":false},"uagb_author_info":{"display_name":"Marta Zawisza","author_link":"https:\/\/e-polish.eu\/sklep\/blog\/author\/mzawisza\/"},"uagb_comment_info":0,"uagb_excerpt":"POLSKIw praktyce Kompendium wiedzy na temat kluczowych zagadnie\u0144 ze s\u0142ownictwa, gramatyki oraz fonetyki polskiej wraz z urozmaiconymi \u0107wiczeniami. Intuicyjne i\u00a0bogate [&hellip;]","_links":{"self":[{"href":"https:\/\/e-polish.eu\/sklep\/wp-json\/wp\/v2\/pages\/3898","targetHints":{"allow":["GET"]}}],"collection":[{"href":"https:\/\/e-polish.eu\/sklep\/wp-json\/wp\/v2\/pages"}],"about":[{"href":"https:\/\/e-polish.eu\/sklep\/wp-json\/wp\/v2\/types\/page"}],"author":[{"embeddable":true,"href":"https:\/\/e-polish.eu\/sklep\/wp-json\/wp\/v2\/users\/2"}],"replies":[{"embeddable":true,"href":"https:\/\/e-polish.eu\/sklep\/wp-json\/wp\/v2\/comments?post=3898"}],"version-history":[{"count":4,"href":"https:\/\/e-polish.eu\/sklep\/wp-json\/wp\/v2\/pages\/3898\/revisions"}],"predecessor-version":[{"id":13961,"href":"https:\/\/e-polish.eu\/sklep\/wp-json\/wp\/v2\/pages\/3898\/revisions\/13961"}],"wp:attachment":[{"href":"https:\/\/e-polish.eu\/sklep\/wp-json\/wp\/v2\/media?parent=3898"}],"curies":[{"name":"wp","href":"https:\/\/api.w.org\/{rel}","templated":true}]}}