{"id":4854,"date":"2024-08-08T17:34:21","date_gmt":"2024-08-08T15:34:21","guid":{"rendered":"https:\/\/e-polish.eu\/sklep\/?page_id=4854"},"modified":"2024-10-23T11:23:34","modified_gmt":"2024-10-23T09:23:34","slug":"outlet","status":"publish","type":"page","link":"https:\/\/e-polish.eu\/sklep\/outlet\/","title":{"rendered":"Outlet"},"content":{"rendered":"\n<div class=\"wp-block-uagb-container uagb-block-1f0c287d alignfull uagb-is-root-container\"><div class=\"uagb-container-inner-blocks-wrap\">\n<div class=\"wp-block-uagb-container uagb-block-1530cdb0\">\n<div data-aos= \"fade-right\" data-aos-duration=\"400\" data-aos-delay=\"0\" data-aos-easing=\"ease\" data-aos-once=\"true\" class=\"wp-block-uagb-container uagb-block-194902ed\">\n<h1 class=\"wp-block-heading has-ast-global-color-5-color has-text-color has-link-color wp-elements-3416864d3b94883b5c42ca0e9022e6c1\" style=\"margin-top:0;margin-bottom:0;font-size:45px\">Outlet<\/h1>\n\n\n\n<div class=\"wp-block-uagb-container uagb-block-9f81a463\">\n<p class=\"justify-text has-ast-global-color-5-color has-text-color has-link-color wp-elements-c9a9447161a07accbe39243c170e0204\" style=\"font-size:24px\">Nasze ksi\u0105\u017cki w atrakcyjnych cenach! Skorzystaj<br>z wyj\u0105tkowych okazji na ksi\u0105\u017cki outletowe!<\/p>\n<\/div>\n<\/div>\n<\/div>\n<\/div><\/div>\n\n\n\n<div class=\"wp-block-uagb-container uagb-block-c63f3f1a alignfull uagb-is-root-container\"><div class=\"uagb-container-inner-blocks-wrap\">\n<div class=\"wp-block-uagb-container uagb-block-5c51808b\">\n<p>Oferujemy sprzeda\u017c lekko uszkodzonych ksi\u0105\u017cek naszego wydawnictwa z\u00a0<strong>50% rabatem<\/strong>. Je\u015bli nie przeszkadzaj\u0105 Ci minimalnie zagi\u0119te rogi, delikatnie uszkodzona teczka, czy zarysowana ok\u0142adka, zapraszamy do naszego outletu w szkole GLOSSA, na ulicy Dietla 103 w Krakowie. Jeste\u015b spoza Krakowa? Skontaktuj si\u0119 z nami na\u00a0<a href=\"mailto:ksiegarnia@glossa.pl\">ksiegarnia@glossa.pl<\/a>\u00a0i napisz, jakie ksi\u0105\u017cki Ci\u0119 interesuj\u0105, a my zajmiemy si\u0119 Twoim zam\u00f3wieniem.<\/p>\n<\/div>\n\n\n\n<div class=\"wp-block-uagb-container uagb-block-77a987d2\">\n<p class=\"has-text-align-left\"><strong>UWAGA: Produkty z tego dzia\u0142u nie podlegaj\u0105 wymianie ani zwrotowi. Ilo\u015b\u0107 egzemplarzy z outletu jest ograniczona.<\/strong><\/p>\n<\/div>\n<\/div><\/div>\n","protected":false},"excerpt":{"rendered":"<p>Outlet Nasze ksi\u0105\u017cki w atrakcyjnych cenach! Skorzystajz wyj\u0105tkowych okazji na ksi\u0105\u017cki outletowe! Oferujemy sprzeda\u017c lekko uszkodzonych ksi\u0105\u017cek naszego wydawnictwa z\u00a050% [&hellip;]<\/p>\n","protected":false},"author":2,"featured_media":0,"parent":0,"menu_order":0,"comment_status":"closed","ping_status":"closed","template":"","meta":{"_uag_custom_page_level_css":"","site-sidebar-layout":"default","site-content-layout":"","ast-site-content-layout":"full-width-container","site-content-style":"default","site-sidebar-style":"default","ast-global-header-display":"","ast-banner-title-visibility":"","ast-main-header-display":"","ast-hfb-above-header-display":"","ast-hfb-below-header-display":"","ast-hfb-mobile-header-display":"","site-post-title":"disabled","ast-breadcrumbs-content":"","ast-featured-img":"","footer-sml-layout":"","ast-disable-related-posts":"","theme-transparent-header-meta":"","adv-header-id-meta":"","stick-header-meta":"","header-above-stick-meta":"","header-main-stick-meta":"","header-below-stick-meta":"","astra-migrate-meta-layouts":"set","ast-page-background-enabled":"default","ast-page-background-meta":{"desktop":{"background-color":"","background-image":"","background-repeat":"repeat","background-position":"center center","background-size":"auto","background-attachment":"scroll","background-type":"","background-media":"","overlay-type":"","overlay-color":"","overlay-opacity":"","overlay-gradient":""},"tablet":{"background-color":"","background-image":"","background-repeat":"repeat","background-position":"center center","background-size":"auto","background-attachment":"scroll","background-type":"","background-media":"","overlay-type":"","overlay-color":"","overlay-opacity":"","overlay-gradient":""},"mobile":{"background-color":"","background-image":"","background-repeat":"repeat","background-position":"center center","background-size":"auto","background-attachment":"scroll","background-type":"","background-media":"","overlay-type":"","overlay-color":"","overlay-opacity":"","overlay-gradient":""}},"ast-content-background-meta":{"desktop":{"background-color":"var(--ast-global-color-5)","background-image":"","background-repeat":"repeat","background-position":"center center","background-size":"auto","background-attachment":"scroll","background-type":"","background-media":"","overlay-type":"","overlay-color":"","overlay-opacity":"","overlay-gradient":""},"tablet":{"background-color":"var(--ast-global-color-5)","background-image":"","background-repeat":"repeat","background-position":"center center","background-size":"auto","background-attachment":"scroll","background-type":"","background-media":"","overlay-type":"","overlay-color":"","overlay-opacity":"","overlay-gradient":""},"mobile":{"background-color":"var(--ast-global-color-5)","background-image":"","background-repeat":"repeat","background-position":"center center","background-size":"auto","background-attachment":"scroll","background-type":"","background-media":"","overlay-type":"","overlay-color":"","overlay-opacity":"","overlay-gradient":""}},"footnotes":""},"class_list":["post-4854","page","type-page","status-publish","hentry"],"aioseo_notices":[],"uagb_featured_image_src":{"full":false,"thumbnail":false,"medium":false,"medium_large":false,"large":false,"1536x1536":false,"2048x2048":false,"page-small":false,"woocommerce_thumbnail":false,"woocommerce_single":false,"woocommerce_gallery_thumbnail":false,"lws_wr_thumbnail":false,"lws_wr_thumbnail_small":false},"uagb_author_info":{"display_name":"Marta Zawisza","author_link":"https:\/\/e-polish.eu\/sklep\/blog\/author\/mzawisza\/"},"uagb_comment_info":0,"uagb_excerpt":"Outlet Nasze ksi\u0105\u017cki w atrakcyjnych cenach! Skorzystajz wyj\u0105tkowych okazji na ksi\u0105\u017cki outletowe! Oferujemy sprzeda\u017c lekko uszkodzonych ksi\u0105\u017cek naszego wydawnictwa z\u00a050% [&hellip;]","_links":{"self":[{"href":"https:\/\/e-polish.eu\/sklep\/wp-json\/wp\/v2\/pages\/4854","targetHints":{"allow":["GET"]}}],"collection":[{"href":"https:\/\/e-polish.eu\/sklep\/wp-json\/wp\/v2\/pages"}],"about":[{"href":"https:\/\/e-polish.eu\/sklep\/wp-json\/wp\/v2\/types\/page"}],"author":[{"embeddable":true,"href":"https:\/\/e-polish.eu\/sklep\/wp-json\/wp\/v2\/users\/2"}],"replies":[{"embeddable":true,"href":"https:\/\/e-polish.eu\/sklep\/wp-json\/wp\/v2\/comments?post=4854"}],"version-history":[{"count":0,"href":"https:\/\/e-polish.eu\/sklep\/wp-json\/wp\/v2\/pages\/4854\/revisions"}],"wp:attachment":[{"href":"https:\/\/e-polish.eu\/sklep\/wp-json\/wp\/v2\/media?parent=4854"}],"curies":[{"name":"wp","href":"https:\/\/api.w.org\/{rel}","templated":true}]}}