{"id":4914,"date":"2024-08-09T12:38:32","date_gmt":"2024-08-09T10:38:32","guid":{"rendered":"https:\/\/e-polish.eu\/sklep\/?page_id=4914"},"modified":"2024-09-23T19:03:06","modified_gmt":"2024-09-23T17:03:06","slug":"czas-i-koszty-dostawy","status":"publish","type":"page","link":"https:\/\/e-polish.eu\/sklep\/czas-i-koszty-dostawy\/","title":{"rendered":"Czas i koszty dostawy"},"content":{"rendered":"\n<h1 class=\"wp-block-heading has-ast-global-color-0-color has-text-color has-link-color wp-elements-f2c15159ec696702b7a91dca1f67626f\" style=\"font-size:45px\">Czas i koszty dostawy<\/h1>\n\n\n\n<div style=\"height:50px\" aria-hidden=\"true\" class=\"wp-block-spacer\"><\/div>\n\n\n\n<h4 class=\"wp-block-heading\">Czas dostawy<\/h4>\n\n\n\n<p class=\"justify-text\">Zam\u00f3wienia realizujemy w ci\u0105gu 1-2 dni roboczych od momentu z\u0142o\u017cenia.<\/p>\n\n\n\n<p class=\"justify-text\">W Polsce dostawa trwa 1-2 dni robocze.<\/p>\n\n\n\n<p class=\"justify-text\">Dla przesy\u0142ek zagranicznych czas dostawy r\u00f3\u017cni si\u0119 w zale\u017cno\u015bci od lokalizacji i wybranej opcji wysy\u0142ki.<\/p>\n\n\n\n<h4 class=\"wp-block-heading\" style=\"padding-top:0;padding-bottom:0\">Koszt dostawy<\/h4>\n\n\n\n<p class=\"justify-text\">Koszt dostawy jest zale\u017cny od wagi i rozmiaru paczki oraz wybranej metody wysy\u0142ki.<\/p>\n\n\n\n<p class=\"justify-text\">Obowi\u0105zuje darmowa dostawa na terenie Polski dla zam\u00f3wie\u0144 od 500 PLN.<\/p>\n\n\n\n<p class=\"justify-text\">Szczeg\u00f3\u0142owe informacje na temat koszt\u00f3w dostawy pojawi\u0105 si\u0119 podczas finalizacji zam\u00f3wienia.<\/p>\n\n\n\n<h4 class=\"wp-block-heading\" style=\"padding-top:0;padding-bottom:0\">Nietypowe zapytania<\/h4>\n\n\n\n<p class=\"justify-text\">W przypadku nietypowych zapyta\u0144 lub specjalnych potrzeb dotycz\u0105cych dostawy, zapraszamy do kontaktu pod adresem: <a>ksiegarnia@glossa.pl<\/a>.<\/p>\n\n\n\n<h4 class=\"wp-block-heading\" style=\"padding-top:0\">Dostawa na ca\u0142y \u015bwiat<\/h4>\n\n\n\n<p class=\"justify-text\">Zawsze robimy co w naszej mocy, aby nasze ksi\u0105\u017cki dociera\u0142y nawet w najbardziej oddalone zak\u0105tki globu.<\/p>\n\n\n\n<h4 class=\"wp-block-heading\" style=\"padding-top:0\">\u015aledzenie przesy\u0142ki<\/h4>\n\n\n\n<p class=\"justify-text\">Po wys\u0142aniu zam\u00f3wienia, otrzymasz numer \u015bledzenia, dzi\u0119ki kt\u00f3remu mo\u017cesz monitorowa\u0107 status swojej paczki.<\/p>\n","protected":false},"excerpt":{"rendered":"<p>Czas i koszty dostawy Czas dostawy Zam\u00f3wienia realizujemy w ci\u0105gu 1-2 dni roboczych od momentu z\u0142o\u017cenia. W Polsce dostawa trwa [&hellip;]<\/p>\n","protected":false},"author":2,"featured_media":0,"parent":0,"menu_order":0,"comment_status":"closed","ping_status":"closed","template":"","meta":{"_uag_custom_page_level_css":"","site-sidebar-layout":"default","site-content-layout":"","ast-site-content-layout":"default","site-content-style":"default","site-sidebar-style":"default","ast-global-header-display":"","ast-banner-title-visibility":"","ast-main-header-display":"","ast-hfb-above-header-display":"","ast-hfb-below-header-display":"","ast-hfb-mobile-header-display":"","site-post-title":"disabled","ast-breadcrumbs-content":"","ast-featured-img":"","footer-sml-layout":"","ast-disable-related-posts":"","theme-transparent-header-meta":"","adv-header-id-meta":"","stick-header-meta":"","header-above-stick-meta":"","header-main-stick-meta":"","header-below-stick-meta":"","astra-migrate-meta-layouts":"set","ast-page-background-enabled":"default","ast-page-background-meta":{"desktop":{"background-color":"","background-image":"","background-repeat":"repeat","background-position":"center center","background-size":"auto","background-attachment":"scroll","background-type":"","background-media":"","overlay-type":"","overlay-color":"","overlay-opacity":"","overlay-gradient":""},"tablet":{"background-color":"","background-image":"","background-repeat":"repeat","background-position":"center center","background-size":"auto","background-attachment":"scroll","background-type":"","background-media":"","overlay-type":"","overlay-color":"","overlay-opacity":"","overlay-gradient":""},"mobile":{"background-color":"","background-image":"","background-repeat":"repeat","background-position":"center center","background-size":"auto","background-attachment":"scroll","background-type":"","background-media":"","overlay-type":"","overlay-color":"","overlay-opacity":"","overlay-gradient":""}},"ast-content-background-meta":{"desktop":{"background-color":"var(--ast-global-color-5)","background-image":"","background-repeat":"repeat","background-position":"center center","background-size":"auto","background-attachment":"scroll","background-type":"","background-media":"","overlay-type":"","overlay-color":"","overlay-opacity":"","overlay-gradient":""},"tablet":{"background-color":"var(--ast-global-color-5)","background-image":"","background-repeat":"repeat","background-position":"center center","background-size":"auto","background-attachment":"scroll","background-type":"","background-media":"","overlay-type":"","overlay-color":"","overlay-opacity":"","overlay-gradient":""},"mobile":{"background-color":"var(--ast-global-color-5)","background-image":"","background-repeat":"repeat","background-position":"center center","background-size":"auto","background-attachment":"scroll","background-type":"","background-media":"","overlay-type":"","overlay-color":"","overlay-opacity":"","overlay-gradient":""}},"footnotes":""},"class_list":["post-4914","page","type-page","status-publish","hentry"],"aioseo_notices":[],"uagb_featured_image_src":{"full":false,"thumbnail":false,"medium":false,"medium_large":false,"large":false,"1536x1536":false,"2048x2048":false,"page-small":false,"woocommerce_thumbnail":false,"woocommerce_single":false,"woocommerce_gallery_thumbnail":false,"lws_wr_thumbnail":false,"lws_wr_thumbnail_small":false},"uagb_author_info":{"display_name":"Marta Zawisza","author_link":"https:\/\/e-polish.eu\/sklep\/blog\/author\/mzawisza\/"},"uagb_comment_info":0,"uagb_excerpt":"Czas i koszty dostawy Czas dostawy Zam\u00f3wienia realizujemy w ci\u0105gu 1-2 dni roboczych od momentu z\u0142o\u017cenia. W Polsce dostawa trwa [&hellip;]","_links":{"self":[{"href":"https:\/\/e-polish.eu\/sklep\/wp-json\/wp\/v2\/pages\/4914","targetHints":{"allow":["GET"]}}],"collection":[{"href":"https:\/\/e-polish.eu\/sklep\/wp-json\/wp\/v2\/pages"}],"about":[{"href":"https:\/\/e-polish.eu\/sklep\/wp-json\/wp\/v2\/types\/page"}],"author":[{"embeddable":true,"href":"https:\/\/e-polish.eu\/sklep\/wp-json\/wp\/v2\/users\/2"}],"replies":[{"embeddable":true,"href":"https:\/\/e-polish.eu\/sklep\/wp-json\/wp\/v2\/comments?post=4914"}],"version-history":[{"count":0,"href":"https:\/\/e-polish.eu\/sklep\/wp-json\/wp\/v2\/pages\/4914\/revisions"}],"wp:attachment":[{"href":"https:\/\/e-polish.eu\/sklep\/wp-json\/wp\/v2\/media?parent=4914"}],"curies":[{"name":"wp","href":"https:\/\/api.w.org\/{rel}","templated":true}]}}