{"id":5858,"date":"2024-09-08T23:41:41","date_gmt":"2024-09-08T21:41:41","guid":{"rendered":"https:\/\/e-polish.eu\/sklep?page_id=5858"},"modified":"2024-10-01T16:17:18","modified_gmt":"2024-10-01T14:17:18","slug":"dolacz-do-nas","status":"publish","type":"page","link":"https:\/\/e-polish.eu\/sklep\/dolacz-do-nas\/","title":{"rendered":"Do\u0142\u0105cz do nas"},"content":{"rendered":"\n<h1 class=\"wp-block-heading has-ast-global-color-0-color has-text-color has-link-color wp-elements-ece885db7dbf9aa364605434a622aee1\" style=\"font-size:45px\">Do\u0142\u0105cz do nas<\/h1>\n\n\n\n<div style=\"height:50px\" aria-hidden=\"true\" class=\"wp-block-spacer\"><\/div>\n\n\n\n<p class=\"justify-text\">Chcesz dzieli\u0107 si\u0119 swoj\u0105 pasj\u0105 do nauczania j\u0119zyka polskiego obcokrajowc\u00f3w? Masz g\u0142ow\u0119 pe\u0142n\u0105 pomys\u0142\u00f3w, i wiesz, jak mo\u017cna wzbogaci\u0107 serie podr\u0119cznik\u00f3w POLSKI krok po kroku? Je\u015bli tak, mamy dla Ciebie wyj\u0105tkow\u0105 okazj\u0119. Chcemy zaprosi\u0107 Ci\u0119 do wsp\u00f3\u0142pracy, aby razem tworzy\u0107 nowe pomoce do nauczania j\u0119zyka polskiego jako obcego.&nbsp;<\/p>\n\n\n\n<h4 class=\"wp-block-heading\">Co oferujemy?<\/h4>\n\n\n\n<p class=\"justify-text\">Wsparcie redakcyjne &#8211; nasz do\u015bwiadczony zesp\u00f3\u0142 pomo\u017ce Ci w dopracowaniu tre\u015bci, aby spe\u0142nia\u0142y najwy\u017csze standardy nauczania;<\/p>\n\n\n\n<p class=\"justify-text\">Profesjonalne wydanie &#8211; Twoje materia\u0142y mog\u0105 zosta\u0107 wydane w formie e-coursebook\u00f3w dost\u0119pnych na platformie e-polish.eu lub jako ksi\u0105\u017cki tradycyjne;<\/p>\n\n\n\n<p class=\"justify-text\">Promocj\u0119 i dystrybucj\u0119 &#8211; dzi\u0119ki naszym sprawdzonym kana\u0142om,Twoje publikacje maj\u0105 szans\u0119 szybko dotrze\u0107 do uczni\u00f3w i nauczycieli na ca\u0142ym \u015bwiecie!<\/p>\n\n\n\n<h4 class=\"wp-block-heading\">Jak do\u0142\u0105czy\u0107?<\/h4>\n\n\n\n<p class=\"justify-text\">Prze\u015blij nam pr\u00f3bki swoich materia\u0142\u00f3w, a nasz zesp\u00f3\u0142 redakcyjny dok\u0142adnie je przeanalizuje i skontaktuje si\u0119 z Tob\u0105, aby om\u00f3wi\u0107 mo\u017cliwo\u015bci wsp\u00f3\u0142pracy.<\/p>\n\n\n\n<p class=\"justify-text\">Wa\u017cne, aby przes\u0142ane tre\u015bci&nbsp; by\u0142y zgodne z nasz\u0105 misj\u0105 i wpisywa\u0142y si\u0119 w pozosta\u0142e publikacje &nbsp; naszego wydawnictwa. Nie zwlekaj &#8211; Twoje pomys\u0142y mog\u0105 sta\u0107 si\u0119 cz\u0119\u015bci\u0105 wydawnictwa GLOSSA, inspiruj\u0105c do nauki polskiego uczni\u00f3w i nauczycieli na ca\u0142ym \u015bwiecie.<\/p>\n\n\n\n<p><em>Zesp\u00f3\u0142 Wydawnictwa GLOSSA<\/em><\/p>\n","protected":false},"excerpt":{"rendered":"<p>Do\u0142\u0105cz do nas Chcesz dzieli\u0107 si\u0119 swoj\u0105 pasj\u0105 do nauczania j\u0119zyka polskiego obcokrajowc\u00f3w? Masz g\u0142ow\u0119 pe\u0142n\u0105 pomys\u0142\u00f3w, i wiesz, jak [&hellip;]<\/p>\n","protected":false},"author":2,"featured_media":0,"parent":0,"menu_order":0,"comment_status":"closed","ping_status":"closed","template":"","meta":{"_uag_custom_page_level_css":"","site-sidebar-layout":"default","site-content-layout":"","ast-site-content-layout":"default","site-content-style":"default","site-sidebar-style":"default","ast-global-header-display":"","ast-banner-title-visibility":"","ast-main-header-display":"","ast-hfb-above-header-display":"","ast-hfb-below-header-display":"","ast-hfb-mobile-header-display":"","site-post-title":"disabled","ast-breadcrumbs-content":"","ast-featured-img":"","footer-sml-layout":"","ast-disable-related-posts":"","theme-transparent-header-meta":"","adv-header-id-meta":"","stick-header-meta":"","header-above-stick-meta":"","header-main-stick-meta":"","header-below-stick-meta":"","astra-migrate-meta-layouts":"set","ast-page-background-enabled":"default","ast-page-background-meta":{"desktop":{"background-color":"","background-image":"","background-repeat":"repeat","background-position":"center center","background-size":"auto","background-attachment":"scroll","background-type":"","background-media":"","overlay-type":"","overlay-color":"","overlay-opacity":"","overlay-gradient":""},"tablet":{"background-color":"","background-image":"","background-repeat":"repeat","background-position":"center center","background-size":"auto","background-attachment":"scroll","background-type":"","background-media":"","overlay-type":"","overlay-color":"","overlay-opacity":"","overlay-gradient":""},"mobile":{"background-color":"","background-image":"","background-repeat":"repeat","background-position":"center center","background-size":"auto","background-attachment":"scroll","background-type":"","background-media":"","overlay-type":"","overlay-color":"","overlay-opacity":"","overlay-gradient":""}},"ast-content-background-meta":{"desktop":{"background-color":"var(--ast-global-color-5)","background-image":"","background-repeat":"repeat","background-position":"center center","background-size":"auto","background-attachment":"scroll","background-type":"","background-media":"","overlay-type":"","overlay-color":"","overlay-opacity":"","overlay-gradient":""},"tablet":{"background-color":"var(--ast-global-color-5)","background-image":"","background-repeat":"repeat","background-position":"center center","background-size":"auto","background-attachment":"scroll","background-type":"","background-media":"","overlay-type":"","overlay-color":"","overlay-opacity":"","overlay-gradient":""},"mobile":{"background-color":"var(--ast-global-color-5)","background-image":"","background-repeat":"repeat","background-position":"center center","background-size":"auto","background-attachment":"scroll","background-type":"","background-media":"","overlay-type":"","overlay-color":"","overlay-opacity":"","overlay-gradient":""}},"footnotes":""},"class_list":["post-5858","page","type-page","status-publish","hentry"],"aioseo_notices":[],"uagb_featured_image_src":{"full":false,"thumbnail":false,"medium":false,"medium_large":false,"large":false,"1536x1536":false,"2048x2048":false,"page-small":false,"woocommerce_thumbnail":false,"woocommerce_single":false,"woocommerce_gallery_thumbnail":false,"lws_wr_thumbnail":false,"lws_wr_thumbnail_small":false},"uagb_author_info":{"display_name":"Marta Zawisza","author_link":"https:\/\/e-polish.eu\/sklep\/blog\/author\/mzawisza\/"},"uagb_comment_info":0,"uagb_excerpt":"Do\u0142\u0105cz do nas Chcesz dzieli\u0107 si\u0119 swoj\u0105 pasj\u0105 do nauczania j\u0119zyka polskiego obcokrajowc\u00f3w? Masz g\u0142ow\u0119 pe\u0142n\u0105 pomys\u0142\u00f3w, i wiesz, jak [&hellip;]","_links":{"self":[{"href":"https:\/\/e-polish.eu\/sklep\/wp-json\/wp\/v2\/pages\/5858","targetHints":{"allow":["GET"]}}],"collection":[{"href":"https:\/\/e-polish.eu\/sklep\/wp-json\/wp\/v2\/pages"}],"about":[{"href":"https:\/\/e-polish.eu\/sklep\/wp-json\/wp\/v2\/types\/page"}],"author":[{"embeddable":true,"href":"https:\/\/e-polish.eu\/sklep\/wp-json\/wp\/v2\/users\/2"}],"replies":[{"embeddable":true,"href":"https:\/\/e-polish.eu\/sklep\/wp-json\/wp\/v2\/comments?post=5858"}],"version-history":[{"count":0,"href":"https:\/\/e-polish.eu\/sklep\/wp-json\/wp\/v2\/pages\/5858\/revisions"}],"wp:attachment":[{"href":"https:\/\/e-polish.eu\/sklep\/wp-json\/wp\/v2\/media?parent=5858"}],"curies":[{"name":"wp","href":"https:\/\/api.w.org\/{rel}","templated":true}]}}