{"id":10747,"date":"2025-05-06T13:33:04","date_gmt":"2025-05-06T11:33:04","guid":{"rendered":"https:\/\/e-polish.eu\/sklepproduct\/kurs-metodyczny-dla-poczatkujacych-nauczycieli-jezyka-polskiego-jako-obcego-czesc-1-3\/"},"modified":"2025-10-27T08:19:44","modified_gmt":"2025-10-27T07:19:44","slug":"kurs-metodyczny-dla-poczatkujacych-nauczycieli-jezyka-polskiego-jako-obcego-czesc-1-3","status":"publish","type":"product","link":"https:\/\/e-polish.eu\/sklep\/en\/trainings\/kurs-metodyczny-dla-poczatkujacych-nauczycieli-jezyka-polskiego-jako-obcego-czesc-1-3\/","title":{"rendered":"Kurs metodyczny dla pocz\u0105tkuj\u0105cych nauczycieli j\u0119zyka polskiego jako obcego (cz\u0119\u015b\u0107 1)"},"content":{"rendered":"<p>Nauczycielu! Stawiasz czo\u0142a wyzwaniu, jakim jest nauczanie j\u0119zyka polskiego obcokrajowc\u00f3w? Z nami b\u0119dzie to \u0142atwiejsze, bo uczenie polskiego to nasza specjalno\u015b\u0107.<\/p>\n<p>Kurs &#8222;J\u0119zyk polski krok po kroku&#8221; jest dla Ciebie, je\u015bli:<\/p>\n<ul>\n<li>jeste\u015b polonist\u0105 lub nauczycielem innego przedmiotu i potrzebujesz wiedzy metodycznej z zakresu nauczania j\u0119zyka polskiego jako obcego;<\/li>\n<li>uczysz dzieci (powy\u017cej 9 roku \u017cycia), m\u0142odzie\u017c lub doros\u0142ych;<\/li>\n<li>marzysz o zostaniu lektorem j\u0119zyka polskiego;<\/li>\n<li>brakuje Ci praktycznej wiedzy, jak wprowadza\u0107 zagadnienia gramatyczne i leksykalne na lekcjach;<\/li>\n<li>dr\u017cysz na my\u015bl o tym, jakie pytania mog\u0105 zadawa\u0107 twoi uczniowie;<\/li>\n<li>gubisz si\u0119 w otch\u0142ani materia\u0142\u00f3w i potrzeb swoich uczni\u00f3w;<\/li>\n<li>nie wiesz od czego zacz\u0105\u0107 przygotowywanie lekcji.<\/li>\n<\/ul>\n<p>Zaufaj specjalistom &#8211; uczymy polskiego jako obcego od blisko 30 lat, pracujemy z osobami z ca\u0142ego \u015bwiata, na ka\u017cdym poziomie zaawansowania j\u0119zykowego i w r\u00f3\u017cnym wieku. Wydali\u015bmy wiele podr\u0119cznik\u00f3w i pomocy dydaktycznych oraz jeste\u015bmy tw\u00f3rcami najpopularniejszej platformy internetowej z zakresu uczenia si\u0119 i nauczania j\u0119zyka polskiego &#8211; e-polish.eu. Z nami uczenie b\u0119dzie proste!<\/p>\n<p>Zaj\u0119cia prowadzone s\u0105 online co wtorek (z wyj\u0105tkiem 11 listopada) w godzinach 19:00 do 20:30 (\u0142\u0105cznie 10x45min).<\/p>\n<h2>Opis kursu<\/h2>\n<p>Szkolenie metodyczne dla nauczycieli rozpoczynaj\u0105cych swoj\u0105 przygod\u0119 z nauk\u0105 j\u0119zyka polskiego jako obcego, przygotowane przez specjalist\u00f3w zajmuj\u0105cych si\u0119 od lat nauczaniem obcokrajowc\u00f3w oraz prowadzeniem warsztat\u00f3w dla nauczycieli.<\/p>\n<p>W programie szkolenia znajd\u0105 si\u0119 praktyczne porady, jak zacz\u0105\u0107 nauczanie i zaplanowa\u0107 kurs j\u0119zykowy na poziomie A1, wskaz\u00f3wki metodyczne, jak wprowadza\u0107 poszczeg\u00f3lne zagadnienia gramatyczne i leksykalne na poziomie podstawowym oraz zostanie zaprezentowany ca\u0142y szereg technik nauczania i \u0107wiczenia poszczeg\u00f3lnych sprawno\u015bci j\u0119zykowych.<\/p>\n<p>Obie lektorki prowadz\u0105ce szkolenie s\u0105 autorkami wielu gier i zada\u0144 j\u0119zykowych, dlatego na szkoleniu nie zabraknie ciekawych pomys\u0142\u00f3w na r\u00f3\u017cnorodne rozgrzewki oraz gry aktywizuj\u0105ce uczni\u00f3w, gry utrwalaj\u0105ce leksyk\u0119 czy u\u0142atwiaj\u0105ce automatyzacj\u0119 gramatyki oraz doskonal\u0105ce sprawno\u015b\u0107 komunikacji.<\/p>\n<p>Szkolenie b\u0119dzie prowadzone w oparciu o popularn\u0105 seri\u0119 podr\u0119cznik\u00f3w POLSKI krok po kroku, materia\u0142y dost\u0119pne na platformie e-polish.eu oraz autorskie pomys\u0142y obu prowadz\u0105cych. Zostan\u0105 zaprezentowane materia\u0142y zar\u00f3wno w tradycyjnej papierowej formie, jak i interaktywne materia\u0142y online.<\/p>\n<p>Szkolenie b\u0119dzie si\u0119 odbywa\u0107 w kameralnej grupie (max 30 os\u00f3b), przed rozpocz\u0119ciem warsztat\u00f3w ka\u017cdy uczestnik wype\u0142ni ankiet\u0119, kt\u00f3ra pozwoli wcze\u015bniej pozna\u0107 jego profil nauczyciela.<\/p>\n<p>Mo\u017cna realizowa\u0107 tylko wybrane cz\u0119\u015bci kursu lub bra\u0107 w nich udzia\u0142 w dowolnej kolejno\u015bci. Osobom zainteresowanym ca\u0142o\u015bci\u0105 sugerujemy jednak uko\u0144czenie wszystkich cz\u0119\u015bci po kolei.<\/p>\n<h2>Program kursu<\/h2>\n<h3>1. PIERWSZA LEKCJA (Iwona Stempek) 14.10.2025<\/h3>\n<ul>\n<li>planowanie kursu j\u0119zyka polskiego jako obcego<\/li>\n<li>prezentacja i podstawowe zwroty<\/li>\n<li>dwa s\u0142owa o fonetyce<\/li>\n<li>jak uczy\u0107 tylko po polsku?<\/li>\n<\/ul>\n<h3>2. WOK\u00d3\u0141 RZECZOWNIKA (Iwona Stempek) 21.10.2025<\/h3>\n<ul>\n<li>leksyka na weso\u0142o<\/li>\n<li>rzeczy wok\u00f3\u0142 nas i podstawowe przymiotniki<\/li>\n<li>podzia\u0142 na rodzaje<\/li>\n<li>mianownik l. poj.<\/li>\n<\/ul>\n<h3>3. WOK\u00d3\u0141 CZASOWNIKA (Paulina Kuc) 28.10.2025<\/h3>\n<ul>\n<li>liczebnik na rozgrzewk\u0119<\/li>\n<li>jak uczy\u0107 koniugacji?<\/li>\n<li>zabawy z czasownikiem<\/li>\n<\/ul>\n<h3>4. NARZ\u0118DNIK (Paulina Kuc) 04.11.2025<\/h3>\n<ul>\n<li>aktor czy kucharz \u2013 zawody po polsku<\/li>\n<li>wprowadzamy narz\u0119dnik<\/li>\n<li>deklinacja w praktyce<\/li>\n<\/ul>\n<h3>5. CO LUBISZ JE\u015a\u0106 &#8211; BIERNIK W PRAKTYCE (Iwona Stempek) 18.11.2025<\/h3>\n<ul>\n<li>uniwersalne pomys\u0142y na leksyk\u0119<\/li>\n<li>wprowadzamy biernik<\/li>\n<li>sposoby na utrwalanie nowych zagadnie\u0144<\/li>\n<\/ul>\n","protected":false},"excerpt":{"rendered":"<p><strong>Prowadz\u0105cy:<\/strong> Iwona Stempek | Paulina Kuc<br \/>\n<strong>Miejsce:<\/strong> (online)<br \/>\n<strong>Grupa:<\/strong> do 30 os\u00f3b<br \/>\n<strong>Date:<\/strong> from 2025-10-14 to 2025-11-18<br \/>\n<strong>Time:<\/strong> 19:00\u201320:30 (CEST\/Europa\/Warszawa)<\/p>\n","protected":false},"featured_media":11199,"comment_status":"open","ping_status":"closed","template":"","meta":{"_uag_custom_page_level_css":"","site-sidebar-layout":"default","site-content-layout":"","ast-site-content-layout":"default","site-content-style":"default","site-sidebar-style":"default","ast-global-header-display":"","ast-banner-title-visibility":"","ast-main-header-display":"","ast-hfb-above-header-display":"","ast-hfb-below-header-display":"","ast-hfb-mobile-header-display":"","site-post-title":"","ast-breadcrumbs-content":"","ast-featured-img":"","footer-sml-layout":"","ast-disable-related-posts":"","theme-transparent-header-meta":"default","adv-header-id-meta":"","stick-header-meta":"default","header-above-stick-meta":"","header-main-stick-meta":"","header-below-stick-meta":"","astra-migrate-meta-layouts":"set","ast-page-background-enabled":"default","ast-page-background-meta":{"desktop":{"background-color":"","background-image":"","background-repeat":"repeat","background-position":"center center","background-size":"auto","background-attachment":"scroll","background-type":"","background-media":"","overlay-type":"","overlay-color":"","overlay-opacity":"","overlay-gradient":""},"tablet":{"background-color":"","background-image":"","background-repeat":"repeat","background-position":"center center","background-size":"auto","background-attachment":"scroll","background-type":"","background-media":"","overlay-type":"","overlay-color":"","overlay-opacity":"","overlay-gradient":""},"mobile":{"background-color":"","background-image":"","background-repeat":"repeat","background-position":"center center","background-size":"auto","background-attachment":"scroll","background-type":"","background-media":"","overlay-type":"","overlay-color":"","overlay-opacity":"","overlay-gradient":""}},"ast-content-background-meta":{"desktop":{"background-color":"var(--ast-global-color-5)","background-image":"","background-repeat":"repeat","background-position":"center center","background-size":"auto","background-attachment":"scroll","background-type":"","background-media":"","overlay-type":"","overlay-color":"","overlay-opacity":"","overlay-gradient":""},"tablet":{"background-color":"var(--ast-global-color-5)","background-image":"","background-repeat":"repeat","background-position":"center center","background-size":"auto","background-attachment":"scroll","background-type":"","background-media":"","overlay-type":"","overlay-color":"","overlay-opacity":"","overlay-gradient":""},"mobile":{"background-color":"var(--ast-global-color-5)","background-image":"","background-repeat":"repeat","background-position":"center center","background-size":"auto","background-attachment":"scroll","background-type":"","background-media":"","overlay-type":"","overlay-color":"","overlay-opacity":"","overlay-gradient":""}}},"product_brand":[],"product_cat":[114,1582],"product_tag":[],"class_list":{"0":"post-10747","1":"product","2":"type-product","3":"status-publish","4":"has-post-thumbnail","6":"product_cat-all-products","7":"product_cat-trainings","8":"desktop-align-center","9":"tablet-align-left","10":"mobile-align-left","11":"ast-product-gallery-layout-horizontal-slider","12":"ast-product-gallery-with-no-image","13":"ast-product-tabs-layout-horizontal","15":"first","16":"outofstock","17":"virtual","18":"sold-individually","19":"taxable","20":"purchasable","21":"product-type-simple"},"aioseo_notices":[],"uagb_featured_image_src":{"full":["https:\/\/e-polish.eu\/sklep\/wp-content\/uploads\/shop-items\/km001-kurs_metodyczny_dla_poczatkujacych_nauczycieli_jezyka_polskiego_jako_obcego_czesc_1.png",300,425,false],"thumbnail":["https:\/\/e-polish.eu\/sklep\/wp-content\/uploads\/shop-items\/km001-kurs_metodyczny_dla_poczatkujacych_nauczycieli_jezyka_polskiego_jako_obcego_czesc_1.png",106,150,false],"medium":["https:\/\/e-polish.eu\/sklep\/wp-content\/uploads\/shop-items\/km001-kurs_metodyczny_dla_poczatkujacych_nauczycieli_jezyka_polskiego_jako_obcego_czesc_1.png",212,300,false],"medium_large":["https:\/\/e-polish.eu\/sklep\/wp-content\/uploads\/shop-items\/km001-kurs_metodyczny_dla_poczatkujacych_nauczycieli_jezyka_polskiego_jako_obcego_czesc_1.png",300,425,false],"large":["https:\/\/e-polish.eu\/sklep\/wp-content\/uploads\/shop-items\/km001-kurs_metodyczny_dla_poczatkujacych_nauczycieli_jezyka_polskiego_jako_obcego_czesc_1.png",300,425,false],"1536x1536":["https:\/\/e-polish.eu\/sklep\/wp-content\/uploads\/shop-items\/km001-kurs_metodyczny_dla_poczatkujacych_nauczycieli_jezyka_polskiego_jako_obcego_czesc_1.png",300,425,false],"2048x2048":["https:\/\/e-polish.eu\/sklep\/wp-content\/uploads\/shop-items\/km001-kurs_metodyczny_dla_poczatkujacych_nauczycieli_jezyka_polskiego_jako_obcego_czesc_1.png",300,425,false],"page-small":["https:\/\/e-polish.eu\/sklep\/wp-content\/uploads\/shop-items\/km001-kurs_metodyczny_dla_poczatkujacych_nauczycieli_jezyka_polskiego_jako_obcego_czesc_1.png",210,297,false],"woocommerce_thumbnail":["https:\/\/e-polish.eu\/sklep\/wp-content\/uploads\/shop-items\/km001-kurs_metodyczny_dla_poczatkujacych_nauczycieli_jezyka_polskiego_jako_obcego_czesc_1.png",300,425,false],"woocommerce_single":["https:\/\/e-polish.eu\/sklep\/wp-content\/uploads\/shop-items\/km001-kurs_metodyczny_dla_poczatkujacych_nauczycieli_jezyka_polskiego_jako_obcego_czesc_1.png",300,425,false],"woocommerce_gallery_thumbnail":["https:\/\/e-polish.eu\/sklep\/wp-content\/uploads\/shop-items\/km001-kurs_metodyczny_dla_poczatkujacych_nauczycieli_jezyka_polskiego_jako_obcego_czesc_1-100x100.png",100,100,true],"lws_wr_thumbnail":["https:\/\/e-polish.eu\/sklep\/wp-content\/uploads\/shop-items\/km001-kurs_metodyczny_dla_poczatkujacych_nauczycieli_jezyka_polskiego_jako_obcego_czesc_1.png",68,96,false],"lws_wr_thumbnail_small":["https:\/\/e-polish.eu\/sklep\/wp-content\/uploads\/shop-items\/km001-kurs_metodyczny_dla_poczatkujacych_nauczycieli_jezyka_polskiego_jako_obcego_czesc_1.png",30,42,false]},"uagb_author_info":{"display_name":"Marta Zawisza","author_link":"https:\/\/e-polish.eu\/sklep\/blog\/author\/"},"uagb_comment_info":4,"uagb_excerpt":"Prowadz\u0105cy: Iwona Stempek | Paulina Kuc Miejsce: (online) Grupa: do 30 os\u00f3b Date: from 2025-10-14 to 2025-11-18 Time: 19:00\u201320:30 (CEST\/Europa\/Warszawa)","_links":{"self":[{"href":"https:\/\/e-polish.eu\/sklep\/wp-json\/wp\/v2\/product\/10747","targetHints":{"allow":["GET"]}}],"collection":[{"href":"https:\/\/e-polish.eu\/sklep\/wp-json\/wp\/v2\/product"}],"about":[{"href":"https:\/\/e-polish.eu\/sklep\/wp-json\/wp\/v2\/types\/product"}],"replies":[{"embeddable":true,"href":"https:\/\/e-polish.eu\/sklep\/wp-json\/wp\/v2\/comments?post=10747"}],"wp:featuredmedia":[{"embeddable":true,"href":"https:\/\/e-polish.eu\/sklep\/wp-json\/wp\/v2\/media\/11199"}],"wp:attachment":[{"href":"https:\/\/e-polish.eu\/sklep\/wp-json\/wp\/v2\/media?parent=10747"}],"wp:term":[{"taxonomy":"product_brand","embeddable":true,"href":"https:\/\/e-polish.eu\/sklep\/wp-json\/wp\/v2\/product_brand?post=10747"},{"taxonomy":"product_cat","embeddable":true,"href":"https:\/\/e-polish.eu\/sklep\/wp-json\/wp\/v2\/product_cat?post=10747"},{"taxonomy":"product_tag","embeddable":true,"href":"https:\/\/e-polish.eu\/sklep\/wp-json\/wp\/v2\/product_tag?post=10747"}],"curies":[{"name":"wp","href":"https:\/\/api.w.org\/{rel}","templated":true}]}}