{"id":10792,"date":"2025-05-09T12:06:39","date_gmt":"2025-05-09T10:06:39","guid":{"rendered":"https:\/\/e-polish.eu\/sklepproduct\/webinarium-metodyczne-6\/"},"modified":"2025-11-28T08:02:16","modified_gmt":"2025-11-28T07:02:16","slug":"zdalnie-czy-w-klasie-z-pomyslem-i-na-czasie-webinarium-metodyczne","status":"publish","type":"product","link":"https:\/\/e-polish.eu\/sklep\/szkolenia\/zdalnie-czy-w-klasie-z-pomyslem-i-na-czasie-webinarium-metodyczne\/","title":{"rendered":"Zdalnie czy w klasie \u2013 z pomys\u0142em i na czasie"},"content":{"rendered":"<p><span style=\"font-weight: 400;\">Szukasz \u015bwie\u017cych pomys\u0142\u00f3w na anga\u017cuj\u0105ce lekcje, kt\u00f3re wykorzystasz zar\u00f3wno w klasie, jak i podczas zaj\u0119\u0107 online? Chcesz, \u017ceby twoje lekcje by\u0142y dynamiczne, ciekawe i dostosowane do wsp\u00f3\u0142czesnych reali\u00f3w?<\/span><\/p>\n<p><span style=\"font-weight: 400;\">W trakcie webinarium poznasz zestaw sprawdzonych aktywno\u015bci, kt\u00f3re \u0142atwo dopasujesz do ka\u017cdej formy pracy \u2013 stacjonarnej i zdalnej. Wzbogacisz sw\u00f3j warsztat o konkretne \u0107wiczenia, kt\u00f3re pobudzaj\u0105 uczni\u00f3w do dzia\u0142ania, niezale\u017cnie od poziomu zaawansowania. Dowiesz si\u0119, jak prostymi krokami przekszta\u0142ca\u0107 zadania klasowe w ich interaktywne wersje online, bez tracenia na jako\u015bci i efektywno\u015bci nauczania.<\/span><\/p>\n","protected":false},"excerpt":{"rendered":"<p><strong>Prowadz\u0105cy:<\/strong> Joanna Stanek<br \/><strong>Miejsce:<\/strong> (online)<br \/><strong>Data:<\/strong> 2025-11-27<br \/><strong>Godzina:<\/strong> 20:00\u201321:00 (CEST\/Europa\/Warszawa)<\/p>\n","protected":false},"featured_media":10790,"comment_status":"open","ping_status":"closed","template":"","meta":{"_uag_custom_page_level_css":"","site-sidebar-layout":"default","site-content-layout":"","ast-site-content-layout":"default","site-content-style":"default","site-sidebar-style":"default","ast-global-header-display":"","ast-banner-title-visibility":"","ast-main-header-display":"","ast-hfb-above-header-display":"","ast-hfb-below-header-display":"","ast-hfb-mobile-header-display":"","site-post-title":"","ast-breadcrumbs-content":"","ast-featured-img":"","footer-sml-layout":"","ast-disable-related-posts":"","theme-transparent-header-meta":"default","adv-header-id-meta":"","stick-header-meta":"default","header-above-stick-meta":"","header-main-stick-meta":"","header-below-stick-meta":"","astra-migrate-meta-layouts":"set","ast-page-background-enabled":"default","ast-page-background-meta":{"desktop":{"background-color":"","background-image":"","background-repeat":"repeat","background-position":"center center","background-size":"auto","background-attachment":"scroll","background-type":"","background-media":"","overlay-type":"","overlay-color":"","overlay-opacity":"","overlay-gradient":""},"tablet":{"background-color":"","background-image":"","background-repeat":"repeat","background-position":"center center","background-size":"auto","background-attachment":"scroll","background-type":"","background-media":"","overlay-type":"","overlay-color":"","overlay-opacity":"","overlay-gradient":""},"mobile":{"background-color":"","background-image":"","background-repeat":"repeat","background-position":"center center","background-size":"auto","background-attachment":"scroll","background-type":"","background-media":"","overlay-type":"","overlay-color":"","overlay-opacity":"","overlay-gradient":""}},"ast-content-background-meta":{"desktop":{"background-color":"var(--ast-global-color-5)","background-image":"","background-repeat":"repeat","background-position":"center center","background-size":"auto","background-attachment":"scroll","background-type":"","background-media":"","overlay-type":"","overlay-color":"","overlay-opacity":"","overlay-gradient":""},"tablet":{"background-color":"var(--ast-global-color-5)","background-image":"","background-repeat":"repeat","background-position":"center center","background-size":"auto","background-attachment":"scroll","background-type":"","background-media":"","overlay-type":"","overlay-color":"","overlay-opacity":"","overlay-gradient":""},"mobile":{"background-color":"var(--ast-global-color-5)","background-image":"","background-repeat":"repeat","background-position":"center center","background-size":"auto","background-attachment":"scroll","background-type":"","background-media":"","overlay-type":"","overlay-color":"","overlay-opacity":"","overlay-gradient":""}}},"product_brand":[],"product_cat":[1705,19],"product_tag":[],"class_list":{"0":"post-10792","1":"product","2":"type-product","3":"status-publish","4":"has-post-thumbnail","6":"product_cat-szkolenia","7":"product_cat-wszystkie-produkty","8":"desktop-align-center","9":"tablet-align-left","10":"mobile-align-left","11":"ast-product-gallery-layout-horizontal-slider","12":"ast-product-gallery-with-no-image","13":"ast-product-tabs-layout-horizontal","15":"first","16":"outofstock","17":"virtual","18":"sold-individually","19":"taxable","20":"purchasable","21":"product-type-simple"},"aioseo_notices":[],"uagb_featured_image_src":{"full":["https:\/\/e-polish.eu\/sklep\/wp-content\/uploads\/shop-items\/wm002-webinarium_metodyczne.png",450,638,false],"thumbnail":["https:\/\/e-polish.eu\/sklep\/wp-content\/uploads\/shop-items\/wm002-webinarium_metodyczne.png",106,150,false],"medium":["https:\/\/e-polish.eu\/sklep\/wp-content\/uploads\/shop-items\/wm002-webinarium_metodyczne.png",212,300,false],"medium_large":["https:\/\/e-polish.eu\/sklep\/wp-content\/uploads\/shop-items\/wm002-webinarium_metodyczne.png",450,638,false],"large":["https:\/\/e-polish.eu\/sklep\/wp-content\/uploads\/shop-items\/wm002-webinarium_metodyczne.png",450,638,false],"1536x1536":["https:\/\/e-polish.eu\/sklep\/wp-content\/uploads\/shop-items\/wm002-webinarium_metodyczne.png",450,638,false],"2048x2048":["https:\/\/e-polish.eu\/sklep\/wp-content\/uploads\/shop-items\/wm002-webinarium_metodyczne.png",450,638,false],"page-small":["https:\/\/e-polish.eu\/sklep\/wp-content\/uploads\/shop-items\/wm002-webinarium_metodyczne.png",210,297,false],"woocommerce_thumbnail":["https:\/\/e-polish.eu\/sklep\/wp-content\/uploads\/shop-items\/wm002-webinarium_metodyczne.png",300,425,false],"woocommerce_single":["https:\/\/e-polish.eu\/sklep\/wp-content\/uploads\/shop-items\/wm002-webinarium_metodyczne.png",300,425,false],"woocommerce_gallery_thumbnail":["https:\/\/e-polish.eu\/sklep\/wp-content\/uploads\/shop-items\/wm002-webinarium_metodyczne-100x100.png",100,100,true],"lws_wr_thumbnail":["https:\/\/e-polish.eu\/sklep\/wp-content\/uploads\/shop-items\/wm002-webinarium_metodyczne.png",68,96,false],"lws_wr_thumbnail_small":["https:\/\/e-polish.eu\/sklep\/wp-content\/uploads\/shop-items\/wm002-webinarium_metodyczne.png",30,42,false]},"uagb_author_info":{"display_name":"Marta Zawisza","author_link":"https:\/\/e-polish.eu\/sklep\/blog\/author\/"},"uagb_comment_info":0,"uagb_excerpt":"Prowadz\u0105cy: Joanna StanekMiejsce: (online)Data: 2025-11-27Godzina: 20:00\u201321:00 (CEST\/Europa\/Warszawa)","_links":{"self":[{"href":"https:\/\/e-polish.eu\/sklep\/wp-json\/wp\/v2\/product\/10792","targetHints":{"allow":["GET"]}}],"collection":[{"href":"https:\/\/e-polish.eu\/sklep\/wp-json\/wp\/v2\/product"}],"about":[{"href":"https:\/\/e-polish.eu\/sklep\/wp-json\/wp\/v2\/types\/product"}],"replies":[{"embeddable":true,"href":"https:\/\/e-polish.eu\/sklep\/wp-json\/wp\/v2\/comments?post=10792"}],"wp:featuredmedia":[{"embeddable":true,"href":"https:\/\/e-polish.eu\/sklep\/wp-json\/wp\/v2\/media\/10790"}],"wp:attachment":[{"href":"https:\/\/e-polish.eu\/sklep\/wp-json\/wp\/v2\/media?parent=10792"}],"wp:term":[{"taxonomy":"product_brand","embeddable":true,"href":"https:\/\/e-polish.eu\/sklep\/wp-json\/wp\/v2\/product_brand?post=10792"},{"taxonomy":"product_cat","embeddable":true,"href":"https:\/\/e-polish.eu\/sklep\/wp-json\/wp\/v2\/product_cat?post=10792"},{"taxonomy":"product_tag","embeddable":true,"href":"https:\/\/e-polish.eu\/sklep\/wp-json\/wp\/v2\/product_tag?post=10792"}],"curies":[{"name":"wp","href":"https:\/\/api.w.org\/{rel}","templated":true}]}}