{"id":11074,"date":"2025-06-12T17:15:51","date_gmt":"2025-06-12T15:15:51","guid":{"rendered":"https:\/\/e-polish.eu\/sklepproduct\/nie-tylko-online-jak-wykorzystac-e-polish-eu-podczas-lekcji-w-klasie\/"},"modified":"2026-04-07T15:52:03","modified_gmt":"2026-04-07T13:52:03","slug":"nie-tylko-online-jak-wykorzystac-e-polish-eu-podczas-lekcji-w-klasie-webinar","status":"publish","type":"product","link":"https:\/\/e-polish.eu\/sklep\/en\/trainings\/nie-tylko-online-jak-wykorzystac-e-polish-eu-podczas-lekcji-w-klasie-webinar\/","title":{"rendered":"Nie tylko online! Jak wykorzysta\u0107 e-polish.eu podczas lekcji w klasie"},"content":{"rendered":"<p>Cho\u0107 e-polish.eu kojarzona jest g\u0142\u00f3wnie z nauczaniem zdalnym, jej ogromny potencja\u0142 warto w pe\u0142ni wykorzysta\u0107 r\u00f3wnie\u017c podczas zaj\u0119\u0107 stacjonarnych. Podczas webinarium poka\u017cemy, jak nasza platforma mo\u017ce pom\u00f3c Ci w przygotowaniu i prowadzeniu tradycyjnej lekcji jpjo w klasie<\/p>\n<p>Podczas webinarium zaprezentujemy potencja\u0142 naszej platformy, czyli jak:<\/p>\n<ul>\n<li>przygotowa\u0107 atrakcyjne, interaktywne lekcje, kt\u00f3re anga\u017cuj\u0105 uczni\u00f3w i motywuj\u0105 ich do aktywnego udzia\u0142u,<\/li>\n<li>wykorzystywa\u0107 grywalizacj\u0119, by zwi\u0119kszy\u0107 efektywno\u015b\u0107 nauki i urozmaici\u0107 lekcje polskiego dla obcokrajowc\u00f3w,<\/li>\n<li>uporz\u0105dkowa\u0107 wszystkie materia\u0142y potrzebne na zaj\u0119cia \u2013 podr\u0119czniki, w\u0142asne \u0107wiczenia, multimedia, linki itp.<\/li>\n<li>zaplanowa\u0107 zaj\u0119cia z pomoc\u0105 harmonogramu,<\/li>\n<li>szybko przygotowywa\u0107 testy i zadania domowe, kt\u00f3re sprawdzaj\u0105 si\u0119 same.<\/li>\n<\/ul>\n<p>To spotkanie ma charakter prezentacji &#8211; zobaczysz, jak e-polish.eu mo\u017ce wspiera\u0107 Twoj\u0105 codzienn\u0105 prac\u0119 i podnosi\u0107 jako\u015b\u0107 lekcji w klasie, bez wchodzenia w techniczne szczeg\u00f3\u0142y.<\/p>\n<p>To webinarium jest dla Ciebie \u2013 niezale\u017cnie od tego, czy dopiero poznajesz e-polish.eu, czy korzystasz z niej od lat. Wiele funkcji platformy wci\u0105\u017c pozostaje nieodkrytych nawet dla do\u015bwiadczonych u\u017cytkownik\u00f3w. Przyjd\u017a i przekonaj si\u0119, jak dzi\u0119ki naszej platformie u\u0142atwi\u0107 sobie prac\u0119 i wzbogaci\u0107 swoje lekcje j\u0119zyka polskiego w klasie!<\/p>\n<p>Czas trwania: 60 minut.<\/p>\n","protected":false},"excerpt":{"rendered":"<p><strong>Prowadz\u0105cy:<\/strong> Tomasz Dominik Stempek<br \/><strong>Miejsce:<\/strong> (online)<br \/><strong>Date:<\/strong> 2026-04-08<br \/><strong>Time:<\/strong> 20:00\u201321:00 (CEST\/Europa\/Warszawa)<\/p>\n","protected":false},"featured_media":14048,"comment_status":"open","ping_status":"closed","template":"","meta":{"_uag_custom_page_level_css":"","site-sidebar-layout":"default","site-content-layout":"","ast-site-content-layout":"default","site-content-style":"default","site-sidebar-style":"default","ast-global-header-display":"","ast-banner-title-visibility":"","ast-main-header-display":"","ast-hfb-above-header-display":"","ast-hfb-below-header-display":"","ast-hfb-mobile-header-display":"","site-post-title":"","ast-breadcrumbs-content":"","ast-featured-img":"","footer-sml-layout":"","ast-disable-related-posts":"","theme-transparent-header-meta":"default","adv-header-id-meta":"","stick-header-meta":"default","header-above-stick-meta":"","header-main-stick-meta":"","header-below-stick-meta":"","astra-migrate-meta-layouts":"set","ast-page-background-enabled":"default","ast-page-background-meta":{"desktop":{"background-color":"","background-image":"","background-repeat":"repeat","background-position":"center center","background-size":"auto","background-attachment":"scroll","background-type":"","background-media":"","overlay-type":"","overlay-color":"","overlay-opacity":"","overlay-gradient":""},"tablet":{"background-color":"","background-image":"","background-repeat":"repeat","background-position":"center center","background-size":"auto","background-attachment":"scroll","background-type":"","background-media":"","overlay-type":"","overlay-color":"","overlay-opacity":"","overlay-gradient":""},"mobile":{"background-color":"","background-image":"","background-repeat":"repeat","background-position":"center center","background-size":"auto","background-attachment":"scroll","background-type":"","background-media":"","overlay-type":"","overlay-color":"","overlay-opacity":"","overlay-gradient":""}},"ast-content-background-meta":{"desktop":{"background-color":"var(--ast-global-color-5)","background-image":"","background-repeat":"repeat","background-position":"center center","background-size":"auto","background-attachment":"scroll","background-type":"","background-media":"","overlay-type":"","overlay-color":"","overlay-opacity":"","overlay-gradient":""},"tablet":{"background-color":"var(--ast-global-color-5)","background-image":"","background-repeat":"repeat","background-position":"center center","background-size":"auto","background-attachment":"scroll","background-type":"","background-media":"","overlay-type":"","overlay-color":"","overlay-opacity":"","overlay-gradient":""},"mobile":{"background-color":"var(--ast-global-color-5)","background-image":"","background-repeat":"repeat","background-position":"center center","background-size":"auto","background-attachment":"scroll","background-type":"","background-media":"","overlay-type":"","overlay-color":"","overlay-opacity":"","overlay-gradient":""}}},"product_brand":[],"product_cat":[114,1582],"product_tag":[],"class_list":{"0":"post-11074","1":"product","2":"type-product","3":"status-publish","4":"has-post-thumbnail","6":"product_cat-all-products","7":"product_cat-trainings","8":"desktop-align-center","9":"tablet-align-left","10":"mobile-align-left","11":"ast-product-gallery-layout-horizontal-slider","12":"ast-product-gallery-with-no-image","13":"ast-product-tabs-layout-horizontal","15":"first","16":"instock","17":"virtual","18":"sold-individually","19":"taxable","20":"purchasable","21":"product-type-simple"},"aioseo_notices":[],"uagb_featured_image_src":{"full":["https:\/\/e-polish.eu\/sklep\/wp-content\/uploads\/shop-items\/we012-nie_tylko_online_jak_wykorzystac_e-polish.eu_podczas_lekcji_w_klasie.png",563,797,false],"thumbnail":["https:\/\/e-polish.eu\/sklep\/wp-content\/uploads\/shop-items\/we012-nie_tylko_online_jak_wykorzystac_e-polish.eu_podczas_lekcji_w_klasie-150x150.png",150,150,true],"medium":["https:\/\/e-polish.eu\/sklep\/wp-content\/uploads\/shop-items\/we012-nie_tylko_online_jak_wykorzystac_e-polish.eu_podczas_lekcji_w_klasie-212x300.png",212,300,true],"medium_large":["https:\/\/e-polish.eu\/sklep\/wp-content\/uploads\/shop-items\/we012-nie_tylko_online_jak_wykorzystac_e-polish.eu_podczas_lekcji_w_klasie.png",563,797,false],"large":["https:\/\/e-polish.eu\/sklep\/wp-content\/uploads\/shop-items\/we012-nie_tylko_online_jak_wykorzystac_e-polish.eu_podczas_lekcji_w_klasie.png",563,797,false],"1536x1536":["https:\/\/e-polish.eu\/sklep\/wp-content\/uploads\/shop-items\/we012-nie_tylko_online_jak_wykorzystac_e-polish.eu_podczas_lekcji_w_klasie.png",563,797,false],"2048x2048":["https:\/\/e-polish.eu\/sklep\/wp-content\/uploads\/shop-items\/we012-nie_tylko_online_jak_wykorzystac_e-polish.eu_podczas_lekcji_w_klasie.png",563,797,false],"page-small":["https:\/\/e-polish.eu\/sklep\/wp-content\/uploads\/shop-items\/we012-nie_tylko_online_jak_wykorzystac_e-polish.eu_podczas_lekcji_w_klasie-210x297.png",210,297,true],"woocommerce_thumbnail":["https:\/\/e-polish.eu\/sklep\/wp-content\/uploads\/shop-items\/we012-nie_tylko_online_jak_wykorzystac_e-polish.eu_podczas_lekcji_w_klasie-300x425.png",300,425,true],"woocommerce_single":["https:\/\/e-polish.eu\/sklep\/wp-content\/uploads\/shop-items\/we012-nie_tylko_online_jak_wykorzystac_e-polish.eu_podczas_lekcji_w_klasie-300x425.png",300,425,true],"woocommerce_gallery_thumbnail":["https:\/\/e-polish.eu\/sklep\/wp-content\/uploads\/shop-items\/we012-nie_tylko_online_jak_wykorzystac_e-polish.eu_podczas_lekcji_w_klasie-100x100.png",100,100,true],"lws_wr_thumbnail":["https:\/\/e-polish.eu\/sklep\/wp-content\/uploads\/shop-items\/we012-nie_tylko_online_jak_wykorzystac_e-polish.eu_podczas_lekcji_w_klasie-68x96.png",68,96,true],"lws_wr_thumbnail_small":["https:\/\/e-polish.eu\/sklep\/wp-content\/uploads\/shop-items\/we012-nie_tylko_online_jak_wykorzystac_e-polish.eu_podczas_lekcji_w_klasie-30x42.png",30,42,true]},"uagb_author_info":{"display_name":"Marta Zawisza","author_link":"https:\/\/e-polish.eu\/sklep\/blog\/author\/"},"uagb_comment_info":0,"uagb_excerpt":"Prowadz\u0105cy: Tomasz Dominik StempekMiejsce: (online)Date: 2026-04-08Time: 20:00\u201321:00 (CEST\/Europa\/Warszawa)","_links":{"self":[{"href":"https:\/\/e-polish.eu\/sklep\/wp-json\/wp\/v2\/product\/11074","targetHints":{"allow":["GET"]}}],"collection":[{"href":"https:\/\/e-polish.eu\/sklep\/wp-json\/wp\/v2\/product"}],"about":[{"href":"https:\/\/e-polish.eu\/sklep\/wp-json\/wp\/v2\/types\/product"}],"replies":[{"embeddable":true,"href":"https:\/\/e-polish.eu\/sklep\/wp-json\/wp\/v2\/comments?post=11074"}],"wp:featuredmedia":[{"embeddable":true,"href":"https:\/\/e-polish.eu\/sklep\/wp-json\/wp\/v2\/media\/14048"}],"wp:attachment":[{"href":"https:\/\/e-polish.eu\/sklep\/wp-json\/wp\/v2\/media?parent=11074"}],"wp:term":[{"taxonomy":"product_brand","embeddable":true,"href":"https:\/\/e-polish.eu\/sklep\/wp-json\/wp\/v2\/product_brand?post=11074"},{"taxonomy":"product_cat","embeddable":true,"href":"https:\/\/e-polish.eu\/sklep\/wp-json\/wp\/v2\/product_cat?post=11074"},{"taxonomy":"product_tag","embeddable":true,"href":"https:\/\/e-polish.eu\/sklep\/wp-json\/wp\/v2\/product_tag?post=11074"}],"curies":[{"name":"wp","href":"https:\/\/api.w.org\/{rel}","templated":true}]}}