{"id":11076,"date":"2025-06-12T17:15:52","date_gmt":"2025-06-12T15:15:52","guid":{"rendered":"https:\/\/e-polish.eu\/sklepproduct\/ucz-sie-polskiego-szybciej-i-skuteczniej-poznaj-e-polish-eu\/"},"modified":"2026-02-18T11:02:14","modified_gmt":"2026-02-18T10:02:14","slug":"ucz-sie-polskiego-szybciej-i-skuteczniej-poznaj-e-polish-eu-webinar","status":"publish","type":"product","link":"https:\/\/e-polish.eu\/sklep\/en\/trainings\/ucz-sie-polskiego-szybciej-i-skuteczniej-poznaj-e-polish-eu-webinar\/","title":{"rendered":"Ucz si\u0119 polskiego szybciej i skuteczniej &#8211; poznaj e-polish.eu!"},"content":{"rendered":"<p>Uczysz si\u0119 j\u0119zyka polskiego? Chcesz robi\u0107 szybkie post\u0119py i mie\u0107 dost\u0119p do nowoczesnych narz\u0119dzi? Zapraszamy Ci\u0119 na webinarium, podczas kt\u00f3rego odkryjesz e-polish.eu \u2013 nowoczesn\u0105 platform\u0119 do nauki j\u0119zyka polskiego.<\/p>\n<p>Niewa\u017cne, czy dopiero zaczynasz swoj\u0105 przygod\u0119 z j\u0119zykiem polskim, czy m\u00f3wisz ju\u017c ca\u0142kiem nie\u017ale \u2013 poka\u017cemy Ci, jak uczy\u0107 si\u0119 efektywnie &#8211; pracuj\u0105c samodzielnie lub z lektorem.<\/p>\n<p>Na webinarium dowiesz si\u0119:<\/p>\n<ul>\n<li>jak korzysta\u0107 z interaktywnych materia\u0142\u00f3w do samodzielnej nauki,<\/li>\n<li>czym s\u0105 interaktywne podr\u0119czniki &#8211; e-coursebooki,<\/li>\n<li>jak dzia\u0142a multimedialny s\u0142ownik i jak mo\u017ce Ci pom\u00f3c w zrozumieniu j\u0119zyka,<\/li>\n<li>jak uczy\u0107 si\u0119 s\u0142\u00f3wek wykorzystuj\u0105c fiszki,<\/li>\n<li>jak uczestniczy\u0107 w interaktywnych lekcjach online,<\/li>\n<li>jak znale\u017a\u0107 lektora dopasowanego do Twojego poziomu i grafiku,<\/li>\n<li>jak po\u0142\u0105czy\u0107 nauk\u0119 samodzieln\u0105 z lekcjami z lektorem.<\/li>\n<\/ul>\n<p><strong>Do\u0142\u0105cz do webinarium i zobacz, jak \u0142atwa i przyjemna mo\u017ce by\u0107 nauka j\u0119zyka polskiego z e-polish.eu!<\/strong><\/p>\n<p>Webinarium prowadzone w j\u0119zyku polskim.<\/p>\n<p>Po webinarium uczestnicy otrzymaj\u0105 dost\u0119p do nagrania z webinarium.<\/p>\n<p>Czas trwania: 50 minut<\/p>\n","protected":false},"excerpt":{"rendered":"<p><strong>Prowadz\u0105cy:<\/strong> Magdalena Gieniec<br \/>\n<strong>Miejsce:<\/strong> (online)<br \/>\n<strong>Date:<\/strong> 2026-02-12<br \/>\n<strong>Time:<\/strong> 20:00\u201321:00 (CEST\/Europa\/Warszawa)<\/p>\n","protected":false},"featured_media":14046,"comment_status":"open","ping_status":"closed","template":"","meta":{"_uag_custom_page_level_css":"","site-sidebar-layout":"default","site-content-layout":"","ast-site-content-layout":"default","site-content-style":"default","site-sidebar-style":"default","ast-global-header-display":"","ast-banner-title-visibility":"","ast-main-header-display":"","ast-hfb-above-header-display":"","ast-hfb-below-header-display":"","ast-hfb-mobile-header-display":"","site-post-title":"","ast-breadcrumbs-content":"","ast-featured-img":"","footer-sml-layout":"","ast-disable-related-posts":"","theme-transparent-header-meta":"default","adv-header-id-meta":"","stick-header-meta":"default","header-above-stick-meta":"","header-main-stick-meta":"","header-below-stick-meta":"","astra-migrate-meta-layouts":"set","ast-page-background-enabled":"default","ast-page-background-meta":{"desktop":{"background-color":"","background-image":"","background-repeat":"repeat","background-position":"center center","background-size":"auto","background-attachment":"scroll","background-type":"","background-media":"","overlay-type":"","overlay-color":"","overlay-opacity":"","overlay-gradient":""},"tablet":{"background-color":"","background-image":"","background-repeat":"repeat","background-position":"center center","background-size":"auto","background-attachment":"scroll","background-type":"","background-media":"","overlay-type":"","overlay-color":"","overlay-opacity":"","overlay-gradient":""},"mobile":{"background-color":"","background-image":"","background-repeat":"repeat","background-position":"center center","background-size":"auto","background-attachment":"scroll","background-type":"","background-media":"","overlay-type":"","overlay-color":"","overlay-opacity":"","overlay-gradient":""}},"ast-content-background-meta":{"desktop":{"background-color":"var(--ast-global-color-5)","background-image":"","background-repeat":"repeat","background-position":"center center","background-size":"auto","background-attachment":"scroll","background-type":"","background-media":"","overlay-type":"","overlay-color":"","overlay-opacity":"","overlay-gradient":""},"tablet":{"background-color":"var(--ast-global-color-5)","background-image":"","background-repeat":"repeat","background-position":"center center","background-size":"auto","background-attachment":"scroll","background-type":"","background-media":"","overlay-type":"","overlay-color":"","overlay-opacity":"","overlay-gradient":""},"mobile":{"background-color":"var(--ast-global-color-5)","background-image":"","background-repeat":"repeat","background-position":"center center","background-size":"auto","background-attachment":"scroll","background-type":"","background-media":"","overlay-type":"","overlay-color":"","overlay-opacity":"","overlay-gradient":""}}},"product_brand":[],"product_cat":[114,1582],"product_tag":[],"class_list":{"0":"post-11076","1":"product","2":"type-product","3":"status-publish","4":"has-post-thumbnail","6":"product_cat-all-products","7":"product_cat-trainings","8":"desktop-align-center","9":"tablet-align-left","10":"mobile-align-left","11":"ast-product-gallery-layout-horizontal-slider","12":"ast-product-gallery-with-no-image","13":"ast-product-tabs-layout-horizontal","15":"first","16":"outofstock","17":"virtual","18":"sold-individually","19":"taxable","20":"purchasable","21":"product-type-simple"},"aioseo_notices":[],"uagb_featured_image_src":{"full":["https:\/\/e-polish.eu\/sklep\/wp-content\/uploads\/shop-items\/we017-ucz_sie_polskiego_szybciej_i_skuteczniej_-_poznaj_e-polish.eu.png",563,797,false],"thumbnail":["https:\/\/e-polish.eu\/sklep\/wp-content\/uploads\/shop-items\/we017-ucz_sie_polskiego_szybciej_i_skuteczniej_-_poznaj_e-polish.eu-150x150.png",150,150,true],"medium":["https:\/\/e-polish.eu\/sklep\/wp-content\/uploads\/shop-items\/we017-ucz_sie_polskiego_szybciej_i_skuteczniej_-_poznaj_e-polish.eu-212x300.png",212,300,true],"medium_large":["https:\/\/e-polish.eu\/sklep\/wp-content\/uploads\/shop-items\/we017-ucz_sie_polskiego_szybciej_i_skuteczniej_-_poznaj_e-polish.eu.png",563,797,false],"large":["https:\/\/e-polish.eu\/sklep\/wp-content\/uploads\/shop-items\/we017-ucz_sie_polskiego_szybciej_i_skuteczniej_-_poznaj_e-polish.eu.png",563,797,false],"1536x1536":["https:\/\/e-polish.eu\/sklep\/wp-content\/uploads\/shop-items\/we017-ucz_sie_polskiego_szybciej_i_skuteczniej_-_poznaj_e-polish.eu.png",563,797,false],"2048x2048":["https:\/\/e-polish.eu\/sklep\/wp-content\/uploads\/shop-items\/we017-ucz_sie_polskiego_szybciej_i_skuteczniej_-_poznaj_e-polish.eu.png",563,797,false],"page-small":["https:\/\/e-polish.eu\/sklep\/wp-content\/uploads\/shop-items\/we017-ucz_sie_polskiego_szybciej_i_skuteczniej_-_poznaj_e-polish.eu-210x297.png",210,297,true],"woocommerce_thumbnail":["https:\/\/e-polish.eu\/sklep\/wp-content\/uploads\/shop-items\/we017-ucz_sie_polskiego_szybciej_i_skuteczniej_-_poznaj_e-polish.eu-300x425.png",300,425,true],"woocommerce_single":["https:\/\/e-polish.eu\/sklep\/wp-content\/uploads\/shop-items\/we017-ucz_sie_polskiego_szybciej_i_skuteczniej_-_poznaj_e-polish.eu-300x425.png",300,425,true],"woocommerce_gallery_thumbnail":["https:\/\/e-polish.eu\/sklep\/wp-content\/uploads\/shop-items\/we017-ucz_sie_polskiego_szybciej_i_skuteczniej_-_poznaj_e-polish.eu-100x100.png",100,100,true],"lws_wr_thumbnail":["https:\/\/e-polish.eu\/sklep\/wp-content\/uploads\/shop-items\/we017-ucz_sie_polskiego_szybciej_i_skuteczniej_-_poznaj_e-polish.eu-68x96.png",68,96,true],"lws_wr_thumbnail_small":["https:\/\/e-polish.eu\/sklep\/wp-content\/uploads\/shop-items\/we017-ucz_sie_polskiego_szybciej_i_skuteczniej_-_poznaj_e-polish.eu-30x42.png",30,42,true]},"uagb_author_info":{"display_name":"Marta Zawisza","author_link":"https:\/\/e-polish.eu\/sklep\/blog\/author\/"},"uagb_comment_info":0,"uagb_excerpt":"Prowadz\u0105cy: Magdalena Gieniec Miejsce: (online) Date: 2026-02-12 Time: 20:00\u201321:00 (CEST\/Europa\/Warszawa)","_links":{"self":[{"href":"https:\/\/e-polish.eu\/sklep\/wp-json\/wp\/v2\/product\/11076","targetHints":{"allow":["GET"]}}],"collection":[{"href":"https:\/\/e-polish.eu\/sklep\/wp-json\/wp\/v2\/product"}],"about":[{"href":"https:\/\/e-polish.eu\/sklep\/wp-json\/wp\/v2\/types\/product"}],"replies":[{"embeddable":true,"href":"https:\/\/e-polish.eu\/sklep\/wp-json\/wp\/v2\/comments?post=11076"}],"wp:featuredmedia":[{"embeddable":true,"href":"https:\/\/e-polish.eu\/sklep\/wp-json\/wp\/v2\/media\/14046"}],"wp:attachment":[{"href":"https:\/\/e-polish.eu\/sklep\/wp-json\/wp\/v2\/media?parent=11076"}],"wp:term":[{"taxonomy":"product_brand","embeddable":true,"href":"https:\/\/e-polish.eu\/sklep\/wp-json\/wp\/v2\/product_brand?post=11076"},{"taxonomy":"product_cat","embeddable":true,"href":"https:\/\/e-polish.eu\/sklep\/wp-json\/wp\/v2\/product_cat?post=11076"},{"taxonomy":"product_tag","embeddable":true,"href":"https:\/\/e-polish.eu\/sklep\/wp-json\/wp\/v2\/product_tag?post=11076"}],"curies":[{"name":"wp","href":"https:\/\/api.w.org\/{rel}","templated":true}]}}