{"id":12153,"date":"2025-09-09T13:18:00","date_gmt":"2025-09-09T11:18:00","guid":{"rendered":"https:\/\/e-polish.eu\/sklep\/product\/tysiace-materialow-do-nauczania-jpjo-zawsze-gotowe-do-uzycia\/"},"modified":"2025-11-04T08:35:35","modified_gmt":"2025-11-04T07:35:35","slug":"tysiace-materialow-do-nauczania-jpjo-zawsze-gotowe-do-uzycia-webinar","status":"publish","type":"product","link":"https:\/\/e-polish.eu\/sklep\/en\/trainings\/tysiace-materialow-do-nauczania-jpjo-zawsze-gotowe-do-uzycia-webinar\/","title":{"rendered":"Tysi\u0105ce materia\u0142\u00f3w do nauczania jpjo &#8211; zawsze gotowe do u\u017cycia!"},"content":{"rendered":"<h2>Opis webinarium<\/h2>\n<p>Platforma e-polish.eu to wyj\u0105tkowo bogate \u017ar\u00f3d\u0142o gotowych materia\u0142\u00f3w do nauczania j\u0119zyka polskiego jako obcego. Zosta\u0142a ona stworzona z my\u015bl\u0105 o nauczycielach, kt\u00f3rzy chc\u0105 prowadzi\u0107 ciekawe, nowoczesne i anga\u017cuj\u0105ce lekcje. Podczas webinarium poka\u017cemy, jak w prosty spos\u00f3b wzbogaci\u0107 zaj\u0119cia, korzystaj\u0105c z zasob\u00f3w dost\u0119pnych w bibliotece e-polish.eu \u2013 bez wzgl\u0119du na poziom uczni\u00f3w czy form\u0119 prowadzenia lekcji.<\/p>\n<p>Podczas webinarium zaprezentujemy:<\/p>\n<ul>\n<li>bibliotek\u0119 gotowych materia\u0142\u00f3w dydaktycznych,<\/li>\n<li>jak wyszukiwa\u0107 materia\u0142y w bibliotece,<\/li>\n<li>multimedialny s\u0142ownik i tabele odmian,<\/li>\n<li>interaktywne podr\u0119czniki \u2013 e-coursebooki,<\/li>\n<li>jak dostosowywa\u0107 gotowe materia\u0142y do konkretnych potrzeb swoich uczni\u00f3w.<\/li>\n<\/ul>\n<p><strong>Nie tra\u0107 czasu na szukanie materia\u0142\u00f3w na lekcj\u0119 \u2013 zapisz si\u0119 na webinarium i dowiedz si\u0119, jak korzysta\u0107 z gotowych zasob\u00f3w e-polish.eu w codziennej pracy lektora j\u0119zyka polskiego jako obcego.<\/strong><\/p>\n<p>Na webinarium zapraszamy nauczycieli, kt\u00f3rzy znaj\u0105 i korzystaj\u0105 z e-polish.eu jak te\u017c tych, kt\u00f3rzy dopiero chc\u0105 pozna\u0107 to narz\u0119dzie.<\/p>\n<p>Czas trwania: 60 minut.<\/p>\n<p>Uczestnicy webinarium otrzymuj\u0105:<\/p>\n<ul>\n<li>dyplom uczestnictwa,<\/li>\n<li>dost\u0119p do nagrania z webinarium.<\/li>\n<\/ul>\n<p>Webinarium prowadzi Magdalena Gieniec.<\/p>\n","protected":false},"excerpt":{"rendered":"<p><strong>Prowadz\u0105cy:<\/strong> Magdalena Gieniec<br \/><strong>Miejsce:<\/strong> (online)<br \/><strong>Date:<\/strong> 2025-11-03<br \/><strong>Time:<\/strong> 20:00\u201321:00 (CEST\/Europa\/Warszawa)<\/p>\n","protected":false},"featured_media":12154,"comment_status":"open","ping_status":"closed","template":"","meta":{"_uag_custom_page_level_css":"","site-sidebar-layout":"default","site-content-layout":"","ast-site-content-layout":"default","site-content-style":"default","site-sidebar-style":"default","ast-global-header-display":"","ast-banner-title-visibility":"","ast-main-header-display":"","ast-hfb-above-header-display":"","ast-hfb-below-header-display":"","ast-hfb-mobile-header-display":"","site-post-title":"","ast-breadcrumbs-content":"","ast-featured-img":"","footer-sml-layout":"","ast-disable-related-posts":"","theme-transparent-header-meta":"default","adv-header-id-meta":"","stick-header-meta":"default","header-above-stick-meta":"","header-main-stick-meta":"","header-below-stick-meta":"","astra-migrate-meta-layouts":"set","ast-page-background-enabled":"default","ast-page-background-meta":{"desktop":{"background-color":"","background-image":"","background-repeat":"repeat","background-position":"center center","background-size":"auto","background-attachment":"scroll","background-type":"","background-media":"","overlay-type":"","overlay-color":"","overlay-opacity":"","overlay-gradient":""},"tablet":{"background-color":"","background-image":"","background-repeat":"repeat","background-position":"center center","background-size":"auto","background-attachment":"scroll","background-type":"","background-media":"","overlay-type":"","overlay-color":"","overlay-opacity":"","overlay-gradient":""},"mobile":{"background-color":"","background-image":"","background-repeat":"repeat","background-position":"center center","background-size":"auto","background-attachment":"scroll","background-type":"","background-media":"","overlay-type":"","overlay-color":"","overlay-opacity":"","overlay-gradient":""}},"ast-content-background-meta":{"desktop":{"background-color":"var(--ast-global-color-5)","background-image":"","background-repeat":"repeat","background-position":"center center","background-size":"auto","background-attachment":"scroll","background-type":"","background-media":"","overlay-type":"","overlay-color":"","overlay-opacity":"","overlay-gradient":""},"tablet":{"background-color":"var(--ast-global-color-5)","background-image":"","background-repeat":"repeat","background-position":"center center","background-size":"auto","background-attachment":"scroll","background-type":"","background-media":"","overlay-type":"","overlay-color":"","overlay-opacity":"","overlay-gradient":""},"mobile":{"background-color":"var(--ast-global-color-5)","background-image":"","background-repeat":"repeat","background-position":"center center","background-size":"auto","background-attachment":"scroll","background-type":"","background-media":"","overlay-type":"","overlay-color":"","overlay-opacity":"","overlay-gradient":""}}},"product_brand":[],"product_cat":[114,1582],"product_tag":[],"class_list":{"0":"post-12153","1":"product","2":"type-product","3":"status-publish","4":"has-post-thumbnail","6":"product_cat-all-products","7":"product_cat-trainings","8":"desktop-align-center","9":"tablet-align-left","10":"mobile-align-left","11":"ast-product-gallery-layout-horizontal-slider","12":"ast-product-gallery-with-no-image","13":"ast-product-tabs-layout-horizontal","15":"first","16":"outofstock","17":"virtual","18":"sold-individually","19":"taxable","20":"purchasable","21":"product-type-simple"},"aioseo_notices":[],"uagb_featured_image_src":{"full":["https:\/\/e-polish.eu\/sklep\/wp-content\/uploads\/shop-items\/we013-tysiace_materialow_do_nauczania_jpjo_-_zawsze_gotowe_do_uzycia.png",450,638,false],"thumbnail":["https:\/\/e-polish.eu\/sklep\/wp-content\/uploads\/shop-items\/we013-tysiace_materialow_do_nauczania_jpjo_-_zawsze_gotowe_do_uzycia-150x150.png",150,150,true],"medium":["https:\/\/e-polish.eu\/sklep\/wp-content\/uploads\/shop-items\/we013-tysiace_materialow_do_nauczania_jpjo_-_zawsze_gotowe_do_uzycia-212x300.png",212,300,true],"medium_large":["https:\/\/e-polish.eu\/sklep\/wp-content\/uploads\/shop-items\/we013-tysiace_materialow_do_nauczania_jpjo_-_zawsze_gotowe_do_uzycia.png",450,638,false],"large":["https:\/\/e-polish.eu\/sklep\/wp-content\/uploads\/shop-items\/we013-tysiace_materialow_do_nauczania_jpjo_-_zawsze_gotowe_do_uzycia.png",450,638,false],"1536x1536":["https:\/\/e-polish.eu\/sklep\/wp-content\/uploads\/shop-items\/we013-tysiace_materialow_do_nauczania_jpjo_-_zawsze_gotowe_do_uzycia.png",450,638,false],"2048x2048":["https:\/\/e-polish.eu\/sklep\/wp-content\/uploads\/shop-items\/we013-tysiace_materialow_do_nauczania_jpjo_-_zawsze_gotowe_do_uzycia.png",450,638,false],"page-small":["https:\/\/e-polish.eu\/sklep\/wp-content\/uploads\/shop-items\/we013-tysiace_materialow_do_nauczania_jpjo_-_zawsze_gotowe_do_uzycia-210x297.png",210,297,true],"woocommerce_thumbnail":["https:\/\/e-polish.eu\/sklep\/wp-content\/uploads\/shop-items\/we013-tysiace_materialow_do_nauczania_jpjo_-_zawsze_gotowe_do_uzycia-300x425.png",300,425,true],"woocommerce_single":["https:\/\/e-polish.eu\/sklep\/wp-content\/uploads\/shop-items\/we013-tysiace_materialow_do_nauczania_jpjo_-_zawsze_gotowe_do_uzycia-300x425.png",300,425,true],"woocommerce_gallery_thumbnail":["https:\/\/e-polish.eu\/sklep\/wp-content\/uploads\/shop-items\/we013-tysiace_materialow_do_nauczania_jpjo_-_zawsze_gotowe_do_uzycia-100x100.png",100,100,true],"lws_wr_thumbnail":["https:\/\/e-polish.eu\/sklep\/wp-content\/uploads\/shop-items\/we013-tysiace_materialow_do_nauczania_jpjo_-_zawsze_gotowe_do_uzycia-68x96.png",68,96,true],"lws_wr_thumbnail_small":["https:\/\/e-polish.eu\/sklep\/wp-content\/uploads\/shop-items\/we013-tysiace_materialow_do_nauczania_jpjo_-_zawsze_gotowe_do_uzycia-30x42.png",30,42,true]},"uagb_author_info":{"display_name":"Marta Zawisza","author_link":"https:\/\/e-polish.eu\/sklep\/blog\/author\/"},"uagb_comment_info":0,"uagb_excerpt":"Prowadz\u0105cy: Magdalena GieniecMiejsce: (online)Date: 2025-11-03Time: 20:00\u201321:00 (CEST\/Europa\/Warszawa)","_links":{"self":[{"href":"https:\/\/e-polish.eu\/sklep\/wp-json\/wp\/v2\/product\/12153","targetHints":{"allow":["GET"]}}],"collection":[{"href":"https:\/\/e-polish.eu\/sklep\/wp-json\/wp\/v2\/product"}],"about":[{"href":"https:\/\/e-polish.eu\/sklep\/wp-json\/wp\/v2\/types\/product"}],"replies":[{"embeddable":true,"href":"https:\/\/e-polish.eu\/sklep\/wp-json\/wp\/v2\/comments?post=12153"}],"wp:featuredmedia":[{"embeddable":true,"href":"https:\/\/e-polish.eu\/sklep\/wp-json\/wp\/v2\/media\/12154"}],"wp:attachment":[{"href":"https:\/\/e-polish.eu\/sklep\/wp-json\/wp\/v2\/media?parent=12153"}],"wp:term":[{"taxonomy":"product_brand","embeddable":true,"href":"https:\/\/e-polish.eu\/sklep\/wp-json\/wp\/v2\/product_brand?post=12153"},{"taxonomy":"product_cat","embeddable":true,"href":"https:\/\/e-polish.eu\/sklep\/wp-json\/wp\/v2\/product_cat?post=12153"},{"taxonomy":"product_tag","embeddable":true,"href":"https:\/\/e-polish.eu\/sklep\/wp-json\/wp\/v2\/product_tag?post=12153"}],"curies":[{"name":"wp","href":"https:\/\/api.w.org\/{rel}","templated":true}]}}