{"id":12164,"date":"2025-09-09T13:18:09","date_gmt":"2025-09-09T11:18:09","guid":{"rendered":"https:\/\/e-polish.eu\/sklep\/product\/sprawdz-czy-potrafisz-czyli-platforma-e-polish-eu-w-praktyce-4\/"},"modified":"2025-11-18T09:04:48","modified_gmt":"2025-11-18T08:04:48","slug":"sprawdz-czy-potrafisz-czyli-platforma-e-polish-eu-w-praktyce-webinarium","status":"publish","type":"product","link":"https:\/\/e-polish.eu\/sklep\/szkolenia\/sprawdz-czy-potrafisz-czyli-platforma-e-polish-eu-w-praktyce-webinarium\/","title":{"rendered":"Sprawd\u017a czy potrafisz, czyli platforma e-polish.eu w praktyce"},"content":{"rendered":"<h2>Opis webinarium<\/h2>\n<p>Ostatnie w cyklu webinarium przeznaczone jest dla nauczycieli, kt\u00f3rzy poznali e-polish.eu uczestnicz\u0105c we wcze\u015bniejszych webinariach lub znaj\u0105 ju\u017c platform\u0119 e-polish.eu, lecz wci\u0105\u017c brakuje im swobody w korzystaniu z jej mo\u017cliwo\u015bci. Spotkanie to b\u0119dzie mia\u0142o charakter praktyczny. Uczestnicy dostan\u0105 okre\u015blone zadania, kt\u00f3re b\u0119d\u0105 realizowa\u0107 pod okiem prowadz\u0105cego. Uczestnicy \u2013 poprzez zadawane przez nich pytania \u2013 b\u0119d\u0105 mieli realny wp\u0142yw na program webinarium.<\/p>\n<p>Na webinarium zapraszamy wszystkich nauczycieli, niezale\u017cnie od ich poziomu znajomo\u015bci platformy e-polish.eu.<\/p>\n<p>Czas trwania: 2&#215;90 minut (dwa spotkania po 90min)<\/p>\n<p>Uczestnicy webinarium otrzymuj\u0105:<\/p>\n<ul>\n<li>dyplom uczestnictwa,<\/li>\n<li>dost\u0119p do nagrania z webinarium,<\/li>\n<li>p\u00f3\u0142roczny abonament nauczyciela.<\/li>\n<\/ul>\n<p>Webinarium prowadzi Tomasz Stempek.<\/p>\n","protected":false},"excerpt":{"rendered":"<p><strong>Prowadz\u0105cy:<\/strong> Tomasz Dominik Stempek<br \/>\n<strong>Miejsce:<\/strong> (online)<br \/>\n<strong>Grupa:<\/strong> do 12 os\u00f3b<br \/>\n<strong>Data:<\/strong> od 2025-11-17 do 2025-11-24<br \/>\n<strong>Godzina:<\/strong> 20:00\u201321:30 (CEST\/Europa\/Warszawa)<\/p>\n","protected":false},"featured_media":12160,"comment_status":"open","ping_status":"closed","template":"","meta":{"_uag_custom_page_level_css":"","site-sidebar-layout":"default","site-content-layout":"","ast-site-content-layout":"default","site-content-style":"default","site-sidebar-style":"default","ast-global-header-display":"","ast-banner-title-visibility":"","ast-main-header-display":"","ast-hfb-above-header-display":"","ast-hfb-below-header-display":"","ast-hfb-mobile-header-display":"","site-post-title":"","ast-breadcrumbs-content":"","ast-featured-img":"","footer-sml-layout":"","ast-disable-related-posts":"","theme-transparent-header-meta":"default","adv-header-id-meta":"","stick-header-meta":"default","header-above-stick-meta":"","header-main-stick-meta":"","header-below-stick-meta":"","astra-migrate-meta-layouts":"set","ast-page-background-enabled":"default","ast-page-background-meta":{"desktop":{"background-color":"","background-image":"","background-repeat":"repeat","background-position":"center center","background-size":"auto","background-attachment":"scroll","background-type":"","background-media":"","overlay-type":"","overlay-color":"","overlay-opacity":"","overlay-gradient":""},"tablet":{"background-color":"","background-image":"","background-repeat":"repeat","background-position":"center center","background-size":"auto","background-attachment":"scroll","background-type":"","background-media":"","overlay-type":"","overlay-color":"","overlay-opacity":"","overlay-gradient":""},"mobile":{"background-color":"","background-image":"","background-repeat":"repeat","background-position":"center center","background-size":"auto","background-attachment":"scroll","background-type":"","background-media":"","overlay-type":"","overlay-color":"","overlay-opacity":"","overlay-gradient":""}},"ast-content-background-meta":{"desktop":{"background-color":"var(--ast-global-color-5)","background-image":"","background-repeat":"repeat","background-position":"center center","background-size":"auto","background-attachment":"scroll","background-type":"","background-media":"","overlay-type":"","overlay-color":"","overlay-opacity":"","overlay-gradient":""},"tablet":{"background-color":"var(--ast-global-color-5)","background-image":"","background-repeat":"repeat","background-position":"center center","background-size":"auto","background-attachment":"scroll","background-type":"","background-media":"","overlay-type":"","overlay-color":"","overlay-opacity":"","overlay-gradient":""},"mobile":{"background-color":"var(--ast-global-color-5)","background-image":"","background-repeat":"repeat","background-position":"center center","background-size":"auto","background-attachment":"scroll","background-type":"","background-media":"","overlay-type":"","overlay-color":"","overlay-opacity":"","overlay-gradient":""}}},"product_brand":[],"product_cat":[1705,19],"product_tag":[],"class_list":{"0":"post-12164","1":"product","2":"type-product","3":"status-publish","4":"has-post-thumbnail","6":"product_cat-szkolenia","7":"product_cat-wszystkie-produkty","8":"desktop-align-center","9":"tablet-align-left","10":"mobile-align-left","11":"ast-product-gallery-layout-horizontal-slider","12":"ast-product-gallery-with-no-image","13":"ast-product-tabs-layout-horizontal","15":"first","16":"outofstock","17":"virtual","18":"sold-individually","19":"taxable","20":"purchasable","21":"product-type-simple"},"aioseo_notices":[],"uagb_featured_image_src":{"full":["https:\/\/e-polish.eu\/sklep\/wp-content\/uploads\/shop-items\/we005-sprawdz_czy_potrafisz_czyli_platforma_e-polish.eu_w_praktyce.png",450,638,false],"thumbnail":["https:\/\/e-polish.eu\/sklep\/wp-content\/uploads\/shop-items\/we005-sprawdz_czy_potrafisz_czyli_platforma_e-polish.eu_w_praktyce-150x150.png",150,150,true],"medium":["https:\/\/e-polish.eu\/sklep\/wp-content\/uploads\/shop-items\/we005-sprawdz_czy_potrafisz_czyli_platforma_e-polish.eu_w_praktyce-212x300.png",212,300,true],"medium_large":["https:\/\/e-polish.eu\/sklep\/wp-content\/uploads\/shop-items\/we005-sprawdz_czy_potrafisz_czyli_platforma_e-polish.eu_w_praktyce.png",450,638,false],"large":["https:\/\/e-polish.eu\/sklep\/wp-content\/uploads\/shop-items\/we005-sprawdz_czy_potrafisz_czyli_platforma_e-polish.eu_w_praktyce.png",450,638,false],"1536x1536":["https:\/\/e-polish.eu\/sklep\/wp-content\/uploads\/shop-items\/we005-sprawdz_czy_potrafisz_czyli_platforma_e-polish.eu_w_praktyce.png",450,638,false],"2048x2048":["https:\/\/e-polish.eu\/sklep\/wp-content\/uploads\/shop-items\/we005-sprawdz_czy_potrafisz_czyli_platforma_e-polish.eu_w_praktyce.png",450,638,false],"page-small":["https:\/\/e-polish.eu\/sklep\/wp-content\/uploads\/shop-items\/we005-sprawdz_czy_potrafisz_czyli_platforma_e-polish.eu_w_praktyce-210x297.png",210,297,true],"woocommerce_thumbnail":["https:\/\/e-polish.eu\/sklep\/wp-content\/uploads\/shop-items\/we005-sprawdz_czy_potrafisz_czyli_platforma_e-polish.eu_w_praktyce-300x425.png",300,425,true],"woocommerce_single":["https:\/\/e-polish.eu\/sklep\/wp-content\/uploads\/shop-items\/we005-sprawdz_czy_potrafisz_czyli_platforma_e-polish.eu_w_praktyce-300x425.png",300,425,true],"woocommerce_gallery_thumbnail":["https:\/\/e-polish.eu\/sklep\/wp-content\/uploads\/shop-items\/we005-sprawdz_czy_potrafisz_czyli_platforma_e-polish.eu_w_praktyce-100x100.png",100,100,true],"lws_wr_thumbnail":["https:\/\/e-polish.eu\/sklep\/wp-content\/uploads\/shop-items\/we005-sprawdz_czy_potrafisz_czyli_platforma_e-polish.eu_w_praktyce-68x96.png",68,96,true],"lws_wr_thumbnail_small":["https:\/\/e-polish.eu\/sklep\/wp-content\/uploads\/shop-items\/we005-sprawdz_czy_potrafisz_czyli_platforma_e-polish.eu_w_praktyce-30x42.png",30,42,true]},"uagb_author_info":{"display_name":"Marta Zawisza","author_link":"https:\/\/e-polish.eu\/sklep\/blog\/author\/"},"uagb_comment_info":0,"uagb_excerpt":"Prowadz\u0105cy: Tomasz Dominik Stempek Miejsce: (online) Grupa: do 12 os\u00f3b Data: od 2025-11-17 do 2025-11-24 Godzina: 20:00\u201321:30 (CEST\/Europa\/Warszawa)","_links":{"self":[{"href":"https:\/\/e-polish.eu\/sklep\/wp-json\/wp\/v2\/product\/12164","targetHints":{"allow":["GET"]}}],"collection":[{"href":"https:\/\/e-polish.eu\/sklep\/wp-json\/wp\/v2\/product"}],"about":[{"href":"https:\/\/e-polish.eu\/sklep\/wp-json\/wp\/v2\/types\/product"}],"replies":[{"embeddable":true,"href":"https:\/\/e-polish.eu\/sklep\/wp-json\/wp\/v2\/comments?post=12164"}],"wp:featuredmedia":[{"embeddable":true,"href":"https:\/\/e-polish.eu\/sklep\/wp-json\/wp\/v2\/media\/12160"}],"wp:attachment":[{"href":"https:\/\/e-polish.eu\/sklep\/wp-json\/wp\/v2\/media?parent=12164"}],"wp:term":[{"taxonomy":"product_brand","embeddable":true,"href":"https:\/\/e-polish.eu\/sklep\/wp-json\/wp\/v2\/product_brand?post=12164"},{"taxonomy":"product_cat","embeddable":true,"href":"https:\/\/e-polish.eu\/sklep\/wp-json\/wp\/v2\/product_cat?post=12164"},{"taxonomy":"product_tag","embeddable":true,"href":"https:\/\/e-polish.eu\/sklep\/wp-json\/wp\/v2\/product_tag?post=12164"}],"curies":[{"name":"wp","href":"https:\/\/api.w.org\/{rel}","templated":true}]}}