{"id":13057,"date":"2025-11-19T03:42:17","date_gmt":"2025-11-19T02:42:17","guid":{"rendered":"https:\/\/e-polish.eu\/sklep\/product\/fonetyka-od-a-do-z-5\/"},"modified":"2026-01-15T08:10:08","modified_gmt":"2026-01-15T07:10:08","slug":"fonetyka-od-a-do-z-5","status":"publish","type":"product","link":"https:\/\/e-polish.eu\/sklep\/en\/trainings\/fonetyka-od-a-do-z-5\/","title":{"rendered":"Fonetyka od A do Z"},"content":{"rendered":"<p>Kurs metodyczny \u201eFonetyka od A do Z\u201d jest przeznaczony dla nauczycieli, kt\u00f3rzy w swojej codziennej praktyce staj\u0105 przed pytaniem, jak w najbardziej skuteczny, a przy tym interesuj\u0105cy dla uczni\u00f3w spos\u00f3b przedstawi\u0107 zawi\u0142o\u015bci polskiej wymowy &#8211; jak zmieni\u0107 frustruj\u0105ce i \u017cmudne \u0107wiczenia w budz\u0105ce entuzjazm zadania. Kurs zosta\u0142 przygotowany przez Joann\u0119 Stanek \u2013 lektork\u0119 z wieloletnim do\u015bwiadczeniem, autork\u0119 podr\u0119cznika \u201eFonetyka polski w praktyce\u201d oraz autork\u0119 podr\u0119cznik\u00f3w nauczyciela do serii podr\u0119cznik\u00f3w POLSKI krok po kroku\u201d. Prelegentka ju\u017c niejednokrotnie prowadzi\u0142a ciesz\u0105ce si\u0119 du\u017cym uznaniem w Polsce i za granic\u0105 szkolenia stacjonarne oraz webinaria metodyczne, w czasie kt\u00f3rych dzieli\u0142a si\u0119 z Pa\u0144stwem swoimi pomys\u0142ami.<\/p>\n<p>Program szkolenia obejmuje dwa spotkania. Pierwsze dotyczy\u0107 b\u0119dzie zagadnie\u0144, kt\u00f3re pojawiaj\u0105 si\u0119 na pocz\u0105tku procesu nauczania, takich jak akcent wyrazowy i zdaniowy, wprowadzanie, rozr\u00f3\u017cnianie i trening wymowy nowych g\u0142osek. W drugiej cz\u0119\u015bci zajmiemy si\u0119 problemem usuwania z\u0142ych nawyk\u00f3w w wymowie, kt\u00f3ry cz\u0119sto dotyczy os\u00f3b bardziej zaawansowanych. W programie znajd\u0105 si\u0119 te\u017c konkretne wskaz\u00f3wki, jakich trudno\u015bci w wymowie mo\u017cna si\u0119 spodziewa\u0107, pracuj\u0105c z poszczeg\u00f3lnymi narodowo\u015bciami i jak zorganizowa\u0107 prac\u0119 na lekcji, \u017ceby znale\u017a\u0107 czas na \u0107wiczenia fonetyczne, zar\u00f3wno w grupach jedno- jak i wielonarodowych. Nie zabraknie pomys\u0142\u00f3w na gry i zabawy, kt\u00f3re \u015bwietnie sprawdzaj\u0105 si\u0119 w procesie automatyzacji zagadnie\u0144 fonetycznych.<\/p>\n<p>Kurs b\u0119dzie prowadzony w oparciu o podr\u0119cznik \u201eFONETYKA polski w praktyce\u201d oraz inne dost\u0119pne na rynku wydawniczym i w sieci materia\u0142y i narz\u0119dzia. Zaj\u0119cia b\u0119d\u0105 si\u0119 odbywa\u0107 w kameralnej grupie (max 30 os\u00f3b), przed rozpocz\u0119ciem warsztat\u00f3w ka\u017cdy uczestnik wype\u0142ni ankiet\u0119, kt\u00f3ra pozwoli wcze\u015bniej pozna\u0107 jego profil nauczyciela.<\/p>\n<h2>Program kursu:<\/h2>\n<h3>1. FONETYKA DLA OS\u00d3B POCZ\u0104TKUJ\u0104CYCH, CZYLI JAK STWARZA\u0106 DOBRE NAWYKI 14.01.2026<\/h3>\n<ul>\n<li>alfabet \u2013 czego i jak uczy\u0107 na pierwszej lekcji?<\/li>\n<li>jak od s\u0142yszenia przej\u015b\u0107 do produkcji \u2013 propozycje \u0107wicze\u0144 pozwalaj\u0105cych wywo\u0142a\u0107 trudne g\u0142oski<\/li>\n<li>jak pierwszy j\u0119zyk ucznia wp\u0142ywa na wymow\u0119 w j\u0119zyku polskim i jak t\u0119 wiedz\u0119 wykorzysta\u0107 w grupie wielonarodowej?<\/li>\n<li>nie tylko powtarzanie \u2013 propozycje fonetycznych gier i zabaw<\/li>\n<\/ul>\n<h3>2. FONETYKA DLA OS\u00d3B ZAAWANSOWANYCH, CZYLI JAK POZBY\u0106 SI\u0118 Z\u0141YCH NAWYK\u00d3W 21.01.2026<\/h3>\n<ul>\n<li>jak nie zapomina\u0107 o fonetyce na dalszych etapach edukacji?<\/li>\n<li>typowe trudno\u015bci fonetyczne r\u00f3\u017cnych narodowo\u015bci \u2013 jak uczy\u0107 wymowy Niemc\u00f3w, Anglik\u00f3w, Ukrai\u0144c\u00f3w, Japo\u0144czyk\u00f3w\u2026?<\/li>\n<li>materia\u0142y i narz\u0119dzia przydatne w nauce wymowy<\/li>\n<\/ul>\n","protected":false},"excerpt":{"rendered":"<p><strong>Prowadz\u0105cy:<\/strong> Joanna Stanek<br \/>\n<strong>Miejsce:<\/strong> (online)<br \/>\n<strong>Grupa:<\/strong> do 30 os\u00f3b<br \/>\n<strong>Date:<\/strong> from 2026-01-14 to 2026-01-21<br \/>\n<strong>Time:<\/strong> 19:00\u201320:30 (CEST\/Europa\/Warszawa)<\/p>\n","protected":false},"featured_media":13873,"comment_status":"open","ping_status":"closed","template":"","meta":{"_uag_custom_page_level_css":"","site-sidebar-layout":"default","site-content-layout":"","ast-site-content-layout":"default","site-content-style":"default","site-sidebar-style":"default","ast-global-header-display":"","ast-banner-title-visibility":"","ast-main-header-display":"","ast-hfb-above-header-display":"","ast-hfb-below-header-display":"","ast-hfb-mobile-header-display":"","site-post-title":"","ast-breadcrumbs-content":"","ast-featured-img":"","footer-sml-layout":"","ast-disable-related-posts":"","theme-transparent-header-meta":"default","adv-header-id-meta":"","stick-header-meta":"default","header-above-stick-meta":"","header-main-stick-meta":"","header-below-stick-meta":"","astra-migrate-meta-layouts":"set","ast-page-background-enabled":"default","ast-page-background-meta":{"desktop":{"background-color":"","background-image":"","background-repeat":"repeat","background-position":"center center","background-size":"auto","background-attachment":"scroll","background-type":"","background-media":"","overlay-type":"","overlay-color":"","overlay-opacity":"","overlay-gradient":""},"tablet":{"background-color":"","background-image":"","background-repeat":"repeat","background-position":"center center","background-size":"auto","background-attachment":"scroll","background-type":"","background-media":"","overlay-type":"","overlay-color":"","overlay-opacity":"","overlay-gradient":""},"mobile":{"background-color":"","background-image":"","background-repeat":"repeat","background-position":"center center","background-size":"auto","background-attachment":"scroll","background-type":"","background-media":"","overlay-type":"","overlay-color":"","overlay-opacity":"","overlay-gradient":""}},"ast-content-background-meta":{"desktop":{"background-color":"var(--ast-global-color-5)","background-image":"","background-repeat":"repeat","background-position":"center center","background-size":"auto","background-attachment":"scroll","background-type":"","background-media":"","overlay-type":"","overlay-color":"","overlay-opacity":"","overlay-gradient":""},"tablet":{"background-color":"var(--ast-global-color-5)","background-image":"","background-repeat":"repeat","background-position":"center center","background-size":"auto","background-attachment":"scroll","background-type":"","background-media":"","overlay-type":"","overlay-color":"","overlay-opacity":"","overlay-gradient":""},"mobile":{"background-color":"var(--ast-global-color-5)","background-image":"","background-repeat":"repeat","background-position":"center center","background-size":"auto","background-attachment":"scroll","background-type":"","background-media":"","overlay-type":"","overlay-color":"","overlay-opacity":"","overlay-gradient":""}}},"product_brand":[],"product_cat":[114,1582],"product_tag":[],"class_list":{"0":"post-13057","1":"product","2":"type-product","3":"status-publish","4":"has-post-thumbnail","6":"product_cat-all-products","7":"product_cat-trainings","8":"desktop-align-center","9":"tablet-align-left","10":"mobile-align-left","11":"ast-product-gallery-layout-horizontal-slider","12":"ast-product-gallery-with-no-image","13":"ast-product-tabs-layout-horizontal","15":"first","16":"outofstock","17":"virtual","18":"sold-individually","19":"taxable","20":"purchasable","21":"product-type-simple"},"aioseo_notices":[],"uagb_featured_image_src":{"full":["https:\/\/e-polish.eu\/sklep\/wp-content\/uploads\/shop-items\/km005-fonetyka_od_a_do_z.png",420,595,false],"thumbnail":["https:\/\/e-polish.eu\/sklep\/wp-content\/uploads\/shop-items\/km005-fonetyka_od_a_do_z-150x150.png",150,150,true],"medium":["https:\/\/e-polish.eu\/sklep\/wp-content\/uploads\/shop-items\/km005-fonetyka_od_a_do_z-212x300.png",212,300,true],"medium_large":["https:\/\/e-polish.eu\/sklep\/wp-content\/uploads\/shop-items\/km005-fonetyka_od_a_do_z.png",420,595,false],"large":["https:\/\/e-polish.eu\/sklep\/wp-content\/uploads\/shop-items\/km005-fonetyka_od_a_do_z.png",420,595,false],"1536x1536":["https:\/\/e-polish.eu\/sklep\/wp-content\/uploads\/shop-items\/km005-fonetyka_od_a_do_z.png",420,595,false],"2048x2048":["https:\/\/e-polish.eu\/sklep\/wp-content\/uploads\/shop-items\/km005-fonetyka_od_a_do_z.png",420,595,false],"page-small":["https:\/\/e-polish.eu\/sklep\/wp-content\/uploads\/shop-items\/km005-fonetyka_od_a_do_z-210x297.png",210,297,true],"woocommerce_thumbnail":["https:\/\/e-polish.eu\/sklep\/wp-content\/uploads\/shop-items\/km005-fonetyka_od_a_do_z-300x425.png",300,425,true],"woocommerce_single":["https:\/\/e-polish.eu\/sklep\/wp-content\/uploads\/shop-items\/km005-fonetyka_od_a_do_z-300x425.png",300,425,true],"woocommerce_gallery_thumbnail":["https:\/\/e-polish.eu\/sklep\/wp-content\/uploads\/shop-items\/km005-fonetyka_od_a_do_z-100x100.png",100,100,true],"lws_wr_thumbnail":["https:\/\/e-polish.eu\/sklep\/wp-content\/uploads\/shop-items\/km005-fonetyka_od_a_do_z-68x96.png",68,96,true],"lws_wr_thumbnail_small":["https:\/\/e-polish.eu\/sklep\/wp-content\/uploads\/shop-items\/km005-fonetyka_od_a_do_z-30x42.png",30,42,true]},"uagb_author_info":{"display_name":"Marta Zawisza","author_link":"https:\/\/e-polish.eu\/sklep\/blog\/author\/"},"uagb_comment_info":0,"uagb_excerpt":"Prowadz\u0105cy: Joanna Stanek Miejsce: (online) Grupa: do 30 os\u00f3b Date: from 2026-01-14 to 2026-01-21 Time: 19:00\u201320:30 (CEST\/Europa\/Warszawa)","_links":{"self":[{"href":"https:\/\/e-polish.eu\/sklep\/wp-json\/wp\/v2\/product\/13057","targetHints":{"allow":["GET"]}}],"collection":[{"href":"https:\/\/e-polish.eu\/sklep\/wp-json\/wp\/v2\/product"}],"about":[{"href":"https:\/\/e-polish.eu\/sklep\/wp-json\/wp\/v2\/types\/product"}],"replies":[{"embeddable":true,"href":"https:\/\/e-polish.eu\/sklep\/wp-json\/wp\/v2\/comments?post=13057"}],"wp:featuredmedia":[{"embeddable":true,"href":"https:\/\/e-polish.eu\/sklep\/wp-json\/wp\/v2\/media\/13873"}],"wp:attachment":[{"href":"https:\/\/e-polish.eu\/sklep\/wp-json\/wp\/v2\/media?parent=13057"}],"wp:term":[{"taxonomy":"product_brand","embeddable":true,"href":"https:\/\/e-polish.eu\/sklep\/wp-json\/wp\/v2\/product_brand?post=13057"},{"taxonomy":"product_cat","embeddable":true,"href":"https:\/\/e-polish.eu\/sklep\/wp-json\/wp\/v2\/product_cat?post=13057"},{"taxonomy":"product_tag","embeddable":true,"href":"https:\/\/e-polish.eu\/sklep\/wp-json\/wp\/v2\/product_tag?post=13057"}],"curies":[{"name":"wp","href":"https:\/\/api.w.org\/{rel}","templated":true}]}}