{"id":13217,"date":"2025-12-02T03:42:09","date_gmt":"2025-12-02T02:42:09","guid":{"rendered":"https:\/\/e-polish.eu\/sklep\/product\/polski-krok-po-kroku-1-go-plus-e-coursebook-5\/"},"modified":"2026-04-06T03:42:10","modified_gmt":"2026-04-06T01:42:10","slug":"polski-krok-po-kroku-1-go-plus-e-coursebook-5","status":"publish","type":"product","link":"https:\/\/e-polish.eu\/sklep\/ecoursebooki\/polski-krok-po-kroku-1-go-plus-e-coursebook-5\/","title":{"rendered":"POLSKI krok po kroku 1 GO! PLUS (e-coursebook)"},"content":{"rendered":"<p><span style=\"font-weight: 400;\">POLSKI krok po kroku 1 GO PLUS! to rozszerzona wersja <\/span><a href=\"https:\/\/e-polish.eu\/sklep\/ecoursebooki\/polski-krok-po-kroku-1-e-coursebook-go-nowa-platforma-e-coursebook-4\/\"><span style=\"font-weight: 400;\">e-coursebooka <\/span><i><span style=\"font-weight: 400;\">POLSKI krok po kroku 1 GO<\/span><\/i><\/a><span style=\"font-weight: 400;\"> , kt\u00f3ra zawiera:<\/span><\/p>\n<ul>\n<li style=\"list-style-type: none;\">\n<ul>\n<li style=\"font-weight: 400;\" aria-level=\"1\"><span style=\"font-weight: 400;\">wsparcie w wielu j\u0119zykach: polecenia i\u00a0 s\u0142ownictwo t\u0142umaczone s\u0105 na 8 j\u0119zyk\u00f3w,<\/span><\/li>\n<li style=\"font-weight: 400;\" aria-level=\"1\"><span style=\"font-weight: 400;\">interaktywne \u0107wiczenia z opcj\u0105 natychmiastowego sprawdzania odpowiedzi,<\/span><\/li>\n<li style=\"font-weight: 400;\" aria-level=\"1\"><span style=\"font-weight: 400;\">nagrania z transkrypcj\u0105,<\/span><\/li>\n<li style=\"font-weight: 400;\" aria-level=\"1\"><span style=\"font-weight: 400;\">dost\u0119p do s\u0142ownika multimedialnego,<\/span><\/li>\n<li style=\"font-weight: 400;\" aria-level=\"1\"><span style=\"font-weight: 400;\">lista s\u0142\u00f3wek do ka\u017cdej lekcji<\/span><\/li>\n<li style=\"font-weight: 400;\" aria-level=\"1\"><b>ponad 2400 dodatkowych \u0107wicze\u0144 i materia\u0142\u00f3w<\/b><\/li>\n<li style=\"font-weight: 400;\" aria-level=\"1\"><b>komentarze gramatyczne<\/b><\/li>\n<\/ul>\n<\/li>\n<\/ul>\n<p><span style=\"font-weight: 400;\">Dodatkowo dla nauczyciela:<\/span><\/p>\n<ul>\n<li aria-level=\"1\"><b>gry z publikacji <\/b><b><i>Gry i zabawy 1<\/i><\/b><\/li>\n<li aria-level=\"1\"><b>wskaz\u00f3wki metodyczne do ka\u017cdej lekcji<\/b><\/li>\n<\/ul>\n<hr class=\"\" data-start=\"199\" data-end=\"202\" \/>\n<h3 class=\"\" data-start=\"204\" data-end=\"237\">Dzia\u0142a na urz\u0105dzeniach mobilnych!<\/h3>\n<p>Platforma e-coursebook.eu zosta\u0142a zaprojektowana specjalnie z my\u015bl\u0105 o urz\u0105dzeniach mobilnych, oferuj\u0105c nowoczesny, intuicyjny interfejs dostosowany do smartfon\u00f3w i tablet\u00f3w. W ramach e-coursebooka \u0107wiczenia s\u0105 w pe\u0142ni mobilne i \u0142atwe w korzystaniu w dowolnym miejscu.<\/p>\n<hr class=\"\" data-start=\"199\" data-end=\"202\" \/>\n<h3 class=\"\" data-start=\"204\" data-end=\"237\">Dla kogo?<\/h3>\n<ul>\n<li><strong>dla uczni\u00f3w<\/strong> &#8211; kt\u00f3rzy chc\u0105 uczy\u0107 si\u0119 samodzielnie lub utrwala\u0107 materia\u0142 poznany na zaj\u0119ciach<\/li>\n<li><strong>dla nauczycieli<\/strong> &#8211; kt\u00f3rzy chc\u0105 prowadzi\u0107 ciekawe, interaktywne lekcje i mie\u0107 gotowe narz\u0119dzia do pracy z uczniami<\/li>\n<\/ul>\n<hr class=\"\" data-start=\"199\" data-end=\"202\" \/>\n<h3 class=\"\" data-start=\"204\" data-end=\"237\">Zarejestruj si\u0119<\/h3>\n<p>e-coursebook GO PLUS! dost\u0119pny jest na osobnej platformie: <strong>e-coursebook.eu<\/strong><\/p>\n<ul>\n<li style=\"font-weight: 400;\" aria-level=\"1\"><a href=\"http:\/\/uczen.e-coursebook.eu\">Za\u0142\u00f3\u017c konto ucznia<\/a><\/li>\n<li style=\"font-weight: 400;\" aria-level=\"1\"><a href=\"http:\/\/nauczyciel.e-coursebook.eu\">Za\u0142\u00f3\u017c konto nauczyciela<\/a><\/li>\n<\/ul>\n<p><span style=\"font-weight: 400;\">Instrukcja: <a href=\"https:\/\/drive.google.com\/file\/d\/1oAwSrIGKXP4VFqJ6DmKri7R6Xt3PEuJb\/view\">Jak si\u0119 zarejestrowa\u0107 i aktywowa\u0107 kod dost\u0119pu?<\/a><\/span><\/p>\n<p><b>Masz ju\u017c wersj\u0119 STANDARD?<\/b><br \/>\nZaloguj si\u0119 do swojego panelu e-coursebook, wejd\u017a do sklepu i wybierz e-coursebook w wersji rozszerzonej PLUS\u00a0 ze zni\u017ck\u0105!<\/p>\n<hr class=\"\" data-start=\"199\" data-end=\"202\" \/>\n<h3 class=\"\" data-start=\"204\" data-end=\"237\">Czas dost\u0119pu<\/h3>\n<p>Kod dost\u0119pu nale\u017cy aktywowa\u0107 w ci\u0105gu <strong>3 miesi\u0119cy<\/strong> od daty zakupu. Po aktywacji kodu, dost\u0119p jest wa\u017cny przez <strong>3 lata<\/strong>.<\/p>\n<p>| Iwona Stempek | Anna Stelmach | Sylwia Dawidek | Aneta Szymkiewicz<\/p>\n","protected":false},"excerpt":{"rendered":"<p>Wersja PLUS e-coursebooka <i><a href=\"https:\/\/e-polish.eu\/sklep\/ecoursebooki\/polski-krok-po-kroku-1-e-coursebook-go-nowa-platforma-e-coursebook-4\/\">POLSKI krok po kroku 1 GO<\/a><\/i> to nowoczesny, mobilny podr\u0119cznik interaktywny, wzbogacony o rozszerzone materia\u0142y.<\/p>\n<p>\u2705 Idealna na smartfony i tablety<br data-start=\"199\" data-end=\"202\" \/>\u2705 Dost\u0119p przez osobn\u0105 platform\u0119: e-coursebook.eu (nie na e-polish.eu)<\/p>\n<p>Po zakupie otrzymasz kod dost\u0119pu do aktywacji swojego podr\u0119cznika na <a href=\"https:\/\/e-coursebook.eu\/zaloguj-sie\/\" target=\"_blank\" rel=\"noopener\"><img loading=\"lazy\" decoding=\"async\" class=\"alignnone wp-image-10546 \" src=\"https:\/\/sklep.e-polish.eu\/wp-content\/uploads\/2025\/04\/ecoursebookeu_LOGO-podstawowe-poziome-1-300x69.png\" alt=\"\" width=\"161\" height=\"37\" srcset=\"https:\/\/e-polish.eu\/sklep\/wp-content\/uploads\/2025\/04\/ecoursebookeu_LOGO-podstawowe-poziome-1-300x69.png 300w, https:\/\/e-polish.eu\/sklep\/wp-content\/uploads\/2025\/04\/ecoursebookeu_LOGO-podstawowe-poziome-1-1024x237.png 1024w, https:\/\/e-polish.eu\/sklep\/wp-content\/uploads\/2025\/04\/ecoursebookeu_LOGO-podstawowe-poziome-1-768x178.png 768w, https:\/\/e-polish.eu\/sklep\/wp-content\/uploads\/2025\/04\/ecoursebookeu_LOGO-podstawowe-poziome-1-1536x355.png 1536w, https:\/\/e-polish.eu\/sklep\/wp-content\/uploads\/2025\/04\/ecoursebookeu_LOGO-podstawowe-poziome-1-96x22.png 96w, https:\/\/e-polish.eu\/sklep\/wp-content\/uploads\/2025\/04\/ecoursebookeu_LOGO-podstawowe-poziome-1-42x10.png 42w, https:\/\/e-polish.eu\/sklep\/wp-content\/uploads\/2025\/04\/ecoursebookeu_LOGO-podstawowe-poziome-1-1471x340.png 1471w, https:\/\/e-polish.eu\/sklep\/wp-content\/uploads\/2025\/04\/ecoursebookeu_LOGO-podstawowe-poziome-1-1280x296.png 1280w, https:\/\/e-polish.eu\/sklep\/wp-content\/uploads\/2025\/04\/ecoursebookeu_LOGO-podstawowe-poziome-1.png 2020w\" sizes=\"auto, (max-width: 161px) 100vw, 161px\" \/><\/a><\/p>\n[caption id=\"attachment_10597\" align=\"alignnone\" width=\"94\"]<img loading=\"lazy\" decoding=\"async\" class=\"wp-image-10597\" src=\"https:\/\/e-coursebook.eu\/wp-content\/uploads\/2025\/10\/121B3_qr_code-1.png\" alt=\"\" width=\"94\" height=\"93\" \/> <a href=\"https:\/\/start-pre-school.nvt-it.pl\/previews\/EX-jU8Rh\" target=\"_blank\" rel=\"noopener\">Zobacz przyk\u0142adowe \u0107wiczenie<\/a>[\/caption]\n<p>&nbsp;<\/p>\n<p>&nbsp;<\/p>\n","protected":false},"featured_media":13233,"comment_status":"open","ping_status":"closed","template":"","meta":{"_uag_custom_page_level_css":"","site-sidebar-layout":"default","site-content-layout":"","ast-site-content-layout":"default","site-content-style":"default","site-sidebar-style":"default","ast-global-header-display":"","ast-banner-title-visibility":"","ast-main-header-display":"","ast-hfb-above-header-display":"","ast-hfb-below-header-display":"","ast-hfb-mobile-header-display":"","site-post-title":"","ast-breadcrumbs-content":"","ast-featured-img":"","footer-sml-layout":"","ast-disable-related-posts":"","theme-transparent-header-meta":"default","adv-header-id-meta":"","stick-header-meta":"default","header-above-stick-meta":"","header-main-stick-meta":"","header-below-stick-meta":"","astra-migrate-meta-layouts":"set","ast-page-background-enabled":"default","ast-page-background-meta":{"desktop":{"background-color":"","background-image":"","background-repeat":"repeat","background-position":"center center","background-size":"auto","background-attachment":"scroll","background-type":"","background-media":"","overlay-type":"","overlay-color":"","overlay-opacity":"","overlay-gradient":""},"tablet":{"background-color":"","background-image":"","background-repeat":"repeat","background-position":"center center","background-size":"auto","background-attachment":"scroll","background-type":"","background-media":"","overlay-type":"","overlay-color":"","overlay-opacity":"","overlay-gradient":""},"mobile":{"background-color":"","background-image":"","background-repeat":"repeat","background-position":"center center","background-size":"auto","background-attachment":"scroll","background-type":"","background-media":"","overlay-type":"","overlay-color":"","overlay-opacity":"","overlay-gradient":""}},"ast-content-background-meta":{"desktop":{"background-color":"var(--ast-global-color-5)","background-image":"","background-repeat":"repeat","background-position":"center center","background-size":"auto","background-attachment":"scroll","background-type":"","background-media":"","overlay-type":"","overlay-color":"","overlay-opacity":"","overlay-gradient":""},"tablet":{"background-color":"var(--ast-global-color-5)","background-image":"","background-repeat":"repeat","background-position":"center center","background-size":"auto","background-attachment":"scroll","background-type":"","background-media":"","overlay-type":"","overlay-color":"","overlay-opacity":"","overlay-gradient":""},"mobile":{"background-color":"var(--ast-global-color-5)","background-image":"","background-repeat":"repeat","background-position":"center center","background-size":"auto","background-attachment":"scroll","background-type":"","background-media":"","overlay-type":"","overlay-color":"","overlay-opacity":"","overlay-gradient":""}}},"product_brand":[],"product_cat":[22,1933,1939,1633,19],"product_tag":[],"class_list":{"0":"post-13217","1":"product","2":"type-product","3":"status-publish","4":"has-post-thumbnail","6":"product_cat-ecoursebooki","7":"product_cat-e-coursebooki-go","8":"product_cat-e-coursebooks-go-pl","9":"product_cat-polski-krok-po-kroku","10":"product_cat-wszystkie-produkty","11":"desktop-align-center","12":"tablet-align-left","13":"mobile-align-left","14":"ast-product-gallery-layout-horizontal-slider","15":"ast-product-gallery-with-no-image","16":"ast-product-tabs-layout-horizontal","18":"first","19":"instock","20":"virtual","21":"taxable","22":"purchasable","23":"product-type-simple"},"aioseo_notices":[],"uagb_featured_image_src":{"full":["https:\/\/e-polish.eu\/sklep\/wp-content\/uploads\/shop-items\/epkpk1p-polski_krok_po_kroku_1_go_plus_e-coursebook.png",724,1024,false],"thumbnail":["https:\/\/e-polish.eu\/sklep\/wp-content\/uploads\/shop-items\/epkpk1p-polski_krok_po_kroku_1_go_plus_e-coursebook-150x150.png",150,150,true],"medium":["https:\/\/e-polish.eu\/sklep\/wp-content\/uploads\/shop-items\/epkpk1p-polski_krok_po_kroku_1_go_plus_e-coursebook-212x300.png",212,300,true],"medium_large":["https:\/\/e-polish.eu\/sklep\/wp-content\/uploads\/shop-items\/epkpk1p-polski_krok_po_kroku_1_go_plus_e-coursebook.png",724,1024,false],"large":["https:\/\/e-polish.eu\/sklep\/wp-content\/uploads\/shop-items\/epkpk1p-polski_krok_po_kroku_1_go_plus_e-coursebook.png",724,1024,false],"1536x1536":["https:\/\/e-polish.eu\/sklep\/wp-content\/uploads\/shop-items\/epkpk1p-polski_krok_po_kroku_1_go_plus_e-coursebook.png",724,1024,false],"2048x2048":["https:\/\/e-polish.eu\/sklep\/wp-content\/uploads\/shop-items\/epkpk1p-polski_krok_po_kroku_1_go_plus_e-coursebook.png",724,1024,false],"page-small":["https:\/\/e-polish.eu\/sklep\/wp-content\/uploads\/shop-items\/epkpk1p-polski_krok_po_kroku_1_go_plus_e-coursebook-210x297.png",210,297,true],"woocommerce_thumbnail":["https:\/\/e-polish.eu\/sklep\/wp-content\/uploads\/shop-items\/epkpk1p-polski_krok_po_kroku_1_go_plus_e-coursebook-300x424.png",300,424,true],"woocommerce_single":["https:\/\/e-polish.eu\/sklep\/wp-content\/uploads\/shop-items\/epkpk1p-polski_krok_po_kroku_1_go_plus_e-coursebook-300x424.png",300,424,true],"woocommerce_gallery_thumbnail":["https:\/\/e-polish.eu\/sklep\/wp-content\/uploads\/shop-items\/epkpk1p-polski_krok_po_kroku_1_go_plus_e-coursebook-100x100.png",100,100,true],"lws_wr_thumbnail":["https:\/\/e-polish.eu\/sklep\/wp-content\/uploads\/shop-items\/epkpk1p-polski_krok_po_kroku_1_go_plus_e-coursebook-68x96.png",68,96,true],"lws_wr_thumbnail_small":["https:\/\/e-polish.eu\/sklep\/wp-content\/uploads\/shop-items\/epkpk1p-polski_krok_po_kroku_1_go_plus_e-coursebook-30x42.png",30,42,true]},"uagb_author_info":{"display_name":"Marta Zawisza","author_link":"https:\/\/e-polish.eu\/sklep\/blog\/author\/"},"uagb_comment_info":0,"uagb_excerpt":"Wersja PLUS e-coursebooka POLSKI krok po kroku 1 GO to nowoczesny, mobilny podr\u0119cznik interaktywny, wzbogacony o rozszerzone materia\u0142y. \u2705 Idealna na smartfony i tablety\u2705 Dost\u0119p przez osobn\u0105 platform\u0119: e-coursebook.eu (nie na e-polish.eu) Po zakupie otrzymasz kod dost\u0119pu do aktywacji swojego podr\u0119cznika na [caption id=\"attachment_10597\" align=\"alignnone\" width=\"94\"] Zobacz przyk\u0142adowe \u0107wiczenie[\/caption] &nbsp; &nbsp;","_links":{"self":[{"href":"https:\/\/e-polish.eu\/sklep\/wp-json\/wp\/v2\/product\/13217","targetHints":{"allow":["GET"]}}],"collection":[{"href":"https:\/\/e-polish.eu\/sklep\/wp-json\/wp\/v2\/product"}],"about":[{"href":"https:\/\/e-polish.eu\/sklep\/wp-json\/wp\/v2\/types\/product"}],"replies":[{"embeddable":true,"href":"https:\/\/e-polish.eu\/sklep\/wp-json\/wp\/v2\/comments?post=13217"}],"wp:featuredmedia":[{"embeddable":true,"href":"https:\/\/e-polish.eu\/sklep\/wp-json\/wp\/v2\/media\/13233"}],"wp:attachment":[{"href":"https:\/\/e-polish.eu\/sklep\/wp-json\/wp\/v2\/media?parent=13217"}],"wp:term":[{"taxonomy":"product_brand","embeddable":true,"href":"https:\/\/e-polish.eu\/sklep\/wp-json\/wp\/v2\/product_brand?post=13217"},{"taxonomy":"product_cat","embeddable":true,"href":"https:\/\/e-polish.eu\/sklep\/wp-json\/wp\/v2\/product_cat?post=13217"},{"taxonomy":"product_tag","embeddable":true,"href":"https:\/\/e-polish.eu\/sklep\/wp-json\/wp\/v2\/product_tag?post=13217"}],"curies":[{"name":"wp","href":"https:\/\/api.w.org\/{rel}","templated":true}]}}