{"id":13827,"date":"2025-12-16T13:51:19","date_gmt":"2025-12-16T12:51:19","guid":{"rendered":"https:\/\/e-polish.eu\/sklep\/product\/poziom-a1-od-a-do-zet-tygodniowy-kurs-metodyczny-jpjo-w-krakowie\/"},"modified":"2026-04-07T15:52:03","modified_gmt":"2026-04-07T13:52:03","slug":"poziom-a1-od-a-do-zet-tygodniowy-kurs-metodyczny-jpjo-w-krakowie","status":"publish","type":"product","link":"https:\/\/e-polish.eu\/sklep\/en\/trainings\/poziom-a1-od-a-do-zet-tygodniowy-kurs-metodyczny-jpjo-w-krakowie\/","title":{"rendered":"Poziom A1 od A do Zet &#8211; intensywny kurs metodyczny jpjo w Krakowie"},"content":{"rendered":"<p>Szkolenie metodyczne dla nauczycieli rozpoczynaj\u0105cych swoj\u0105 przygod\u0119 z nauk\u0105 j\u0119zyka polskiego jako obcego, jak r\u00f3wnie\u017c dla tych, kt\u00f3rzy poszukuj\u0105 nowych rozwi\u0105za\u0144 i \u015bwie\u017cych pomys\u0142\u00f3w. Kurs zosta\u0142 przygotowany przez specjalist\u00f3w zajmuj\u0105cych si\u0119 od lat nauczaniem obcokrajowc\u00f3w oraz prowadzeniem warsztat\u00f3w dla nauczycieli.<\/p>\n<p>W programie szkolenia znajd\u0105 si\u0119 praktyczne porady, jak zacz\u0105\u0107 nauczanie i zaplanowa\u0107 kurs j\u0119zykowy na poziomie A1, wskaz\u00f3wki metodyczne, jak wprowadza\u0107 poszczeg\u00f3lne zagadnienia gramatyczne i leksykalne na poziomie podstawowym oraz zostanie zaprezentowany ca\u0142y szereg technik nauczania i \u0107wiczenia poszczeg\u00f3lnych sprawno\u015bci j\u0119zykowych. <b>Program obejmuje 30 godzin akademickich. W ramach kursu przewidziana jest r\u00f3wnie\u017c mo\u017cliwo\u015b\u0107 konsultacji indywidualnych.<\/b><\/p>\n<p>Lektorki prowadz\u0105ce szkolenie s\u0105 autorkami podr\u0119cznik\u00f3w, a tak\u017ce wielu gier i zada\u0144 j\u0119zykowych, dzi\u0119ki czemu na kursie nie zabraknie ciekawych pomys\u0142\u00f3w na rozmaite rozgrzewki oraz r\u00f3\u017cnorodne gry aktywizuj\u0105ce uczni\u00f3w, utrwalaj\u0105ce leksyk\u0119, u\u0142atwiaj\u0105ce automatyzacj\u0119 gramatyki czy doskonal\u0105ce sprawno\u015b\u0107 komunikacji.<\/p>\n<p><b>Szkolenie ma charakter praktyczny i warsztatowy,<\/b> b\u0119dzie prowadzone w oparciu o popularn\u0105 seri\u0119 podr\u0119cznik\u00f3w POLSKI krok po kroku, materia\u0142y dost\u0119pne na platformie e-polish.eu oraz autorskie pomys\u0142y prowadz\u0105cych. Zostan\u0105 zaprezentowane materia\u0142y zar\u00f3wno w tradycyjnej papierowej formie, jak i interaktywne materia\u0142y online.<\/p>\n<h1>Dlaczego na \u017cywo?<\/h1>\n<p>Inspiracj\u0105 do powrotu do kursu w wersji stacjonarnej s\u0105 ciesz\u0105ce si\u0119 du\u017c\u0105 popularno\u015bci\u0105 Kursy Metodyczne online prowadzone od 2023 roku.<\/p>\n<p>Mamy nadziej\u0119, \u017ce mo\u017cliwo\u015b\u0107 spotkania si\u0119 na \u017cywo i przeprowadzenia warsztat\u00f3w w prawdziwej sali lekcyjnej, pozwoli na jeszcze pe\u0142niejsze wykorzystanie potencja\u0142u tego kursu. Liczymy na to, \u017ce szkolenie na \u017cywo zaowocuje now\u0105 energi\u0105, motywuj\u0105c\u0105 wymian\u0105 do\u015bwiadcze\u0144, mo\u017cliwo\u015bci\u0105 zaprezentowania szerszego wachlarza gier i zada\u0144 j\u0119zykowych, a w dalszej perspektywie stworzeniem grupy nauczycieli, wspieraj\u0105cej si\u0119 w trudnych momentach nauczania jpjo.<\/p>\n","protected":false},"excerpt":{"rendered":"<p><strong>Prowadz\u0105cy:<\/strong> Iwona Stempek | Paulina Kuc | Joanna Stanek | Anna Stelmach<br \/><strong>Miejsce:<\/strong> Krak\u00f3w (Polska)<br \/><strong>Grupa:<\/strong> do 10 os\u00f3b<br \/><strong>Date:<\/strong> from 2026-06-15 to 2026-06-19<br \/><strong>Time:<\/strong> 09:00\u201315:00 (CEST\/Europa\/Warszawa)<\/p>\n","protected":false},"featured_media":13831,"comment_status":"open","ping_status":"closed","template":"","meta":{"_uag_custom_page_level_css":"","site-sidebar-layout":"default","site-content-layout":"","ast-site-content-layout":"default","site-content-style":"default","site-sidebar-style":"default","ast-global-header-display":"","ast-banner-title-visibility":"","ast-main-header-display":"","ast-hfb-above-header-display":"","ast-hfb-below-header-display":"","ast-hfb-mobile-header-display":"","site-post-title":"","ast-breadcrumbs-content":"","ast-featured-img":"","footer-sml-layout":"","ast-disable-related-posts":"","theme-transparent-header-meta":"default","adv-header-id-meta":"","stick-header-meta":"default","header-above-stick-meta":"","header-main-stick-meta":"","header-below-stick-meta":"","astra-migrate-meta-layouts":"set","ast-page-background-enabled":"default","ast-page-background-meta":{"desktop":{"background-color":"","background-image":"","background-repeat":"repeat","background-position":"center center","background-size":"auto","background-attachment":"scroll","background-type":"","background-media":"","overlay-type":"","overlay-color":"","overlay-opacity":"","overlay-gradient":""},"tablet":{"background-color":"","background-image":"","background-repeat":"repeat","background-position":"center center","background-size":"auto","background-attachment":"scroll","background-type":"","background-media":"","overlay-type":"","overlay-color":"","overlay-opacity":"","overlay-gradient":""},"mobile":{"background-color":"","background-image":"","background-repeat":"repeat","background-position":"center center","background-size":"auto","background-attachment":"scroll","background-type":"","background-media":"","overlay-type":"","overlay-color":"","overlay-opacity":"","overlay-gradient":""}},"ast-content-background-meta":{"desktop":{"background-color":"var(--ast-global-color-5)","background-image":"","background-repeat":"repeat","background-position":"center center","background-size":"auto","background-attachment":"scroll","background-type":"","background-media":"","overlay-type":"","overlay-color":"","overlay-opacity":"","overlay-gradient":""},"tablet":{"background-color":"var(--ast-global-color-5)","background-image":"","background-repeat":"repeat","background-position":"center center","background-size":"auto","background-attachment":"scroll","background-type":"","background-media":"","overlay-type":"","overlay-color":"","overlay-opacity":"","overlay-gradient":""},"mobile":{"background-color":"var(--ast-global-color-5)","background-image":"","background-repeat":"repeat","background-position":"center center","background-size":"auto","background-attachment":"scroll","background-type":"","background-media":"","overlay-type":"","overlay-color":"","overlay-opacity":"","overlay-gradient":""}}},"product_brand":[],"product_cat":[114,1582],"product_tag":[],"class_list":{"0":"post-13827","1":"product","2":"type-product","3":"status-publish","4":"has-post-thumbnail","6":"product_cat-all-products","7":"product_cat-trainings","8":"desktop-align-center","9":"tablet-align-left","10":"mobile-align-left","11":"ast-product-gallery-layout-horizontal-slider","12":"ast-product-gallery-with-no-image","13":"ast-product-tabs-layout-horizontal","15":"first","16":"instock","17":"virtual","18":"sold-individually","19":"taxable","20":"purchasable","21":"product-type-simple"},"aioseo_notices":[],"uagb_featured_image_src":{"full":["https:\/\/e-polish.eu\/sklep\/wp-content\/uploads\/shop-items\/km007-poziom_a1_od_a_do_zet_-_tygodniowy_kurs_metodyczny_jpjo_w_krakowie.png",420,595,false],"thumbnail":["https:\/\/e-polish.eu\/sklep\/wp-content\/uploads\/shop-items\/km007-poziom_a1_od_a_do_zet_-_tygodniowy_kurs_metodyczny_jpjo_w_krakowie-150x150.png",150,150,true],"medium":["https:\/\/e-polish.eu\/sklep\/wp-content\/uploads\/shop-items\/km007-poziom_a1_od_a_do_zet_-_tygodniowy_kurs_metodyczny_jpjo_w_krakowie-212x300.png",212,300,true],"medium_large":["https:\/\/e-polish.eu\/sklep\/wp-content\/uploads\/shop-items\/km007-poziom_a1_od_a_do_zet_-_tygodniowy_kurs_metodyczny_jpjo_w_krakowie.png",420,595,false],"large":["https:\/\/e-polish.eu\/sklep\/wp-content\/uploads\/shop-items\/km007-poziom_a1_od_a_do_zet_-_tygodniowy_kurs_metodyczny_jpjo_w_krakowie.png",420,595,false],"1536x1536":["https:\/\/e-polish.eu\/sklep\/wp-content\/uploads\/shop-items\/km007-poziom_a1_od_a_do_zet_-_tygodniowy_kurs_metodyczny_jpjo_w_krakowie.png",420,595,false],"2048x2048":["https:\/\/e-polish.eu\/sklep\/wp-content\/uploads\/shop-items\/km007-poziom_a1_od_a_do_zet_-_tygodniowy_kurs_metodyczny_jpjo_w_krakowie.png",420,595,false],"page-small":["https:\/\/e-polish.eu\/sklep\/wp-content\/uploads\/shop-items\/km007-poziom_a1_od_a_do_zet_-_tygodniowy_kurs_metodyczny_jpjo_w_krakowie-210x297.png",210,297,true],"woocommerce_thumbnail":["https:\/\/e-polish.eu\/sklep\/wp-content\/uploads\/shop-items\/km007-poziom_a1_od_a_do_zet_-_tygodniowy_kurs_metodyczny_jpjo_w_krakowie-300x425.png",300,425,true],"woocommerce_single":["https:\/\/e-polish.eu\/sklep\/wp-content\/uploads\/shop-items\/km007-poziom_a1_od_a_do_zet_-_tygodniowy_kurs_metodyczny_jpjo_w_krakowie-300x425.png",300,425,true],"woocommerce_gallery_thumbnail":["https:\/\/e-polish.eu\/sklep\/wp-content\/uploads\/shop-items\/km007-poziom_a1_od_a_do_zet_-_tygodniowy_kurs_metodyczny_jpjo_w_krakowie-100x100.png",100,100,true],"lws_wr_thumbnail":["https:\/\/e-polish.eu\/sklep\/wp-content\/uploads\/shop-items\/km007-poziom_a1_od_a_do_zet_-_tygodniowy_kurs_metodyczny_jpjo_w_krakowie-68x96.png",68,96,true],"lws_wr_thumbnail_small":["https:\/\/e-polish.eu\/sklep\/wp-content\/uploads\/shop-items\/km007-poziom_a1_od_a_do_zet_-_tygodniowy_kurs_metodyczny_jpjo_w_krakowie-30x42.png",30,42,true]},"uagb_author_info":{"display_name":"Marta Zawisza","author_link":"https:\/\/e-polish.eu\/sklep\/blog\/author\/"},"uagb_comment_info":0,"uagb_excerpt":"Prowadz\u0105cy: Iwona Stempek | Paulina Kuc | Joanna Stanek | Anna StelmachMiejsce: Krak\u00f3w (Polska)Grupa: do 10 os\u00f3bDate: from 2026-06-15 to 2026-06-19Time: 09:00\u201315:00 (CEST\/Europa\/Warszawa)","_links":{"self":[{"href":"https:\/\/e-polish.eu\/sklep\/wp-json\/wp\/v2\/product\/13827","targetHints":{"allow":["GET"]}}],"collection":[{"href":"https:\/\/e-polish.eu\/sklep\/wp-json\/wp\/v2\/product"}],"about":[{"href":"https:\/\/e-polish.eu\/sklep\/wp-json\/wp\/v2\/types\/product"}],"replies":[{"embeddable":true,"href":"https:\/\/e-polish.eu\/sklep\/wp-json\/wp\/v2\/comments?post=13827"}],"wp:featuredmedia":[{"embeddable":true,"href":"https:\/\/e-polish.eu\/sklep\/wp-json\/wp\/v2\/media\/13831"}],"wp:attachment":[{"href":"https:\/\/e-polish.eu\/sklep\/wp-json\/wp\/v2\/media?parent=13827"}],"wp:term":[{"taxonomy":"product_brand","embeddable":true,"href":"https:\/\/e-polish.eu\/sklep\/wp-json\/wp\/v2\/product_brand?post=13827"},{"taxonomy":"product_cat","embeddable":true,"href":"https:\/\/e-polish.eu\/sklep\/wp-json\/wp\/v2\/product_cat?post=13827"},{"taxonomy":"product_tag","embeddable":true,"href":"https:\/\/e-polish.eu\/sklep\/wp-json\/wp\/v2\/product_tag?post=13827"}],"curies":[{"name":"wp","href":"https:\/\/api.w.org\/{rel}","templated":true}]}}