{"id":14,"date":"2024-01-17T15:23:14","date_gmt":"2024-01-17T15:23:14","guid":{"rendered":"https:\/\/e-polish.eu\/sklep?post_type=product&#038;p=14"},"modified":"2026-04-05T03:42:10","modified_gmt":"2026-04-05T01:42:10","slug":"polski-krok-po-kroku-podrecznik-czesc-1","status":"publish","type":"product","link":"https:\/\/e-polish.eu\/sklep\/ksiazki\/polski-krok-po-kroku-podrecznik-czesc-1\/","title":{"rendered":"POLSKI krok po kroku 1"},"content":{"rendered":"<p><span class=\"fontstyle0\">Podr\u0119cznik krok po kroku wprowadza rozpoczynaj\u0105cego nauk\u0119 studenta w tajniki polskiej mowy. Napisany wy\u0142\u0105cznie po polsku, by od razu zanurzy\u0107 go w nowym j\u0119zyku. Przemy\u015blana konstrukcja dialog\u00f3w i tekst\u00f3w, kt\u00f3rych bohaterowie wyja\u015bniaj\u0105 poszczeg\u00f3lne s\u0142owa i zwroty, a tak\u017ce \u015bwietna grafika ilustruj\u0105ca teksty i \u0107wiczenia sprawiaj\u0105, \u017ce ucz\u0105cy si\u0119 szybko podejmuje wyzwanie pos\u0142ugiwania si\u0119 na zaj\u0119ciach wy\u0142\u0105cznie j\u0119zykiem polskim. Wprowadzane w kontek\u015bcie zagadnienia gramatyczne, przejrzyste i usystematyzowane tabele oraz r\u00f3\u017cnorodno\u015b\u0107 \u0107wicze\u0144 pozwol\u0105 studentowi oswoi\u0107 nie\u0142atw\u0105 gramatyk\u0119 polsk\u0105 w praktyce. Zamiast \u017cmudnych odmian \u2013 propozycje dialog\u00f3w i zada\u0144 komunikacyjnych. Bogactwo leksyki i obrazowe zestawienia tematyczne od pierwszych rozdzia\u0142\u00f3w buduj\u0105 poka\u017any zas\u00f3b s\u0142\u00f3w, a tym samym poczucie pewno\u015bci siebie \u2013 klucz do swobodnej komunikacji.<\/span><\/p>\n<blockquote><p><strong><i>Studenci szybko zaczynaj\u0105 m\u00f3wi\u0107 i my\u015ble\u0107 po polsku<\/i><\/strong><\/p><\/blockquote>\n<p><img loading=\"lazy\" decoding=\"async\" class=\"size-full wp-image-3930 alignleft\" src=\"https:\/\/e-polish.eu\/sklep\/wp-content\/uploads\/2024\/04\/dzwiek_ok.png\" alt=\"\" width=\"70\" height=\"58\" \/>Podr\u0119cznik zawiera ponad 200 minut nagra\u0144 w formacie mp3 (<a href=\"https:\/\/e-polish.eu\/recordings\/pkpk1\">do pobrania na e-polish.eu<\/a>). Warto tu nadmieni\u0107, \u017ce naturalny i wsp\u00f3\u0142czesny j\u0119zyk dialog\u00f3w to niew\u0105tpliwy atut ca\u0142ej serii \u201ePOLSKI krok po kroku\u201d. Dodatkowo nagrania te mog\u0105 stanowi\u0107 baz\u0119 inspiruj\u0105c\u0105 nauczycieli do konstruowania swoich w\u0142asnych materia\u0142\u00f3w.<\/p>\n<p><img loading=\"lazy\" decoding=\"async\" class=\"size-full wp-image-3931 alignleft\" src=\"https:\/\/e-polish.eu\/sklep\/wp-content\/uploads\/2024\/04\/e-coursebook_ok.png\" alt=\"\" width=\"70\" height=\"58\" \/>Podr\u0119cznik dost\u0119pny jest tak\u017ce w <b>interaktywnej wersji <a href=\"https:\/\/e-polish.eu\/sklep\/product\/polski-krok-po-kroku-e-coursebook\/\">e-coursebook<\/a><\/b>.<\/p>\n<p>ISBN 978-83-930731-0-8| Iwona Stempek | Anna Stelmach | Sylwia Dawidek | Aneta Szymkiewicz<\/p>\n","protected":false},"excerpt":{"rendered":"<p><span class=\"fontstyle0\">Podr\u0119cznik krok po kroku wprowadza rozpoczynaj\u0105cego nauk\u0119 studenta w tajniki polskiej mowy. Napisany wy\u0142\u0105cznie po polsku, by od razu zanurzy\u0107 go w nowym j\u0119zyku. Przemy\u015blana konstrukcja dialog\u00f3w i tekst\u00f3w, kt\u00f3rych bohaterowie wyja\u015bniaj\u0105 poszczeg\u00f3lne s\u0142owa i zwroty, a tak\u017ce \u015bwietna grafika ilustruj\u0105ca teksty i \u0107wiczenia sprawiaj\u0105, \u017ce ucz\u0105cy si\u0119 szybko podejmuje wyzwanie pos\u0142ugiwania si\u0119 na zaj\u0119ciach wy\u0142\u0105cznie j\u0119zykiem polskim.\u00a0<\/span><\/p>\n<p><a href=\"https:\/\/e-polish.eu\/sklep\/seria-podrecznikow-do-jezyka-polskiego-dla-doroslych-polski-krok-po-kroku\/\"><img loading=\"lazy\" decoding=\"async\" class=\"alignnone size-full wp-image-3934\" src=\"https:\/\/e-polish.eu\/sklep\/wp-content\/uploads\/2024\/04\/logo_pkpk.png\" alt=\"\" width=\"200\" height=\"73\" \/><\/a><\/p>\n","protected":false},"featured_media":4247,"comment_status":"open","ping_status":"closed","template":"","meta":{"_uag_custom_page_level_css":"","site-sidebar-layout":"default","site-content-layout":"","ast-site-content-layout":"default","site-content-style":"default","site-sidebar-style":"default","ast-global-header-display":"","ast-banner-title-visibility":"","ast-main-header-display":"","ast-hfb-above-header-display":"","ast-hfb-below-header-display":"","ast-hfb-mobile-header-display":"","site-post-title":"","ast-breadcrumbs-content":"","ast-featured-img":"","footer-sml-layout":"","ast-disable-related-posts":"","theme-transparent-header-meta":"default","adv-header-id-meta":"","stick-header-meta":"default","header-above-stick-meta":"","header-main-stick-meta":"","header-below-stick-meta":"","astra-migrate-meta-layouts":"set","ast-page-background-enabled":"default","ast-page-background-meta":{"desktop":{"background-color":"","background-image":"","background-repeat":"repeat","background-position":"center center","background-size":"auto","background-attachment":"scroll","background-type":"","background-media":"","overlay-type":"","overlay-color":"","overlay-opacity":"","overlay-gradient":""},"tablet":{"background-color":"","background-image":"","background-repeat":"repeat","background-position":"center center","background-size":"auto","background-attachment":"scroll","background-type":"","background-media":"","overlay-type":"","overlay-color":"","overlay-opacity":"","overlay-gradient":""},"mobile":{"background-color":"","background-image":"","background-repeat":"repeat","background-position":"center center","background-size":"auto","background-attachment":"scroll","background-type":"","background-media":"","overlay-type":"","overlay-color":"","overlay-opacity":"","overlay-gradient":""}},"ast-content-background-meta":{"desktop":{"background-color":"var(--ast-global-color-5)","background-image":"","background-repeat":"repeat","background-position":"center center","background-size":"auto","background-attachment":"scroll","background-type":"","background-media":"","overlay-type":"","overlay-color":"","overlay-opacity":"","overlay-gradient":""},"tablet":{"background-color":"var(--ast-global-color-5)","background-image":"","background-repeat":"repeat","background-position":"center center","background-size":"auto","background-attachment":"scroll","background-type":"","background-media":"","overlay-type":"","overlay-color":"","overlay-opacity":"","overlay-gradient":""},"mobile":{"background-color":"var(--ast-global-color-5)","background-image":"","background-repeat":"repeat","background-position":"center center","background-size":"auto","background-attachment":"scroll","background-type":"","background-media":"","overlay-type":"","overlay-color":"","overlay-opacity":"","overlay-gradient":""}}},"product_brand":[],"product_cat":[69,1633,19],"product_tag":[],"class_list":{"0":"post-14","1":"product","2":"type-product","3":"status-publish","4":"has-post-thumbnail","6":"product_cat-ksiazki","7":"product_cat-polski-krok-po-kroku","8":"product_cat-wszystkie-produkty","9":"product_series-polski-krok-po-kroku","10":"desktop-align-center","11":"tablet-align-left","12":"mobile-align-left","13":"ast-product-gallery-layout-horizontal-slider","14":"ast-product-tabs-layout-horizontal","16":"first","17":"instock","18":"featured","19":"taxable","20":"shipping-taxable","21":"purchasable","22":"product-type-simple"},"aioseo_notices":[],"uagb_featured_image_src":{"full":["https:\/\/e-polish.eu\/sklep\/wp-content\/uploads\/shop-items\/0-polski_krok_po_kroku_1",1000,1415,false],"thumbnail":["https:\/\/e-polish.eu\/sklep\/wp-content\/uploads\/shop-items\/0-polski_krok_po_kroku_1-150x150.",150,150,true],"medium":["https:\/\/e-polish.eu\/sklep\/wp-content\/uploads\/shop-items\/0-polski_krok_po_kroku_1-212x300.",212,300,true],"medium_large":["https:\/\/e-polish.eu\/sklep\/wp-content\/uploads\/shop-items\/0-polski_krok_po_kroku_1-768x1087.",768,1087,true],"large":["https:\/\/e-polish.eu\/sklep\/wp-content\/uploads\/shop-items\/0-polski_krok_po_kroku_1-724x1024.",724,1024,true],"1536x1536":["https:\/\/e-polish.eu\/sklep\/wp-content\/uploads\/shop-items\/0-polski_krok_po_kroku_1",1000,1415,false],"2048x2048":["https:\/\/e-polish.eu\/sklep\/wp-content\/uploads\/shop-items\/0-polski_krok_po_kroku_1",1000,1415,false],"page-small":["https:\/\/e-polish.eu\/sklep\/wp-content\/uploads\/shop-items\/0-polski_krok_po_kroku_1-210x297.",210,297,true],"woocommerce_thumbnail":["https:\/\/e-polish.eu\/sklep\/wp-content\/uploads\/shop-items\/0-polski_krok_po_kroku_1-300x425.",300,425,true],"woocommerce_single":["https:\/\/e-polish.eu\/sklep\/wp-content\/uploads\/shop-items\/0-polski_krok_po_kroku_1-300x425.",300,425,true],"woocommerce_gallery_thumbnail":["https:\/\/e-polish.eu\/sklep\/wp-content\/uploads\/shop-items\/0-polski_krok_po_kroku_1-100x100.",100,100,true],"lws_wr_thumbnail":["https:\/\/e-polish.eu\/sklep\/wp-content\/uploads\/shop-items\/0-polski_krok_po_kroku_1",68,96,false],"lws_wr_thumbnail_small":["https:\/\/e-polish.eu\/sklep\/wp-content\/uploads\/shop-items\/0-polski_krok_po_kroku_1",30,42,false]},"uagb_author_info":{"display_name":"artur","author_link":"https:\/\/e-polish.eu\/sklep\/blog\/author\/"},"uagb_comment_info":98,"uagb_excerpt":"Podr\u0119cznik krok po kroku wprowadza rozpoczynaj\u0105cego nauk\u0119 studenta w tajniki polskiej mowy. Napisany wy\u0142\u0105cznie po polsku, by od razu zanurzy\u0107 go w nowym j\u0119zyku. Przemy\u015blana konstrukcja dialog\u00f3w i tekst\u00f3w, kt\u00f3rych bohaterowie wyja\u015bniaj\u0105 poszczeg\u00f3lne s\u0142owa i zwroty, a tak\u017ce \u015bwietna grafika ilustruj\u0105ca teksty i \u0107wiczenia sprawiaj\u0105, \u017ce ucz\u0105cy si\u0119 szybko podejmuje wyzwanie pos\u0142ugiwania si\u0119 na zaj\u0119ciach&hellip;","_links":{"self":[{"href":"https:\/\/e-polish.eu\/sklep\/wp-json\/wp\/v2\/product\/14","targetHints":{"allow":["GET"]}}],"collection":[{"href":"https:\/\/e-polish.eu\/sklep\/wp-json\/wp\/v2\/product"}],"about":[{"href":"https:\/\/e-polish.eu\/sklep\/wp-json\/wp\/v2\/types\/product"}],"replies":[{"embeddable":true,"href":"https:\/\/e-polish.eu\/sklep\/wp-json\/wp\/v2\/comments?post=14"}],"wp:featuredmedia":[{"embeddable":true,"href":"https:\/\/e-polish.eu\/sklep\/wp-json\/wp\/v2\/media\/4247"}],"wp:attachment":[{"href":"https:\/\/e-polish.eu\/sklep\/wp-json\/wp\/v2\/media?parent=14"}],"wp:term":[{"taxonomy":"product_brand","embeddable":true,"href":"https:\/\/e-polish.eu\/sklep\/wp-json\/wp\/v2\/product_brand?post=14"},{"taxonomy":"product_cat","embeddable":true,"href":"https:\/\/e-polish.eu\/sklep\/wp-json\/wp\/v2\/product_cat?post=14"},{"taxonomy":"product_tag","embeddable":true,"href":"https:\/\/e-polish.eu\/sklep\/wp-json\/wp\/v2\/product_tag?post=14"}],"curies":[{"name":"wp","href":"https:\/\/api.w.org\/{rel}","templated":true}]}}