{"id":14151,"date":"2026-01-20T11:43:47","date_gmt":"2026-01-20T10:43:47","guid":{"rendered":"https:\/\/e-polish.eu\/sklep\/product\/warsztaty-metodyczne-jpjo-i-premiera-nowej-edycji-polski-krok-po-kroku-1-i-czytaj-krok-po-kroku-5\/"},"modified":"2026-03-23T11:49:42","modified_gmt":"2026-03-23T10:49:42","slug":"warsztaty-metodyczne-jpjo-i-premiera-nowej-edycji-polski-krok-po-kroku-1-i-czytaj-krok-po-kroku-5","status":"publish","type":"product","link":"https:\/\/e-polish.eu\/sklep\/en\/trainings\/warsztaty-metodyczne-jpjo-i-premiera-nowej-edycji-polski-krok-po-kroku-1-i-czytaj-krok-po-kroku-5\/","title":{"rendered":"Warsztaty metodyczne jpjo i premiera nowej edycji \u201ePOLSKI krok po kroku 1\u201d i \u201eCZYTAJ krok po kroku 5\u201d"},"content":{"rendered":"<p>Zapraszamy na wyj\u0105tkowe warsztaty metodyczne, podczas kt\u00f3rych odb\u0119dzie si\u0119 r\u00f3wnie\u017c premiera nowo\u015bci wydawniczych:<\/p>\n<ol>\n<li>Nowej edycji podr\u0119cznika \u201ePOLSKI krok po kroku 1\u201d<\/li>\n<li>Nowego tomu opowiada\u0144 \u201eCZYTAJ krok po kroku 5\u201d<\/li>\n<\/ol>\n<p>Sesje szkoleniowe i premier\u0119 poprowadz\u0105 autorki powy\u017cszych publikacji.<\/p>\n<p>W programie przewidziano: poka\u017an\u0105 dawk\u0119 praktycznej wiedzy, du\u017co pomys\u0142\u00f3w i gotowych rozwi\u0105za\u0144 na lekcje, inspiracje na innowacyjne, a zarazem skuteczne prowadzenie zaj\u0119\u0107 i&#8230; mn\u00f3stwo dobrej zabawy!<\/p>\n<h2>Program warsztat\u00f3w:<\/h2>\n<table class=\"harmonogram\">\n<tbody>\n<tr>\n<td>09:30\u201110:00<\/td>\n<td>REJESTRACJA I POWITANIE UCZESTNIK\u00d3W<\/td>\n<\/tr>\n<tr>\n<td>10:00\u201111:30<\/td>\n<td><strong>Prezentacja nowo\u015bci: wersja interaktywna i mobilna, nowe tre\u015bci, nowa szata graficzna<br \/>\ni\u2026 praca nad podr\u0119cznikiem od kuchni<\/strong> Iwona Stempek, Anna Stelmach, Joanna Czy\u017c, Tomasz Stempek (prezentacja)<\/td>\n<\/tr>\n<tr>\n<td>11:30\u201111:45<\/td>\n<td>PRZERWA<\/td>\n<\/tr>\n<tr>\n<td>11:45\u201113:15<\/td>\n<td><strong>GRAFIKA W ROLI G\u0141\u00d3WNEJ. Jak tworzy\u0107 anga\u017cuj\u0105ce lekcje w oparciu o obrazki, zdj\u0119cia, rysunki\u2026\u00a0<\/strong>Iwona Stempek (warsztat)<\/td>\n<\/tr>\n<tr>\n<td>13:15\u201113:45<\/td>\n<td>PRZERWA<\/td>\n<\/tr>\n<tr>\n<td>13:45\u201115:15<\/td>\n<td><strong>ROZEBRA\u0106 TEKST DO ROSO\u0141U. Jak pracowa\u0107 z dialogami z podr\u0119cznika &#8222;POLSKI krok po kroku 1&#8221;?\u00a0<\/strong>Paulina Kuc (warsztat)<\/td>\n<\/tr>\n<tr>\n<td>15:15\u201115:30<\/td>\n<td>PRZERWA<\/td>\n<\/tr>\n<tr>\n<td>15:30\u201116:00<\/td>\n<td>SESJA PYTA\u0143 I ODPOWIEDZI I ROZDANIE CERTYFIKAT\u00d3W<\/td>\n<\/tr>\n<\/tbody>\n<\/table>\n","protected":false},"excerpt":{"rendered":"<p><strong>Prowadz\u0105cy:<\/strong> Iwona Stempek | Anna Stelmach | Paulina Kuc<br \/>\n<strong>Miejsce:<\/strong> Krak\u00f3w<br \/>\n<strong>Grupa:<\/strong> do 50 os\u00f3b<br \/>\n<strong>Date:<\/strong> 2026-03-21<br \/>\n<strong>Time:<\/strong> 10:00\u201316:00 (CEST\/Europa\/Warszawa)<\/p>\n","protected":false},"featured_media":14152,"comment_status":"open","ping_status":"closed","template":"","meta":{"_uag_custom_page_level_css":"","site-sidebar-layout":"default","site-content-layout":"","ast-site-content-layout":"default","site-content-style":"default","site-sidebar-style":"default","ast-global-header-display":"","ast-banner-title-visibility":"","ast-main-header-display":"","ast-hfb-above-header-display":"","ast-hfb-below-header-display":"","ast-hfb-mobile-header-display":"","site-post-title":"","ast-breadcrumbs-content":"","ast-featured-img":"","footer-sml-layout":"","ast-disable-related-posts":"","theme-transparent-header-meta":"default","adv-header-id-meta":"","stick-header-meta":"default","header-above-stick-meta":"","header-main-stick-meta":"","header-below-stick-meta":"","astra-migrate-meta-layouts":"set","ast-page-background-enabled":"default","ast-page-background-meta":{"desktop":{"background-color":"","background-image":"","background-repeat":"repeat","background-position":"center center","background-size":"auto","background-attachment":"scroll","background-type":"","background-media":"","overlay-type":"","overlay-color":"","overlay-opacity":"","overlay-gradient":""},"tablet":{"background-color":"","background-image":"","background-repeat":"repeat","background-position":"center center","background-size":"auto","background-attachment":"scroll","background-type":"","background-media":"","overlay-type":"","overlay-color":"","overlay-opacity":"","overlay-gradient":""},"mobile":{"background-color":"","background-image":"","background-repeat":"repeat","background-position":"center center","background-size":"auto","background-attachment":"scroll","background-type":"","background-media":"","overlay-type":"","overlay-color":"","overlay-opacity":"","overlay-gradient":""}},"ast-content-background-meta":{"desktop":{"background-color":"var(--ast-global-color-5)","background-image":"","background-repeat":"repeat","background-position":"center center","background-size":"auto","background-attachment":"scroll","background-type":"","background-media":"","overlay-type":"","overlay-color":"","overlay-opacity":"","overlay-gradient":""},"tablet":{"background-color":"var(--ast-global-color-5)","background-image":"","background-repeat":"repeat","background-position":"center center","background-size":"auto","background-attachment":"scroll","background-type":"","background-media":"","overlay-type":"","overlay-color":"","overlay-opacity":"","overlay-gradient":""},"mobile":{"background-color":"var(--ast-global-color-5)","background-image":"","background-repeat":"repeat","background-position":"center center","background-size":"auto","background-attachment":"scroll","background-type":"","background-media":"","overlay-type":"","overlay-color":"","overlay-opacity":"","overlay-gradient":""}}},"product_brand":[],"product_cat":[114,1582,4236],"product_tag":[],"class_list":{"0":"post-14151","1":"product","2":"type-product","3":"status-publish","4":"has-post-thumbnail","6":"product_cat-all-products","7":"product_cat-trainings","8":"product_cat-warsztaty-metodyczne","9":"desktop-align-center","10":"tablet-align-left","11":"mobile-align-left","12":"ast-product-gallery-layout-horizontal-slider","13":"ast-product-gallery-with-no-image","14":"ast-product-tabs-layout-horizontal","16":"first","17":"outofstock","18":"virtual","19":"sold-individually","20":"taxable","21":"purchasable","22":"product-type-simple"},"aioseo_notices":[],"uagb_featured_image_src":{"full":["https:\/\/e-polish.eu\/sklep\/wp-content\/uploads\/shop-items\/pr003-warsztaty_metodyczne_jpjo_i_premiera_nowej_edycji_polski_krok_po_kroku_1_i_czytaj_krok_po_kroku_5.png",420,595,false],"thumbnail":["https:\/\/e-polish.eu\/sklep\/wp-content\/uploads\/shop-items\/pr003-warsztaty_metodyczne_jpjo_i_premiera_nowej_edycji_polski_krok_po_kroku_1_i_czytaj_krok_po_kroku_5-150x150.png",150,150,true],"medium":["https:\/\/e-polish.eu\/sklep\/wp-content\/uploads\/shop-items\/pr003-warsztaty_metodyczne_jpjo_i_premiera_nowej_edycji_polski_krok_po_kroku_1_i_czytaj_krok_po_kroku_5-212x300.png",212,300,true],"medium_large":["https:\/\/e-polish.eu\/sklep\/wp-content\/uploads\/shop-items\/pr003-warsztaty_metodyczne_jpjo_i_premiera_nowej_edycji_polski_krok_po_kroku_1_i_czytaj_krok_po_kroku_5.png",420,595,false],"large":["https:\/\/e-polish.eu\/sklep\/wp-content\/uploads\/shop-items\/pr003-warsztaty_metodyczne_jpjo_i_premiera_nowej_edycji_polski_krok_po_kroku_1_i_czytaj_krok_po_kroku_5.png",420,595,false],"1536x1536":["https:\/\/e-polish.eu\/sklep\/wp-content\/uploads\/shop-items\/pr003-warsztaty_metodyczne_jpjo_i_premiera_nowej_edycji_polski_krok_po_kroku_1_i_czytaj_krok_po_kroku_5.png",420,595,false],"2048x2048":["https:\/\/e-polish.eu\/sklep\/wp-content\/uploads\/shop-items\/pr003-warsztaty_metodyczne_jpjo_i_premiera_nowej_edycji_polski_krok_po_kroku_1_i_czytaj_krok_po_kroku_5.png",420,595,false],"page-small":["https:\/\/e-polish.eu\/sklep\/wp-content\/uploads\/shop-items\/pr003-warsztaty_metodyczne_jpjo_i_premiera_nowej_edycji_polski_krok_po_kroku_1_i_czytaj_krok_po_kroku_5-210x297.png",210,297,true],"woocommerce_thumbnail":["https:\/\/e-polish.eu\/sklep\/wp-content\/uploads\/shop-items\/pr003-warsztaty_metodyczne_jpjo_i_premiera_nowej_edycji_polski_krok_po_kroku_1_i_czytaj_krok_po_kroku_5-300x425.png",300,425,true],"woocommerce_single":["https:\/\/e-polish.eu\/sklep\/wp-content\/uploads\/shop-items\/pr003-warsztaty_metodyczne_jpjo_i_premiera_nowej_edycji_polski_krok_po_kroku_1_i_czytaj_krok_po_kroku_5-300x425.png",300,425,true],"woocommerce_gallery_thumbnail":["https:\/\/e-polish.eu\/sklep\/wp-content\/uploads\/shop-items\/pr003-warsztaty_metodyczne_jpjo_i_premiera_nowej_edycji_polski_krok_po_kroku_1_i_czytaj_krok_po_kroku_5-100x100.png",100,100,true],"lws_wr_thumbnail":["https:\/\/e-polish.eu\/sklep\/wp-content\/uploads\/shop-items\/pr003-warsztaty_metodyczne_jpjo_i_premiera_nowej_edycji_polski_krok_po_kroku_1_i_czytaj_krok_po_kroku_5-68x96.png",68,96,true],"lws_wr_thumbnail_small":["https:\/\/e-polish.eu\/sklep\/wp-content\/uploads\/shop-items\/pr003-warsztaty_metodyczne_jpjo_i_premiera_nowej_edycji_polski_krok_po_kroku_1_i_czytaj_krok_po_kroku_5-30x42.png",30,42,true]},"uagb_author_info":{"display_name":"Marta Zawisza","author_link":"https:\/\/e-polish.eu\/sklep\/blog\/author\/"},"uagb_comment_info":0,"uagb_excerpt":"Prowadz\u0105cy: Iwona Stempek | Anna Stelmach | Paulina Kuc Miejsce: Krak\u00f3w Grupa: do 50 os\u00f3b Date: 2026-03-21 Time: 10:00\u201316:00 (CEST\/Europa\/Warszawa)","_links":{"self":[{"href":"https:\/\/e-polish.eu\/sklep\/wp-json\/wp\/v2\/product\/14151","targetHints":{"allow":["GET"]}}],"collection":[{"href":"https:\/\/e-polish.eu\/sklep\/wp-json\/wp\/v2\/product"}],"about":[{"href":"https:\/\/e-polish.eu\/sklep\/wp-json\/wp\/v2\/types\/product"}],"replies":[{"embeddable":true,"href":"https:\/\/e-polish.eu\/sklep\/wp-json\/wp\/v2\/comments?post=14151"}],"wp:featuredmedia":[{"embeddable":true,"href":"https:\/\/e-polish.eu\/sklep\/wp-json\/wp\/v2\/media\/14152"}],"wp:attachment":[{"href":"https:\/\/e-polish.eu\/sklep\/wp-json\/wp\/v2\/media?parent=14151"}],"wp:term":[{"taxonomy":"product_brand","embeddable":true,"href":"https:\/\/e-polish.eu\/sklep\/wp-json\/wp\/v2\/product_brand?post=14151"},{"taxonomy":"product_cat","embeddable":true,"href":"https:\/\/e-polish.eu\/sklep\/wp-json\/wp\/v2\/product_cat?post=14151"},{"taxonomy":"product_tag","embeddable":true,"href":"https:\/\/e-polish.eu\/sklep\/wp-json\/wp\/v2\/product_tag?post=14151"}],"curies":[{"name":"wp","href":"https:\/\/api.w.org\/{rel}","templated":true}]}}