{"id":14832,"date":"2026-03-19T11:11:43","date_gmt":"2026-03-19T10:11:43","guid":{"rendered":"https:\/\/e-polish.eu\/sklep\/product\/polski-krok-po-kroku-1-ne-2\/"},"modified":"2026-04-10T03:42:10","modified_gmt":"2026-04-10T01:42:10","slug":"polski-krok-po-kroku-1-ne-2","status":"publish","type":"product","link":"https:\/\/e-polish.eu\/sklep\/ksiazki\/polski-krok-po-kroku-1-ne-2\/","title":{"rendered":"POLSKI krok po kroku 1 NE"},"content":{"rendered":"<h1>Podr\u0119cznik w sprzeda\u017cy od 14 kwietnia 2026.<\/h1>\n<p>Podr\u0119cznik krok po kroku wprowadza rozpoczynaj\u0105cego nauk\u0119 studenta w tajniki polskiej mowy. Napisany wy\u0142\u0105cznie po polsku, by od razu zanurzy\u0107 go w nowym j\u0119zyku. Przemy\u015blana konstrukcja dialog\u00f3w i tekst\u00f3w, kt\u00f3rych bohaterowie wyja\u015bniaj\u0105 poszczeg\u00f3lne s\u0142owa i zwroty, a tak\u017ce \u015bwietna grafika ilustruj\u0105ca teksty i \u0107wiczenia sprawiaj\u0105, \u017ce ucz\u0105cy si\u0119 szybko podejmuje wyzwanie pos\u0142ugiwania si\u0119 na zaj\u0119ciach wy\u0142\u0105cznie j\u0119zykiem polskim. Wprowadzane w kontek\u015bcie zagadnienia gramatyczne, przejrzyste i usystematyzowane tabele oraz r\u00f3\u017cnorodno\u015b\u0107 \u0107wicze\u0144 pozwol\u0105 studentowi oswoi\u0107 nie\u0142atw\u0105 gramatyk\u0119 polsk\u0105 w praktyce. Zamiast \u017cmudnych odmian \u2013 propozycje dialog\u00f3w i zada\u0144 komunikacyjnych. Bogactwo leksyki i obrazowe zestawienia tematyczne od pierwszych rozdzia\u0142\u00f3w buduj\u0105 poka\u017any zas\u00f3b s\u0142\u00f3w, a tym samym poczucie pewno\u015bci siebie \u2013 klucz do swobodnej komunikacji.<\/p>\n<blockquote><p><strong><i>Studenci szybko zaczynaj\u0105 m\u00f3wi\u0107 i my\u015ble\u0107 po polsku<\/i><\/strong><\/p><\/blockquote>\n<p>Ksi\u0105\u017cka zawiera ponad 200 minut nagra\u0144 w formacie mp3\u00a0Warto tu nadmieni\u0107, \u017ce naturalny i wsp\u00f3\u0142czesny j\u0119zyk dialog\u00f3w to niew\u0105tpliwy atut ca\u0142ej serii \u201ePOLSKI krok po kroku\u201d. Dodatkowo nagrania te mog\u0105 stanowi\u0107 baz\u0119 inspiruj\u0105c\u0105 nauczycieli do konstruowania swoich w\u0142asnych materia\u0142\u00f3w.<\/p>\n<p>Podr\u0119cznik dost\u0119pny jest tak\u017ce w <b>interaktywnej wersji e-coursebook<\/b>.<\/p>\n","protected":false},"excerpt":{"rendered":"<p>Nowa edycja bestsellerowej serii \u201ePOLSKI krok po kroku\u201d to nie tylko powr\u00f3t lubianych bohater\u00f3w w odmienionej wersji, ale te\u017c zaktualizowana tre\u015b\u0107, od\u015bwie\u017cona szata graficzna i jeszcze bardziej praktyczne \u0107wiczenia. W podr\u0119czniku nie brakuje tego, za co pokochali go uczniowie i nauczyciele: gramatyka osadzona w kontek\u015bcie, przejrzyste tabele gramatyczne, naturalne dialogi i nagrania, ilustracje zach\u0119caj\u0105ce do m\u00f3wienia po polsku od pierwszych lekcji oraz wci\u0105gaj\u0105ca, pe\u0142na humoru fabu\u0142a.<\/p>\n<h3>Podr\u0119cznik w sprzeda\u017cy od 14 kwietnia 2026.<\/h3>\n","protected":false},"featured_media":14830,"comment_status":"open","ping_status":"closed","template":"","meta":{"_uag_custom_page_level_css":"","site-sidebar-layout":"default","site-content-layout":"","ast-site-content-layout":"default","site-content-style":"default","site-sidebar-style":"default","ast-global-header-display":"","ast-banner-title-visibility":"","ast-main-header-display":"","ast-hfb-above-header-display":"","ast-hfb-below-header-display":"","ast-hfb-mobile-header-display":"","site-post-title":"","ast-breadcrumbs-content":"","ast-featured-img":"","footer-sml-layout":"","ast-disable-related-posts":"","theme-transparent-header-meta":"default","adv-header-id-meta":"","stick-header-meta":"default","header-above-stick-meta":"","header-main-stick-meta":"","header-below-stick-meta":"","astra-migrate-meta-layouts":"set","ast-page-background-enabled":"default","ast-page-background-meta":{"desktop":{"background-color":"","background-image":"","background-repeat":"repeat","background-position":"center center","background-size":"auto","background-attachment":"scroll","background-type":"","background-media":"","overlay-type":"","overlay-color":"","overlay-opacity":"","overlay-gradient":""},"tablet":{"background-color":"","background-image":"","background-repeat":"repeat","background-position":"center center","background-size":"auto","background-attachment":"scroll","background-type":"","background-media":"","overlay-type":"","overlay-color":"","overlay-opacity":"","overlay-gradient":""},"mobile":{"background-color":"","background-image":"","background-repeat":"repeat","background-position":"center center","background-size":"auto","background-attachment":"scroll","background-type":"","background-media":"","overlay-type":"","overlay-color":"","overlay-opacity":"","overlay-gradient":""}},"ast-content-background-meta":{"desktop":{"background-color":"var(--ast-global-color-5)","background-image":"","background-repeat":"repeat","background-position":"center center","background-size":"auto","background-attachment":"scroll","background-type":"","background-media":"","overlay-type":"","overlay-color":"","overlay-opacity":"","overlay-gradient":""},"tablet":{"background-color":"var(--ast-global-color-5)","background-image":"","background-repeat":"repeat","background-position":"center center","background-size":"auto","background-attachment":"scroll","background-type":"","background-media":"","overlay-type":"","overlay-color":"","overlay-opacity":"","overlay-gradient":""},"mobile":{"background-color":"var(--ast-global-color-5)","background-image":"","background-repeat":"repeat","background-position":"center center","background-size":"auto","background-attachment":"scroll","background-type":"","background-media":"","overlay-type":"","overlay-color":"","overlay-opacity":"","overlay-gradient":""}}},"product_brand":[],"product_cat":[69,1633,19],"product_tag":[],"class_list":{"0":"post-14832","1":"product","2":"type-product","3":"status-publish","4":"has-post-thumbnail","6":"product_cat-ksiazki","7":"product_cat-polski-krok-po-kroku","8":"product_cat-wszystkie-produkty","9":"product_series-polski-krok-po-kroku","10":"desktop-align-center","11":"tablet-align-left","12":"mobile-align-left","13":"ast-product-gallery-layout-horizontal-slider","14":"ast-product-tabs-layout-horizontal","16":"first","17":"outofstock","18":"taxable","19":"shipping-taxable","20":"purchasable","21":"product-type-simple"},"aioseo_notices":[],"uagb_featured_image_src":{"full":["https:\/\/e-polish.eu\/sklep\/wp-content\/uploads\/shop-items\/pkpk1n-polski_krok_po_kroku_1_ne.png",1000,1415,false],"thumbnail":["https:\/\/e-polish.eu\/sklep\/wp-content\/uploads\/shop-items\/pkpk1n-polski_krok_po_kroku_1_ne-150x150.png",150,150,true],"medium":["https:\/\/e-polish.eu\/sklep\/wp-content\/uploads\/shop-items\/pkpk1n-polski_krok_po_kroku_1_ne-212x300.png",212,300,true],"medium_large":["https:\/\/e-polish.eu\/sklep\/wp-content\/uploads\/shop-items\/pkpk1n-polski_krok_po_kroku_1_ne-768x1087.png",768,1087,true],"large":["https:\/\/e-polish.eu\/sklep\/wp-content\/uploads\/shop-items\/pkpk1n-polski_krok_po_kroku_1_ne-724x1024.png",724,1024,true],"1536x1536":["https:\/\/e-polish.eu\/sklep\/wp-content\/uploads\/shop-items\/pkpk1n-polski_krok_po_kroku_1_ne.png",1000,1415,false],"2048x2048":["https:\/\/e-polish.eu\/sklep\/wp-content\/uploads\/shop-items\/pkpk1n-polski_krok_po_kroku_1_ne.png",1000,1415,false],"page-small":["https:\/\/e-polish.eu\/sklep\/wp-content\/uploads\/shop-items\/pkpk1n-polski_krok_po_kroku_1_ne-210x297.png",210,297,true],"woocommerce_thumbnail":["https:\/\/e-polish.eu\/sklep\/wp-content\/uploads\/shop-items\/pkpk1n-polski_krok_po_kroku_1_ne-300x425.png",300,425,true],"woocommerce_single":["https:\/\/e-polish.eu\/sklep\/wp-content\/uploads\/shop-items\/pkpk1n-polski_krok_po_kroku_1_ne-300x425.png",300,425,true],"woocommerce_gallery_thumbnail":["https:\/\/e-polish.eu\/sklep\/wp-content\/uploads\/shop-items\/pkpk1n-polski_krok_po_kroku_1_ne-100x100.png",100,100,true],"lws_wr_thumbnail":["https:\/\/e-polish.eu\/sklep\/wp-content\/uploads\/shop-items\/pkpk1n-polski_krok_po_kroku_1_ne-68x96.png",68,96,true],"lws_wr_thumbnail_small":["https:\/\/e-polish.eu\/sklep\/wp-content\/uploads\/shop-items\/pkpk1n-polski_krok_po_kroku_1_ne-30x42.png",30,42,true]},"uagb_author_info":{"display_name":"Marta Zawisza","author_link":"https:\/\/e-polish.eu\/sklep\/blog\/author\/"},"uagb_comment_info":0,"uagb_excerpt":"Nowa edycja bestsellerowej serii \u201ePOLSKI krok po kroku\u201d to nie tylko powr\u00f3t lubianych bohater\u00f3w w odmienionej wersji, ale te\u017c zaktualizowana tre\u015b\u0107, od\u015bwie\u017cona szata graficzna i jeszcze bardziej praktyczne \u0107wiczenia. W podr\u0119czniku nie brakuje tego, za co pokochali go uczniowie i nauczyciele: gramatyka osadzona w kontek\u015bcie, przejrzyste tabele gramatyczne, naturalne dialogi i nagrania, ilustracje zach\u0119caj\u0105ce do&hellip;","_links":{"self":[{"href":"https:\/\/e-polish.eu\/sklep\/wp-json\/wp\/v2\/product\/14832","targetHints":{"allow":["GET"]}}],"collection":[{"href":"https:\/\/e-polish.eu\/sklep\/wp-json\/wp\/v2\/product"}],"about":[{"href":"https:\/\/e-polish.eu\/sklep\/wp-json\/wp\/v2\/types\/product"}],"replies":[{"embeddable":true,"href":"https:\/\/e-polish.eu\/sklep\/wp-json\/wp\/v2\/comments?post=14832"}],"wp:featuredmedia":[{"embeddable":true,"href":"https:\/\/e-polish.eu\/sklep\/wp-json\/wp\/v2\/media\/14830"}],"wp:attachment":[{"href":"https:\/\/e-polish.eu\/sklep\/wp-json\/wp\/v2\/media?parent=14832"}],"wp:term":[{"taxonomy":"product_brand","embeddable":true,"href":"https:\/\/e-polish.eu\/sklep\/wp-json\/wp\/v2\/product_brand?post=14832"},{"taxonomy":"product_cat","embeddable":true,"href":"https:\/\/e-polish.eu\/sklep\/wp-json\/wp\/v2\/product_cat?post=14832"},{"taxonomy":"product_tag","embeddable":true,"href":"https:\/\/e-polish.eu\/sklep\/wp-json\/wp\/v2\/product_tag?post=14832"}],"curies":[{"name":"wp","href":"https:\/\/api.w.org\/{rel}","templated":true}]}}