{"id":15255,"date":"2026-04-20T15:15:50","date_gmt":"2026-04-20T13:15:50","guid":{"rendered":"https:\/\/e-polish.eu\/sklep\/product\/polski-krok-po-kroku-1-nowa-edycja-go-e-coursebook-2\/"},"modified":"2026-04-20T23:53:53","modified_gmt":"2026-04-20T21:53:53","slug":"polski-krok-po-kroku-1-nowa-edycja-go-e-coursebook-2","status":"publish","type":"product","link":"https:\/\/e-polish.eu\/sklep\/ecoursebooki\/polski-krok-po-kroku-1-nowa-edycja-go-e-coursebook-2\/","title":{"rendered":"POLSKI krok po kroku 1 Nowa Edycja GO! (e-coursebook)"},"content":{"rendered":"<h3 class=\"\" data-start=\"204\" data-end=\"237\">Opis<\/h3>\n<p class=\"\" data-start=\"239\" data-end=\"327\">Interaktywna mobilna wersja podr\u0119cznika <em data-start=\"271\" data-end=\"311\"><a href=\"https:\/\/e-polish.eu\/sklep\/ksiazki\/polski-krok-po-kroku-1-ne-2\/\" target=\"_blank\" rel=\"noopener\">POLSKI krok po kroku 1 Nowa Edycja\u00a0<\/a><\/em><span style=\"font-weight: 400;\">dostosowana w szczeg\u00f3lno\u015bci do urz\u0105dze\u0144 mobilnych.<\/span><\/p>\n<p class=\"\" data-start=\"239\" data-end=\"327\">Zawiera:<\/p>\n<ul>\n<li style=\"font-weight: 400;\" aria-level=\"1\"><span style=\"font-weight: 400;\">wsparcie w wielu j\u0119zykach: polecenia i\u00a0 s\u0142ownictwo t\u0142umaczone s\u0105 na 8 j\u0119zyk\u00f3w,<\/span><\/li>\n<li style=\"font-weight: 400;\" aria-level=\"1\"><span style=\"font-weight: 400;\">interaktywne \u0107wiczenia z opcj\u0105 natychmiastowego sprawdzania odpowiedzi,<\/span><\/li>\n<li style=\"font-weight: 400;\" aria-level=\"1\"><span style=\"font-weight: 400;\">nagrania z transkrypcj\u0105,<\/span><\/li>\n<li style=\"font-weight: 400;\" aria-level=\"1\"><span style=\"font-weight: 400;\">dost\u0119p do s\u0142ownika multimedialnego,<\/span><\/li>\n<li style=\"font-weight: 400;\" aria-level=\"1\"><span style=\"font-weight: 400;\">list\u0119 s\u0142\u00f3wek do ka\u017cdej lekcji,<\/span><\/li>\n<\/ul>\n<p>a tak\u017ce NOWO\u015a\u0106!<\/p>\n<ul>\n<li style=\"font-weight: 400;\" aria-level=\"1\"><span style=\"font-weight: 400;\">kody QR w ka\u017cdej lekcji do s\u0142ownik\u00f3w, test\u00f3w i fiszek,<\/span><\/li>\n<li style=\"font-weight: 400;\" aria-level=\"1\"><span style=\"font-weight: 400;\">rozbudowana cz\u0119\u015b\u0107 powt\u00f3rzeniowa w ka\u017cdej lekcji,<\/span><\/li>\n<li style=\"font-weight: 400;\" aria-level=\"1\"><span style=\"font-weight: 400;\">aktualne tre\u015bci i tematy dopasowane do wsp\u00f3\u0142czesnych reali\u00f3w,<\/span><\/li>\n<li style=\"font-weight: 400;\" aria-level=\"1\"><span style=\"font-weight: 400;\">nowe ilustracje, \u015bwie\u017cy i nowoczesny wygl\u0105d,<\/span><\/li>\n<li style=\"font-weight: 400;\" aria-level=\"1\"><span style=\"font-weight: 400;\">zupe\u0142nie nowy rozdzia\u0142 pod tytu\u0142em ,,Dzie\u0144 dobry!\u2019\u2019,<\/span><\/li>\n<li style=\"font-weight: 400;\" aria-level=\"1\"><span style=\"font-weight: 400;\">wi\u0119cej zestawie\u0144, tabel i ramek porz\u0105dkuj\u0105cych materia\u0142.<\/span><\/li>\n<\/ul>\n<hr class=\"\" data-start=\"666\" data-end=\"669\" \/>\n<h3 class=\"\" data-start=\"834\" data-end=\"853\">Dla kogo?<\/h3>\n<ul>\n<li data-start=\"857\" data-end=\"893\"><span style=\"font-weight: 400;\"><strong>dla uczni\u00f3w<\/strong> &#8211; kt\u00f3rzy chc\u0105 uczy\u0107 si\u0119 samodzielnie lub utrwala\u0107 materia\u0142 poznany na zaj\u0119ciach<\/span><\/li>\n<li data-start=\"896\" data-end=\"954\"><span style=\"font-weight: 400;\"><strong>dla nauczycieli<\/strong> &#8211; kt\u00f3rzy chc\u0105 prowadzi\u0107 ciekawe, interaktywne lekcje i mie\u0107 gotowe narz\u0119dzia do pracy z uczniami<\/span><\/li>\n<\/ul>\n<hr class=\"\" data-start=\"829\" data-end=\"832\" \/>\n<h3 class=\"\" data-start=\"671\" data-end=\"710\">Dzia\u0142a na urz\u0105dzeniach mobilnych<\/h3>\n<p class=\"\" data-start=\"712\" data-end=\"827\"><span style=\"font-weight: 400;\">Platforma <\/span><a href=\"https:\/\/e-coursebook.eu\/\"><span style=\"font-weight: 400;\">e-coursebook.eu<\/span><\/a><span style=\"font-weight: 400;\"> zosta\u0142a zaprojektowana specjalnie z my\u015bl\u0105 o urz\u0105dzeniach mobilnych, oferuj\u0105c nowoczesny, intuicyjny interfejs dostosowany do smartfon\u00f3w i tablet\u00f3w. W ramach e-coursebooka \u0107wiczenia s\u0105 w pe\u0142ni mobilne i \u0142atwe w korzystaniu w dowolnym miejscu.<\/span><\/p>\n<hr class=\"\" data-start=\"956\" data-end=\"959\" \/>\n<h3 class=\"\" data-start=\"961\" data-end=\"980\">Dost\u0119p do e-coursebooka<\/h3>\n<p><span style=\"font-weight: 400;\">POLSKI krok po kroku 1 GO! NOWA EDYCJA (e-coursebook) dost\u0119pny jest na platformie e-coursebook.eu i dostosowany do urz\u0105dze\u0144 mobilnych.<\/span><\/p>\n<p><span style=\"font-weight: 400;\">Kod dost\u0119pu do e-coursebooka nale\u017cy aktywowa\u0107 na swoim indywidualnym koncie ucznia lub nauczyciela.<\/span><\/p>\n<ul>\n<li style=\"font-weight: 400;\" aria-level=\"1\"><a href=\"https:\/\/student.e-coursebook.eu\/\"><span style=\"font-weight: 400;\">Zarejestruj konto ucznia<\/span><\/a><\/li>\n<li style=\"font-weight: 400;\" aria-level=\"1\"><a href=\"https:\/\/teacher.e-coursebook.eu\/\"><span style=\"font-weight: 400;\">Zarejestruj konto nauczyciela<\/span><\/a><\/li>\n<\/ul>\n<p><a href=\"https:\/\/drive.google.com\/file\/d\/1oAwSrIGKXP4VFqJ6DmKri7R6Xt3PEuJb\/view\"><span style=\"font-weight: 400;\">Link do instrukcji rejestracji i aktywacji kodu dost\u0119pu<\/span><\/a><\/p>\n<p><span style=\"font-weight: 400;\">Kod dost\u0119pu nale\u017cy aktywowa\u0107 w ci\u0105gu<\/span><b> 3 miesi\u0119cy od daty zakupu<\/b><b><i>.\u00a0<\/i><\/b><span style=\"font-weight: 400;\">Po aktywacji kodu, dost\u0119p do e-coursebooka jest wa\u017cny przez<\/span><b> 3 lata.<\/b><\/p>\n<p data-start=\"982\" data-end=\"1043\">| Iwona Stempek | Anna Stelmach | Sylwia Dawidek | Aneta Szymkiewicz<\/p>\n<p>&nbsp;<\/p>\n<p><img loading=\"lazy\" decoding=\"async\" class=\"alignnone size-medium wp-image-9493\" src=\"https:\/\/sklep.e-polish.eu\/wp-content\/uploads\/2025\/01\/ecoursebookeu_LOGO-podstawowe-pionowe-1-300x227.png\" alt=\"\" width=\"300\" height=\"227\" \/><\/p>\n","protected":false},"excerpt":{"rendered":"<p class=\"\" data-start=\"0\" data-end=\"159\"><span style=\"font-weight: 400;\">Interaktywna, mobilna wersja papierowej ksi\u0105\u017cki<\/span> <a href=\"https:\/\/e-polish.eu\/sklep\/ksiazki\/polski-krok-po-kroku-1-ne-2\/\" target=\"_blank\" rel=\"noopener\">POLSKI krok po kroku 1 Nowa Edycja<\/a>, <span style=\"font-weight: 400;\">z \u0107wiczeniami, instrukcjami, kluczem odpowiedzi, nagraniami audio i multimedialnym s\u0142ownikiem.<\/span><\/p>\n<p class=\"\" data-start=\"161\" data-end=\"271\">\u2705 <span style=\"font-weight: 400;\">Wersja mobilna, idealna na smartfony i tablety<\/span><\/p>\n<p data-start=\"161\" data-end=\"271\">Po zakupie otrzymasz kod dost\u0119pu do aktywacji swojego podr\u0119cznika na <a href=\"https:\/\/e-coursebook.eu\/zaloguj-sie\/\" target=\"_blank\" rel=\"noopener\"><img loading=\"lazy\" decoding=\"async\" class=\"alignnone wp-image-10546 \" src=\"https:\/\/sklep.e-polish.eu\/wp-content\/uploads\/2025\/04\/ecoursebookeu_LOGO-podstawowe-poziome-1-300x69.png\" alt=\"\" width=\"161\" height=\"37\" srcset=\"https:\/\/e-polish.eu\/sklep\/wp-content\/uploads\/2025\/04\/ecoursebookeu_LOGO-podstawowe-poziome-1-300x69.png 300w, https:\/\/e-polish.eu\/sklep\/wp-content\/uploads\/2025\/04\/ecoursebookeu_LOGO-podstawowe-poziome-1-1024x237.png 1024w, https:\/\/e-polish.eu\/sklep\/wp-content\/uploads\/2025\/04\/ecoursebookeu_LOGO-podstawowe-poziome-1-768x178.png 768w, https:\/\/e-polish.eu\/sklep\/wp-content\/uploads\/2025\/04\/ecoursebookeu_LOGO-podstawowe-poziome-1-1536x355.png 1536w, https:\/\/e-polish.eu\/sklep\/wp-content\/uploads\/2025\/04\/ecoursebookeu_LOGO-podstawowe-poziome-1-96x22.png 96w, https:\/\/e-polish.eu\/sklep\/wp-content\/uploads\/2025\/04\/ecoursebookeu_LOGO-podstawowe-poziome-1-42x10.png 42w, https:\/\/e-polish.eu\/sklep\/wp-content\/uploads\/2025\/04\/ecoursebookeu_LOGO-podstawowe-poziome-1-1471x340.png 1471w, https:\/\/e-polish.eu\/sklep\/wp-content\/uploads\/2025\/04\/ecoursebookeu_LOGO-podstawowe-poziome-1-1280x296.png 1280w, https:\/\/e-polish.eu\/sklep\/wp-content\/uploads\/2025\/04\/ecoursebookeu_LOGO-podstawowe-poziome-1.png 2020w\" sizes=\"auto, (max-width: 161px) 100vw, 161px\" \/><\/a><\/p>\n[caption id=\"attachment_10539\" align=\"alignleft\" width=\"94\"]<img loading=\"lazy\" decoding=\"async\" class=\"wp-image-10539 \" src=\"https:\/\/e-coursebook.eu\/wp-content\/uploads\/2026\/04\/A02P4_qr_code-300x300.png\" alt=\"\" width=\"94\" height=\"94\" \/> <a href=\"https:\/\/start-pre-school.nvt-it.pl\/previews\/EX-4Kp0N\" target=\"_blank\" rel=\"noopener\">Zobacz przyk\u0142adowe \u0107wiczenie<\/a>[\/caption]\n","protected":false},"featured_media":15254,"comment_status":"open","ping_status":"closed","template":"","meta":{"_uag_custom_page_level_css":"","site-sidebar-layout":"default","site-content-layout":"","ast-site-content-layout":"default","site-content-style":"default","site-sidebar-style":"default","ast-global-header-display":"","ast-banner-title-visibility":"","ast-main-header-display":"","ast-hfb-above-header-display":"","ast-hfb-below-header-display":"","ast-hfb-mobile-header-display":"","site-post-title":"","ast-breadcrumbs-content":"","ast-featured-img":"","footer-sml-layout":"","ast-disable-related-posts":"","theme-transparent-header-meta":"default","adv-header-id-meta":"","stick-header-meta":"default","header-above-stick-meta":"","header-main-stick-meta":"","header-below-stick-meta":"","astra-migrate-meta-layouts":"set","ast-page-background-enabled":"default","ast-page-background-meta":{"desktop":{"background-color":"","background-image":"","background-repeat":"repeat","background-position":"center center","background-size":"auto","background-attachment":"scroll","background-type":"","background-media":"","overlay-type":"","overlay-color":"","overlay-opacity":"","overlay-gradient":""},"tablet":{"background-color":"","background-image":"","background-repeat":"repeat","background-position":"center center","background-size":"auto","background-attachment":"scroll","background-type":"","background-media":"","overlay-type":"","overlay-color":"","overlay-opacity":"","overlay-gradient":""},"mobile":{"background-color":"","background-image":"","background-repeat":"repeat","background-position":"center center","background-size":"auto","background-attachment":"scroll","background-type":"","background-media":"","overlay-type":"","overlay-color":"","overlay-opacity":"","overlay-gradient":""}},"ast-content-background-meta":{"desktop":{"background-color":"var(--ast-global-color-5)","background-image":"","background-repeat":"repeat","background-position":"center center","background-size":"auto","background-attachment":"scroll","background-type":"","background-media":"","overlay-type":"","overlay-color":"","overlay-opacity":"","overlay-gradient":""},"tablet":{"background-color":"var(--ast-global-color-5)","background-image":"","background-repeat":"repeat","background-position":"center center","background-size":"auto","background-attachment":"scroll","background-type":"","background-media":"","overlay-type":"","overlay-color":"","overlay-opacity":"","overlay-gradient":""},"mobile":{"background-color":"var(--ast-global-color-5)","background-image":"","background-repeat":"repeat","background-position":"center center","background-size":"auto","background-attachment":"scroll","background-type":"","background-media":"","overlay-type":"","overlay-color":"","overlay-opacity":"","overlay-gradient":""}}},"product_brand":[],"product_cat":[22,19],"product_tag":[],"class_list":{"0":"post-15255","1":"product","2":"type-product","3":"status-publish","4":"has-post-thumbnail","6":"product_cat-ecoursebooki","7":"product_cat-wszystkie-produkty","8":"desktop-align-center","9":"tablet-align-left","10":"mobile-align-left","11":"ast-product-gallery-layout-horizontal-slider","12":"ast-product-gallery-with-no-image","13":"ast-product-tabs-layout-horizontal","15":"first","16":"outofstock","17":"virtual","18":"taxable","19":"purchasable","20":"product-type-simple"},"aioseo_notices":[],"uagb_featured_image_src":{"full":["https:\/\/e-polish.eu\/sklep\/wp-content\/uploads\/shop-items\/epkpk1ng-polski_krok_po_kroku_1_nowa_edycja_go_e-coursebook.png",1000,1415,false],"thumbnail":["https:\/\/e-polish.eu\/sklep\/wp-content\/uploads\/shop-items\/epkpk1ng-polski_krok_po_kroku_1_nowa_edycja_go_e-coursebook-150x150.png",150,150,true],"medium":["https:\/\/e-polish.eu\/sklep\/wp-content\/uploads\/shop-items\/epkpk1ng-polski_krok_po_kroku_1_nowa_edycja_go_e-coursebook-212x300.png",212,300,true],"medium_large":["https:\/\/e-polish.eu\/sklep\/wp-content\/uploads\/shop-items\/epkpk1ng-polski_krok_po_kroku_1_nowa_edycja_go_e-coursebook-768x1087.png",768,1087,true],"large":["https:\/\/e-polish.eu\/sklep\/wp-content\/uploads\/shop-items\/epkpk1ng-polski_krok_po_kroku_1_nowa_edycja_go_e-coursebook-724x1024.png",724,1024,true],"1536x1536":["https:\/\/e-polish.eu\/sklep\/wp-content\/uploads\/shop-items\/epkpk1ng-polski_krok_po_kroku_1_nowa_edycja_go_e-coursebook.png",1000,1415,false],"2048x2048":["https:\/\/e-polish.eu\/sklep\/wp-content\/uploads\/shop-items\/epkpk1ng-polski_krok_po_kroku_1_nowa_edycja_go_e-coursebook.png",1000,1415,false],"page-small":["https:\/\/e-polish.eu\/sklep\/wp-content\/uploads\/shop-items\/epkpk1ng-polski_krok_po_kroku_1_nowa_edycja_go_e-coursebook-210x297.png",210,297,true],"woocommerce_thumbnail":["https:\/\/e-polish.eu\/sklep\/wp-content\/uploads\/shop-items\/epkpk1ng-polski_krok_po_kroku_1_nowa_edycja_go_e-coursebook-300x425.png",300,425,true],"woocommerce_single":["https:\/\/e-polish.eu\/sklep\/wp-content\/uploads\/shop-items\/epkpk1ng-polski_krok_po_kroku_1_nowa_edycja_go_e-coursebook-300x425.png",300,425,true],"woocommerce_gallery_thumbnail":["https:\/\/e-polish.eu\/sklep\/wp-content\/uploads\/shop-items\/epkpk1ng-polski_krok_po_kroku_1_nowa_edycja_go_e-coursebook-100x100.png",100,100,true],"lws_wr_thumbnail":["https:\/\/e-polish.eu\/sklep\/wp-content\/uploads\/shop-items\/epkpk1ng-polski_krok_po_kroku_1_nowa_edycja_go_e-coursebook-68x96.png",68,96,true],"lws_wr_thumbnail_small":["https:\/\/e-polish.eu\/sklep\/wp-content\/uploads\/shop-items\/epkpk1ng-polski_krok_po_kroku_1_nowa_edycja_go_e-coursebook-30x42.png",30,42,true]},"uagb_author_info":{"display_name":"Marta Zawisza","author_link":"https:\/\/e-polish.eu\/sklep\/blog\/author\/"},"uagb_comment_info":0,"uagb_excerpt":"Interaktywna, mobilna wersja papierowej ksi\u0105\u017cki POLSKI krok po kroku 1 Nowa Edycja, z \u0107wiczeniami, instrukcjami, kluczem odpowiedzi, nagraniami audio i multimedialnym s\u0142ownikiem. \u2705 Wersja mobilna, idealna na smartfony i tablety Po zakupie otrzymasz kod dost\u0119pu do aktywacji swojego podr\u0119cznika na [caption id=\"attachment_10539\" align=\"alignleft\" width=\"94\"] Zobacz przyk\u0142adowe \u0107wiczenie[\/caption]","_links":{"self":[{"href":"https:\/\/e-polish.eu\/sklep\/wp-json\/wp\/v2\/product\/15255","targetHints":{"allow":["GET"]}}],"collection":[{"href":"https:\/\/e-polish.eu\/sklep\/wp-json\/wp\/v2\/product"}],"about":[{"href":"https:\/\/e-polish.eu\/sklep\/wp-json\/wp\/v2\/types\/product"}],"replies":[{"embeddable":true,"href":"https:\/\/e-polish.eu\/sklep\/wp-json\/wp\/v2\/comments?post=15255"}],"wp:featuredmedia":[{"embeddable":true,"href":"https:\/\/e-polish.eu\/sklep\/wp-json\/wp\/v2\/media\/15254"}],"wp:attachment":[{"href":"https:\/\/e-polish.eu\/sklep\/wp-json\/wp\/v2\/media?parent=15255"}],"wp:term":[{"taxonomy":"product_brand","embeddable":true,"href":"https:\/\/e-polish.eu\/sklep\/wp-json\/wp\/v2\/product_brand?post=15255"},{"taxonomy":"product_cat","embeddable":true,"href":"https:\/\/e-polish.eu\/sklep\/wp-json\/wp\/v2\/product_cat?post=15255"},{"taxonomy":"product_tag","embeddable":true,"href":"https:\/\/e-polish.eu\/sklep\/wp-json\/wp\/v2\/product_tag?post=15255"}],"curies":[{"name":"wp","href":"https:\/\/api.w.org\/{rel}","templated":true}]}}