{"id":15258,"date":"2026-04-20T15:21:25","date_gmt":"2026-04-20T13:21:25","guid":{"rendered":"https:\/\/e-polish.eu\/sklep\/product\/czytaj-krok-po-kroku-5-go-e-coursebook-2\/"},"modified":"2026-04-27T13:48:50","modified_gmt":"2026-04-27T11:48:50","slug":"czytaj-krok-po-kroku-5-go-e-coursebook-2","status":"publish","type":"product","link":"https:\/\/e-polish.eu\/sklep\/ecoursebooki\/czytaj-krok-po-kroku-5-go-e-coursebook-2\/","title":{"rendered":"CZYTAJ krok po kroku 5 e-coursebook GO! (nowa platforma)"},"content":{"rendered":"<p><img loading=\"lazy\" decoding=\"async\" class=\"alignnone size-medium wp-image-9492\" src=\"https:\/\/sklep.e-polish.eu\/wp-content\/uploads\/2025\/01\/ecoursebookeu_LOGO-podstawowe-poziome-300x69.png\" alt=\"\" width=\"300\" height=\"69\" srcset=\"https:\/\/e-polish.eu\/sklep\/wp-content\/uploads\/2025\/01\/ecoursebookeu_LOGO-podstawowe-poziome-300x69.png 300w, https:\/\/e-polish.eu\/sklep\/wp-content\/uploads\/2025\/01\/ecoursebookeu_LOGO-podstawowe-poziome-1024x237.png 1024w, https:\/\/e-polish.eu\/sklep\/wp-content\/uploads\/2025\/01\/ecoursebookeu_LOGO-podstawowe-poziome-768x178.png 768w, https:\/\/e-polish.eu\/sklep\/wp-content\/uploads\/2025\/01\/ecoursebookeu_LOGO-podstawowe-poziome-1536x355.png 1536w, https:\/\/e-polish.eu\/sklep\/wp-content\/uploads\/2025\/01\/ecoursebookeu_LOGO-podstawowe-poziome-96x22.png 96w, https:\/\/e-polish.eu\/sklep\/wp-content\/uploads\/2025\/01\/ecoursebookeu_LOGO-podstawowe-poziome-42x10.png 42w, https:\/\/e-polish.eu\/sklep\/wp-content\/uploads\/2025\/01\/ecoursebookeu_LOGO-podstawowe-poziome-1471x340.png 1471w, https:\/\/e-polish.eu\/sklep\/wp-content\/uploads\/2025\/01\/ecoursebookeu_LOGO-podstawowe-poziome-1280x296.png 1280w, https:\/\/e-polish.eu\/sklep\/wp-content\/uploads\/2025\/01\/ecoursebookeu_LOGO-podstawowe-poziome.png 2020w\" sizes=\"auto, (max-width: 300px) 100vw, 300px\" \/><\/p>\n<p><strong><a href=\"https:\/\/student.e-coursebook.eu\" target=\"_blank\" rel=\"noopener\">Link <\/a><\/strong><a href=\"https:\/\/student.e-coursebook.eu\" target=\"_blank\" rel=\"noopener\">do rejestracji dla ucznia.<\/a><\/p>\n<p><strong><a href=\"https:\/\/teacher.e-coursebook.eu\" target=\"_blank\" rel=\"noopener\">Link <\/a><\/strong><a href=\"https:\/\/teacher.e-coursebook.eu\" target=\"_blank\" rel=\"noopener\">do rejestracji dla nauczyciela.<\/a><\/p>\n<p><strong style=\"font-size: 16px;\"><a href=\"https:\/\/drive.google.com\/file\/d\/1oAwSrIGKXP4VFqJ6DmKri7R6Xt3PEuJb\/view\" target=\"_blank\" rel=\"noopener\">Link <\/a><\/strong><a href=\"https:\/\/drive.google.com\/file\/d\/1oAwSrIGKXP4VFqJ6DmKri7R6Xt3PEuJb\/view\" target=\"_blank\" rel=\"noopener\">do tutorialu jak si\u0119 zarejestrowa\u0107 i aktywowa\u0107 kod dost\u0119pu.<\/a><\/p>\n<p><span style=\"font-weight: 400;\">e-coursebook CZYTAJ krok po kroku 5 GO! To <\/span><span style=\"font-weight: 400;\">zbi\u00f3r kr\u00f3tkich historii na poziomie A2, dla wszystkich, kt\u00f3rzy chc\u0105 doskonali\u0107 sw\u00f3j j\u0119zyk polski oraz uzupe\u0142ni\u0107 zas\u00f3b s\u0142ownictwa.<\/span><\/p>\n<p><span style=\"font-weight: 400;\">Pi\u0105ta cz\u0119\u015b\u0107 opowiada\u0144 o bohaterach serii, powi\u0105zana tre\u015bciowo z rozdzia\u0142ami 21-26 podr\u0119cznika \u201ePOLSKI krok po kroku 1\u201d, zamyka materia\u0142 leksykalno-gramatyczny przewidziany na poziom A2. Studenci czytaj\u0105c barwne historie nie tylko szkol\u0105 j\u0119zyk, ale mog\u0105 poczu\u0107 smak prawdziwej lektury. Opowiadania realizuj\u0105 tematy przewidziane na ten poziom (\u015bwi\u0119ta i \u017cyczenia, ubrania, wygl\u0105d, cz\u0119\u015bci cia\u0142a, zdrowie, wizyta u lekarza, us\u0142ugi), jednak ka\u017cde z nich zamienia si\u0119 w samodzieln\u0105 i wci\u0105gaj\u0105c\u0105 opowie\u015b\u0107.<\/span><\/p>\n<p><span style=\"font-weight: 400;\">e-coursebook GO! to zdecydowanie wi\u0119cej ni\u017c PDF czy e-book \u2013 to interaktywna wersja podr\u0119cznika do nauki j\u0119zyka polskiego, zaprojektowana z my\u015bl\u0105 o urz\u0105dzeniach mobilnych. Motywuje do pracy i prowadzi Ci\u0119 krok po kroku przez proces samodzielnego uczenia si\u0119, sprawiaj\u0105c, \u017ce nauka staje si\u0119 \u0142atwiejsza i bardziej anga\u017cuj\u0105ca.<\/span><\/p>\n<h3><b>Wa\u017cna informacja!<\/b><\/h3>\n<p><span style=\"font-weight: 400;\">e-coursebook GO! jest dedykowany platformie, kt\u00f3ra oferuje \u0142atwe i atrakcyjne korzystanie z wersji mobilnej.\u00a0<\/span><\/p>\n<p><span style=\"font-weight: 400;\">Ten e-coursebook nie jest kompatybilny z platform\u0105 e-polish.eu ani z Wirtualn\u0105 Sal\u0105.<\/span><\/p>\n<p><span style=\"font-weight: 400;\">Kod po aktywacji jest wa\u017cny przez 3 lata.<\/span><\/p>\n<p>| Anna Stelmach<\/p>\n<p><img loading=\"lazy\" decoding=\"async\" class=\"alignnone size-medium wp-image-9493\" src=\"https:\/\/sklep.e-polish.eu\/wp-content\/uploads\/2025\/01\/ecoursebookeu_LOGO-podstawowe-pionowe-1-300x227.png\" alt=\"\" width=\"300\" height=\"227\" \/><\/p>\n<p>&nbsp;<\/p>\n","protected":false},"excerpt":{"rendered":"<p><span style=\"font-weight: 400;\">Poznaj now\u0105 ods\u0142on\u0119 znanego e-coursebooka! Teraz dost\u0119pny na smartfonie i tablecie \u2013 ucz si\u0119 wygodnie, gdziekolwiek jeste\u015b! e-coursebook GO! zawiera teksty i \u0107wiczenia z ksi\u0105\u017cki <a href=\"https:\/\/e-polish.eu\/sklep\/ksiazki\/czytaj-krok-po-kroku-5-en-2\/\" target=\"_blank\" rel=\"noopener\">CZYTAJ krok po kroku 5<\/a><\/span><span style=\"font-weight: 400;\">\u00a0w formie interaktywnej wraz z t\u0142umaczeniami polece\u0144, kluczem odpowiedzi, nagraniami, s\u0142ownikiem multimedialnym, t\u0142umaczeniami s\u0142\u00f3wek i zwrot\u00f3w. Posiada tak\u017ce mo\u017cliwo\u015b\u0107 zakre\u015blania oraz wstawiania tekstu bezpo\u015brednio na pdfie. Po zakupie e-coursebook GO! otrzymasz mailowo kod dost\u0119pu do wpisania na nowej platformie<a href=\"https:\/\/e-coursebook.eu\/zaloguj-sie\/\"><img loading=\"lazy\" decoding=\"async\" class=\"alignnone wp-image-9492 \" src=\"https:\/\/sklep.e-polish.eu\/wp-content\/uploads\/2025\/01\/ecoursebookeu_LOGO-podstawowe-poziome-300x69.png\" alt=\"\" width=\"166\" height=\"38\" srcset=\"https:\/\/e-polish.eu\/sklep\/wp-content\/uploads\/2025\/01\/ecoursebookeu_LOGO-podstawowe-poziome-300x69.png 300w, https:\/\/e-polish.eu\/sklep\/wp-content\/uploads\/2025\/01\/ecoursebookeu_LOGO-podstawowe-poziome-1024x237.png 1024w, https:\/\/e-polish.eu\/sklep\/wp-content\/uploads\/2025\/01\/ecoursebookeu_LOGO-podstawowe-poziome-768x178.png 768w, https:\/\/e-polish.eu\/sklep\/wp-content\/uploads\/2025\/01\/ecoursebookeu_LOGO-podstawowe-poziome-1536x355.png 1536w, https:\/\/e-polish.eu\/sklep\/wp-content\/uploads\/2025\/01\/ecoursebookeu_LOGO-podstawowe-poziome-96x22.png 96w, https:\/\/e-polish.eu\/sklep\/wp-content\/uploads\/2025\/01\/ecoursebookeu_LOGO-podstawowe-poziome-42x10.png 42w, https:\/\/e-polish.eu\/sklep\/wp-content\/uploads\/2025\/01\/ecoursebookeu_LOGO-podstawowe-poziome-1471x340.png 1471w, https:\/\/e-polish.eu\/sklep\/wp-content\/uploads\/2025\/01\/ecoursebookeu_LOGO-podstawowe-poziome-1280x296.png 1280w, https:\/\/e-polish.eu\/sklep\/wp-content\/uploads\/2025\/01\/ecoursebookeu_LOGO-podstawowe-poziome.png 2020w\" sizes=\"auto, (max-width: 166px) 100vw, 166px\" \/><\/a><\/span><\/p>\n","protected":false},"featured_media":15260,"comment_status":"open","ping_status":"closed","template":"","meta":{"_uag_custom_page_level_css":"","site-sidebar-layout":"default","site-content-layout":"","ast-site-content-layout":"default","site-content-style":"default","site-sidebar-style":"default","ast-global-header-display":"","ast-banner-title-visibility":"","ast-main-header-display":"","ast-hfb-above-header-display":"","ast-hfb-below-header-display":"","ast-hfb-mobile-header-display":"","site-post-title":"","ast-breadcrumbs-content":"","ast-featured-img":"","footer-sml-layout":"","ast-disable-related-posts":"","theme-transparent-header-meta":"default","adv-header-id-meta":"","stick-header-meta":"default","header-above-stick-meta":"","header-main-stick-meta":"","header-below-stick-meta":"","astra-migrate-meta-layouts":"set","ast-page-background-enabled":"default","ast-page-background-meta":{"desktop":{"background-color":"","background-image":"","background-repeat":"repeat","background-position":"center center","background-size":"auto","background-attachment":"scroll","background-type":"","background-media":"","overlay-type":"","overlay-color":"","overlay-opacity":"","overlay-gradient":""},"tablet":{"background-color":"","background-image":"","background-repeat":"repeat","background-position":"center center","background-size":"auto","background-attachment":"scroll","background-type":"","background-media":"","overlay-type":"","overlay-color":"","overlay-opacity":"","overlay-gradient":""},"mobile":{"background-color":"","background-image":"","background-repeat":"repeat","background-position":"center center","background-size":"auto","background-attachment":"scroll","background-type":"","background-media":"","overlay-type":"","overlay-color":"","overlay-opacity":"","overlay-gradient":""}},"ast-content-background-meta":{"desktop":{"background-color":"var(--ast-global-color-5)","background-image":"","background-repeat":"repeat","background-position":"center center","background-size":"auto","background-attachment":"scroll","background-type":"","background-media":"","overlay-type":"","overlay-color":"","overlay-opacity":"","overlay-gradient":""},"tablet":{"background-color":"var(--ast-global-color-5)","background-image":"","background-repeat":"repeat","background-position":"center center","background-size":"auto","background-attachment":"scroll","background-type":"","background-media":"","overlay-type":"","overlay-color":"","overlay-opacity":"","overlay-gradient":""},"mobile":{"background-color":"var(--ast-global-color-5)","background-image":"","background-repeat":"repeat","background-position":"center center","background-size":"auto","background-attachment":"scroll","background-type":"","background-media":"","overlay-type":"","overlay-color":"","overlay-opacity":"","overlay-gradient":""}}},"product_brand":[],"product_cat":[22,19],"product_tag":[],"class_list":{"0":"post-15258","1":"product","2":"type-product","3":"status-publish","4":"has-post-thumbnail","6":"product_cat-ecoursebooki","7":"product_cat-wszystkie-produkty","8":"desktop-align-center","9":"tablet-align-left","10":"mobile-align-left","11":"ast-product-gallery-layout-horizontal-slider","12":"ast-product-gallery-with-no-image","13":"ast-product-tabs-layout-horizontal","15":"first","16":"outofstock","17":"virtual","18":"taxable","19":"purchasable","20":"product-type-simple"},"aioseo_notices":[],"uagb_featured_image_src":{"full":["https:\/\/e-polish.eu\/sklep\/wp-content\/uploads\/shop-items\/eckpk5g-czytaj_krok_po_kroku_5_go_e-coursebook.png",1000,1415,false],"thumbnail":["https:\/\/e-polish.eu\/sklep\/wp-content\/uploads\/shop-items\/eckpk5g-czytaj_krok_po_kroku_5_go_e-coursebook-150x150.png",150,150,true],"medium":["https:\/\/e-polish.eu\/sklep\/wp-content\/uploads\/shop-items\/eckpk5g-czytaj_krok_po_kroku_5_go_e-coursebook-212x300.png",212,300,true],"medium_large":["https:\/\/e-polish.eu\/sklep\/wp-content\/uploads\/shop-items\/eckpk5g-czytaj_krok_po_kroku_5_go_e-coursebook-768x1087.png",768,1087,true],"large":["https:\/\/e-polish.eu\/sklep\/wp-content\/uploads\/shop-items\/eckpk5g-czytaj_krok_po_kroku_5_go_e-coursebook-724x1024.png",724,1024,true],"1536x1536":["https:\/\/e-polish.eu\/sklep\/wp-content\/uploads\/shop-items\/eckpk5g-czytaj_krok_po_kroku_5_go_e-coursebook.png",1000,1415,false],"2048x2048":["https:\/\/e-polish.eu\/sklep\/wp-content\/uploads\/shop-items\/eckpk5g-czytaj_krok_po_kroku_5_go_e-coursebook.png",1000,1415,false],"page-small":["https:\/\/e-polish.eu\/sklep\/wp-content\/uploads\/shop-items\/eckpk5g-czytaj_krok_po_kroku_5_go_e-coursebook-210x297.png",210,297,true],"woocommerce_thumbnail":["https:\/\/e-polish.eu\/sklep\/wp-content\/uploads\/shop-items\/eckpk5g-czytaj_krok_po_kroku_5_go_e-coursebook-300x425.png",300,425,true],"woocommerce_single":["https:\/\/e-polish.eu\/sklep\/wp-content\/uploads\/shop-items\/eckpk5g-czytaj_krok_po_kroku_5_go_e-coursebook-300x425.png",300,425,true],"woocommerce_gallery_thumbnail":["https:\/\/e-polish.eu\/sklep\/wp-content\/uploads\/shop-items\/eckpk5g-czytaj_krok_po_kroku_5_go_e-coursebook-100x100.png",100,100,true],"lws_wr_thumbnail":["https:\/\/e-polish.eu\/sklep\/wp-content\/uploads\/shop-items\/eckpk5g-czytaj_krok_po_kroku_5_go_e-coursebook-68x96.png",68,96,true],"lws_wr_thumbnail_small":["https:\/\/e-polish.eu\/sklep\/wp-content\/uploads\/shop-items\/eckpk5g-czytaj_krok_po_kroku_5_go_e-coursebook-30x42.png",30,42,true]},"uagb_author_info":{"display_name":"Marta Zawisza","author_link":"https:\/\/e-polish.eu\/sklep\/blog\/author\/"},"uagb_comment_info":0,"uagb_excerpt":"Poznaj now\u0105 ods\u0142on\u0119 znanego e-coursebooka! Teraz dost\u0119pny na smartfonie i tablecie \u2013 ucz si\u0119 wygodnie, gdziekolwiek jeste\u015b! e-coursebook GO! zawiera teksty i \u0107wiczenia z ksi\u0105\u017cki CZYTAJ krok po kroku 5\u00a0w formie interaktywnej wraz z t\u0142umaczeniami polece\u0144, kluczem odpowiedzi, nagraniami, s\u0142ownikiem multimedialnym, t\u0142umaczeniami s\u0142\u00f3wek i zwrot\u00f3w. Posiada tak\u017ce mo\u017cliwo\u015b\u0107 zakre\u015blania oraz wstawiania tekstu bezpo\u015brednio na pdfie.&hellip;","_links":{"self":[{"href":"https:\/\/e-polish.eu\/sklep\/wp-json\/wp\/v2\/product\/15258","targetHints":{"allow":["GET"]}}],"collection":[{"href":"https:\/\/e-polish.eu\/sklep\/wp-json\/wp\/v2\/product"}],"about":[{"href":"https:\/\/e-polish.eu\/sklep\/wp-json\/wp\/v2\/types\/product"}],"replies":[{"embeddable":true,"href":"https:\/\/e-polish.eu\/sklep\/wp-json\/wp\/v2\/comments?post=15258"}],"wp:featuredmedia":[{"embeddable":true,"href":"https:\/\/e-polish.eu\/sklep\/wp-json\/wp\/v2\/media\/15260"}],"wp:attachment":[{"href":"https:\/\/e-polish.eu\/sklep\/wp-json\/wp\/v2\/media?parent=15258"}],"wp:term":[{"taxonomy":"product_brand","embeddable":true,"href":"https:\/\/e-polish.eu\/sklep\/wp-json\/wp\/v2\/product_brand?post=15258"},{"taxonomy":"product_cat","embeddable":true,"href":"https:\/\/e-polish.eu\/sklep\/wp-json\/wp\/v2\/product_cat?post=15258"},{"taxonomy":"product_tag","embeddable":true,"href":"https:\/\/e-polish.eu\/sklep\/wp-json\/wp\/v2\/product_tag?post=15258"}],"curies":[{"name":"wp","href":"https:\/\/api.w.org\/{rel}","templated":true}]}}