{"id":15417,"date":"2026-04-30T11:52:24","date_gmt":"2026-04-30T09:52:24","guid":{"rendered":"https:\/\/e-polish.eu\/sklep\/product\/jak-seria-czytaj-krok-po-kroku-wzbogaci-twoje-lekcje-polskiego-czyli-jak-polaczyc-podrecznik-tekst-i-komunikacje-2\/"},"modified":"2026-05-01T03:42:11","modified_gmt":"2026-05-01T01:42:11","slug":"jak-seria-czytaj-krok-po-kroku-wzbogaci-twoje-lekcje-polskiego-czyli-jak-polaczyc-podrecznik-tekst-i-komunikacje-2","status":"publish","type":"product","link":"https:\/\/e-polish.eu\/sklep\/szkolenia\/jak-seria-czytaj-krok-po-kroku-wzbogaci-twoje-lekcje-polskiego-czyli-jak-polaczyc-podrecznik-tekst-i-komunikacje-2\/","title":{"rendered":"Jak seria &#8222;CZYTAJ krok po kroku&#8221; wzbogaci Twoje lekcje polskiego &#8211; czyli jak po\u0142\u0105czy\u0107 podr\u0119cznik, tekst i komunikacj\u0119"},"content":{"rendered":"<p>Zapraszamy na bezp\u0142atne webinarium dla nauczycieli j\u0119zyka polskiego jako obcego, podczas kt\u00f3rego poka\u017cemy, jak w praktyce wykorzysta\u0107 seri\u0119 \u201eCZYTAJ krok po kroku\u201d na zaj\u0119ciach.<\/p>\n<p>Pretekstem do spotkania jest premiera najnowszej, pi\u0105tej cz\u0119\u015bci serii \u201eCZYTAJ krok po kroku\u201d. Autorka poka\u017ce, jak \u0142\u0105czy\u0107 prac\u0119 z tekstami z nauk\u0105 opart\u0105 na nowej edycji podr\u0119cznika \u201ePOLSKI krok po kroku 1\u201d \u2014 tak, aby lektura by\u0142a naturalnym elementem zaj\u0119\u0107, a nie tylko dodatkowym zadaniem domowym.<\/p>\n<p>Podczas webinarium przyjrzymy si\u0119 konkretnym sposobom pracy z opowiadaniami: od przygotowania student\u00f3w do lektury, przez prac\u0119 ze s\u0142ownictwem i nagraniami, a\u017c po \u0107wiczenia komunikacyjne, gramatyczne i zadania rozwijaj\u0105ce m\u00f3wienie oraz pisanie. Poka\u017cemy, jak z jednego tekstu stworzy\u0107 anga\u017cuj\u0105c\u0105 lekcj\u0119, kt\u00f3ra porz\u0105dkuje materia\u0142, utrwala struktury z podr\u0119cznika i zach\u0119ca student\u00f3w do aktywnego u\u017cywania j\u0119zyka.<\/p>\n<p>To spotkanie dla nauczycieli, kt\u00f3rzy chc\u0105 pokaza\u0107 studentom, \u017ce czytanie po polsku mo\u017ce by\u0107 ciekawe, praktyczne i \u015bci\u015ble powi\u0105zane z tym, czego ucz\u0105 si\u0119 na kursie.<\/p>\n<p>Podczas webinarium dowiesz si\u0119 m.in.:<\/p>\n<ul>\n<li>jak efektywnie pracowa\u0107 z tekstem na lekcji,<\/li>\n<li>jak \u0142\u0105czy\u0107 now\u0105 edycj\u0119 \u201ePOLSKI krok po kroku 1\u201d z seri\u0105 \u201eCZYTAJ krok po kroku\u201d,<\/li>\n<li>jak wykorzysta\u0107 premierow\u0105 cz\u0119\u015b\u0107 \u201eCZYTAJ krok po kroku 5\u201d,<\/li>\n<li>jak zamienia\u0107 lektur\u0119 w zadania komunikacyjne,<\/li>\n<li>jak wykorzysta\u0107 opowiadania do powt\u00f3rki s\u0142ownictwa i gramatyki,<\/li>\n<li>jak sprawi\u0107, by tekst by\u0142 integraln\u0105 cz\u0119\u015bci\u0105 lekcji, a nie dodatkiem \u201ena p\u00f3\u017aniej\u201d.<\/li>\n<\/ul>\n","protected":false},"excerpt":{"rendered":"<p><strong>Prowadz\u0105cy:<\/strong> Anna Stelmach<br \/><strong>Miejsce:<\/strong> (online)<br \/><strong>Data:<\/strong> 2026-05-28<br \/><strong>Godzina:<\/strong> 20:00\u201321:00 (CEST\/Europa\/Warszawa)<\/p>\n","protected":false},"featured_media":15416,"comment_status":"open","ping_status":"closed","template":"","meta":{"_uag_custom_page_level_css":"","site-sidebar-layout":"default","site-content-layout":"","ast-site-content-layout":"default","site-content-style":"default","site-sidebar-style":"default","ast-global-header-display":"","ast-banner-title-visibility":"","ast-main-header-display":"","ast-hfb-above-header-display":"","ast-hfb-below-header-display":"","ast-hfb-mobile-header-display":"","site-post-title":"","ast-breadcrumbs-content":"","ast-featured-img":"","footer-sml-layout":"","ast-disable-related-posts":"","theme-transparent-header-meta":"default","adv-header-id-meta":"","stick-header-meta":"default","header-above-stick-meta":"","header-main-stick-meta":"","header-below-stick-meta":"","astra-migrate-meta-layouts":"set","ast-page-background-enabled":"default","ast-page-background-meta":{"desktop":{"background-color":"","background-image":"","background-repeat":"repeat","background-position":"center center","background-size":"auto","background-attachment":"scroll","background-type":"","background-media":"","overlay-type":"","overlay-color":"","overlay-opacity":"","overlay-gradient":""},"tablet":{"background-color":"","background-image":"","background-repeat":"repeat","background-position":"center center","background-size":"auto","background-attachment":"scroll","background-type":"","background-media":"","overlay-type":"","overlay-color":"","overlay-opacity":"","overlay-gradient":""},"mobile":{"background-color":"","background-image":"","background-repeat":"repeat","background-position":"center center","background-size":"auto","background-attachment":"scroll","background-type":"","background-media":"","overlay-type":"","overlay-color":"","overlay-opacity":"","overlay-gradient":""}},"ast-content-background-meta":{"desktop":{"background-color":"var(--ast-global-color-5)","background-image":"","background-repeat":"repeat","background-position":"center center","background-size":"auto","background-attachment":"scroll","background-type":"","background-media":"","overlay-type":"","overlay-color":"","overlay-opacity":"","overlay-gradient":""},"tablet":{"background-color":"var(--ast-global-color-5)","background-image":"","background-repeat":"repeat","background-position":"center center","background-size":"auto","background-attachment":"scroll","background-type":"","background-media":"","overlay-type":"","overlay-color":"","overlay-opacity":"","overlay-gradient":""},"mobile":{"background-color":"var(--ast-global-color-5)","background-image":"","background-repeat":"repeat","background-position":"center center","background-size":"auto","background-attachment":"scroll","background-type":"","background-media":"","overlay-type":"","overlay-color":"","overlay-opacity":"","overlay-gradient":""}}},"product_brand":[],"product_cat":[1705,19],"product_tag":[],"class_list":{"0":"post-15417","1":"product","2":"type-product","3":"status-publish","4":"has-post-thumbnail","6":"product_cat-szkolenia","7":"product_cat-wszystkie-produkty","8":"desktop-align-center","9":"tablet-align-left","10":"mobile-align-left","11":"ast-product-gallery-layout-horizontal-slider","12":"ast-product-gallery-with-no-image","13":"ast-product-tabs-layout-horizontal","15":"first","16":"instock","17":"virtual","18":"sold-individually","19":"taxable","20":"purchasable","21":"product-type-simple"},"aioseo_notices":[],"uagb_featured_image_src":{"full":["https:\/\/e-polish.eu\/sklep\/wp-content\/uploads\/shop-items\/wm017-jak_seria_czytaj_krok_po_kroku_wzbogaci_twoje_lekcje_polskiego_-_czyli_jak_polaczyc_podrecznik_tekst_i_komunikacje.png",420,595,false],"thumbnail":["https:\/\/e-polish.eu\/sklep\/wp-content\/uploads\/shop-items\/wm017-jak_seria_czytaj_krok_po_kroku_wzbogaci_twoje_lekcje_polskiego_-_czyli_jak_polaczyc_podrecznik_tekst_i_komunikacje-150x150.png",150,150,true],"medium":["https:\/\/e-polish.eu\/sklep\/wp-content\/uploads\/shop-items\/wm017-jak_seria_czytaj_krok_po_kroku_wzbogaci_twoje_lekcje_polskiego_-_czyli_jak_polaczyc_podrecznik_tekst_i_komunikacje-212x300.png",212,300,true],"medium_large":["https:\/\/e-polish.eu\/sklep\/wp-content\/uploads\/shop-items\/wm017-jak_seria_czytaj_krok_po_kroku_wzbogaci_twoje_lekcje_polskiego_-_czyli_jak_polaczyc_podrecznik_tekst_i_komunikacje.png",420,595,false],"large":["https:\/\/e-polish.eu\/sklep\/wp-content\/uploads\/shop-items\/wm017-jak_seria_czytaj_krok_po_kroku_wzbogaci_twoje_lekcje_polskiego_-_czyli_jak_polaczyc_podrecznik_tekst_i_komunikacje.png",420,595,false],"1536x1536":["https:\/\/e-polish.eu\/sklep\/wp-content\/uploads\/shop-items\/wm017-jak_seria_czytaj_krok_po_kroku_wzbogaci_twoje_lekcje_polskiego_-_czyli_jak_polaczyc_podrecznik_tekst_i_komunikacje.png",420,595,false],"2048x2048":["https:\/\/e-polish.eu\/sklep\/wp-content\/uploads\/shop-items\/wm017-jak_seria_czytaj_krok_po_kroku_wzbogaci_twoje_lekcje_polskiego_-_czyli_jak_polaczyc_podrecznik_tekst_i_komunikacje.png",420,595,false],"page-small":["https:\/\/e-polish.eu\/sklep\/wp-content\/uploads\/shop-items\/wm017-jak_seria_czytaj_krok_po_kroku_wzbogaci_twoje_lekcje_polskiego_-_czyli_jak_polaczyc_podrecznik_tekst_i_komunikacje-210x297.png",210,297,true],"woocommerce_thumbnail":["https:\/\/e-polish.eu\/sklep\/wp-content\/uploads\/shop-items\/wm017-jak_seria_czytaj_krok_po_kroku_wzbogaci_twoje_lekcje_polskiego_-_czyli_jak_polaczyc_podrecznik_tekst_i_komunikacje-300x425.png",300,425,true],"woocommerce_single":["https:\/\/e-polish.eu\/sklep\/wp-content\/uploads\/shop-items\/wm017-jak_seria_czytaj_krok_po_kroku_wzbogaci_twoje_lekcje_polskiego_-_czyli_jak_polaczyc_podrecznik_tekst_i_komunikacje-300x425.png",300,425,true],"woocommerce_gallery_thumbnail":["https:\/\/e-polish.eu\/sklep\/wp-content\/uploads\/shop-items\/wm017-jak_seria_czytaj_krok_po_kroku_wzbogaci_twoje_lekcje_polskiego_-_czyli_jak_polaczyc_podrecznik_tekst_i_komunikacje-100x100.png",100,100,true],"lws_wr_thumbnail":["https:\/\/e-polish.eu\/sklep\/wp-content\/uploads\/shop-items\/wm017-jak_seria_czytaj_krok_po_kroku_wzbogaci_twoje_lekcje_polskiego_-_czyli_jak_polaczyc_podrecznik_tekst_i_komunikacje-68x96.png",68,96,true],"lws_wr_thumbnail_small":["https:\/\/e-polish.eu\/sklep\/wp-content\/uploads\/shop-items\/wm017-jak_seria_czytaj_krok_po_kroku_wzbogaci_twoje_lekcje_polskiego_-_czyli_jak_polaczyc_podrecznik_tekst_i_komunikacje-30x42.png",30,42,true]},"uagb_author_info":{"display_name":"Marta Zawisza","author_link":"https:\/\/e-polish.eu\/sklep\/blog\/author\/"},"uagb_comment_info":0,"uagb_excerpt":"Prowadz\u0105cy: Anna StelmachMiejsce: (online)Data: 2026-05-28Godzina: 20:00\u201321:00 (CEST\/Europa\/Warszawa)","_links":{"self":[{"href":"https:\/\/e-polish.eu\/sklep\/wp-json\/wp\/v2\/product\/15417","targetHints":{"allow":["GET"]}}],"collection":[{"href":"https:\/\/e-polish.eu\/sklep\/wp-json\/wp\/v2\/product"}],"about":[{"href":"https:\/\/e-polish.eu\/sklep\/wp-json\/wp\/v2\/types\/product"}],"replies":[{"embeddable":true,"href":"https:\/\/e-polish.eu\/sklep\/wp-json\/wp\/v2\/comments?post=15417"}],"wp:featuredmedia":[{"embeddable":true,"href":"https:\/\/e-polish.eu\/sklep\/wp-json\/wp\/v2\/media\/15416"}],"wp:attachment":[{"href":"https:\/\/e-polish.eu\/sklep\/wp-json\/wp\/v2\/media?parent=15417"}],"wp:term":[{"taxonomy":"product_brand","embeddable":true,"href":"https:\/\/e-polish.eu\/sklep\/wp-json\/wp\/v2\/product_brand?post=15417"},{"taxonomy":"product_cat","embeddable":true,"href":"https:\/\/e-polish.eu\/sklep\/wp-json\/wp\/v2\/product_cat?post=15417"},{"taxonomy":"product_tag","embeddable":true,"href":"https:\/\/e-polish.eu\/sklep\/wp-json\/wp\/v2\/product_tag?post=15417"}],"curies":[{"name":"wp","href":"https:\/\/api.w.org\/{rel}","templated":true}]}}