{"id":2558,"date":"2024-04-03T16:29:24","date_gmt":"2024-04-03T14:29:24","guid":{"rendered":"https:\/\/e-polish.eu\/sklep\/product\/zeszyt-cwiczen-junior-2\/"},"modified":"2026-04-06T03:42:09","modified_gmt":"2026-04-06T01:42:09","slug":"polski-krok-po-kroku-zeszyt-cwiczen-junior-czesc-2","status":"publish","type":"product","link":"https:\/\/e-polish.eu\/sklep\/ksiazki\/polski-krok-po-kroku-zeszyt-cwiczen-junior-czesc-2\/","title":{"rendered":"Zeszyt \u0107wicze\u0144 &#8211; junior 2"},"content":{"rendered":"<p><span class=\"fontstyle0\">Zeszyt \u0107wicze\u0144 to nie tylko materia\u0142y do usystematyzowania i rzetelnej powt\u00f3rki zagadnie\u0144 wprowadzonych w podr\u0119czniku, to przede wszystkim urozmaicone \u0107wiczenia leksykalne i gramatyczne nastawione na u\u017cywanie j\u0119zyka w praktyce. Zebrane tu zadania doskonal\u0105 wszystkie sprawno\u015bci j\u0119zykowe: m\u00f3wienie, rozumienie ze s\u0142uchu, czytanie ze zrozumieniem i pisanie.<\/span><\/p>\n<p><span class=\"fontstyle0\">Podobnie jak w cz\u0119\u015bci pierwszej zeszytu \u0107wicze\u0144, nie zabraknie tu zabawnych dialog\u00f3w i tekst\u00f3w dope\u0142niaj\u0105cych tre\u015bci\u0105 w\u0105tki fabularne z podr\u0119cznika, a g\u0142osy bohater\u00f3w z nagra\u0144 pomog\u0105 ucz\u0105cym si\u0119 wczu\u0107 si\u0119 w r\u00f3\u017cne sytuacje codziennego \u017cycia i w \u015bwiat nastolatk\u00f3w. Liczne ilustracje i komiksy u\u0142atwi\u0105 prac\u0119 z ksi\u0105\u017ck\u0105 i b\u0119d\u0105 doskona\u0142ym bod\u017acem do m\u00f3wienia.<\/span><\/p>\n<p><span class=\"fontstyle0\">Praca z zeszytem \u0107wicze\u0144 to utrwalenie materia\u0142u, wzbogacenie s\u0142ownictwa, szlifowanie sprawno\u015bci j\u0119zykowej i\u2026 \u015bwietna zabawa.<\/span><\/p>\n<blockquote><p><strong><i>Usystematyzowana powt\u00f3rka i dobra zabawa w jednym<\/i><\/strong><\/p><\/blockquote>\n<p><img loading=\"lazy\" decoding=\"async\" class=\"wp-image-3930 size-full alignleft\" src=\"https:\/\/e-polish.eu\/sklep\/wp-content\/uploads\/2024\/04\/dzwiek_ok.png\" alt=\"\" width=\"70\" height=\"58\" \/>Zeszyt \u0107wicze\u0144 zawiera 87 minut nagra\u0144 w formacie mp3 <a href=\"https:\/\/e-polish.eu\/recordings\/polski_krok_po_kroku_junior_1\">do pobrania na e-polish.eu<\/a>.<\/p>\n<p><img loading=\"lazy\" decoding=\"async\" class=\"size-full wp-image-3931 alignleft\" src=\"https:\/\/e-polish.eu\/sklep\/wp-content\/uploads\/2024\/04\/e-coursebook_ok.png\" alt=\"\" width=\"70\" height=\"58\" \/>Zeszyt \u0107wicze\u0144 dost\u0119pny jest tak\u017ce w <b>interaktywnej wersji <a href=\"https:\/\/e-polish.eu\/sklep\/e-coursebook_ZCJw\">e-coursebook<\/a><\/b>.<\/p>\n<p>ISBN 978-83-963171-2-4 | Iwona Stempek | Paulina Kuc<\/p>\n","protected":false},"excerpt":{"rendered":"<p>Zeszyt \u0107wicze\u0144 do drugiej cz\u0119\u015bci podr\u0119cznika \u201ePOLSKI krok po kroku \u2013 junior 2\u201d. <span class=\"fontstyle0\">Zeszyt \u0107wicze\u0144 to nie tylko materia\u0142y do usystematyzowania i rzetelnej powt\u00f3rki zagadnie\u0144 wprowadzonych w podr\u0119czniku, to przede wszystkim urozmaicone \u0107wiczenia leksykalne i gramatyczne nastawione na u\u017cywanie j\u0119zyka w praktyce. Zebrane tu zadania doskonal\u0105 wszystkie sprawno\u015bci j\u0119zykowe: m\u00f3wienie, rozumienie ze s\u0142uchu, czytanie ze zrozumieniem i pisanie.<\/span><\/p>\n<p><a href=\"https:\/\/e-polish.eu\/sklep\/seria-podrecznikow-do-jezyka-polskiego-dla-dzieci-i-mlodziezy-polski-krok-po-kroku-junior\/\"><img loading=\"lazy\" decoding=\"async\" class=\"alignnone size-full wp-image-3925\" src=\"https:\/\/e-polish.eu\/sklep\/wp-content\/uploads\/2024\/04\/logo-1000x700px-PwO-t-2.png\" alt=\"\" width=\"200\" height=\"73\" \/><\/a><\/p>\n","protected":false},"featured_media":3356,"comment_status":"open","ping_status":"closed","template":"","meta":{"_uag_custom_page_level_css":"","site-sidebar-layout":"default","site-content-layout":"","ast-site-content-layout":"default","site-content-style":"default","site-sidebar-style":"default","ast-global-header-display":"","ast-banner-title-visibility":"","ast-main-header-display":"","ast-hfb-above-header-display":"","ast-hfb-below-header-display":"","ast-hfb-mobile-header-display":"","site-post-title":"","ast-breadcrumbs-content":"","ast-featured-img":"","footer-sml-layout":"","ast-disable-related-posts":"","theme-transparent-header-meta":"default","adv-header-id-meta":"","stick-header-meta":"default","header-above-stick-meta":"","header-main-stick-meta":"","header-below-stick-meta":"","astra-migrate-meta-layouts":"set","ast-page-background-enabled":"default","ast-page-background-meta":{"desktop":{"background-color":"","background-image":"","background-repeat":"repeat","background-position":"center center","background-size":"auto","background-attachment":"scroll","background-type":"","background-media":"","overlay-type":"","overlay-color":"","overlay-opacity":"","overlay-gradient":""},"tablet":{"background-color":"","background-image":"","background-repeat":"repeat","background-position":"center center","background-size":"auto","background-attachment":"scroll","background-type":"","background-media":"","overlay-type":"","overlay-color":"","overlay-opacity":"","overlay-gradient":""},"mobile":{"background-color":"","background-image":"","background-repeat":"repeat","background-position":"center center","background-size":"auto","background-attachment":"scroll","background-type":"","background-media":"","overlay-type":"","overlay-color":"","overlay-opacity":"","overlay-gradient":""}},"ast-content-background-meta":{"desktop":{"background-color":"var(--ast-global-color-5)","background-image":"","background-repeat":"repeat","background-position":"center center","background-size":"auto","background-attachment":"scroll","background-type":"","background-media":"","overlay-type":"","overlay-color":"","overlay-opacity":"","overlay-gradient":""},"tablet":{"background-color":"var(--ast-global-color-5)","background-image":"","background-repeat":"repeat","background-position":"center center","background-size":"auto","background-attachment":"scroll","background-type":"","background-media":"","overlay-type":"","overlay-color":"","overlay-opacity":"","overlay-gradient":""},"mobile":{"background-color":"var(--ast-global-color-5)","background-image":"","background-repeat":"repeat","background-position":"center center","background-size":"auto","background-attachment":"scroll","background-type":"","background-media":"","overlay-type":"","overlay-color":"","overlay-opacity":"","overlay-gradient":""}}},"product_brand":[],"product_cat":[69,1624,19],"product_tag":[],"class_list":{"0":"post-2558","1":"product","2":"type-product","3":"status-publish","4":"has-post-thumbnail","6":"product_cat-ksiazki","7":"product_cat-polski-krok-po-kroku-junior","8":"product_cat-wszystkie-produkty","9":"product_series-polski-krok-po-kroku-junior","10":"desktop-align-center","11":"tablet-align-left","12":"mobile-align-left","13":"ast-product-gallery-layout-horizontal-slider","14":"ast-product-tabs-layout-horizontal","16":"first","17":"instock","18":"taxable","19":"shipping-taxable","20":"purchasable","21":"product-type-simple"},"aioseo_notices":[],"uagb_featured_image_src":{"full":["https:\/\/e-polish.eu\/sklep\/wp-content\/uploads\/shop-items\/0-zeszyt_cwiczen_-_junior_2",1000,1414,false],"thumbnail":["https:\/\/e-polish.eu\/sklep\/wp-content\/uploads\/shop-items\/0-zeszyt_cwiczen_-_junior_2-150x150.",150,150,true],"medium":["https:\/\/e-polish.eu\/sklep\/wp-content\/uploads\/shop-items\/0-zeszyt_cwiczen_-_junior_2-212x300.",212,300,true],"medium_large":["https:\/\/e-polish.eu\/sklep\/wp-content\/uploads\/shop-items\/0-zeszyt_cwiczen_-_junior_2-768x1086.",768,1086,true],"large":["https:\/\/e-polish.eu\/sklep\/wp-content\/uploads\/shop-items\/0-zeszyt_cwiczen_-_junior_2-724x1024.",724,1024,true],"1536x1536":["https:\/\/e-polish.eu\/sklep\/wp-content\/uploads\/shop-items\/0-zeszyt_cwiczen_-_junior_2",1000,1414,false],"2048x2048":["https:\/\/e-polish.eu\/sklep\/wp-content\/uploads\/shop-items\/0-zeszyt_cwiczen_-_junior_2",1000,1414,false],"page-small":["https:\/\/e-polish.eu\/sklep\/wp-content\/uploads\/shop-items\/0-zeszyt_cwiczen_-_junior_2-210x297.",210,297,true],"woocommerce_thumbnail":["https:\/\/e-polish.eu\/sklep\/wp-content\/uploads\/shop-items\/0-zeszyt_cwiczen_-_junior_2-300x424.",300,424,true],"woocommerce_single":["https:\/\/e-polish.eu\/sklep\/wp-content\/uploads\/shop-items\/0-zeszyt_cwiczen_-_junior_2-300x424.",300,424,true],"woocommerce_gallery_thumbnail":["https:\/\/e-polish.eu\/sklep\/wp-content\/uploads\/shop-items\/0-zeszyt_cwiczen_-_junior_2-100x100.",100,100,true],"lws_wr_thumbnail":["https:\/\/e-polish.eu\/sklep\/wp-content\/uploads\/shop-items\/0-zeszyt_cwiczen_-_junior_2",68,96,false],"lws_wr_thumbnail_small":["https:\/\/e-polish.eu\/sklep\/wp-content\/uploads\/shop-items\/0-zeszyt_cwiczen_-_junior_2",30,42,false]},"uagb_author_info":{"display_name":"artur","author_link":"https:\/\/e-polish.eu\/sklep\/blog\/author\/"},"uagb_comment_info":3,"uagb_excerpt":"Zeszyt \u0107wicze\u0144 do drugiej cz\u0119\u015bci podr\u0119cznika \u201ePOLSKI krok po kroku \u2013 junior 2\u201d. Zeszyt \u0107wicze\u0144 to nie tylko materia\u0142y do usystematyzowania i rzetelnej powt\u00f3rki zagadnie\u0144 wprowadzonych w podr\u0119czniku, to przede wszystkim urozmaicone \u0107wiczenia leksykalne i gramatyczne nastawione na u\u017cywanie j\u0119zyka w praktyce. Zebrane tu zadania doskonal\u0105 wszystkie sprawno\u015bci j\u0119zykowe: m\u00f3wienie, rozumienie ze s\u0142uchu, czytanie ze&hellip;","_links":{"self":[{"href":"https:\/\/e-polish.eu\/sklep\/wp-json\/wp\/v2\/product\/2558","targetHints":{"allow":["GET"]}}],"collection":[{"href":"https:\/\/e-polish.eu\/sklep\/wp-json\/wp\/v2\/product"}],"about":[{"href":"https:\/\/e-polish.eu\/sklep\/wp-json\/wp\/v2\/types\/product"}],"replies":[{"embeddable":true,"href":"https:\/\/e-polish.eu\/sklep\/wp-json\/wp\/v2\/comments?post=2558"}],"wp:featuredmedia":[{"embeddable":true,"href":"https:\/\/e-polish.eu\/sklep\/wp-json\/wp\/v2\/media\/3356"}],"wp:attachment":[{"href":"https:\/\/e-polish.eu\/sklep\/wp-json\/wp\/v2\/media?parent=2558"}],"wp:term":[{"taxonomy":"product_brand","embeddable":true,"href":"https:\/\/e-polish.eu\/sklep\/wp-json\/wp\/v2\/product_brand?post=2558"},{"taxonomy":"product_cat","embeddable":true,"href":"https:\/\/e-polish.eu\/sklep\/wp-json\/wp\/v2\/product_cat?post=2558"},{"taxonomy":"product_tag","embeddable":true,"href":"https:\/\/e-polish.eu\/sklep\/wp-json\/wp\/v2\/product_tag?post=2558"}],"curies":[{"name":"wp","href":"https:\/\/api.w.org\/{rel}","templated":true}]}}