{"id":2559,"date":"2024-04-03T16:29:24","date_gmt":"2024-04-03T14:29:24","guid":{"rendered":"https:\/\/e-polish.eu\/sklep\/product\/polski-krok-po-kroku-junior-2\/"},"modified":"2026-04-06T03:42:09","modified_gmt":"2026-04-06T01:42:09","slug":"polski-krok-po-kroku-junior-podrecznik-czesc-2","status":"publish","type":"product","link":"https:\/\/e-polish.eu\/sklep\/ksiazki\/polski-krok-po-kroku-junior-podrecznik-czesc-2\/","title":{"rendered":"POLSKI krok po kroku &#8211; junior 2"},"content":{"rendered":"<p><span class=\"fontstyle0\">Druga cz\u0119\u015b\u0107 bestsellerowej serii \u201ePOLSKI krok po kroku \u2013 junior\u201d to inspiruj\u0105ce i nowoczesne materia\u0142y: \u017cywe i pe\u0142ne humoru dialogi, praktyczne \u0107wiczenia, przejrzyste tabele gramatyczne, motywuj\u0105ce do m\u00f3wienia ilustracje i komiksy oraz profesjonalne nagrania u\u0142atwiaj\u0105ce \u0107wiczenie wymowy i doskonalenie rozumienia ze s\u0142uchu.<\/span><\/p>\n<p><span class=\"fontstyle0\">Podr\u0119cznik kontynuuje w\u0105tek fabularny z pierwszej cz\u0119\u015bci, a lubiani bohaterowie pomagaj\u0105 ucz\u0105cym si\u0119 przebrn\u0105\u0107 przez niuanse polskiej gramatyki. <\/span><span class=\"fontstyle0\">Pierwsze lekcje podr\u0119cznika systematyzuj\u0105 znane ju\u017c &#8211; z pierwszej cz\u0119\u015bci podr\u0119cznika &#8211; zagadnienia, pomagaj\u0105 zbada\u0107 rzeczywisty poziom j\u0119zykowy uczni\u00f3w, uzupe\u0142ni\u0107 zaleg\u0142o\u015bci i p\u0142ynnie przej\u015b\u0107 na kolejny etap nauki. Nowe s\u0142ownictwo i zagadnienia gramatyczne wprowadzane s\u0105 w kontek\u015bcie wykorzystuj\u0105cym autentyczne sytuacje komunikacyjne ze \u015bwiata m\u0142odych ludzi, a oparta na j\u0119zyku polskim konstrukcja podr\u0119cznika od pocz\u0105tku zach\u0119ca uczni\u00f3w do m\u00f3wienia i my\u015blenia po polsku.<\/span><\/p>\n<p>&#8222;POLSKI krok po kroku &#8211; junior&#8221; to:<\/p>\n<ul>\n<li>m\u0142odzi bohaterowie w szkolnych realiach,<\/li>\n<li>tre\u015bci dostosowane do wieku odbiorc\u00f3w,<\/li>\n<li>\u015bwiat bliski m\u0142odym ludziom (szko\u0142a, dom, koledzy, nowe technologie),<\/li>\n<li>r\u00f3\u017cnorodne materia\u0142y prezentowane na tle polskiej kultury,<\/li>\n<li>autentyczne sytuacje komunikacyjne inspiruj\u0105ce do m\u00f3wienia,<\/li>\n<li>intuicyjne tabele gramatyczne,<br \/>\natrakcyjna i funkcjonalna grafika.<\/li>\n<\/ul>\n<p>Podr\u0119cznik sk\u0142ada si\u0119 z dziesi\u0119ciu rozdzia\u0142\u00f3w przeznaczonych na oko\u0142o 60 godzin nauki. Ka\u017cdy rozdzia\u0142 dzieli si\u0119 na cztery podrozdzia\u0142y po kt\u00f3rych nast\u0119puje cz\u0119\u015b\u0107 powt\u00f3rzeniowa oraz fakultatywny \u201ePLUS dla ambitnych\u201d z nieco trudniejszymi uzupe\u0142niaj\u0105cymi materia\u0142ami. Do ka\u017cdego rozdzia\u0142u zosta\u0142 opracowany s\u0142owniczek nowo poznanych s\u0142\u00f3w i wyra\u017ce\u0144 przet\u0142umaczonych na angielski, niemiecki i rosyjski.<\/p>\n<blockquote><p><strong> <span class=\"fontstyle0\">Podr\u0119cznik, z kt\u00f3rym nikt <\/span><\/strong><strong><span class=\"fontstyle0\">nie b\u0119dzie si\u0119 nudzi\u0142!<\/span><\/strong><\/p><\/blockquote>\n<p><img loading=\"lazy\" decoding=\"async\" class=\"size-full wp-image-3930 alignleft\" src=\"https:\/\/e-polish.eu\/sklep\/wp-content\/uploads\/2024\/04\/dzwiek_ok.png\" alt=\"\" width=\"70\" height=\"58\" \/><\/p>\n<p>Podr\u0119cznik zawiera ponad 200 minut nagra\u0144 w formacie mp3 <a href=\"https:\/\/e-polish.eu\/recordings\/polski_krok_po_kroku_junior_1\">do pobrania na e-polish.eu<\/a>.<\/p>\n<p><img loading=\"lazy\" decoding=\"async\" class=\"size-full wp-image-3931 alignleft\" src=\"https:\/\/e-polish.eu\/sklep\/wp-content\/uploads\/2024\/04\/e-coursebook_ok.png\" alt=\"\" width=\"70\" height=\"58\" \/>Podr\u0119cznik dost\u0119pny jest tak\u017ce w <b>interaktywnej wersji <a href=\"https:\/\/e-polish.eu\/sklep\/e-coursebook_JUN2\">e-coursebook<\/a><\/b>.<\/p>\n<p>ISBN 978-83-963171-1-7 | Iwona Stempek | Paulina Kuc<\/p>\n","protected":false},"excerpt":{"rendered":"<p><span class=\"fontstyle0\">Druga cz\u0119\u015b\u0107 bestsellerowej serii \u201ePOLSKI krok po kroku \u2013 junior\u201d to inspiruj\u0105ce i nowoczesne materia\u0142y: \u017cywe i pe\u0142ne humoru dialogi, praktyczne \u0107wiczenia, przejrzyste tabele gramatyczne, motywuj\u0105ce do m\u00f3wienia ilustracje i komiksy oraz profesjonalne nagrania u\u0142atwiaj\u0105ce \u0107wiczenie wymowy i doskonalenie rozumienia ze s\u0142uchu.<br \/>\n<\/span><span class=\"fontstyle0\">Podr\u0119cznik kontynuuje w\u0105tek fabularny z pierwszej cz\u0119\u015bci, a lubiani bohaterowie pomagaj\u0105 ucz\u0105cym si\u0119 przebrn\u0105\u0107 przez niuanse polskiej gramatyki.<\/span><\/p>\n<p><a href=\"https:\/\/e-polish.eu\/sklep\/seria-podrecznikow-do-jezyka-polskiego-dla-dzieci-i-mlodziezy-polski-krok-po-kroku-junior\/\"><img loading=\"lazy\" decoding=\"async\" class=\"alignnone size-full wp-image-3925\" src=\"https:\/\/e-polish.eu\/sklep\/wp-content\/uploads\/2024\/04\/logo-1000x700px-PwO-t-2.png\" alt=\"Seria POLSKI krok po kroku - junior\" width=\"200\" height=\"73\" \/><\/a><\/p>\n","protected":false},"featured_media":3357,"comment_status":"open","ping_status":"closed","template":"","meta":{"_uag_custom_page_level_css":"","site-sidebar-layout":"default","site-content-layout":"","ast-site-content-layout":"default","site-content-style":"default","site-sidebar-style":"default","ast-global-header-display":"","ast-banner-title-visibility":"","ast-main-header-display":"","ast-hfb-above-header-display":"","ast-hfb-below-header-display":"","ast-hfb-mobile-header-display":"","site-post-title":"","ast-breadcrumbs-content":"","ast-featured-img":"","footer-sml-layout":"","ast-disable-related-posts":"","theme-transparent-header-meta":"default","adv-header-id-meta":"","stick-header-meta":"default","header-above-stick-meta":"","header-main-stick-meta":"","header-below-stick-meta":"","astra-migrate-meta-layouts":"set","ast-page-background-enabled":"default","ast-page-background-meta":{"desktop":{"background-color":"","background-image":"","background-repeat":"repeat","background-position":"center center","background-size":"auto","background-attachment":"scroll","background-type":"","background-media":"","overlay-type":"","overlay-color":"","overlay-opacity":"","overlay-gradient":""},"tablet":{"background-color":"","background-image":"","background-repeat":"repeat","background-position":"center center","background-size":"auto","background-attachment":"scroll","background-type":"","background-media":"","overlay-type":"","overlay-color":"","overlay-opacity":"","overlay-gradient":""},"mobile":{"background-color":"","background-image":"","background-repeat":"repeat","background-position":"center center","background-size":"auto","background-attachment":"scroll","background-type":"","background-media":"","overlay-type":"","overlay-color":"","overlay-opacity":"","overlay-gradient":""}},"ast-content-background-meta":{"desktop":{"background-color":"var(--ast-global-color-5)","background-image":"","background-repeat":"repeat","background-position":"center center","background-size":"auto","background-attachment":"scroll","background-type":"","background-media":"","overlay-type":"","overlay-color":"","overlay-opacity":"","overlay-gradient":""},"tablet":{"background-color":"var(--ast-global-color-5)","background-image":"","background-repeat":"repeat","background-position":"center center","background-size":"auto","background-attachment":"scroll","background-type":"","background-media":"","overlay-type":"","overlay-color":"","overlay-opacity":"","overlay-gradient":""},"mobile":{"background-color":"var(--ast-global-color-5)","background-image":"","background-repeat":"repeat","background-position":"center center","background-size":"auto","background-attachment":"scroll","background-type":"","background-media":"","overlay-type":"","overlay-color":"","overlay-opacity":"","overlay-gradient":""}}},"product_brand":[],"product_cat":[69,1624,19],"product_tag":[],"class_list":{"0":"post-2559","1":"product","2":"type-product","3":"status-publish","4":"has-post-thumbnail","6":"product_cat-ksiazki","7":"product_cat-polski-krok-po-kroku-junior","8":"product_cat-wszystkie-produkty","9":"product_series-polski-krok-po-kroku-junior","10":"desktop-align-center","11":"tablet-align-left","12":"mobile-align-left","13":"ast-product-gallery-layout-horizontal-slider","14":"ast-product-tabs-layout-horizontal","16":"first","17":"instock","18":"taxable","19":"shipping-taxable","20":"purchasable","21":"product-type-simple"},"aioseo_notices":[],"uagb_featured_image_src":{"full":["https:\/\/e-polish.eu\/sklep\/wp-content\/uploads\/shop-items\/0-polski_krok_po_kroku_-_junior_2",1000,1415,false],"thumbnail":["https:\/\/e-polish.eu\/sklep\/wp-content\/uploads\/shop-items\/0-polski_krok_po_kroku_-_junior_2-150x150.",150,150,true],"medium":["https:\/\/e-polish.eu\/sklep\/wp-content\/uploads\/shop-items\/0-polski_krok_po_kroku_-_junior_2-212x300.",212,300,true],"medium_large":["https:\/\/e-polish.eu\/sklep\/wp-content\/uploads\/shop-items\/0-polski_krok_po_kroku_-_junior_2-768x1087.",768,1087,true],"large":["https:\/\/e-polish.eu\/sklep\/wp-content\/uploads\/shop-items\/0-polski_krok_po_kroku_-_junior_2-724x1024.",724,1024,true],"1536x1536":["https:\/\/e-polish.eu\/sklep\/wp-content\/uploads\/shop-items\/0-polski_krok_po_kroku_-_junior_2",1000,1415,false],"2048x2048":["https:\/\/e-polish.eu\/sklep\/wp-content\/uploads\/shop-items\/0-polski_krok_po_kroku_-_junior_2",1000,1415,false],"page-small":["https:\/\/e-polish.eu\/sklep\/wp-content\/uploads\/shop-items\/0-polski_krok_po_kroku_-_junior_2-210x297.",210,297,true],"woocommerce_thumbnail":["https:\/\/e-polish.eu\/sklep\/wp-content\/uploads\/shop-items\/0-polski_krok_po_kroku_-_junior_2-300x425.",300,425,true],"woocommerce_single":["https:\/\/e-polish.eu\/sklep\/wp-content\/uploads\/shop-items\/0-polski_krok_po_kroku_-_junior_2-300x425.",300,425,true],"woocommerce_gallery_thumbnail":["https:\/\/e-polish.eu\/sklep\/wp-content\/uploads\/shop-items\/0-polski_krok_po_kroku_-_junior_2-100x100.",100,100,true],"lws_wr_thumbnail":["https:\/\/e-polish.eu\/sklep\/wp-content\/uploads\/shop-items\/0-polski_krok_po_kroku_-_junior_2",68,96,false],"lws_wr_thumbnail_small":["https:\/\/e-polish.eu\/sklep\/wp-content\/uploads\/shop-items\/0-polski_krok_po_kroku_-_junior_2",30,42,false]},"uagb_author_info":{"display_name":"artur","author_link":"https:\/\/e-polish.eu\/sklep\/blog\/author\/"},"uagb_comment_info":16,"uagb_excerpt":"Druga cz\u0119\u015b\u0107 bestsellerowej serii \u201ePOLSKI krok po kroku \u2013 junior\u201d to inspiruj\u0105ce i nowoczesne materia\u0142y: \u017cywe i pe\u0142ne humoru dialogi, praktyczne \u0107wiczenia, przejrzyste tabele gramatyczne, motywuj\u0105ce do m\u00f3wienia ilustracje i komiksy oraz profesjonalne nagrania u\u0142atwiaj\u0105ce \u0107wiczenie wymowy i doskonalenie rozumienia ze s\u0142uchu. Podr\u0119cznik kontynuuje w\u0105tek fabularny z pierwszej cz\u0119\u015bci, a lubiani bohaterowie pomagaj\u0105 ucz\u0105cym si\u0119&hellip;","_links":{"self":[{"href":"https:\/\/e-polish.eu\/sklep\/wp-json\/wp\/v2\/product\/2559","targetHints":{"allow":["GET"]}}],"collection":[{"href":"https:\/\/e-polish.eu\/sklep\/wp-json\/wp\/v2\/product"}],"about":[{"href":"https:\/\/e-polish.eu\/sklep\/wp-json\/wp\/v2\/types\/product"}],"replies":[{"embeddable":true,"href":"https:\/\/e-polish.eu\/sklep\/wp-json\/wp\/v2\/comments?post=2559"}],"wp:featuredmedia":[{"embeddable":true,"href":"https:\/\/e-polish.eu\/sklep\/wp-json\/wp\/v2\/media\/3357"}],"wp:attachment":[{"href":"https:\/\/e-polish.eu\/sklep\/wp-json\/wp\/v2\/media?parent=2559"}],"wp:term":[{"taxonomy":"product_brand","embeddable":true,"href":"https:\/\/e-polish.eu\/sklep\/wp-json\/wp\/v2\/product_brand?post=2559"},{"taxonomy":"product_cat","embeddable":true,"href":"https:\/\/e-polish.eu\/sklep\/wp-json\/wp\/v2\/product_cat?post=2559"},{"taxonomy":"product_tag","embeddable":true,"href":"https:\/\/e-polish.eu\/sklep\/wp-json\/wp\/v2\/product_tag?post=2559"}],"curies":[{"name":"wp","href":"https:\/\/api.w.org\/{rel}","templated":true}]}}