{"id":2560,"date":"2024-04-03T16:29:24","date_gmt":"2024-04-03T14:29:24","guid":{"rendered":"https:\/\/e-polish.eu\/sklep\/product\/fonetyka-polski-w-praktyce\/"},"modified":"2026-04-20T03:42:09","modified_gmt":"2026-04-20T01:42:09","slug":"fonetyka-polski-w-praktyce","status":"publish","type":"product","link":"https:\/\/e-polish.eu\/sklep\/ksiazki\/fonetyka-polski-w-praktyce\/","title":{"rendered":"FONETYKA &#8211; polski w praktyce"},"content":{"rendered":"<p><span class=\"fontstyle0\">\u201eFONETYKA &#8211; polski w praktyce\u201d powsta\u0142a z my\u015bl\u0105 o osobach, kt\u00f3re rozpoczynaj\u0105 przygod\u0119 z j\u0119zykiem polskim oraz tych, kt\u00f3re pragn\u0105 udoskonali\u0107 wymow\u0119 lub pozby\u0107 si\u0119 z\u0142ych nawyk\u00f3w. Ksi\u0105\u017cka ta jest znakomitym narz\u0119dziem do pracy samodzielnej, sprawdzi si\u0119 tak\u017ce na lekcjach jako \u017ar\u00f3d\u0142o dodatkowych materia\u0142\u00f3w. Uporz\u0105dkowanie zagadnie\u0144 wed\u0142ug temat\u00f3w i stopnia trudno\u015bci u\u0142atwi nauczycielowi dob\u00f3r \u0107wicze\u0144 optymalnie dopasowanych do grupy. Ogromna r\u00f3\u017cnorodno\u015b\u0107 zada\u0144 sprawi, \u017ce czas na fonetyk\u0119 b\u0119dzie czasem dobrej zabawy.<\/span><\/p>\n<p>\u201eFONETYKA &#8211; polski w praktyce\u201d to zaproszenie do intensywnego treningu wymowy \u2013 prowadzonego w spos\u00f3b rzetelny, praktyczny i atrakcyjny. Powsta\u0142a ona z my\u015bl\u0105 o osobach, kt\u00f3re rozpoczynaj\u0105 przygod\u0119 z j\u0119zykiem polskim oraz tych, kt\u00f3re pragn\u0105 udoskonali\u0107 wymow\u0119 lub pozby\u0107 si\u0119 z\u0142ych nawyk\u00f3w. Ksi\u0105\u017cka sk\u0142ada si\u0119 z cz\u0119\u015bci teoretycznej oraz praktycznych materia\u0142\u00f3w do intensywnego i efektywnego treningu wymowy. Uporz\u0105dkowanie zada\u0144 wed\u0142ug temat\u00f3w i stopnia trudno\u015bci u\u0142atwi nauczycielowi dob\u00f3r \u0107wicze\u0144 optymalnie dopasowanych do grupy. Poszczeg\u00f3lne rozdzia\u0142y pozwol\u0105 skutecznie wyeliminowa\u0107 najbardziej typowe b\u0142\u0119dy oraz pomog\u0105 rozwi\u0105za\u0107 problemy fonetyczne poszczeg\u00f3lnych narodowo\u015bci \u2013 wszak ka\u017cda nacja ma swoj\u0105 \u201epi\u0119t\u0119 Achillesa\u201d.<\/p>\n<blockquote><p><strong> <span class=\"fontstyle0\">Zaproszenie do intensywnego treningu wymowy<\/span><\/strong><\/p><\/blockquote>\n<p><img loading=\"lazy\" decoding=\"async\" class=\"size-full wp-image-3930 alignleft\" src=\"https:\/\/e-polish.eu\/sklep\/wp-content\/uploads\/2024\/04\/dzwiek_ok.png\" alt=\"\" width=\"70\" height=\"58\" \/>Podr\u0119cznik zawiera 180 minut nagra\u0144 w formacie mp3 (<a href=\"https:\/\/e-polish.eu\/recordings\/pkpk1\">do pobrania na e-polish.eu<\/a>).<\/p>\n<p><img loading=\"lazy\" decoding=\"async\" class=\"size-full wp-image-3931 alignleft\" src=\"https:\/\/e-polish.eu\/sklep\/wp-content\/uploads\/2024\/04\/e-coursebook_ok.png\" alt=\"\" width=\"70\" height=\"58\" \/>Podr\u0119cznik dost\u0119pny jest tak\u017ce w <b>interaktywnej wersji <a href=\"https:\/\/e-polish.eu\/sklep\/e-coursebook_FON\">e-coursebook<\/a><\/b>.<\/p>\n<p>ISBN 978-83-953460-3-3 | Joanna Stanek<\/p>\n","protected":false},"excerpt":{"rendered":"<p><span class=\"fontstyle0\">\u201eFONETYKA &#8211; polski w praktyce\u201d powsta\u0142a z my\u015bl\u0105 o osobach, kt\u00f3re rozpoczynaj\u0105 przygod\u0119 z j\u0119zykiem polskim oraz tych, kt\u00f3re pragn\u0105 udoskonali\u0107 wymow\u0119 lub pozby\u0107 si\u0119 z\u0142ych nawyk\u00f3w. Ksi\u0105\u017cka ta jest znakomitym narz\u0119dziem do pracy samodzielnej, sprawdzi si\u0119 tak\u017ce na lekcjach jako \u017ar\u00f3d\u0142o dodatkowych materia\u0142\u00f3w. Uporz\u0105dkowanie zagadnie\u0144 wed\u0142ug temat\u00f3w i stopnia trudno\u015bci u\u0142atwi nauczycielowi dob\u00f3r \u0107wicze\u0144 optymalnie dopasowanych do grupy. Ogromna r\u00f3\u017cnorodno\u015b\u0107 zada\u0144 sprawi, \u017ce czas na fonetyk\u0119 b\u0119dzie czasem dobrej zabawy.<\/span><\/p>\n","protected":false},"featured_media":3939,"comment_status":"open","ping_status":"closed","template":"","meta":{"_uag_custom_page_level_css":"","site-sidebar-layout":"default","site-content-layout":"","ast-site-content-layout":"default","site-content-style":"default","site-sidebar-style":"default","ast-global-header-display":"","ast-banner-title-visibility":"","ast-main-header-display":"","ast-hfb-above-header-display":"","ast-hfb-below-header-display":"","ast-hfb-mobile-header-display":"","site-post-title":"","ast-breadcrumbs-content":"","ast-featured-img":"","footer-sml-layout":"","ast-disable-related-posts":"","theme-transparent-header-meta":"default","adv-header-id-meta":"","stick-header-meta":"default","header-above-stick-meta":"","header-main-stick-meta":"","header-below-stick-meta":"","astra-migrate-meta-layouts":"set","ast-page-background-enabled":"default","ast-page-background-meta":{"desktop":{"background-color":"","background-image":"","background-repeat":"repeat","background-position":"center center","background-size":"auto","background-attachment":"scroll","background-type":"","background-media":"","overlay-type":"","overlay-color":"","overlay-opacity":"","overlay-gradient":""},"tablet":{"background-color":"","background-image":"","background-repeat":"repeat","background-position":"center center","background-size":"auto","background-attachment":"scroll","background-type":"","background-media":"","overlay-type":"","overlay-color":"","overlay-opacity":"","overlay-gradient":""},"mobile":{"background-color":"","background-image":"","background-repeat":"repeat","background-position":"center center","background-size":"auto","background-attachment":"scroll","background-type":"","background-media":"","overlay-type":"","overlay-color":"","overlay-opacity":"","overlay-gradient":""}},"ast-content-background-meta":{"desktop":{"background-color":"var(--ast-global-color-5)","background-image":"","background-repeat":"repeat","background-position":"center center","background-size":"auto","background-attachment":"scroll","background-type":"","background-media":"","overlay-type":"","overlay-color":"","overlay-opacity":"","overlay-gradient":""},"tablet":{"background-color":"var(--ast-global-color-5)","background-image":"","background-repeat":"repeat","background-position":"center center","background-size":"auto","background-attachment":"scroll","background-type":"","background-media":"","overlay-type":"","overlay-color":"","overlay-opacity":"","overlay-gradient":""},"mobile":{"background-color":"var(--ast-global-color-5)","background-image":"","background-repeat":"repeat","background-position":"center center","background-size":"auto","background-attachment":"scroll","background-type":"","background-media":"","overlay-type":"","overlay-color":"","overlay-opacity":"","overlay-gradient":""}}},"product_brand":[],"product_cat":[69,1627,19],"product_tag":[],"class_list":{"0":"post-2560","1":"product","2":"type-product","3":"status-publish","4":"has-post-thumbnail","6":"product_cat-ksiazki","7":"product_cat-polski-w-praktyce","8":"product_cat-wszystkie-produkty","9":"product_series-polski-w-praktyce","10":"desktop-align-center","11":"tablet-align-left","12":"mobile-align-left","13":"ast-product-gallery-layout-horizontal-slider","14":"ast-product-tabs-layout-horizontal","16":"first","17":"instock","18":"featured","19":"taxable","20":"shipping-taxable","21":"purchasable","22":"product-type-simple"},"aioseo_notices":[],"uagb_featured_image_src":{"full":["https:\/\/e-polish.eu\/sklep\/wp-content\/uploads\/shop-items\/0-fonetyka_-_polski_w_praktyce",1000,1415,false],"thumbnail":["https:\/\/e-polish.eu\/sklep\/wp-content\/uploads\/shop-items\/0-fonetyka_-_polski_w_praktyce-150x150.",150,150,true],"medium":["https:\/\/e-polish.eu\/sklep\/wp-content\/uploads\/shop-items\/0-fonetyka_-_polski_w_praktyce-212x300.",212,300,true],"medium_large":["https:\/\/e-polish.eu\/sklep\/wp-content\/uploads\/shop-items\/0-fonetyka_-_polski_w_praktyce-768x1087.",768,1087,true],"large":["https:\/\/e-polish.eu\/sklep\/wp-content\/uploads\/shop-items\/0-fonetyka_-_polski_w_praktyce-724x1024.",724,1024,true],"1536x1536":["https:\/\/e-polish.eu\/sklep\/wp-content\/uploads\/shop-items\/0-fonetyka_-_polski_w_praktyce",1000,1415,false],"2048x2048":["https:\/\/e-polish.eu\/sklep\/wp-content\/uploads\/shop-items\/0-fonetyka_-_polski_w_praktyce",1000,1415,false],"page-small":["https:\/\/e-polish.eu\/sklep\/wp-content\/uploads\/shop-items\/0-fonetyka_-_polski_w_praktyce-210x297.",210,297,true],"woocommerce_thumbnail":["https:\/\/e-polish.eu\/sklep\/wp-content\/uploads\/shop-items\/0-fonetyka_-_polski_w_praktyce-300x425.",300,425,true],"woocommerce_single":["https:\/\/e-polish.eu\/sklep\/wp-content\/uploads\/shop-items\/0-fonetyka_-_polski_w_praktyce-300x425.",300,425,true],"woocommerce_gallery_thumbnail":["https:\/\/e-polish.eu\/sklep\/wp-content\/uploads\/shop-items\/0-fonetyka_-_polski_w_praktyce-100x100.",100,100,true],"lws_wr_thumbnail":["https:\/\/e-polish.eu\/sklep\/wp-content\/uploads\/shop-items\/0-fonetyka_-_polski_w_praktyce",68,96,false],"lws_wr_thumbnail_small":["https:\/\/e-polish.eu\/sklep\/wp-content\/uploads\/shop-items\/0-fonetyka_-_polski_w_praktyce",30,42,false]},"uagb_author_info":{"display_name":"artur","author_link":"https:\/\/e-polish.eu\/sklep\/blog\/author\/"},"uagb_comment_info":29,"uagb_excerpt":"\u201eFONETYKA - polski w praktyce\u201d powsta\u0142a z my\u015bl\u0105 o osobach, kt\u00f3re rozpoczynaj\u0105 przygod\u0119 z j\u0119zykiem polskim oraz tych, kt\u00f3re pragn\u0105 udoskonali\u0107 wymow\u0119 lub pozby\u0107 si\u0119 z\u0142ych nawyk\u00f3w. Ksi\u0105\u017cka ta jest znakomitym narz\u0119dziem do pracy samodzielnej, sprawdzi si\u0119 tak\u017ce na lekcjach jako \u017ar\u00f3d\u0142o dodatkowych materia\u0142\u00f3w. Uporz\u0105dkowanie zagadnie\u0144 wed\u0142ug temat\u00f3w i stopnia trudno\u015bci u\u0142atwi nauczycielowi dob\u00f3r \u0107wicze\u0144&hellip;","_links":{"self":[{"href":"https:\/\/e-polish.eu\/sklep\/wp-json\/wp\/v2\/product\/2560","targetHints":{"allow":["GET"]}}],"collection":[{"href":"https:\/\/e-polish.eu\/sklep\/wp-json\/wp\/v2\/product"}],"about":[{"href":"https:\/\/e-polish.eu\/sklep\/wp-json\/wp\/v2\/types\/product"}],"replies":[{"embeddable":true,"href":"https:\/\/e-polish.eu\/sklep\/wp-json\/wp\/v2\/comments?post=2560"}],"wp:featuredmedia":[{"embeddable":true,"href":"https:\/\/e-polish.eu\/sklep\/wp-json\/wp\/v2\/media\/3939"}],"wp:attachment":[{"href":"https:\/\/e-polish.eu\/sklep\/wp-json\/wp\/v2\/media?parent=2560"}],"wp:term":[{"taxonomy":"product_brand","embeddable":true,"href":"https:\/\/e-polish.eu\/sklep\/wp-json\/wp\/v2\/product_brand?post=2560"},{"taxonomy":"product_cat","embeddable":true,"href":"https:\/\/e-polish.eu\/sklep\/wp-json\/wp\/v2\/product_cat?post=2560"},{"taxonomy":"product_tag","embeddable":true,"href":"https:\/\/e-polish.eu\/sklep\/wp-json\/wp\/v2\/product_tag?post=2560"}],"curies":[{"name":"wp","href":"https:\/\/api.w.org\/{rel}","templated":true}]}}