{"id":2562,"date":"2024-04-03T16:29:24","date_gmt":"2024-04-03T14:29:24","guid":{"rendered":"https:\/\/e-polish.eu\/sklep\/product\/zeszyt-cwiczen-2\/"},"modified":"2026-04-08T15:15:54","modified_gmt":"2026-04-08T13:15:54","slug":"polski-krok-po-kroku-zeszyt-cwiczen-czesc-2","status":"publish","type":"product","link":"https:\/\/e-polish.eu\/sklep\/ksiazki\/polski-krok-po-kroku-zeszyt-cwiczen-czesc-2\/","title":{"rendered":"Zeszyt \u0107wicze\u0144 2"},"content":{"rendered":"<p><span class=\"fontstyle0\">Zeszyt \u0107wicze\u0144 do drugiej cz\u0119\u015bci podr\u0119cznika \u201ePOLSKI krok po kroku 2\u201d. Bogaty zestaw starannie wyselekcjonowanych \u0107wicze\u0144, kt\u00f3re doskonale uzupe\u0142niaj\u0105 tre\u015bci wprowadzane w podr\u0119czniku. Urozmaicona forma zada\u0144 i funkcjonalna grafika dope\u0142niaj\u0105ca ich tre\u015bci sprawi\u0105, \u017ce nikt nie b\u0119dzie si\u0119 nudzi\u0142 z t\u0105 ksi\u0105\u017ck\u0105. Wiele \u0107wicze\u0144 bazuje na dialogach i rozbudowanych tekstach: legendach, opisach \u015bwi\u0105t i tradycji, wywiadach, sondach ulicznych, wypowiedziach r\u00f3\u017cnych os\u00f3b na tematy dotycz\u0105ce r\u00f3\u017cnorodnych problem\u00f3w dzisiejszego \u015bwiata. <\/span><span class=\"fontstyle0\">Wszystkie teksty r\u00f3wnie\u017c w wersji audio \u2013 na do\u0142\u0105czonej do ksi\u0105\u017cki p\u0142ycie znajduje si\u0119 127 nagra\u0144! Pracuj\u0105c z tak r\u00f3\u017cnorodnym materia\u0142em, \u0142atwo zapomnie\u0107, \u017ce to zbi\u00f3r zada\u0144 maj\u0105cych na celu utrwalenie b\u0105d\u017a poszerzenie zasobu s\u0142ownictwa, automatyzacj\u0119 konstrukcji gramatycznych i przede wszystkim udoskonalenie poziomu znajomo\u015bci polskiego, poprzez rozwijanie wszystkich kompetencji j\u0119zykowych.<\/span><\/p>\n<p>Jako bonus w wersji online dost\u0119pnych jest dodatkowych 300 \u0107wicze\u0144, kt\u00f3re nie s\u0105 prezentowane w ksi\u0105\u017cce papierowej!<\/p>\n<blockquote><p><strong><i>Z zeszytem \u0107wicze\u0144 przygotujesz urozmaicone i ciekawe zaj\u0119cia.<\/i><\/strong><\/p><\/blockquote>\n<p><img loading=\"lazy\" decoding=\"async\" class=\"size-full wp-image-3930 alignleft\" src=\"https:\/\/e-polish.eu\/sklep\/wp-content\/uploads\/2024\/04\/dzwiek_ok.png\" alt=\"\" width=\"70\" height=\"58\" \/>Zeszyt \u0107wicze\u0144 zawiera 127 minut nagra\u0144 w formacie mp3 (<a href=\"https:\/\/e-polish.eu\/recordings\/zc2\">do pobrania na e-polish.eu<\/a>).<\/p>\n<p><img loading=\"lazy\" decoding=\"async\" class=\"size-full wp-image-3931 alignleft\" src=\"https:\/\/e-polish.eu\/sklep\/wp-content\/uploads\/2024\/04\/e-coursebook_ok.png\" alt=\"\" width=\"70\" height=\"58\" \/>Podr\u0119cznik dost\u0119pny jest tak\u017ce w <b>interaktywnej wersji <a href=\"https:\/\/e-polish.eu\/sklep\/e-coursebook_ZC1\">e-coursebook<\/a><\/b>.<\/p>\n<p>ISBN 978-83-930731-5-3 | Iwona Stempek | Anna Stelmach<\/p>\n<p>&nbsp;<\/p>\n","protected":false},"excerpt":{"rendered":"<p><span class=\"fontstyle0\">Zeszyt \u0107wicze\u0144 do drugiej cz\u0119\u015bci podr\u0119cznika \u201ePOLSKI krok po kroku 2\u201d. Bogaty zestaw starannie wyselekcjonowanych \u0107wicze\u0144, kt\u00f3re doskonale uzupe\u0142niaj\u0105 tre\u015bci wprowadzane w podr\u0119czniku. Urozmaicona forma zada\u0144 i funkcjonalna grafika dope\u0142niaj\u0105ca ich tre\u015bci sprawi\u0105, \u017ce nikt nie b\u0119dzie si\u0119 nudzi\u0142 z t\u0105 ksi\u0105\u017ck\u0105. Wiele \u0107wicze\u0144 bazuje na dialogach i rozbudowanych tekstach: legendach, opisach \u015bwi\u0105t i tradycji, wywiadach, sondach ulicznych, wypowiedziach r\u00f3\u017cnych os\u00f3b na tematy dotycz\u0105ce r\u00f3\u017cnorodnych problem\u00f3w dzisiejszego \u015bwiata.\u00a0<\/span><\/p>\n<p><a href=\"https:\/\/e-polish.eu\/sklep\/seria-podrecznikow-do-jezyka-polskiego-dla-doroslych-polski-krok-po-kroku\/\"><img loading=\"lazy\" decoding=\"async\" class=\"alignnone size-full wp-image-3934\" src=\"https:\/\/e-polish.eu\/sklep\/wp-content\/uploads\/2024\/04\/logo_pkpk.png\" alt=\"\" width=\"200\" height=\"73\" \/><\/a><\/p>\n","protected":false},"featured_media":3364,"comment_status":"open","ping_status":"closed","template":"","meta":{"_uag_custom_page_level_css":"","site-sidebar-layout":"default","site-content-layout":"","ast-site-content-layout":"default","site-content-style":"default","site-sidebar-style":"default","ast-global-header-display":"","ast-banner-title-visibility":"","ast-main-header-display":"","ast-hfb-above-header-display":"","ast-hfb-below-header-display":"","ast-hfb-mobile-header-display":"","site-post-title":"","ast-breadcrumbs-content":"","ast-featured-img":"","footer-sml-layout":"","ast-disable-related-posts":"","theme-transparent-header-meta":"default","adv-header-id-meta":"","stick-header-meta":"default","header-above-stick-meta":"","header-main-stick-meta":"","header-below-stick-meta":"","astra-migrate-meta-layouts":"set","ast-page-background-enabled":"default","ast-page-background-meta":{"desktop":{"background-color":"","background-image":"","background-repeat":"repeat","background-position":"center center","background-size":"auto","background-attachment":"scroll","background-type":"","background-media":"","overlay-type":"","overlay-color":"","overlay-opacity":"","overlay-gradient":""},"tablet":{"background-color":"","background-image":"","background-repeat":"repeat","background-position":"center center","background-size":"auto","background-attachment":"scroll","background-type":"","background-media":"","overlay-type":"","overlay-color":"","overlay-opacity":"","overlay-gradient":""},"mobile":{"background-color":"","background-image":"","background-repeat":"repeat","background-position":"center center","background-size":"auto","background-attachment":"scroll","background-type":"","background-media":"","overlay-type":"","overlay-color":"","overlay-opacity":"","overlay-gradient":""}},"ast-content-background-meta":{"desktop":{"background-color":"var(--ast-global-color-5)","background-image":"","background-repeat":"repeat","background-position":"center center","background-size":"auto","background-attachment":"scroll","background-type":"","background-media":"","overlay-type":"","overlay-color":"","overlay-opacity":"","overlay-gradient":""},"tablet":{"background-color":"var(--ast-global-color-5)","background-image":"","background-repeat":"repeat","background-position":"center center","background-size":"auto","background-attachment":"scroll","background-type":"","background-media":"","overlay-type":"","overlay-color":"","overlay-opacity":"","overlay-gradient":""},"mobile":{"background-color":"var(--ast-global-color-5)","background-image":"","background-repeat":"repeat","background-position":"center center","background-size":"auto","background-attachment":"scroll","background-type":"","background-media":"","overlay-type":"","overlay-color":"","overlay-opacity":"","overlay-gradient":""}}},"product_brand":[],"product_cat":[69,1633,19],"product_tag":[],"class_list":{"0":"post-2562","1":"product","2":"type-product","3":"status-publish","4":"has-post-thumbnail","6":"product_cat-ksiazki","7":"product_cat-polski-krok-po-kroku","8":"product_cat-wszystkie-produkty","9":"product_series-polski-krok-po-kroku","10":"desktop-align-center","11":"tablet-align-left","12":"mobile-align-left","13":"ast-product-gallery-layout-horizontal-slider","14":"ast-product-tabs-layout-horizontal","16":"first","17":"instock","18":"taxable","19":"shipping-taxable","20":"purchasable","21":"product-type-simple"},"aioseo_notices":[],"uagb_featured_image_src":{"full":["https:\/\/e-polish.eu\/sklep\/wp-content\/uploads\/shop-items\/0-zeszyt_cwiczen_2",1000,1415,false],"thumbnail":["https:\/\/e-polish.eu\/sklep\/wp-content\/uploads\/shop-items\/0-zeszyt_cwiczen_2-150x150.",150,150,true],"medium":["https:\/\/e-polish.eu\/sklep\/wp-content\/uploads\/shop-items\/0-zeszyt_cwiczen_2-212x300.",212,300,true],"medium_large":["https:\/\/e-polish.eu\/sklep\/wp-content\/uploads\/shop-items\/0-zeszyt_cwiczen_2-768x1087.",768,1087,true],"large":["https:\/\/e-polish.eu\/sklep\/wp-content\/uploads\/shop-items\/0-zeszyt_cwiczen_2-724x1024.",724,1024,true],"1536x1536":["https:\/\/e-polish.eu\/sklep\/wp-content\/uploads\/shop-items\/0-zeszyt_cwiczen_2",1000,1415,false],"2048x2048":["https:\/\/e-polish.eu\/sklep\/wp-content\/uploads\/shop-items\/0-zeszyt_cwiczen_2",1000,1415,false],"page-small":["https:\/\/e-polish.eu\/sklep\/wp-content\/uploads\/shop-items\/0-zeszyt_cwiczen_2-210x297.",210,297,true],"woocommerce_thumbnail":["https:\/\/e-polish.eu\/sklep\/wp-content\/uploads\/shop-items\/0-zeszyt_cwiczen_2-300x425.",300,425,true],"woocommerce_single":["https:\/\/e-polish.eu\/sklep\/wp-content\/uploads\/shop-items\/0-zeszyt_cwiczen_2-300x425.",300,425,true],"woocommerce_gallery_thumbnail":["https:\/\/e-polish.eu\/sklep\/wp-content\/uploads\/shop-items\/0-zeszyt_cwiczen_2-100x100.",100,100,true],"lws_wr_thumbnail":["https:\/\/e-polish.eu\/sklep\/wp-content\/uploads\/shop-items\/0-zeszyt_cwiczen_2",68,96,false],"lws_wr_thumbnail_small":["https:\/\/e-polish.eu\/sklep\/wp-content\/uploads\/shop-items\/0-zeszyt_cwiczen_2",30,42,false]},"uagb_author_info":{"display_name":"artur","author_link":"https:\/\/e-polish.eu\/sklep\/blog\/author\/"},"uagb_comment_info":11,"uagb_excerpt":"Zeszyt \u0107wicze\u0144 do drugiej cz\u0119\u015bci podr\u0119cznika \u201ePOLSKI krok po kroku 2\u201d. Bogaty zestaw starannie wyselekcjonowanych \u0107wicze\u0144, kt\u00f3re doskonale uzupe\u0142niaj\u0105 tre\u015bci wprowadzane w podr\u0119czniku. Urozmaicona forma zada\u0144 i funkcjonalna grafika dope\u0142niaj\u0105ca ich tre\u015bci sprawi\u0105, \u017ce nikt nie b\u0119dzie si\u0119 nudzi\u0142 z t\u0105 ksi\u0105\u017ck\u0105. Wiele \u0107wicze\u0144 bazuje na dialogach i rozbudowanych tekstach: legendach, opisach \u015bwi\u0105t i tradycji,&hellip;","_links":{"self":[{"href":"https:\/\/e-polish.eu\/sklep\/wp-json\/wp\/v2\/product\/2562","targetHints":{"allow":["GET"]}}],"collection":[{"href":"https:\/\/e-polish.eu\/sklep\/wp-json\/wp\/v2\/product"}],"about":[{"href":"https:\/\/e-polish.eu\/sklep\/wp-json\/wp\/v2\/types\/product"}],"replies":[{"embeddable":true,"href":"https:\/\/e-polish.eu\/sklep\/wp-json\/wp\/v2\/comments?post=2562"}],"wp:featuredmedia":[{"embeddable":true,"href":"https:\/\/e-polish.eu\/sklep\/wp-json\/wp\/v2\/media\/3364"}],"wp:attachment":[{"href":"https:\/\/e-polish.eu\/sklep\/wp-json\/wp\/v2\/media?parent=2562"}],"wp:term":[{"taxonomy":"product_brand","embeddable":true,"href":"https:\/\/e-polish.eu\/sklep\/wp-json\/wp\/v2\/product_brand?post=2562"},{"taxonomy":"product_cat","embeddable":true,"href":"https:\/\/e-polish.eu\/sklep\/wp-json\/wp\/v2\/product_cat?post=2562"},{"taxonomy":"product_tag","embeddable":true,"href":"https:\/\/e-polish.eu\/sklep\/wp-json\/wp\/v2\/product_tag?post=2562"}],"curies":[{"name":"wp","href":"https:\/\/api.w.org\/{rel}","templated":true}]}}