{"id":2563,"date":"2024-04-03T16:29:24","date_gmt":"2024-04-03T14:29:24","guid":{"rendered":"https:\/\/e-polish.eu\/sklep\/product\/zeszyt-cwiczen-junior-1\/"},"modified":"2026-04-06T03:42:09","modified_gmt":"2026-04-06T01:42:09","slug":"polski-krok-po-kroku-zeszyt-cwiczen-junior-czesc-1","status":"publish","type":"product","link":"https:\/\/e-polish.eu\/sklep\/ksiazki\/polski-krok-po-kroku-zeszyt-cwiczen-junior-czesc-1\/","title":{"rendered":"Zeszyt \u0107wicze\u0144 &#8211; junior 1"},"content":{"rendered":"<p><span class=\"fontstyle0\">Zebrane tu urozmaicone \u0107wiczenia leksykalne i gramatyczne, nastawione s\u0105 na praktyczne u\u017cycie j\u0119zyka. U\u0142o\u017cone lekcja po lekcji porz\u0105dkuj\u0105 wprowadzany w podr\u0119czniku materia\u0142 i daj\u0105 \u015bwietn\u0105 okazj\u0119 do prze\u0107wiczenia poznanych s\u0142\u00f3w i konstrukcji gramatycznych.<\/span><\/p>\n<p><span class=\"fontstyle0\">Zadania doskonal\u0105 wszystkie sprawno\u015bci j\u0119zykowe: m\u00f3wienie, rozumienie ze s\u0142uchu, czytanie ze zrozumieniem i pisanie. Nie zabraknie zabawnych dialog\u00f3w i tekst\u00f3w dope\u0142niaj\u0105cych tre\u015bci\u0105 te z podr\u0119cznika. G\u0142osy nastolatk\u00f3w z nagra\u0144 pomog\u0105 przenie\u015b\u0107 si\u0119 w realia \u015bwiata m\u0142odych ludzi. Nauczyciele i ucz\u0105cy si\u0119 mog\u0105 liczy\u0107 te\u017c na dodatkowe s\u0142ownictwo, kt\u00f3re ma u\u0142atwi\u0107 swobod\u0119 komunikowania si\u0119. <\/span><\/p>\n<p><span class=\"fontstyle0\">Szata graficzna jest jak zawsze atutem serii \u201ePOLSKI krok po kroku\u201d i stanowi integraln\u0105 cz\u0119\u015b\u0107 zeszytu \u0107wicze\u0144, co sprawia, \u017ce praca z ksi\u0105\u017ck\u0105 to nie tylko rzetelna powt\u00f3rka, ale te\u017c doskona\u0142a zabawa.<\/span><\/p>\n<blockquote><p><strong><i>Doskona\u0142a praktyka lekcja po lekcji!<\/i><\/strong><\/p><\/blockquote>\n<p><img loading=\"lazy\" decoding=\"async\" class=\"size-full wp-image-3930 alignleft\" src=\"https:\/\/e-polish.eu\/sklep\/wp-content\/uploads\/2024\/04\/dzwiek_ok.png\" alt=\"\" width=\"70\" height=\"58\" \/>Zeszyt \u0107wicze\u0144 zawiera\u00a0 85 minut nagra\u0144 w formacie mp3 <a href=\"https:\/\/e-polish.eu\/recordings\/polski_krok_po_kroku_junior_1\">do pobrania na e-polish.eu<\/a>.<\/p>\n<p><img loading=\"lazy\" decoding=\"async\" class=\"size-full wp-image-3931 alignleft\" src=\"https:\/\/e-polish.eu\/sklep\/wp-content\/uploads\/2024\/04\/e-coursebook_ok.png\" alt=\"\" width=\"70\" height=\"58\" \/>Podr\u0119cznik dost\u0119pny jest tak\u017ce w <b>interaktywnej wersji <a href=\"https:\/\/e-polish.eu\/sklep\/e-coursebook_ZCJ1\">e-coursebook<\/a><\/b>.<\/p>\n<p>ISBN 978-83-941178-2-5 | Iwona Stempek | Paulina Kuc | Ma\u0142gorzata Grudzie\u0144<\/p>\n","protected":false},"excerpt":{"rendered":"<p><span class=\"fontstyle0\">Zeszyt \u0107wicze\u0144 do podr\u0119cznika &#8222;POLSKI krok po kroku &#8211; junior 1&#8221;. Zebrane tu urozmaicone \u0107wiczenia leksykalne i gramatyczne, nastawione s\u0105 na praktyczne u\u017cycie j\u0119zyka. U\u0142o\u017cone lekcja po lekcji porz\u0105dkuj\u0105 wprowadzany w podr\u0119czniku materia\u0142 i daj\u0105 \u015bwietn\u0105 okazj\u0119 do prze\u0107wiczenia poznanych s\u0142\u00f3w i konstrukcji gramatycznych.<\/span><\/p>\n<p><a href=\"https:\/\/e-polish.eu\/sklep\/seria-podrecznikow-do-jezyka-polskiego-dla-dzieci-i-mlodziezy-polski-krok-po-kroku-junior\/\"><img loading=\"lazy\" decoding=\"async\" class=\"alignnone wp-image-3925 size-full\" src=\"https:\/\/e-polish.eu\/sklep\/wp-content\/uploads\/2024\/04\/logo-1000x700px-PwO-t-2.png\" alt=\"Seria POLSKI krok po kroku - junior\" width=\"200\" height=\"73\" \/><\/a><\/p>\n","protected":false},"featured_media":3677,"comment_status":"open","ping_status":"closed","template":"","meta":{"_uag_custom_page_level_css":"","site-sidebar-layout":"default","site-content-layout":"","ast-site-content-layout":"default","site-content-style":"default","site-sidebar-style":"default","ast-global-header-display":"","ast-banner-title-visibility":"","ast-main-header-display":"","ast-hfb-above-header-display":"","ast-hfb-below-header-display":"","ast-hfb-mobile-header-display":"","site-post-title":"","ast-breadcrumbs-content":"","ast-featured-img":"","footer-sml-layout":"","ast-disable-related-posts":"","theme-transparent-header-meta":"default","adv-header-id-meta":"","stick-header-meta":"default","header-above-stick-meta":"","header-main-stick-meta":"","header-below-stick-meta":"","astra-migrate-meta-layouts":"set","ast-page-background-enabled":"default","ast-page-background-meta":{"desktop":{"background-color":"","background-image":"","background-repeat":"repeat","background-position":"center center","background-size":"auto","background-attachment":"scroll","background-type":"","background-media":"","overlay-type":"","overlay-color":"","overlay-opacity":"","overlay-gradient":""},"tablet":{"background-color":"","background-image":"","background-repeat":"repeat","background-position":"center center","background-size":"auto","background-attachment":"scroll","background-type":"","background-media":"","overlay-type":"","overlay-color":"","overlay-opacity":"","overlay-gradient":""},"mobile":{"background-color":"","background-image":"","background-repeat":"repeat","background-position":"center center","background-size":"auto","background-attachment":"scroll","background-type":"","background-media":"","overlay-type":"","overlay-color":"","overlay-opacity":"","overlay-gradient":""}},"ast-content-background-meta":{"desktop":{"background-color":"var(--ast-global-color-5)","background-image":"","background-repeat":"repeat","background-position":"center center","background-size":"auto","background-attachment":"scroll","background-type":"","background-media":"","overlay-type":"","overlay-color":"","overlay-opacity":"","overlay-gradient":""},"tablet":{"background-color":"var(--ast-global-color-5)","background-image":"","background-repeat":"repeat","background-position":"center center","background-size":"auto","background-attachment":"scroll","background-type":"","background-media":"","overlay-type":"","overlay-color":"","overlay-opacity":"","overlay-gradient":""},"mobile":{"background-color":"var(--ast-global-color-5)","background-image":"","background-repeat":"repeat","background-position":"center center","background-size":"auto","background-attachment":"scroll","background-type":"","background-media":"","overlay-type":"","overlay-color":"","overlay-opacity":"","overlay-gradient":""}}},"product_brand":[],"product_cat":[69,1624,19],"product_tag":[],"class_list":{"0":"post-2563","1":"product","2":"type-product","3":"status-publish","4":"has-post-thumbnail","6":"product_cat-ksiazki","7":"product_cat-polski-krok-po-kroku-junior","8":"product_cat-wszystkie-produkty","9":"product_series-polski-krok-po-kroku-junior","10":"desktop-align-center","11":"tablet-align-left","12":"mobile-align-left","13":"ast-product-gallery-layout-horizontal-slider","14":"ast-product-tabs-layout-horizontal","16":"first","17":"instock","18":"taxable","19":"shipping-taxable","20":"purchasable","21":"product-type-simple"},"aioseo_notices":[],"uagb_featured_image_src":{"full":["https:\/\/e-polish.eu\/sklep\/wp-content\/uploads\/shop-items\/0-zeszyt_cwiczen_-_junior_1",1000,1415,false],"thumbnail":["https:\/\/e-polish.eu\/sklep\/wp-content\/uploads\/shop-items\/0-zeszyt_cwiczen_-_junior_1-150x150.",150,150,true],"medium":["https:\/\/e-polish.eu\/sklep\/wp-content\/uploads\/shop-items\/0-zeszyt_cwiczen_-_junior_1-212x300.",212,300,true],"medium_large":["https:\/\/e-polish.eu\/sklep\/wp-content\/uploads\/shop-items\/0-zeszyt_cwiczen_-_junior_1-768x1087.",768,1087,true],"large":["https:\/\/e-polish.eu\/sklep\/wp-content\/uploads\/shop-items\/0-zeszyt_cwiczen_-_junior_1-724x1024.",724,1024,true],"1536x1536":["https:\/\/e-polish.eu\/sklep\/wp-content\/uploads\/shop-items\/0-zeszyt_cwiczen_-_junior_1",1000,1415,false],"2048x2048":["https:\/\/e-polish.eu\/sklep\/wp-content\/uploads\/shop-items\/0-zeszyt_cwiczen_-_junior_1",1000,1415,false],"page-small":["https:\/\/e-polish.eu\/sklep\/wp-content\/uploads\/shop-items\/0-zeszyt_cwiczen_-_junior_1-210x297.",210,297,true],"woocommerce_thumbnail":["https:\/\/e-polish.eu\/sklep\/wp-content\/uploads\/shop-items\/0-zeszyt_cwiczen_-_junior_1-300x425.",300,425,true],"woocommerce_single":["https:\/\/e-polish.eu\/sklep\/wp-content\/uploads\/shop-items\/0-zeszyt_cwiczen_-_junior_1-300x425.",300,425,true],"woocommerce_gallery_thumbnail":["https:\/\/e-polish.eu\/sklep\/wp-content\/uploads\/shop-items\/0-zeszyt_cwiczen_-_junior_1-100x100.",100,100,true],"lws_wr_thumbnail":["https:\/\/e-polish.eu\/sklep\/wp-content\/uploads\/shop-items\/0-zeszyt_cwiczen_-_junior_1",68,96,false],"lws_wr_thumbnail_small":["https:\/\/e-polish.eu\/sklep\/wp-content\/uploads\/shop-items\/0-zeszyt_cwiczen_-_junior_1",30,42,false]},"uagb_author_info":{"display_name":"artur","author_link":"https:\/\/e-polish.eu\/sklep\/blog\/author\/"},"uagb_comment_info":8,"uagb_excerpt":"Zeszyt \u0107wicze\u0144 do podr\u0119cznika \"POLSKI krok po kroku - junior 1\". Zebrane tu urozmaicone \u0107wiczenia leksykalne i gramatyczne, nastawione s\u0105 na praktyczne u\u017cycie j\u0119zyka. U\u0142o\u017cone lekcja po lekcji porz\u0105dkuj\u0105 wprowadzany w podr\u0119czniku materia\u0142 i daj\u0105 \u015bwietn\u0105 okazj\u0119 do prze\u0107wiczenia poznanych s\u0142\u00f3w i konstrukcji gramatycznych.","_links":{"self":[{"href":"https:\/\/e-polish.eu\/sklep\/wp-json\/wp\/v2\/product\/2563","targetHints":{"allow":["GET"]}}],"collection":[{"href":"https:\/\/e-polish.eu\/sklep\/wp-json\/wp\/v2\/product"}],"about":[{"href":"https:\/\/e-polish.eu\/sklep\/wp-json\/wp\/v2\/types\/product"}],"replies":[{"embeddable":true,"href":"https:\/\/e-polish.eu\/sklep\/wp-json\/wp\/v2\/comments?post=2563"}],"wp:featuredmedia":[{"embeddable":true,"href":"https:\/\/e-polish.eu\/sklep\/wp-json\/wp\/v2\/media\/3677"}],"wp:attachment":[{"href":"https:\/\/e-polish.eu\/sklep\/wp-json\/wp\/v2\/media?parent=2563"}],"wp:term":[{"taxonomy":"product_brand","embeddable":true,"href":"https:\/\/e-polish.eu\/sklep\/wp-json\/wp\/v2\/product_brand?post=2563"},{"taxonomy":"product_cat","embeddable":true,"href":"https:\/\/e-polish.eu\/sklep\/wp-json\/wp\/v2\/product_cat?post=2563"},{"taxonomy":"product_tag","embeddable":true,"href":"https:\/\/e-polish.eu\/sklep\/wp-json\/wp\/v2\/product_tag?post=2563"}],"curies":[{"name":"wp","href":"https:\/\/api.w.org\/{rel}","templated":true}]}}