{"id":2566,"date":"2024-04-03T16:29:24","date_gmt":"2024-04-03T14:29:24","guid":{"rendered":"https:\/\/e-polish.eu\/sklep\/product\/podrecznik-nauczyciela-junior-1\/"},"modified":"2026-04-07T03:42:10","modified_gmt":"2026-04-07T01:42:10","slug":"polski-krok-po-kroku-junior-podrecznik-nauczyciela-czesc-1","status":"publish","type":"product","link":"https:\/\/e-polish.eu\/sklep\/ksiazki\/polski-krok-po-kroku-junior-podrecznik-nauczyciela-czesc-1\/","title":{"rendered":"Podr\u0119cznik nauczyciela &#8211; junior 1"},"content":{"rendered":"<p>Podr\u0119cznik nauczyciela do pozycji \u201ePOLSKI krok po kroku &#8211; junior\u201d zosta\u0142 opracowany z my\u015bl\u0105 o lektorach, kt\u00f3rzy pragn\u0105 naucza\u0107 w spos\u00f3b skuteczny, tw\u00f3rczy i anga\u017cuj\u0105cy ucznia. To nie tylko obszerny poradnik metodyczny, lecz tak\u017ce \u017ar\u00f3d\u0142o inspiracji i gotowych pomys\u0142\u00f3w na lekcje.<\/p>\n<p>Szczeg\u00f3\u0142owe wskaz\u00f3wki metodyczne zawieraj\u0105 odpowiedzi na najcz\u0119\u015bciej stawiane przez nauczycieli pytania:<\/p>\n<ul>\n<li>jak krok po kroku wprowadza\u0107 i trenowa\u0107 kolejne zagadnienia gramatyczne?<\/li>\n<li>jak wyja\u015bnia\u0107 znaczenie nowych s\u0142\u00f3w bez t\u0142umaczenia na j\u0119zyk ucznia?<\/li>\n<li>jak zmotywowa\u0107 uczni\u00f3w do m\u00f3wienia tylko po polsku?<\/li>\n<li>jak uczy\u0107, by zach\u0119ca\u0107, a nie nu\u017cy\u0107?<\/li>\n<\/ul>\n<h3>Podr\u0119cznik nauczyciela zawiera:<\/h3>\n<ul>\n<li>komentarz metodyczny do wszystkich dialog\u00f3w i \u0107wicze\u0144<\/li>\n<li>76 zupe\u0142nie nowych gier komunikacyjnych, s\u0142u\u017c\u0105cych \u201erozgadaniu\u201d oraz automatyzacji gramatyki i s\u0142ownictwa<\/li>\n<li>25 opis\u00f3w dodatkowych dzia\u0142a\u0144 aktywizuj\u0105cych uczni\u00f3w, cz\u0119sto nie wymagaj\u0105cych kserowania<\/li>\n<li>odsy\u0142acze do najbardziej przydatnych \u0107wicze\u0144 z platformy e-polish.eu<\/li>\n<li>10 test\u00f3w autoewaluacyjnych dla ucznia<\/li>\n<li>10 test\u00f3w kontrolnych<\/li>\n<li>transkrypty wybranych nagra\u0144 z podr\u0119cznika<\/li>\n<li>klucz odpowiedzi do wszystkich \u0107wicze\u0144 z podr\u0119cznika<\/li>\n<\/ul>\n<p>We wst\u0119pie do podr\u0119cznika om\u00f3wiono spos\u00f3b korzystania z zasob\u00f3w platformy e-polish.eu.<\/p>\n<p>ISBN 978-83-941178-5-6 | Paulina Kuc | Iwona Stempek<\/p>\n<blockquote><p><strong><i>Odpowiada na pytanie, jak naucza\u0107 w spos\u00f3b tw\u00f3rczy i atrakcyjny dla ucznia<\/i><\/strong><\/p><\/blockquote>\n","protected":false},"excerpt":{"rendered":"<p><span class=\"fontstyle0\">Podr\u0119cznik nauczyciela do pozycji \u201ePOLSKI krok po kroku \u2013 junior\u201d zosta\u0142 opracowany z my\u015bl\u0105 o lektorach, kt\u00f3rzy pragn\u0105 naucza\u0107 w spos\u00f3b skuteczny, tw\u00f3rczy i anga\u017cuj\u0105cy ucznia. To nie tylko obszerny poradnik metodyczny, lecz tak\u017ce \u017ar\u00f3d\u0142o inspiracji i gotowych pomys\u0142\u00f3w na lekcje.<\/span><\/p>\n<p><a href=\"https:\/\/e-polish.eu\/sklep\/seria-podrecznikow-do-jezyka-polskiego-dla-dzieci-i-mlodziezy-polski-krok-po-kroku-junior\/\"><img loading=\"lazy\" decoding=\"async\" class=\"alignnone size-full wp-image-3925\" src=\"https:\/\/e-polish.eu\/sklep\/wp-content\/uploads\/2024\/04\/logo-1000x700px-PwO-t-2.png\" alt=\"Seria POLSKI krok po kroku - junior\" width=\"200\" height=\"73\" \/><\/a><\/p>\n","protected":false},"featured_media":4515,"comment_status":"open","ping_status":"closed","template":"","meta":{"_uag_custom_page_level_css":"","site-sidebar-layout":"default","site-content-layout":"","ast-site-content-layout":"default","site-content-style":"default","site-sidebar-style":"default","ast-global-header-display":"","ast-banner-title-visibility":"","ast-main-header-display":"","ast-hfb-above-header-display":"","ast-hfb-below-header-display":"","ast-hfb-mobile-header-display":"","site-post-title":"","ast-breadcrumbs-content":"","ast-featured-img":"","footer-sml-layout":"","ast-disable-related-posts":"","theme-transparent-header-meta":"default","adv-header-id-meta":"","stick-header-meta":"default","header-above-stick-meta":"","header-main-stick-meta":"","header-below-stick-meta":"","astra-migrate-meta-layouts":"set","ast-page-background-enabled":"default","ast-page-background-meta":{"desktop":{"background-color":"","background-image":"","background-repeat":"repeat","background-position":"center center","background-size":"auto","background-attachment":"scroll","background-type":"","background-media":"","overlay-type":"","overlay-color":"","overlay-opacity":"","overlay-gradient":""},"tablet":{"background-color":"","background-image":"","background-repeat":"repeat","background-position":"center center","background-size":"auto","background-attachment":"scroll","background-type":"","background-media":"","overlay-type":"","overlay-color":"","overlay-opacity":"","overlay-gradient":""},"mobile":{"background-color":"","background-image":"","background-repeat":"repeat","background-position":"center center","background-size":"auto","background-attachment":"scroll","background-type":"","background-media":"","overlay-type":"","overlay-color":"","overlay-opacity":"","overlay-gradient":""}},"ast-content-background-meta":{"desktop":{"background-color":"var(--ast-global-color-5)","background-image":"","background-repeat":"repeat","background-position":"center center","background-size":"auto","background-attachment":"scroll","background-type":"","background-media":"","overlay-type":"","overlay-color":"","overlay-opacity":"","overlay-gradient":""},"tablet":{"background-color":"var(--ast-global-color-5)","background-image":"","background-repeat":"repeat","background-position":"center center","background-size":"auto","background-attachment":"scroll","background-type":"","background-media":"","overlay-type":"","overlay-color":"","overlay-opacity":"","overlay-gradient":""},"mobile":{"background-color":"var(--ast-global-color-5)","background-image":"","background-repeat":"repeat","background-position":"center center","background-size":"auto","background-attachment":"scroll","background-type":"","background-media":"","overlay-type":"","overlay-color":"","overlay-opacity":"","overlay-gradient":""}}},"product_brand":[],"product_cat":[69,1624,19],"product_tag":[],"class_list":{"0":"post-2566","1":"product","2":"type-product","3":"status-publish","4":"has-post-thumbnail","6":"product_cat-ksiazki","7":"product_cat-polski-krok-po-kroku-junior","8":"product_cat-wszystkie-produkty","9":"product_series-polski-krok-po-kroku-junior","10":"desktop-align-center","11":"tablet-align-left","12":"mobile-align-left","13":"ast-product-gallery-layout-horizontal-slider","14":"ast-product-tabs-layout-horizontal","16":"first","17":"instock","18":"taxable","19":"shipping-taxable","20":"purchasable","21":"product-type-simple"},"aioseo_notices":[],"uagb_featured_image_src":{"full":["https:\/\/e-polish.eu\/sklep\/wp-content\/uploads\/shop-items\/0-podrecznik_nauczyciela_-_junior_1",1000,1415,false],"thumbnail":["https:\/\/e-polish.eu\/sklep\/wp-content\/uploads\/shop-items\/0-podrecznik_nauczyciela_-_junior_1-150x150.",150,150,true],"medium":["https:\/\/e-polish.eu\/sklep\/wp-content\/uploads\/shop-items\/0-podrecznik_nauczyciela_-_junior_1-212x300.",212,300,true],"medium_large":["https:\/\/e-polish.eu\/sklep\/wp-content\/uploads\/shop-items\/0-podrecznik_nauczyciela_-_junior_1-768x1087.",768,1087,true],"large":["https:\/\/e-polish.eu\/sklep\/wp-content\/uploads\/shop-items\/0-podrecznik_nauczyciela_-_junior_1-724x1024.",724,1024,true],"1536x1536":["https:\/\/e-polish.eu\/sklep\/wp-content\/uploads\/shop-items\/0-podrecznik_nauczyciela_-_junior_1",1000,1415,false],"2048x2048":["https:\/\/e-polish.eu\/sklep\/wp-content\/uploads\/shop-items\/0-podrecznik_nauczyciela_-_junior_1",1000,1415,false],"page-small":["https:\/\/e-polish.eu\/sklep\/wp-content\/uploads\/shop-items\/0-podrecznik_nauczyciela_-_junior_1-210x297.",210,297,true],"woocommerce_thumbnail":["https:\/\/e-polish.eu\/sklep\/wp-content\/uploads\/shop-items\/0-podrecznik_nauczyciela_-_junior_1-300x425.",300,425,true],"woocommerce_single":["https:\/\/e-polish.eu\/sklep\/wp-content\/uploads\/shop-items\/0-podrecznik_nauczyciela_-_junior_1-300x425.",300,425,true],"woocommerce_gallery_thumbnail":["https:\/\/e-polish.eu\/sklep\/wp-content\/uploads\/shop-items\/0-podrecznik_nauczyciela_-_junior_1-100x100.",100,100,true],"lws_wr_thumbnail":["https:\/\/e-polish.eu\/sklep\/wp-content\/uploads\/shop-items\/0-podrecznik_nauczyciela_-_junior_1",68,96,false],"lws_wr_thumbnail_small":["https:\/\/e-polish.eu\/sklep\/wp-content\/uploads\/shop-items\/0-podrecznik_nauczyciela_-_junior_1",30,42,false]},"uagb_author_info":{"display_name":"artur","author_link":"https:\/\/e-polish.eu\/sklep\/blog\/author\/"},"uagb_comment_info":2,"uagb_excerpt":"Podr\u0119cznik nauczyciela do pozycji \u201ePOLSKI krok po kroku \u2013 junior\u201d zosta\u0142 opracowany z my\u015bl\u0105 o lektorach, kt\u00f3rzy pragn\u0105 naucza\u0107 w spos\u00f3b skuteczny, tw\u00f3rczy i anga\u017cuj\u0105cy ucznia. To nie tylko obszerny poradnik metodyczny, lecz tak\u017ce \u017ar\u00f3d\u0142o inspiracji i gotowych pomys\u0142\u00f3w na lekcje.","_links":{"self":[{"href":"https:\/\/e-polish.eu\/sklep\/wp-json\/wp\/v2\/product\/2566","targetHints":{"allow":["GET"]}}],"collection":[{"href":"https:\/\/e-polish.eu\/sklep\/wp-json\/wp\/v2\/product"}],"about":[{"href":"https:\/\/e-polish.eu\/sklep\/wp-json\/wp\/v2\/types\/product"}],"replies":[{"embeddable":true,"href":"https:\/\/e-polish.eu\/sklep\/wp-json\/wp\/v2\/comments?post=2566"}],"wp:featuredmedia":[{"embeddable":true,"href":"https:\/\/e-polish.eu\/sklep\/wp-json\/wp\/v2\/media\/4515"}],"wp:attachment":[{"href":"https:\/\/e-polish.eu\/sklep\/wp-json\/wp\/v2\/media?parent=2566"}],"wp:term":[{"taxonomy":"product_brand","embeddable":true,"href":"https:\/\/e-polish.eu\/sklep\/wp-json\/wp\/v2\/product_brand?post=2566"},{"taxonomy":"product_cat","embeddable":true,"href":"https:\/\/e-polish.eu\/sklep\/wp-json\/wp\/v2\/product_cat?post=2566"},{"taxonomy":"product_tag","embeddable":true,"href":"https:\/\/e-polish.eu\/sklep\/wp-json\/wp\/v2\/product_tag?post=2566"}],"curies":[{"name":"wp","href":"https:\/\/api.w.org\/{rel}","templated":true}]}}