{"id":2567,"date":"2024-04-03T16:29:24","date_gmt":"2024-04-03T14:29:24","guid":{"rendered":"https:\/\/e-polish.eu\/sklep\/product\/gry-i-zabawy-jezykowe-1\/"},"modified":"2026-04-20T03:42:10","modified_gmt":"2026-04-20T01:42:10","slug":"gry-i-zabawy-jezykowe-czesc-1","status":"publish","type":"product","link":"https:\/\/e-polish.eu\/sklep\/ksiazki\/gry-i-zabawy-jezykowe-czesc-1\/","title":{"rendered":"Gry i zabawy j\u0119zykowe 1"},"content":{"rendered":"<p><span class=\"fontstyle0\">Zestaw 61 r\u00f3\u017cnorodnych gier i zabaw j\u0119zykowych, kt\u00f3rych zadaniem jest aktywizacja i \u201erozgadanie\u201d student\u00f3w oraz utrwalenie s\u0142ownictwa, automatyzacja nowych konstrukcji czy zagadnie\u0144 gramatycznych. Materia\u0142y te obejmuj\u0105 puzzle, krzy\u017c\u00f3wki, gry planszowe, karty dialogowe, wreszcie karteczki z obrazkami, has\u0142ami czy rolami, na podstawie kt\u00f3rych trzeba wykona\u0107 okre\u015blone zadanie komunikacyjne. Wiele z nich sprawdza si\u0119 \u015bwietnie zar\u00f3wno przy wprowadzaniu nowego materia\u0142u, jak i przy powt\u00f3rkach. Dzi\u0119ki grom gramatyka przestaje kojarzy\u0107 si\u0119 ze \u017cmudnymi \u0107wiczeniami, za\u015b studenci szybko nabieraj\u0105 swobody w m\u00f3wieniu.<\/span><\/p>\n<p><span class=\"fontstyle0\">\u201eGry i zabawy j\u0119zykowe\u201d s\u0105 \u015bci\u015ble skorelowane z podr\u0119cznikiem \u201ePOLSKI krok po kroku 1\u201d, ale \u015bmia\u0142o mo\u017cna si\u0119gn\u0105\u0107 po nie pracuj\u0105c z innymi ksi\u0105\u017ckami. W wyszukiwaniu poszczeg\u00f3lnych zagadnie\u0144 pomocny b\u0119dzie indeks tematyczny.<\/span><\/p>\n<p>Jako bonus lektor na platformie e-polish.eu otrzymuje dodatkowe 53 gry online, kt\u00f3re nie s\u0105 prezentowane w wersji papierowej.<\/p>\n<p>ISBN 978-83-930731-2-2 | Iwona Stempek<\/p>\n<blockquote><p><strong><i> \u201eGry i zabawy j\u0119zykowe\u201d sprawi\u0105, \u017ce studenci zapomn\u0105 o nudzie na lekcji<\/i><\/strong><\/p><\/blockquote>\n","protected":false},"excerpt":{"rendered":"<p><span class=\"fontstyle0\">Zestaw 61 r\u00f3\u017cnorodnych gier\u00a0 i zabaw j\u0119zykowych (poziom A1-A2), kt\u00f3rych zadaniem jest aktywizacja i \u201erozgadanie\u201d student\u00f3w oraz utrwalenie s\u0142ownictwa, automatyzacja nowych konstrukcji czy zagadnie\u0144 gramatycznych. \u201eGry i zabawy j\u0119zykowe 1\u201d s\u0105 \u015bci\u015ble skorelowane z podr\u0119cznikiem \u201ePOLSKI krok po kroku 1\u201d, ale \u015bmia\u0142o mo\u017cna si\u0119gn\u0105\u0107 po nie pracuj\u0105c z innymi ksi\u0105\u017ckami. W wyszukiwaniu poszczeg\u00f3lnych zagadnie\u0144 pomocny b\u0119dzie indeks tematyczny.<\/span><\/p>\n<p><a href=\"https:\/\/e-polish.eu\/sklep\/seria-podrecznikow-do-jezyka-polskiego-dla-doroslych-polski-krok-po-kroku\/\"><img loading=\"lazy\" decoding=\"async\" class=\"alignnone size-full wp-image-3934\" src=\"https:\/\/e-polish.eu\/sklep\/wp-content\/uploads\/2024\/04\/logo_pkpk.png\" alt=\"\" width=\"200\" height=\"73\" \/><\/a><\/p>\n","protected":false},"featured_media":3367,"comment_status":"open","ping_status":"closed","template":"","meta":{"_uag_custom_page_level_css":"","site-sidebar-layout":"default","site-content-layout":"","ast-site-content-layout":"default","site-content-style":"default","site-sidebar-style":"default","ast-global-header-display":"","ast-banner-title-visibility":"","ast-main-header-display":"","ast-hfb-above-header-display":"","ast-hfb-below-header-display":"","ast-hfb-mobile-header-display":"","site-post-title":"","ast-breadcrumbs-content":"","ast-featured-img":"","footer-sml-layout":"","ast-disable-related-posts":"","theme-transparent-header-meta":"default","adv-header-id-meta":"","stick-header-meta":"default","header-above-stick-meta":"","header-main-stick-meta":"","header-below-stick-meta":"","astra-migrate-meta-layouts":"set","ast-page-background-enabled":"default","ast-page-background-meta":{"desktop":{"background-color":"","background-image":"","background-repeat":"repeat","background-position":"center center","background-size":"auto","background-attachment":"scroll","background-type":"","background-media":"","overlay-type":"","overlay-color":"","overlay-opacity":"","overlay-gradient":""},"tablet":{"background-color":"","background-image":"","background-repeat":"repeat","background-position":"center center","background-size":"auto","background-attachment":"scroll","background-type":"","background-media":"","overlay-type":"","overlay-color":"","overlay-opacity":"","overlay-gradient":""},"mobile":{"background-color":"","background-image":"","background-repeat":"repeat","background-position":"center center","background-size":"auto","background-attachment":"scroll","background-type":"","background-media":"","overlay-type":"","overlay-color":"","overlay-opacity":"","overlay-gradient":""}},"ast-content-background-meta":{"desktop":{"background-color":"var(--ast-global-color-5)","background-image":"","background-repeat":"repeat","background-position":"center center","background-size":"auto","background-attachment":"scroll","background-type":"","background-media":"","overlay-type":"","overlay-color":"","overlay-opacity":"","overlay-gradient":""},"tablet":{"background-color":"var(--ast-global-color-5)","background-image":"","background-repeat":"repeat","background-position":"center center","background-size":"auto","background-attachment":"scroll","background-type":"","background-media":"","overlay-type":"","overlay-color":"","overlay-opacity":"","overlay-gradient":""},"mobile":{"background-color":"var(--ast-global-color-5)","background-image":"","background-repeat":"repeat","background-position":"center center","background-size":"auto","background-attachment":"scroll","background-type":"","background-media":"","overlay-type":"","overlay-color":"","overlay-opacity":"","overlay-gradient":""}}},"product_brand":[],"product_cat":[69,1633,19],"product_tag":[],"class_list":{"0":"post-2567","1":"product","2":"type-product","3":"status-publish","4":"has-post-thumbnail","6":"product_cat-ksiazki","7":"product_cat-polski-krok-po-kroku","8":"product_cat-wszystkie-produkty","9":"product_series-polski-krok-po-kroku","10":"desktop-align-center","11":"tablet-align-left","12":"mobile-align-left","13":"ast-product-gallery-layout-horizontal-slider","14":"ast-product-tabs-layout-horizontal","16":"first","17":"instock","18":"taxable","19":"shipping-taxable","20":"purchasable","21":"product-type-simple"},"aioseo_notices":[],"uagb_featured_image_src":{"full":["https:\/\/e-polish.eu\/sklep\/wp-content\/uploads\/shop-items\/0-gry_i_zabawy_jezykowe_1",1000,1415,false],"thumbnail":["https:\/\/e-polish.eu\/sklep\/wp-content\/uploads\/shop-items\/0-gry_i_zabawy_jezykowe_1-150x150.",150,150,true],"medium":["https:\/\/e-polish.eu\/sklep\/wp-content\/uploads\/shop-items\/0-gry_i_zabawy_jezykowe_1-212x300.",212,300,true],"medium_large":["https:\/\/e-polish.eu\/sklep\/wp-content\/uploads\/shop-items\/0-gry_i_zabawy_jezykowe_1-768x1087.",768,1087,true],"large":["https:\/\/e-polish.eu\/sklep\/wp-content\/uploads\/shop-items\/0-gry_i_zabawy_jezykowe_1-724x1024.",724,1024,true],"1536x1536":["https:\/\/e-polish.eu\/sklep\/wp-content\/uploads\/shop-items\/0-gry_i_zabawy_jezykowe_1",1000,1415,false],"2048x2048":["https:\/\/e-polish.eu\/sklep\/wp-content\/uploads\/shop-items\/0-gry_i_zabawy_jezykowe_1",1000,1415,false],"page-small":["https:\/\/e-polish.eu\/sklep\/wp-content\/uploads\/shop-items\/0-gry_i_zabawy_jezykowe_1-210x297.",210,297,true],"woocommerce_thumbnail":["https:\/\/e-polish.eu\/sklep\/wp-content\/uploads\/shop-items\/0-gry_i_zabawy_jezykowe_1-300x425.",300,425,true],"woocommerce_single":["https:\/\/e-polish.eu\/sklep\/wp-content\/uploads\/shop-items\/0-gry_i_zabawy_jezykowe_1-300x425.",300,425,true],"woocommerce_gallery_thumbnail":["https:\/\/e-polish.eu\/sklep\/wp-content\/uploads\/shop-items\/0-gry_i_zabawy_jezykowe_1-100x100.",100,100,true],"lws_wr_thumbnail":["https:\/\/e-polish.eu\/sklep\/wp-content\/uploads\/shop-items\/0-gry_i_zabawy_jezykowe_1",68,96,false],"lws_wr_thumbnail_small":["https:\/\/e-polish.eu\/sklep\/wp-content\/uploads\/shop-items\/0-gry_i_zabawy_jezykowe_1",30,42,false]},"uagb_author_info":{"display_name":"artur","author_link":"https:\/\/e-polish.eu\/sklep\/blog\/author\/"},"uagb_comment_info":15,"uagb_excerpt":"Zestaw 61 r\u00f3\u017cnorodnych gier\u00a0 i zabaw j\u0119zykowych (poziom A1-A2), kt\u00f3rych zadaniem jest aktywizacja i \u201erozgadanie\u201d student\u00f3w oraz utrwalenie s\u0142ownictwa, automatyzacja nowych konstrukcji czy zagadnie\u0144 gramatycznych. \u201eGry i zabawy j\u0119zykowe 1\u201d s\u0105 \u015bci\u015ble skorelowane z podr\u0119cznikiem \u201ePOLSKI krok po kroku 1\u201d, ale \u015bmia\u0142o mo\u017cna si\u0119gn\u0105\u0107 po nie pracuj\u0105c z innymi ksi\u0105\u017ckami. W wyszukiwaniu poszczeg\u00f3lnych zagadnie\u0144 pomocny&hellip;","_links":{"self":[{"href":"https:\/\/e-polish.eu\/sklep\/wp-json\/wp\/v2\/product\/2567","targetHints":{"allow":["GET"]}}],"collection":[{"href":"https:\/\/e-polish.eu\/sklep\/wp-json\/wp\/v2\/product"}],"about":[{"href":"https:\/\/e-polish.eu\/sklep\/wp-json\/wp\/v2\/types\/product"}],"replies":[{"embeddable":true,"href":"https:\/\/e-polish.eu\/sklep\/wp-json\/wp\/v2\/comments?post=2567"}],"wp:featuredmedia":[{"embeddable":true,"href":"https:\/\/e-polish.eu\/sklep\/wp-json\/wp\/v2\/media\/3367"}],"wp:attachment":[{"href":"https:\/\/e-polish.eu\/sklep\/wp-json\/wp\/v2\/media?parent=2567"}],"wp:term":[{"taxonomy":"product_brand","embeddable":true,"href":"https:\/\/e-polish.eu\/sklep\/wp-json\/wp\/v2\/product_brand?post=2567"},{"taxonomy":"product_cat","embeddable":true,"href":"https:\/\/e-polish.eu\/sklep\/wp-json\/wp\/v2\/product_cat?post=2567"},{"taxonomy":"product_tag","embeddable":true,"href":"https:\/\/e-polish.eu\/sklep\/wp-json\/wp\/v2\/product_tag?post=2567"}],"curies":[{"name":"wp","href":"https:\/\/api.w.org\/{rel}","templated":true}]}}