{"id":2568,"date":"2024-04-03T16:29:24","date_gmt":"2024-04-03T14:29:24","guid":{"rendered":"https:\/\/e-polish.eu\/sklep\/product\/gry-i-zabawy-jezykowe-junior-1\/"},"modified":"2026-04-20T03:42:10","modified_gmt":"2026-04-20T01:42:10","slug":"gry-i-zabawy-jezykowe-junior-czesc-1","status":"publish","type":"product","link":"https:\/\/e-polish.eu\/sklep\/ksiazki\/gry-i-zabawy-jezykowe-junior-czesc-1\/","title":{"rendered":"Gry i zabawy j\u0119zykowe &#8211; junior 1"},"content":{"rendered":"<p><span class=\"fontstyle0\">Zestaw 61 gier do podr\u0119cznika &#8222;POLSKI krok po kroku &#8211; junior 1&#8221;, kt\u00f3re: pozwalaj\u0105 zaktywizowa\u0107 uczni\u00f3w, u\u0142atwiaj\u0105 \u0107wiczenie nowych struktur gramatycznych, pomagaj\u0105 utrwali\u0107 poznane s\u0142ownictwo, w naturalny spos\u00f3b inspiruj\u0105 do m\u00f3wienia. Gry planszowe, puzzle, domino, obrazki, karty dialogowe to tylko niekt\u00f3re spo\u015br\u00f3d propozycji do wykorzystania na lekcjach. Wiele z\u00a0 nich sprawdza si\u0119 \u015bwietnie zar\u00f3wno przy wprowadzaniu nowego materia\u0142u, jak i przy powt\u00f3rkach. Atrakcyjna szata graficzna uprzyjemnia nauk\u0119, a nieod\u0142\u0105czny \u015bmiech i dobra zabawa towarzysz\u0105 pracy z t\u0105 pozycj\u0105. <\/span><\/p>\n<p><span class=\"fontstyle0\">Mimo, \u017ce \u201eGry i zabawy j\u0119zykowe\u201d powsta\u0142y z my\u015bl\u0105 o nauce z seri\u0105 \u201ePOLSKI krok po kroku \u2013 junior\u201d, z powodzeniem mo\u017cna je stosowa\u0107 pracuj\u0105c z innymi podr\u0119cznikami. Atutem tej pozycji jest rozbudowany klucz (odpowiedzi, przyk\u0142adowe dialogi i opisy), kt\u00f3ry pozwoli na prac\u0119 z grami tym, kt\u00f3rzy samodzielnie ucz\u0105 si\u0119 polskiego.<\/span><\/p>\n<p>ISBN 978-83-941178-3-2 | Paulina Kuc | Iwona Stempek<\/p>\n<blockquote><p><strong><i>\u015amiech i zabawa, kt\u00f3re towarzysz\u0105 grom s\u0105 gwarantem udanych lekcji.<\/i><\/strong><\/p><\/blockquote>\n","protected":false},"excerpt":{"rendered":"<p><span class=\"fontstyle0\">Zestaw 61 gier do podr\u0119cznika &#8222;POLSKI krok po kroku &#8211; junior 1&#8221;, kt\u00f3re: pozwalaj\u0105 zaktywizowa\u0107 uczni\u00f3w, u\u0142atwiaj\u0105 \u0107wiczenie nowych struktur gramatycznych, pomagaj\u0105 utrwali\u0107 poznane s\u0142ownictwo, w naturalny spos\u00f3b inspiruj\u0105 do m\u00f3wienia. Gry planszowe, puzzle, domino, obrazki, karty dialogowe to tylko niekt\u00f3re spo\u015br\u00f3d propozycji do wykorzystania na lekcjach.<\/span><\/p>\n<p><a href=\"https:\/\/e-polish.eu\/sklep\/seria-podrecznikow-do-jezyka-polskiego-dla-dzieci-i-mlodziezy-polski-krok-po-kroku-junior\/\"><img loading=\"lazy\" decoding=\"async\" class=\"alignnone size-full wp-image-3925\" src=\"https:\/\/e-polish.eu\/sklep\/wp-content\/uploads\/2024\/04\/logo-1000x700px-PwO-t-2.png\" alt=\"Seria POLSKI krok po kroku - junior\" width=\"200\" height=\"73\" \/><\/a><\/p>\n","protected":false},"featured_media":3369,"comment_status":"open","ping_status":"closed","template":"","meta":{"_uag_custom_page_level_css":"","site-sidebar-layout":"default","site-content-layout":"","ast-site-content-layout":"default","site-content-style":"default","site-sidebar-style":"default","ast-global-header-display":"","ast-banner-title-visibility":"","ast-main-header-display":"","ast-hfb-above-header-display":"","ast-hfb-below-header-display":"","ast-hfb-mobile-header-display":"","site-post-title":"","ast-breadcrumbs-content":"","ast-featured-img":"","footer-sml-layout":"","ast-disable-related-posts":"","theme-transparent-header-meta":"default","adv-header-id-meta":"","stick-header-meta":"default","header-above-stick-meta":"","header-main-stick-meta":"","header-below-stick-meta":"","astra-migrate-meta-layouts":"set","ast-page-background-enabled":"default","ast-page-background-meta":{"desktop":{"background-color":"","background-image":"","background-repeat":"repeat","background-position":"center center","background-size":"auto","background-attachment":"scroll","background-type":"","background-media":"","overlay-type":"","overlay-color":"","overlay-opacity":"","overlay-gradient":""},"tablet":{"background-color":"","background-image":"","background-repeat":"repeat","background-position":"center center","background-size":"auto","background-attachment":"scroll","background-type":"","background-media":"","overlay-type":"","overlay-color":"","overlay-opacity":"","overlay-gradient":""},"mobile":{"background-color":"","background-image":"","background-repeat":"repeat","background-position":"center center","background-size":"auto","background-attachment":"scroll","background-type":"","background-media":"","overlay-type":"","overlay-color":"","overlay-opacity":"","overlay-gradient":""}},"ast-content-background-meta":{"desktop":{"background-color":"var(--ast-global-color-5)","background-image":"","background-repeat":"repeat","background-position":"center center","background-size":"auto","background-attachment":"scroll","background-type":"","background-media":"","overlay-type":"","overlay-color":"","overlay-opacity":"","overlay-gradient":""},"tablet":{"background-color":"var(--ast-global-color-5)","background-image":"","background-repeat":"repeat","background-position":"center center","background-size":"auto","background-attachment":"scroll","background-type":"","background-media":"","overlay-type":"","overlay-color":"","overlay-opacity":"","overlay-gradient":""},"mobile":{"background-color":"var(--ast-global-color-5)","background-image":"","background-repeat":"repeat","background-position":"center center","background-size":"auto","background-attachment":"scroll","background-type":"","background-media":"","overlay-type":"","overlay-color":"","overlay-opacity":"","overlay-gradient":""}}},"product_brand":[],"product_cat":[69,1624,19],"product_tag":[],"class_list":{"0":"post-2568","1":"product","2":"type-product","3":"status-publish","4":"has-post-thumbnail","6":"product_cat-ksiazki","7":"product_cat-polski-krok-po-kroku-junior","8":"product_cat-wszystkie-produkty","9":"product_series-polski-krok-po-kroku-junior","10":"desktop-align-center","11":"tablet-align-left","12":"mobile-align-left","13":"ast-product-gallery-layout-horizontal-slider","14":"ast-product-tabs-layout-horizontal","16":"first","17":"instock","18":"taxable","19":"shipping-taxable","20":"purchasable","21":"product-type-simple"},"aioseo_notices":[],"uagb_featured_image_src":{"full":["https:\/\/e-polish.eu\/sklep\/wp-content\/uploads\/shop-items\/0-gry_i_zabawy_jezykowe_-_junior_1",1000,1415,false],"thumbnail":["https:\/\/e-polish.eu\/sklep\/wp-content\/uploads\/shop-items\/0-gry_i_zabawy_jezykowe_-_junior_1-150x150.",150,150,true],"medium":["https:\/\/e-polish.eu\/sklep\/wp-content\/uploads\/shop-items\/0-gry_i_zabawy_jezykowe_-_junior_1-212x300.",212,300,true],"medium_large":["https:\/\/e-polish.eu\/sklep\/wp-content\/uploads\/shop-items\/0-gry_i_zabawy_jezykowe_-_junior_1-768x1087.",768,1087,true],"large":["https:\/\/e-polish.eu\/sklep\/wp-content\/uploads\/shop-items\/0-gry_i_zabawy_jezykowe_-_junior_1-724x1024.",724,1024,true],"1536x1536":["https:\/\/e-polish.eu\/sklep\/wp-content\/uploads\/shop-items\/0-gry_i_zabawy_jezykowe_-_junior_1",1000,1415,false],"2048x2048":["https:\/\/e-polish.eu\/sklep\/wp-content\/uploads\/shop-items\/0-gry_i_zabawy_jezykowe_-_junior_1",1000,1415,false],"page-small":["https:\/\/e-polish.eu\/sklep\/wp-content\/uploads\/shop-items\/0-gry_i_zabawy_jezykowe_-_junior_1-210x297.",210,297,true],"woocommerce_thumbnail":["https:\/\/e-polish.eu\/sklep\/wp-content\/uploads\/shop-items\/0-gry_i_zabawy_jezykowe_-_junior_1-300x425.",300,425,true],"woocommerce_single":["https:\/\/e-polish.eu\/sklep\/wp-content\/uploads\/shop-items\/0-gry_i_zabawy_jezykowe_-_junior_1-300x425.",300,425,true],"woocommerce_gallery_thumbnail":["https:\/\/e-polish.eu\/sklep\/wp-content\/uploads\/shop-items\/0-gry_i_zabawy_jezykowe_-_junior_1-100x100.",100,100,true],"lws_wr_thumbnail":["https:\/\/e-polish.eu\/sklep\/wp-content\/uploads\/shop-items\/0-gry_i_zabawy_jezykowe_-_junior_1",68,96,false],"lws_wr_thumbnail_small":["https:\/\/e-polish.eu\/sklep\/wp-content\/uploads\/shop-items\/0-gry_i_zabawy_jezykowe_-_junior_1",30,42,false]},"uagb_author_info":{"display_name":"artur","author_link":"https:\/\/e-polish.eu\/sklep\/blog\/author\/"},"uagb_comment_info":0,"uagb_excerpt":"Zestaw 61 gier do podr\u0119cznika \"POLSKI krok po kroku - junior 1\", kt\u00f3re: pozwalaj\u0105 zaktywizowa\u0107 uczni\u00f3w, u\u0142atwiaj\u0105 \u0107wiczenie nowych struktur gramatycznych, pomagaj\u0105 utrwali\u0107 poznane s\u0142ownictwo, w naturalny spos\u00f3b inspiruj\u0105 do m\u00f3wienia. Gry planszowe, puzzle, domino, obrazki, karty dialogowe to tylko niekt\u00f3re spo\u015br\u00f3d propozycji do wykorzystania na lekcjach.","_links":{"self":[{"href":"https:\/\/e-polish.eu\/sklep\/wp-json\/wp\/v2\/product\/2568","targetHints":{"allow":["GET"]}}],"collection":[{"href":"https:\/\/e-polish.eu\/sklep\/wp-json\/wp\/v2\/product"}],"about":[{"href":"https:\/\/e-polish.eu\/sklep\/wp-json\/wp\/v2\/types\/product"}],"replies":[{"embeddable":true,"href":"https:\/\/e-polish.eu\/sklep\/wp-json\/wp\/v2\/comments?post=2568"}],"wp:featuredmedia":[{"embeddable":true,"href":"https:\/\/e-polish.eu\/sklep\/wp-json\/wp\/v2\/media\/3369"}],"wp:attachment":[{"href":"https:\/\/e-polish.eu\/sklep\/wp-json\/wp\/v2\/media?parent=2568"}],"wp:term":[{"taxonomy":"product_brand","embeddable":true,"href":"https:\/\/e-polish.eu\/sklep\/wp-json\/wp\/v2\/product_brand?post=2568"},{"taxonomy":"product_cat","embeddable":true,"href":"https:\/\/e-polish.eu\/sklep\/wp-json\/wp\/v2\/product_cat?post=2568"},{"taxonomy":"product_tag","embeddable":true,"href":"https:\/\/e-polish.eu\/sklep\/wp-json\/wp\/v2\/product_tag?post=2568"}],"curies":[{"name":"wp","href":"https:\/\/api.w.org\/{rel}","templated":true}]}}