{"id":2569,"date":"2024-04-03T16:29:24","date_gmt":"2024-04-03T14:29:24","guid":{"rendered":"https:\/\/e-polish.eu\/sklep\/product\/wielki-quiz-o-polsce\/"},"modified":"2026-04-04T03:42:09","modified_gmt":"2026-04-04T01:42:09","slug":"wielki-quiz-o-polsce","status":"publish","type":"product","link":"https:\/\/e-polish.eu\/sklep\/ksiazki\/wielki-quiz-o-polsce\/","title":{"rendered":"Wielki quiz o Polsce"},"content":{"rendered":"<p><span class=\"fontstyle0\">Bogato ilustrowany quiz zaprojektowany jako materia\u0142 j\u0119zykowy poszerzaj\u0105cy wiedz\u0119 obcokrajowc\u00f3w o Polsce. <\/span><span class=\"fontstyle2\">Ka\u017cde z 60 hase\u0142 przekazuje wybrane informacje o geografi naszego kraju, r\u00f3\u017cnych regionach, wa\u017cnych miejscach, elementach kultury i tradycyjnych potrawach. A zatem nie jest najistotniejsze, na ile pyta\u0144 kto\u015b odpowie, ale ile nauczy si\u0119 w trakcie gry!<\/span><\/p>\n<p><span class=\"fontstyle2\">\u201eWielki quiz o Polsce\u201d prezentuje nazwy najwa\u017cniejszych potraw oraz zbiera s\u0142ownictwo opisuj\u0105ce krajobraz i atrakcje turystyczne. Wa\u017cnym elementem j\u0119zykowym quizu jest r\u00f3wnie\u017c wzbogacenie zasobu j\u0119zykowego graczy o szereg przymiotnik\u00f3w opisuj\u0105cych miejsca i smaki. Quiz ma tak\u017ce promowa\u0107 Polsk\u0119 \u2013 ma zach\u0119ci\u0107 osoby ucz\u0105ce si\u0119 j\u0119zyka polskiego do w\u0119dr\u00f3wki przez nasz kraj oraz do skosztowania najbardziej popularnych regionalnych przysmak\u00f3w.<\/span><\/p>\n<p>Wymagany poziom znajomo\u015bci j\u0119zyka polskiego uczestnik\u00f3w quizu: A2\/B1.<\/p>\n<p>ISBN 978-83-953460-1-9 | Iwona Stempek<\/p>\n<blockquote><p><strong> <span class=\"fontstyle0\">Zagraj i poznaj Polsk\u0119!<\/span><\/strong><\/p><\/blockquote>\n","protected":false},"excerpt":{"rendered":"<p><span class=\"fontstyle0\">Bogato ilustrowany quiz zaprojektowany jako materia\u0142 j\u0119zykowy poszerzaj\u0105cy wiedz\u0119 obcokrajowc\u00f3w o Polsce. <\/span><span class=\"fontstyle2\">Ka\u017cde z 60 hase\u0142 przekazuje wybrane informacje o geografi naszego kraju, r\u00f3\u017cnych regionach, wa\u017cnych miejscach, elementach kultury i tradycyjnych potrawach. A zatem nie jest najistotniejsze, na ile pyta\u0144 kto\u015b odpowie, ale ile nauczy si\u0119 w trakcie gry!<\/span><\/p>\n","protected":false},"featured_media":3696,"comment_status":"open","ping_status":"closed","template":"","meta":{"_uag_custom_page_level_css":"","site-sidebar-layout":"default","site-content-layout":"","ast-site-content-layout":"default","site-content-style":"default","site-sidebar-style":"default","ast-global-header-display":"","ast-banner-title-visibility":"","ast-main-header-display":"","ast-hfb-above-header-display":"","ast-hfb-below-header-display":"","ast-hfb-mobile-header-display":"","site-post-title":"","ast-breadcrumbs-content":"","ast-featured-img":"","footer-sml-layout":"","ast-disable-related-posts":"","theme-transparent-header-meta":"default","adv-header-id-meta":"","stick-header-meta":"default","header-above-stick-meta":"","header-main-stick-meta":"","header-below-stick-meta":"","astra-migrate-meta-layouts":"set","ast-page-background-enabled":"default","ast-page-background-meta":{"desktop":{"background-color":"","background-image":"","background-repeat":"repeat","background-position":"center center","background-size":"auto","background-attachment":"scroll","background-type":"","background-media":"","overlay-type":"","overlay-color":"","overlay-opacity":"","overlay-gradient":""},"tablet":{"background-color":"","background-image":"","background-repeat":"repeat","background-position":"center center","background-size":"auto","background-attachment":"scroll","background-type":"","background-media":"","overlay-type":"","overlay-color":"","overlay-opacity":"","overlay-gradient":""},"mobile":{"background-color":"","background-image":"","background-repeat":"repeat","background-position":"center center","background-size":"auto","background-attachment":"scroll","background-type":"","background-media":"","overlay-type":"","overlay-color":"","overlay-opacity":"","overlay-gradient":""}},"ast-content-background-meta":{"desktop":{"background-color":"var(--ast-global-color-5)","background-image":"","background-repeat":"repeat","background-position":"center center","background-size":"auto","background-attachment":"scroll","background-type":"","background-media":"","overlay-type":"","overlay-color":"","overlay-opacity":"","overlay-gradient":""},"tablet":{"background-color":"var(--ast-global-color-5)","background-image":"","background-repeat":"repeat","background-position":"center center","background-size":"auto","background-attachment":"scroll","background-type":"","background-media":"","overlay-type":"","overlay-color":"","overlay-opacity":"","overlay-gradient":""},"mobile":{"background-color":"var(--ast-global-color-5)","background-image":"","background-repeat":"repeat","background-position":"center center","background-size":"auto","background-attachment":"scroll","background-type":"","background-media":"","overlay-type":"","overlay-color":"","overlay-opacity":"","overlay-gradient":""}}},"product_brand":[],"product_cat":[69,1633,19],"product_tag":[],"class_list":{"0":"post-2569","1":"product","2":"type-product","3":"status-publish","4":"has-post-thumbnail","6":"product_cat-ksiazki","7":"product_cat-polski-krok-po-kroku","8":"product_cat-wszystkie-produkty","9":"product_series-polski-krok-po-kroku","10":"desktop-align-center","11":"tablet-align-left","12":"mobile-align-left","13":"ast-product-gallery-layout-horizontal-slider","14":"ast-product-tabs-layout-horizontal","16":"first","17":"instock","18":"taxable","19":"shipping-taxable","20":"purchasable","21":"product-type-simple"},"aioseo_notices":[],"uagb_featured_image_src":{"full":["https:\/\/e-polish.eu\/sklep\/wp-content\/uploads\/shop-items\/0-wielki_quiz_o_polsce",1200,1709,false],"thumbnail":["https:\/\/e-polish.eu\/sklep\/wp-content\/uploads\/shop-items\/0-wielki_quiz_o_polsce-150x150.",150,150,true],"medium":["https:\/\/e-polish.eu\/sklep\/wp-content\/uploads\/shop-items\/0-wielki_quiz_o_polsce-211x300.",211,300,true],"medium_large":["https:\/\/e-polish.eu\/sklep\/wp-content\/uploads\/shop-items\/0-wielki_quiz_o_polsce-768x1094.",768,1094,true],"large":["https:\/\/e-polish.eu\/sklep\/wp-content\/uploads\/shop-items\/0-wielki_quiz_o_polsce-719x1024.",719,1024,true],"1536x1536":["https:\/\/e-polish.eu\/sklep\/wp-content\/uploads\/shop-items\/0-wielki_quiz_o_polsce-1079x1536.",1079,1536,true],"2048x2048":["https:\/\/e-polish.eu\/sklep\/wp-content\/uploads\/shop-items\/0-wielki_quiz_o_polsce",1200,1709,false],"page-small":["https:\/\/e-polish.eu\/sklep\/wp-content\/uploads\/shop-items\/0-wielki_quiz_o_polsce-210x297.",210,297,true],"woocommerce_thumbnail":["https:\/\/e-polish.eu\/sklep\/wp-content\/uploads\/shop-items\/0-wielki_quiz_o_polsce-300x427.",300,427,true],"woocommerce_single":["https:\/\/e-polish.eu\/sklep\/wp-content\/uploads\/shop-items\/0-wielki_quiz_o_polsce-300x427.",300,427,true],"woocommerce_gallery_thumbnail":["https:\/\/e-polish.eu\/sklep\/wp-content\/uploads\/shop-items\/0-wielki_quiz_o_polsce-100x100.",100,100,true],"lws_wr_thumbnail":["https:\/\/e-polish.eu\/sklep\/wp-content\/uploads\/shop-items\/0-wielki_quiz_o_polsce",67,96,false],"lws_wr_thumbnail_small":["https:\/\/e-polish.eu\/sklep\/wp-content\/uploads\/shop-items\/0-wielki_quiz_o_polsce",29,42,false]},"uagb_author_info":{"display_name":"artur","author_link":"https:\/\/e-polish.eu\/sklep\/blog\/author\/"},"uagb_comment_info":2,"uagb_excerpt":"Bogato ilustrowany quiz zaprojektowany jako materia\u0142 j\u0119zykowy poszerzaj\u0105cy wiedz\u0119 obcokrajowc\u00f3w o Polsce. Ka\u017cde z 60 hase\u0142 przekazuje wybrane informacje o geografi naszego kraju, r\u00f3\u017cnych regionach, wa\u017cnych miejscach, elementach kultury i tradycyjnych potrawach. A zatem nie jest najistotniejsze, na ile pyta\u0144 kto\u015b odpowie, ale ile nauczy si\u0119 w trakcie gry!","_links":{"self":[{"href":"https:\/\/e-polish.eu\/sklep\/wp-json\/wp\/v2\/product\/2569","targetHints":{"allow":["GET"]}}],"collection":[{"href":"https:\/\/e-polish.eu\/sklep\/wp-json\/wp\/v2\/product"}],"about":[{"href":"https:\/\/e-polish.eu\/sklep\/wp-json\/wp\/v2\/types\/product"}],"replies":[{"embeddable":true,"href":"https:\/\/e-polish.eu\/sklep\/wp-json\/wp\/v2\/comments?post=2569"}],"wp:featuredmedia":[{"embeddable":true,"href":"https:\/\/e-polish.eu\/sklep\/wp-json\/wp\/v2\/media\/3696"}],"wp:attachment":[{"href":"https:\/\/e-polish.eu\/sklep\/wp-json\/wp\/v2\/media?parent=2569"}],"wp:term":[{"taxonomy":"product_brand","embeddable":true,"href":"https:\/\/e-polish.eu\/sklep\/wp-json\/wp\/v2\/product_brand?post=2569"},{"taxonomy":"product_cat","embeddable":true,"href":"https:\/\/e-polish.eu\/sklep\/wp-json\/wp\/v2\/product_cat?post=2569"},{"taxonomy":"product_tag","embeddable":true,"href":"https:\/\/e-polish.eu\/sklep\/wp-json\/wp\/v2\/product_tag?post=2569"}],"curies":[{"name":"wp","href":"https:\/\/api.w.org\/{rel}","templated":true}]}}