{"id":2572,"date":"2024-04-03T16:29:24","date_gmt":"2024-04-03T14:29:24","guid":{"rendered":"https:\/\/e-polish.eu\/sklep\/product\/kubek-polski-krok-po-kroku\/"},"modified":"2026-04-06T03:42:09","modified_gmt":"2026-04-06T01:42:09","slug":"kubek-polski-krok-po-kroku","status":"publish","type":"product","link":"https:\/\/e-polish.eu\/sklep\/gadzety\/kubek-polski-krok-po-kroku\/","title":{"rendered":"Kubek &#8222;POLSKI krok po kroku&#8221;"},"content":{"rendered":"<p>Zaprzyja\u017ani\u0142e\u015b si\u0119 z bohaterami podr\u0119cznik\u00f3w &#8222;POLSKI krok po kroku&#8221; &#8211; Javierem, Angel\u0105, Tomem i Mami? Podobnie jak Ty, przyjechali do Krakowa na kurs j\u0119zyka polskiego. Sp\u0119dzaj\u0105c w Polsce niepowtarzalne wakacje, poznaj\u0105 miasto, stawiaj\u0105 czo\u0142a codziennym problemom, gotuj\u0105, zawieraj\u0105 przyja\u017anie, zakochuj\u0105 si\u0119&#8230;<\/p>\n<p>Przygotowali\u015bmy dla Ciebie specjalne gad\u017cety z wizerunkami naszych bohater\u00f3w. Je\u015bli chcesz by towarzyszyli Ci codziennie przy porannej kawie &#8211; ten kubek jest specjalnie dla Ciebie!<\/p>\n<p>Szczeg\u00f3\u0142y:kubek porcelanowy, bia\u0142y, pojemno\u015b\u0107 330ml<br \/>\nUWAGA!! NIE U\u017bYWA\u0106 W ZMYWARKACH<\/p>\n<p>Ka\u017cdy kubek jest pakowany w osobny kartonik, by zabezpieczy\u0107 go w trakcie transportu.<\/p>\n","protected":false},"excerpt":{"rendered":"<p>Zaprzyja\u017ani\u0142e\u015b si\u0119 z bohaterami podr\u0119cznik\u00f3w &#8222;POLSKI krok po kroku&#8221; &#8211; Javierem, Angel\u0105, Tomem i Mami? Podobnie jak Ty, przyjechali do [&hellip;]<\/p>\n","protected":false},"featured_media":4254,"comment_status":"open","ping_status":"closed","template":"","meta":{"_uag_custom_page_level_css":"","site-sidebar-layout":"default","site-content-layout":"","ast-site-content-layout":"default","site-content-style":"default","site-sidebar-style":"default","ast-global-header-display":"","ast-banner-title-visibility":"","ast-main-header-display":"","ast-hfb-above-header-display":"","ast-hfb-below-header-display":"","ast-hfb-mobile-header-display":"","site-post-title":"","ast-breadcrumbs-content":"","ast-featured-img":"","footer-sml-layout":"","ast-disable-related-posts":"","theme-transparent-header-meta":"default","adv-header-id-meta":"","stick-header-meta":"default","header-above-stick-meta":"","header-main-stick-meta":"","header-below-stick-meta":"","astra-migrate-meta-layouts":"set","ast-page-background-enabled":"default","ast-page-background-meta":{"desktop":{"background-color":"","background-image":"","background-repeat":"repeat","background-position":"center center","background-size":"auto","background-attachment":"scroll","background-type":"","background-media":"","overlay-type":"","overlay-color":"","overlay-opacity":"","overlay-gradient":""},"tablet":{"background-color":"","background-image":"","background-repeat":"repeat","background-position":"center center","background-size":"auto","background-attachment":"scroll","background-type":"","background-media":"","overlay-type":"","overlay-color":"","overlay-opacity":"","overlay-gradient":""},"mobile":{"background-color":"","background-image":"","background-repeat":"repeat","background-position":"center center","background-size":"auto","background-attachment":"scroll","background-type":"","background-media":"","overlay-type":"","overlay-color":"","overlay-opacity":"","overlay-gradient":""}},"ast-content-background-meta":{"desktop":{"background-color":"var(--ast-global-color-5)","background-image":"","background-repeat":"repeat","background-position":"center center","background-size":"auto","background-attachment":"scroll","background-type":"","background-media":"","overlay-type":"","overlay-color":"","overlay-opacity":"","overlay-gradient":""},"tablet":{"background-color":"var(--ast-global-color-5)","background-image":"","background-repeat":"repeat","background-position":"center center","background-size":"auto","background-attachment":"scroll","background-type":"","background-media":"","overlay-type":"","overlay-color":"","overlay-opacity":"","overlay-gradient":""},"mobile":{"background-color":"var(--ast-global-color-5)","background-image":"","background-repeat":"repeat","background-position":"center center","background-size":"auto","background-attachment":"scroll","background-type":"","background-media":"","overlay-type":"","overlay-color":"","overlay-opacity":"","overlay-gradient":""}}},"product_brand":[],"product_cat":[21,19],"product_tag":[],"class_list":{"0":"post-2572","1":"product","2":"type-product","3":"status-publish","4":"has-post-thumbnail","6":"product_cat-gadzety","7":"product_cat-wszystkie-produkty","8":"desktop-align-center","9":"tablet-align-left","10":"mobile-align-left","11":"ast-product-gallery-layout-horizontal-slider","12":"ast-product-gallery-with-no-image","13":"ast-product-tabs-layout-horizontal","15":"first","16":"instock","17":"taxable","18":"shipping-taxable","19":"purchasable","20":"product-type-simple"},"aioseo_notices":[],"uagb_featured_image_src":{"full":["https:\/\/e-polish.eu\/sklep\/wp-content\/uploads\/shop-items\/0-kubek_polski_krok_po_kroku",1000,1200,false],"thumbnail":["https:\/\/e-polish.eu\/sklep\/wp-content\/uploads\/shop-items\/0-kubek_polski_krok_po_kroku",125,150,false],"medium":["https:\/\/e-polish.eu\/sklep\/wp-content\/uploads\/shop-items\/0-kubek_polski_krok_po_kroku",250,300,false],"medium_large":["https:\/\/e-polish.eu\/sklep\/wp-content\/uploads\/shop-items\/0-kubek_polski_krok_po_kroku",768,922,false],"large":["https:\/\/e-polish.eu\/sklep\/wp-content\/uploads\/shop-items\/0-kubek_polski_krok_po_kroku",853,1024,false],"1536x1536":["https:\/\/e-polish.eu\/sklep\/wp-content\/uploads\/shop-items\/0-kubek_polski_krok_po_kroku",1000,1200,false],"2048x2048":["https:\/\/e-polish.eu\/sklep\/wp-content\/uploads\/shop-items\/0-kubek_polski_krok_po_kroku",1000,1200,false],"page-small":["https:\/\/e-polish.eu\/sklep\/wp-content\/uploads\/shop-items\/0-kubek_polski_krok_po_kroku",210,252,false],"woocommerce_thumbnail":["https:\/\/e-polish.eu\/sklep\/wp-content\/uploads\/shop-items\/0-kubek_polski_krok_po_kroku",300,360,false],"woocommerce_single":["https:\/\/e-polish.eu\/sklep\/wp-content\/uploads\/shop-items\/0-kubek_polski_krok_po_kroku",300,360,false],"woocommerce_gallery_thumbnail":["https:\/\/e-polish.eu\/sklep\/wp-content\/uploads\/shop-items\/0-kubek_polski_krok_po_kroku-100x100.",100,100,true],"lws_wr_thumbnail":["https:\/\/e-polish.eu\/sklep\/wp-content\/uploads\/shop-items\/0-kubek_polski_krok_po_kroku",80,96,false],"lws_wr_thumbnail_small":["https:\/\/e-polish.eu\/sklep\/wp-content\/uploads\/shop-items\/0-kubek_polski_krok_po_kroku",35,42,false]},"uagb_author_info":{"display_name":"artur","author_link":"https:\/\/e-polish.eu\/sklep\/blog\/author\/"},"uagb_comment_info":4,"uagb_excerpt":"Zaprzyja\u017ani\u0142e\u015b si\u0119 z bohaterami podr\u0119cznik\u00f3w &#8222;POLSKI krok po kroku&#8221; &#8211; Javierem, Angel\u0105, Tomem i Mami? Podobnie jak Ty, przyjechali do [&hellip;]","_links":{"self":[{"href":"https:\/\/e-polish.eu\/sklep\/wp-json\/wp\/v2\/product\/2572","targetHints":{"allow":["GET"]}}],"collection":[{"href":"https:\/\/e-polish.eu\/sklep\/wp-json\/wp\/v2\/product"}],"about":[{"href":"https:\/\/e-polish.eu\/sklep\/wp-json\/wp\/v2\/types\/product"}],"replies":[{"embeddable":true,"href":"https:\/\/e-polish.eu\/sklep\/wp-json\/wp\/v2\/comments?post=2572"}],"wp:featuredmedia":[{"embeddable":true,"href":"https:\/\/e-polish.eu\/sklep\/wp-json\/wp\/v2\/media\/4254"}],"wp:attachment":[{"href":"https:\/\/e-polish.eu\/sklep\/wp-json\/wp\/v2\/media?parent=2572"}],"wp:term":[{"taxonomy":"product_brand","embeddable":true,"href":"https:\/\/e-polish.eu\/sklep\/wp-json\/wp\/v2\/product_brand?post=2572"},{"taxonomy":"product_cat","embeddable":true,"href":"https:\/\/e-polish.eu\/sklep\/wp-json\/wp\/v2\/product_cat?post=2572"},{"taxonomy":"product_tag","embeddable":true,"href":"https:\/\/e-polish.eu\/sklep\/wp-json\/wp\/v2\/product_tag?post=2572"}],"curies":[{"name":"wp","href":"https:\/\/api.w.org\/{rel}","templated":true}]}}