{"id":2583,"date":"2024-04-03T16:29:24","date_gmt":"2024-04-03T14:29:24","guid":{"rendered":"https:\/\/e-polish.eu\/sklep\/product\/czytaj-krok-po-kroku-2-e-coursebook\/"},"modified":"2026-04-06T03:42:10","modified_gmt":"2026-04-06T01:42:10","slug":"e-coursebook-czytaj-krok-po-kroku-czesc-2","status":"publish","type":"product","link":"https:\/\/e-polish.eu\/sklep\/ecoursebooki\/e-coursebook-czytaj-krok-po-kroku-czesc-2\/","title":{"rendered":"CZYTAJ krok po kroku 2 (e-coursebook)"},"content":{"rendered":"<p>Drugi tom serii \u201eCZYTAJ krok po kroku\u201d zawiera kolejne 10 fascynuj\u0105cych historii o bohaterach z podr\u0119cznika \u201ePOLSKI krok po kroku\u201d oraz polskich rodzinach Maj\u00f3w i Nowak\u00f3w. Opowiadania te wspieraj\u0105 post\u0119py studenta w nauce, wprowadzaj\u0105c coraz bardziej zaawansowane struktury gramatyczne i bogatsze s\u0142ownictwo. Tom jest powi\u0105zany z rozdzia\u0142ami 6-10 podr\u0119cznika \u201ePOLSKI krok po kroku 1\u201d. Opowiadania w atrakcyjnej formie pomagaj\u0105 utrwali\u0107 tematy zwi\u0105zane z czasem wolnym, zakupami, jedzeniem, wizytami w restauracjach oraz odpowiedni\u0105 gramatyk\u0119.<\/p>\n<div>\n<p>E-coursebook zawiera teksty i \u0107wiczenia z ksi\u0105\u017cki <a href=\"https:\/\/e-polish.eu\/sklep\/product\/czytaj-krok-po-kroku-czesc-2\/\" target=\"_blank\" rel=\"nofollow noreferrer noopener\">CZYTAJ krok po kroku 2<\/a>\u00a0w formie interaktywnej wraz z t\u0142umaczeniami polece\u0144, kluczem odpowiedzi, nagraniami, s\u0142ownikiem multimedialnym, t\u0142umaczeniami s\u0142\u00f3wek i zwrot\u00f3w.<\/p>\n<\/div>\n<div>E-coursebook to zdecydowanie wi\u0119cej ni\u017c pdf czy ebook \u2013 to interaktywna wersja ksi\u0105\u017cki do nauki j\u0119zyka polskiego. Jest zaprojektowany tak, aby motywowa\u0142 Ci\u0119 do pracy i prowadzi\u0142 krok po kroku przez proces samodzielnego uczenia si\u0119.<\/div>\n<div><\/div>\n<div>\n<h3>Wa\u017cna informacja!<\/h3>\n<div>Aby korzysta\u0107 z tego e-coursebooka w Wirtualnej Sali Lekcyjnej oraz zadawa\u0107 testy z \u0107wicze\u0144 interaktywnych zar\u00f3wno nauczyciel, jak i student musz\u0105 mie\u0107 wykupiony dost\u0119p do e-coursebooka.<\/div>\n<div><\/div>\n<div>| Anna Stelmach<\/div>\n<\/div>\n","protected":false},"excerpt":{"rendered":"<p>E-coursebook zawiera \u0107wiczenia, teksty imateria\u0142y z ksi\u0105\u017cki <a href=\"https:\/\/e-polish.eu\/sklep\/product\/czytaj-krok-po-kroku-czesc-2\/\" target=\"_blank\" rel=\"nofollow noreferrer noopener\">CZYTAJ krok po kroku 2<\/a>\u00a0w formie interaktywnej wraz z t\u0142umaczeniami polece\u0144, kluczem odpowiedzi, nagraniami, s\u0142ownikiem multimedialnym, t\u0142umaczeniami s\u0142\u00f3wek i zwrot\u00f3w.<\/p>\n","protected":false},"featured_media":9252,"comment_status":"open","ping_status":"closed","template":"","meta":{"_uag_custom_page_level_css":"","site-sidebar-layout":"default","site-content-layout":"","ast-site-content-layout":"default","site-content-style":"default","site-sidebar-style":"default","ast-global-header-display":"","ast-banner-title-visibility":"","ast-main-header-display":"","ast-hfb-above-header-display":"","ast-hfb-below-header-display":"","ast-hfb-mobile-header-display":"","site-post-title":"","ast-breadcrumbs-content":"","ast-featured-img":"","footer-sml-layout":"","ast-disable-related-posts":"","theme-transparent-header-meta":"default","adv-header-id-meta":"","stick-header-meta":"default","header-above-stick-meta":"","header-main-stick-meta":"","header-below-stick-meta":"","astra-migrate-meta-layouts":"set","ast-page-background-enabled":"default","ast-page-background-meta":{"desktop":{"background-color":"","background-image":"","background-repeat":"repeat","background-position":"center center","background-size":"auto","background-attachment":"scroll","background-type":"","background-media":"","overlay-type":"","overlay-color":"","overlay-opacity":"","overlay-gradient":""},"tablet":{"background-color":"","background-image":"","background-repeat":"repeat","background-position":"center center","background-size":"auto","background-attachment":"scroll","background-type":"","background-media":"","overlay-type":"","overlay-color":"","overlay-opacity":"","overlay-gradient":""},"mobile":{"background-color":"","background-image":"","background-repeat":"repeat","background-position":"center center","background-size":"auto","background-attachment":"scroll","background-type":"","background-media":"","overlay-type":"","overlay-color":"","overlay-opacity":"","overlay-gradient":""}},"ast-content-background-meta":{"desktop":{"background-color":"var(--ast-global-color-5)","background-image":"","background-repeat":"repeat","background-position":"center center","background-size":"auto","background-attachment":"scroll","background-type":"","background-media":"","overlay-type":"","overlay-color":"","overlay-opacity":"","overlay-gradient":""},"tablet":{"background-color":"var(--ast-global-color-5)","background-image":"","background-repeat":"repeat","background-position":"center center","background-size":"auto","background-attachment":"scroll","background-type":"","background-media":"","overlay-type":"","overlay-color":"","overlay-opacity":"","overlay-gradient":""},"mobile":{"background-color":"var(--ast-global-color-5)","background-image":"","background-repeat":"repeat","background-position":"center center","background-size":"auto","background-attachment":"scroll","background-type":"","background-media":"","overlay-type":"","overlay-color":"","overlay-opacity":"","overlay-gradient":""}}},"product_brand":[],"product_cat":[22,19],"product_tag":[],"class_list":{"0":"post-2583","1":"product","2":"type-product","3":"status-publish","4":"has-post-thumbnail","6":"product_cat-ecoursebooki","7":"product_cat-wszystkie-produkty","8":"desktop-align-center","9":"tablet-align-left","10":"mobile-align-left","11":"ast-product-gallery-layout-horizontal-slider","12":"ast-product-gallery-with-no-image","13":"ast-product-tabs-layout-horizontal","15":"first","16":"instock","17":"virtual","18":"taxable","19":"purchasable","20":"product-type-simple"},"aioseo_notices":[],"uagb_featured_image_src":{"full":["https:\/\/e-polish.eu\/sklep\/wp-content\/uploads\/shop-items\/eckpk2-czytaj_krok_po_kroku_2_e-coursebook.png",1000,1415,false],"thumbnail":["https:\/\/e-polish.eu\/sklep\/wp-content\/uploads\/shop-items\/eckpk2-czytaj_krok_po_kroku_2_e-coursebook-150x150.png",150,150,true],"medium":["https:\/\/e-polish.eu\/sklep\/wp-content\/uploads\/shop-items\/eckpk2-czytaj_krok_po_kroku_2_e-coursebook-212x300.png",212,300,true],"medium_large":["https:\/\/e-polish.eu\/sklep\/wp-content\/uploads\/shop-items\/eckpk2-czytaj_krok_po_kroku_2_e-coursebook-768x1087.png",768,1087,true],"large":["https:\/\/e-polish.eu\/sklep\/wp-content\/uploads\/shop-items\/eckpk2-czytaj_krok_po_kroku_2_e-coursebook-724x1024.png",724,1024,true],"1536x1536":["https:\/\/e-polish.eu\/sklep\/wp-content\/uploads\/shop-items\/eckpk2-czytaj_krok_po_kroku_2_e-coursebook.png",1000,1415,false],"2048x2048":["https:\/\/e-polish.eu\/sklep\/wp-content\/uploads\/shop-items\/eckpk2-czytaj_krok_po_kroku_2_e-coursebook.png",1000,1415,false],"page-small":["https:\/\/e-polish.eu\/sklep\/wp-content\/uploads\/shop-items\/eckpk2-czytaj_krok_po_kroku_2_e-coursebook-210x297.png",210,297,true],"woocommerce_thumbnail":["https:\/\/e-polish.eu\/sklep\/wp-content\/uploads\/shop-items\/eckpk2-czytaj_krok_po_kroku_2_e-coursebook-300x425.png",300,425,true],"woocommerce_single":["https:\/\/e-polish.eu\/sklep\/wp-content\/uploads\/shop-items\/eckpk2-czytaj_krok_po_kroku_2_e-coursebook-300x425.png",300,425,true],"woocommerce_gallery_thumbnail":["https:\/\/e-polish.eu\/sklep\/wp-content\/uploads\/shop-items\/eckpk2-czytaj_krok_po_kroku_2_e-coursebook-100x100.png",100,100,true],"lws_wr_thumbnail":["https:\/\/e-polish.eu\/sklep\/wp-content\/uploads\/shop-items\/eckpk2-czytaj_krok_po_kroku_2_e-coursebook-68x96.png",68,96,true],"lws_wr_thumbnail_small":["https:\/\/e-polish.eu\/sklep\/wp-content\/uploads\/shop-items\/eckpk2-czytaj_krok_po_kroku_2_e-coursebook-30x42.png",30,42,true]},"uagb_author_info":{"display_name":"artur","author_link":"https:\/\/e-polish.eu\/sklep\/blog\/author\/"},"uagb_comment_info":0,"uagb_excerpt":"E-coursebook zawiera \u0107wiczenia, teksty imateria\u0142y z ksi\u0105\u017cki CZYTAJ krok po kroku 2\u00a0w formie interaktywnej wraz z t\u0142umaczeniami polece\u0144, kluczem odpowiedzi, nagraniami, s\u0142ownikiem multimedialnym, t\u0142umaczeniami s\u0142\u00f3wek i zwrot\u00f3w.","_links":{"self":[{"href":"https:\/\/e-polish.eu\/sklep\/wp-json\/wp\/v2\/product\/2583","targetHints":{"allow":["GET"]}}],"collection":[{"href":"https:\/\/e-polish.eu\/sklep\/wp-json\/wp\/v2\/product"}],"about":[{"href":"https:\/\/e-polish.eu\/sklep\/wp-json\/wp\/v2\/types\/product"}],"replies":[{"embeddable":true,"href":"https:\/\/e-polish.eu\/sklep\/wp-json\/wp\/v2\/comments?post=2583"}],"wp:featuredmedia":[{"embeddable":true,"href":"https:\/\/e-polish.eu\/sklep\/wp-json\/wp\/v2\/media\/9252"}],"wp:attachment":[{"href":"https:\/\/e-polish.eu\/sklep\/wp-json\/wp\/v2\/media?parent=2583"}],"wp:term":[{"taxonomy":"product_brand","embeddable":true,"href":"https:\/\/e-polish.eu\/sklep\/wp-json\/wp\/v2\/product_brand?post=2583"},{"taxonomy":"product_cat","embeddable":true,"href":"https:\/\/e-polish.eu\/sklep\/wp-json\/wp\/v2\/product_cat?post=2583"},{"taxonomy":"product_tag","embeddable":true,"href":"https:\/\/e-polish.eu\/sklep\/wp-json\/wp\/v2\/product_tag?post=2583"}],"curies":[{"name":"wp","href":"https:\/\/api.w.org\/{rel}","templated":true}]}}