{"id":2590,"date":"2024-04-03T16:29:25","date_gmt":"2024-04-03T14:29:25","guid":{"rendered":"https:\/\/e-polish.eu\/sklep\/product\/polski-krok-po-kroku-junior-1-e-coursebook-2\/"},"modified":"2026-04-06T03:42:10","modified_gmt":"2026-04-06T01:42:10","slug":"e-coursebook-plus-polski-krok-pokroku-junior-podrecznik-czesc-1","status":"publish","type":"product","link":"https:\/\/e-polish.eu\/sklep\/ecoursebooki-plus\/e-coursebook-plus-polski-krok-pokroku-junior-podrecznik-czesc-1\/","title":{"rendered":"POLSKI krok po kroku &#8211; junior 1 (e-coursebook+)"},"content":{"rendered":"<p><b>Kurs self-study (e-coursebook+)\u00a0<\/b>przeznaczony jest do samodzielnej nauki j\u0119zyka polskiego. Bazuje na materia\u0142ach i podej\u015bciu komunikacyjno-zadaniowym wykorzystywanych w bestsellerowej serii podr\u0119cznik\u00f3w \u201ePOLSKI krok po kroku\u201d. Posiada rozbudowane funkcje (np.\u00a0<b>t\u0142umaczenia polece\u0144<\/b>,\u00a0<b>klucz odpowiedzi<\/b>, mo\u017cliwo\u015b\u0107 ods\u0142uchiwania nagra\u0144,\u00a0<b>s\u0142ownik multimedialny<\/b>\u00a0z t\u0142umaczeniem s\u0142\u00f3w i zwrot\u00f3w, komentarze i\u00a0<b>tabele gramatyczne<\/b>), kt\u00f3re pozwol\u0105 Ci uczy\u0107 si\u0119 polskiego w efektywny spos\u00f3b.<\/p>\n<p>E-coursebook+ obejmuje tak\u017ce dost\u0119p do\u00a0<b>kilkuset dodatkowych \u0107wicze\u0144 i materia\u0142\u00f3w (1295)<\/b>, kt\u00f3re umo\u017cliwi\u0105 Ci lepsze utrwalenie problematycznych zagadnie\u0144 i poszerzanie wiedzy w zakresie tematyki, kt\u00f3ra jest dla Ciebie szczeg\u00f3lnie przydatna. Wa\u017cnym komponentem kursu s\u0105 te\u017c inteligentne\u00a0<b>fiszki<\/b>\u00a0\u2013 kt\u00f3re pozwol\u0105 Ci szybko i trwale zapami\u0119tywa\u0107 s\u0142ownictwo.<\/p>\n<p>Kurs online obejmuje 10 rozdzia\u0142\u00f3w sk\u0142adaj\u0105cych si\u0119 z 61 lekcji i realizuje zagadnienia leksykalne i gramatyczne przewidziane dla poziomu A1.<\/p>\n<p>Zobacz\u00a0<b><a href=\"https:\/\/e-polish.eu\/kurs-jezyka-polskiego-dla-dzieci-i-mlodziezy-poziom-a1\">szczeg\u00f3\u0142y kursu self-study\u00a0<\/a><\/b>&#8222;POLSKI krok po kroku &#8211; junior 1&#8221;.<\/p>\n<p>Na platformie e-polish.eu dost\u0119p do e-coursebooka+ &#8222;POLSKI krok po kroku &#8211; junior 1&#8221; dla studenta wa\u017cny jest przez <strong>12 miesi\u0119cy<\/strong>.<\/p>\n<p>| Iwona Stempek | Paulina Kuc | Ma\u0142gorzata Grudzie\u0144<\/p>\n","protected":false},"excerpt":{"rendered":"<p>Kurs self-study (e-coursebook+)\u00a0przeznaczony jest do samodzielnej nauki j\u0119zyka polskiego. Bazuje na materia\u0142ach i podej\u015bciu komunikacyjno-zadaniowym wykorzystywanych w bestsellerowej serii podr\u0119cznik\u00f3w \u201ePOLSKI krok po kroku\u201d. Posiada rozbudowane funkcje (np.\u00a0t\u0142umaczenia polece\u0144,\u00a0klucz odpowiedzi, mo\u017cliwo\u015b\u0107 ods\u0142uchiwania nagra\u0144,\u00a0s\u0142ownik multimedialny\u00a0z t\u0142umaczeniem s\u0142\u00f3w i zwrot\u00f3w, komentarze i\u00a0tabele gramatyczne), kt\u00f3re pozwol\u0105 Ci uczy\u0107 si\u0119 polskiego w efektywny spos\u00f3b.<\/p>\n","protected":false},"featured_media":9279,"comment_status":"open","ping_status":"closed","template":"","meta":{"_uag_custom_page_level_css":"","site-sidebar-layout":"default","site-content-layout":"","ast-site-content-layout":"default","site-content-style":"default","site-sidebar-style":"default","ast-global-header-display":"","ast-banner-title-visibility":"","ast-main-header-display":"","ast-hfb-above-header-display":"","ast-hfb-below-header-display":"","ast-hfb-mobile-header-display":"","site-post-title":"","ast-breadcrumbs-content":"","ast-featured-img":"","footer-sml-layout":"","ast-disable-related-posts":"","theme-transparent-header-meta":"default","adv-header-id-meta":"","stick-header-meta":"default","header-above-stick-meta":"","header-main-stick-meta":"","header-below-stick-meta":"","astra-migrate-meta-layouts":"set","ast-page-background-enabled":"default","ast-page-background-meta":{"desktop":{"background-color":"","background-image":"","background-repeat":"repeat","background-position":"center center","background-size":"auto","background-attachment":"scroll","background-type":"","background-media":"","overlay-type":"","overlay-color":"","overlay-opacity":"","overlay-gradient":""},"tablet":{"background-color":"","background-image":"","background-repeat":"repeat","background-position":"center center","background-size":"auto","background-attachment":"scroll","background-type":"","background-media":"","overlay-type":"","overlay-color":"","overlay-opacity":"","overlay-gradient":""},"mobile":{"background-color":"","background-image":"","background-repeat":"repeat","background-position":"center center","background-size":"auto","background-attachment":"scroll","background-type":"","background-media":"","overlay-type":"","overlay-color":"","overlay-opacity":"","overlay-gradient":""}},"ast-content-background-meta":{"desktop":{"background-color":"var(--ast-global-color-5)","background-image":"","background-repeat":"repeat","background-position":"center center","background-size":"auto","background-attachment":"scroll","background-type":"","background-media":"","overlay-type":"","overlay-color":"","overlay-opacity":"","overlay-gradient":""},"tablet":{"background-color":"var(--ast-global-color-5)","background-image":"","background-repeat":"repeat","background-position":"center center","background-size":"auto","background-attachment":"scroll","background-type":"","background-media":"","overlay-type":"","overlay-color":"","overlay-opacity":"","overlay-gradient":""},"mobile":{"background-color":"var(--ast-global-color-5)","background-image":"","background-repeat":"repeat","background-position":"center center","background-size":"auto","background-attachment":"scroll","background-type":"","background-media":"","overlay-type":"","overlay-color":"","overlay-opacity":"","overlay-gradient":""}}},"product_brand":[],"product_cat":[22,110,19],"product_tag":[],"class_list":{"0":"post-2590","1":"product","2":"type-product","3":"status-publish","4":"has-post-thumbnail","6":"product_cat-ecoursebooki","7":"product_cat-ecoursebooki-plus","8":"product_cat-wszystkie-produkty","9":"desktop-align-center","10":"tablet-align-left","11":"mobile-align-left","12":"ast-product-gallery-layout-horizontal-slider","13":"ast-product-gallery-with-no-image","14":"ast-product-tabs-layout-horizontal","16":"first","17":"instock","18":"virtual","19":"taxable","20":"purchasable","21":"product-type-simple"},"aioseo_notices":[],"uagb_featured_image_src":{"full":["https:\/\/e-polish.eu\/sklep\/wp-content\/uploads\/shop-items\/ejun1+-polski_krok_po_kroku_-_junior_1_e-coursebook_plus.png",1000,1415,false],"thumbnail":["https:\/\/e-polish.eu\/sklep\/wp-content\/uploads\/shop-items\/ejun1+-polski_krok_po_kroku_-_junior_1_e-coursebook_plus-150x150.png",150,150,true],"medium":["https:\/\/e-polish.eu\/sklep\/wp-content\/uploads\/shop-items\/ejun1+-polski_krok_po_kroku_-_junior_1_e-coursebook_plus-212x300.png",212,300,true],"medium_large":["https:\/\/e-polish.eu\/sklep\/wp-content\/uploads\/shop-items\/ejun1+-polski_krok_po_kroku_-_junior_1_e-coursebook_plus-768x1087.png",768,1087,true],"large":["https:\/\/e-polish.eu\/sklep\/wp-content\/uploads\/shop-items\/ejun1+-polski_krok_po_kroku_-_junior_1_e-coursebook_plus-724x1024.png",724,1024,true],"1536x1536":["https:\/\/e-polish.eu\/sklep\/wp-content\/uploads\/shop-items\/ejun1+-polski_krok_po_kroku_-_junior_1_e-coursebook_plus.png",1000,1415,false],"2048x2048":["https:\/\/e-polish.eu\/sklep\/wp-content\/uploads\/shop-items\/ejun1+-polski_krok_po_kroku_-_junior_1_e-coursebook_plus.png",1000,1415,false],"page-small":["https:\/\/e-polish.eu\/sklep\/wp-content\/uploads\/shop-items\/ejun1+-polski_krok_po_kroku_-_junior_1_e-coursebook_plus-210x297.png",210,297,true],"woocommerce_thumbnail":["https:\/\/e-polish.eu\/sklep\/wp-content\/uploads\/shop-items\/ejun1+-polski_krok_po_kroku_-_junior_1_e-coursebook_plus-300x425.png",300,425,true],"woocommerce_single":["https:\/\/e-polish.eu\/sklep\/wp-content\/uploads\/shop-items\/ejun1+-polski_krok_po_kroku_-_junior_1_e-coursebook_plus-300x425.png",300,425,true],"woocommerce_gallery_thumbnail":["https:\/\/e-polish.eu\/sklep\/wp-content\/uploads\/shop-items\/ejun1+-polski_krok_po_kroku_-_junior_1_e-coursebook_plus-100x100.png",100,100,true],"lws_wr_thumbnail":["https:\/\/e-polish.eu\/sklep\/wp-content\/uploads\/shop-items\/ejun1+-polski_krok_po_kroku_-_junior_1_e-coursebook_plus-68x96.png",68,96,true],"lws_wr_thumbnail_small":["https:\/\/e-polish.eu\/sklep\/wp-content\/uploads\/shop-items\/ejun1+-polski_krok_po_kroku_-_junior_1_e-coursebook_plus-30x42.png",30,42,true]},"uagb_author_info":{"display_name":"artur","author_link":"https:\/\/e-polish.eu\/sklep\/blog\/author\/"},"uagb_comment_info":1,"uagb_excerpt":"Kurs self-study (e-coursebook+)\u00a0przeznaczony jest do samodzielnej nauki j\u0119zyka polskiego. Bazuje na materia\u0142ach i podej\u015bciu komunikacyjno-zadaniowym wykorzystywanych w bestsellerowej serii podr\u0119cznik\u00f3w \u201ePOLSKI krok po kroku\u201d. Posiada rozbudowane funkcje (np.\u00a0t\u0142umaczenia polece\u0144,\u00a0klucz odpowiedzi, mo\u017cliwo\u015b\u0107 ods\u0142uchiwania nagra\u0144,\u00a0s\u0142ownik multimedialny\u00a0z t\u0142umaczeniem s\u0142\u00f3w i zwrot\u00f3w, komentarze i\u00a0tabele gramatyczne), kt\u00f3re pozwol\u0105 Ci uczy\u0107 si\u0119 polskiego w efektywny spos\u00f3b.","_links":{"self":[{"href":"https:\/\/e-polish.eu\/sklep\/wp-json\/wp\/v2\/product\/2590","targetHints":{"allow":["GET"]}}],"collection":[{"href":"https:\/\/e-polish.eu\/sklep\/wp-json\/wp\/v2\/product"}],"about":[{"href":"https:\/\/e-polish.eu\/sklep\/wp-json\/wp\/v2\/types\/product"}],"replies":[{"embeddable":true,"href":"https:\/\/e-polish.eu\/sklep\/wp-json\/wp\/v2\/comments?post=2590"}],"wp:featuredmedia":[{"embeddable":true,"href":"https:\/\/e-polish.eu\/sklep\/wp-json\/wp\/v2\/media\/9279"}],"wp:attachment":[{"href":"https:\/\/e-polish.eu\/sklep\/wp-json\/wp\/v2\/media?parent=2590"}],"wp:term":[{"taxonomy":"product_brand","embeddable":true,"href":"https:\/\/e-polish.eu\/sklep\/wp-json\/wp\/v2\/product_brand?post=2590"},{"taxonomy":"product_cat","embeddable":true,"href":"https:\/\/e-polish.eu\/sklep\/wp-json\/wp\/v2\/product_cat?post=2590"},{"taxonomy":"product_tag","embeddable":true,"href":"https:\/\/e-polish.eu\/sklep\/wp-json\/wp\/v2\/product_tag?post=2590"}],"curies":[{"name":"wp","href":"https:\/\/api.w.org\/{rel}","templated":true}]}}