{"id":2591,"date":"2024-04-03T16:29:25","date_gmt":"2024-04-03T14:29:25","guid":{"rendered":"https:\/\/e-polish.eu\/sklep\/product\/fiszki-smart\/"},"modified":"2026-04-10T03:42:11","modified_gmt":"2026-04-10T01:42:11","slug":"fiszki-smart","status":"publish","type":"product","link":"https:\/\/e-polish.eu\/sklep\/subskrypcje\/fiszki-smart\/","title":{"rendered":"fiszki SMART"},"content":{"rendered":"<p><b>Fiszki SMART<\/b><span style=\"font-weight: 400;\"> to subskrypcja skierowana do student\u00f3w. To sprawdzona metoda efektywnej nauki zapami\u0119tywania i utrwalania nowo poznanego s\u0142ownictwa. Dzi\u0119ki specjalnemu algorytmowi system wybiera powt\u00f3rki w taki spos\u00f3b, by minimalizuj\u0105c czas po\u015bwi\u0119cony na nauk\u0119, uzyska\u0107 jak najlepszy efekt czyli trwale zapami\u0119ta\u0107 s\u0142ownictwo.\u00a0\u00a0<\/span><\/p>\n<p><span style=\"font-weight: 400;\">Fiszki SMART daj\u0105 u\u017cytkownikowi\u00a0 szereg dodatkowych opcji np. pozwalaj\u0105 na r\u0119czne dodawanie s\u0142\u00f3wka do powt\u00f3rek (podczas uczenia si\u0119 z interaktywnego podr\u0119cznika e-coursebooka lub przegl\u0105dania s\u0142ownika) a tak\u017ce\u00a0 decydowania ilu nowych s\u0142\u00f3wek dziennie chce si\u0119 nauczy\u0107.\u00a0<\/span><\/p>\n<p><b>Powt\u00f3rka s\u0142ownictwa ma kilka wygodnych tryb\u00f3w<\/b><span style=\"font-weight: 400;\">, w ka\u017cdej chwili student mo\u017ce je prze\u0142\u0105czy\u0107:<\/span><\/p>\n<ul>\n<li style=\"font-weight: 400;\" aria-level=\"1\"><span style=\"font-weight: 400;\">powt\u00f3rka ustna z przyciskiem \u201cwiem\/nie wiem\u201d,<\/span><\/li>\n<li style=\"font-weight: 400;\" aria-level=\"1\"><span style=\"font-weight: 400;\">powt\u00f3rka pisemna, gdzie wpisuje si\u0119 ca\u0142e s\u0142owo lub niekt\u00f3re litery s\u0105 widoczne w ramach podpowiedzi<\/span><\/li>\n<\/ul>\n<p><b>J\u0119zyk fiszek<\/b><span style=\"font-weight: 400;\"> jest taki jak ustawiony interface w kilku j\u0119zykach.<\/span><\/p>\n<p><span style=\"font-weight: 400;\">Nie trzeba instalowa\u0107 \u017cadnego dodatkowego oprogramowania, wystarczy dost\u0119p do internetu i bezp\u0142atne konto studenta na platformie e-polish.eu.<\/span><\/p>\n<p>Na platformie e-polish.eu dost\u0119p do fiszek SMART dla studenta wa\u017cny jest przez <strong>12 miesi\u0119cy<\/strong>.<\/p>\n","protected":false},"excerpt":{"rendered":"<p>Fiszki SMART<span style=\"font-weight: 400;\"> to subskrypcja skierowana do student\u00f3w. To sprawdzona metoda efektywnej nauki zapami\u0119tywania i utrwalania nowo poznanego s\u0142ownictwa. Dzi\u0119ki specjalnemu algorytmowi system w odpowiednim momencie przypomina te s\u0142\u00f3wka, kt\u00f3re lada moment mog\u0105 zosta\u0107 zapomniane.<\/span><\/p>\n<p><span style=\"font-weight: 400;\">Wystarczy codziennie znale\u017a\u0107 tylko kilka minut na powt\u00f3rki, aby szybko zapomnie\u0107 o problemach ze s\u0142ownictwem.<\/span><\/p>\n","protected":false},"featured_media":4273,"comment_status":"open","ping_status":"closed","template":"","meta":{"_uag_custom_page_level_css":"","site-sidebar-layout":"default","site-content-layout":"","ast-site-content-layout":"default","site-content-style":"default","site-sidebar-style":"default","ast-global-header-display":"","ast-banner-title-visibility":"","ast-main-header-display":"","ast-hfb-above-header-display":"","ast-hfb-below-header-display":"","ast-hfb-mobile-header-display":"","site-post-title":"","ast-breadcrumbs-content":"","ast-featured-img":"","footer-sml-layout":"","ast-disable-related-posts":"","theme-transparent-header-meta":"default","adv-header-id-meta":"","stick-header-meta":"default","header-above-stick-meta":"","header-main-stick-meta":"","header-below-stick-meta":"","astra-migrate-meta-layouts":"set","ast-page-background-enabled":"default","ast-page-background-meta":{"desktop":{"background-color":"","background-image":"","background-repeat":"repeat","background-position":"center center","background-size":"auto","background-attachment":"scroll","background-type":"","background-media":"","overlay-type":"","overlay-color":"","overlay-opacity":"","overlay-gradient":""},"tablet":{"background-color":"","background-image":"","background-repeat":"repeat","background-position":"center center","background-size":"auto","background-attachment":"scroll","background-type":"","background-media":"","overlay-type":"","overlay-color":"","overlay-opacity":"","overlay-gradient":""},"mobile":{"background-color":"","background-image":"","background-repeat":"repeat","background-position":"center center","background-size":"auto","background-attachment":"scroll","background-type":"","background-media":"","overlay-type":"","overlay-color":"","overlay-opacity":"","overlay-gradient":""}},"ast-content-background-meta":{"desktop":{"background-color":"var(--ast-global-color-5)","background-image":"","background-repeat":"repeat","background-position":"center center","background-size":"auto","background-attachment":"scroll","background-type":"","background-media":"","overlay-type":"","overlay-color":"","overlay-opacity":"","overlay-gradient":""},"tablet":{"background-color":"var(--ast-global-color-5)","background-image":"","background-repeat":"repeat","background-position":"center center","background-size":"auto","background-attachment":"scroll","background-type":"","background-media":"","overlay-type":"","overlay-color":"","overlay-opacity":"","overlay-gradient":""},"mobile":{"background-color":"var(--ast-global-color-5)","background-image":"","background-repeat":"repeat","background-position":"center center","background-size":"auto","background-attachment":"scroll","background-type":"","background-media":"","overlay-type":"","overlay-color":"","overlay-opacity":"","overlay-gradient":""}}},"product_brand":[],"product_cat":[70,19],"product_tag":[],"class_list":{"0":"post-2591","1":"product","2":"type-product","3":"status-publish","4":"has-post-thumbnail","6":"product_cat-subskrypcje","7":"product_cat-wszystkie-produkty","8":"desktop-align-center","9":"tablet-align-left","10":"mobile-align-left","11":"ast-product-gallery-layout-horizontal-slider","12":"ast-product-gallery-with-no-image","13":"ast-product-tabs-layout-horizontal","15":"first","16":"instock","17":"virtual","18":"taxable","19":"purchasable","20":"product-type-simple"},"aioseo_notices":[],"uagb_featured_image_src":{"full":["https:\/\/e-polish.eu\/sklep\/wp-content\/uploads\/shop-items\/0-smart_flashcards",1000,1415,false],"thumbnail":["https:\/\/e-polish.eu\/sklep\/wp-content\/uploads\/shop-items\/0-smart_flashcards-150x150.",150,150,true],"medium":["https:\/\/e-polish.eu\/sklep\/wp-content\/uploads\/shop-items\/0-smart_flashcards-212x300.",212,300,true],"medium_large":["https:\/\/e-polish.eu\/sklep\/wp-content\/uploads\/shop-items\/0-smart_flashcards-768x1087.",768,1087,true],"large":["https:\/\/e-polish.eu\/sklep\/wp-content\/uploads\/shop-items\/0-smart_flashcards-724x1024.",724,1024,true],"1536x1536":["https:\/\/e-polish.eu\/sklep\/wp-content\/uploads\/shop-items\/0-smart_flashcards",1000,1415,false],"2048x2048":["https:\/\/e-polish.eu\/sklep\/wp-content\/uploads\/shop-items\/0-smart_flashcards",1000,1415,false],"page-small":["https:\/\/e-polish.eu\/sklep\/wp-content\/uploads\/shop-items\/0-smart_flashcards-210x297.",210,297,true],"woocommerce_thumbnail":["https:\/\/e-polish.eu\/sklep\/wp-content\/uploads\/shop-items\/0-smart_flashcards-300x425.",300,425,true],"woocommerce_single":["https:\/\/e-polish.eu\/sklep\/wp-content\/uploads\/shop-items\/0-smart_flashcards-300x425.",300,425,true],"woocommerce_gallery_thumbnail":["https:\/\/e-polish.eu\/sklep\/wp-content\/uploads\/shop-items\/0-smart_flashcards-100x100.",100,100,true],"lws_wr_thumbnail":["https:\/\/e-polish.eu\/sklep\/wp-content\/uploads\/shop-items\/0-smart_flashcards",68,96,false],"lws_wr_thumbnail_small":["https:\/\/e-polish.eu\/sklep\/wp-content\/uploads\/shop-items\/0-smart_flashcards",30,42,false]},"uagb_author_info":{"display_name":"artur","author_link":"https:\/\/e-polish.eu\/sklep\/blog\/author\/"},"uagb_comment_info":4,"uagb_excerpt":"Fiszki SMART to subskrypcja skierowana do student\u00f3w. To sprawdzona metoda efektywnej nauki zapami\u0119tywania i utrwalania nowo poznanego s\u0142ownictwa. Dzi\u0119ki specjalnemu algorytmowi system w odpowiednim momencie przypomina te s\u0142\u00f3wka, kt\u00f3re lada moment mog\u0105 zosta\u0107 zapomniane. Wystarczy codziennie znale\u017a\u0107 tylko kilka minut na powt\u00f3rki, aby szybko zapomnie\u0107 o problemach ze s\u0142ownictwem.","_links":{"self":[{"href":"https:\/\/e-polish.eu\/sklep\/wp-json\/wp\/v2\/product\/2591","targetHints":{"allow":["GET"]}}],"collection":[{"href":"https:\/\/e-polish.eu\/sklep\/wp-json\/wp\/v2\/product"}],"about":[{"href":"https:\/\/e-polish.eu\/sklep\/wp-json\/wp\/v2\/types\/product"}],"replies":[{"embeddable":true,"href":"https:\/\/e-polish.eu\/sklep\/wp-json\/wp\/v2\/comments?post=2591"}],"wp:featuredmedia":[{"embeddable":true,"href":"https:\/\/e-polish.eu\/sklep\/wp-json\/wp\/v2\/media\/4273"}],"wp:attachment":[{"href":"https:\/\/e-polish.eu\/sklep\/wp-json\/wp\/v2\/media?parent=2591"}],"wp:term":[{"taxonomy":"product_brand","embeddable":true,"href":"https:\/\/e-polish.eu\/sklep\/wp-json\/wp\/v2\/product_brand?post=2591"},{"taxonomy":"product_cat","embeddable":true,"href":"https:\/\/e-polish.eu\/sklep\/wp-json\/wp\/v2\/product_cat?post=2591"},{"taxonomy":"product_tag","embeddable":true,"href":"https:\/\/e-polish.eu\/sklep\/wp-json\/wp\/v2\/product_tag?post=2591"}],"curies":[{"name":"wp","href":"https:\/\/api.w.org\/{rel}","templated":true}]}}