{"id":4633,"date":"2024-06-29T14:30:33","date_gmt":"2024-06-29T12:30:33","guid":{"rendered":"https:\/\/e-polish.eu\/sklep\/product\/biblioteka-materialow-do-nauczania-jezyka-polskiego-dla-obcokrajowcow\/"},"modified":"2024-11-19T11:08:52","modified_gmt":"2024-11-19T10:08:52","slug":"biblioteka-materialow-do-nauczania-jezyka-polskiego-dla-obcokrajowcow","status":"publish","type":"product","link":"https:\/\/e-polish.eu\/sklep\/en\/trainings\/biblioteka-materialow-do-nauczania-jezyka-polskiego-dla-obcokrajowcow\/","title":{"rendered":"Biblioteka materia\u0142\u00f3w do nauczania j\u0119zyka polskiego dla obcokrajowc\u00f3w"},"content":{"rendered":"<p>Platforma e-polish.eu to wyj\u0105tkowo bogate \u017ar\u00f3d\u0142o r\u00f3\u017cnorodnych materia\u0142\u00f3w do nauczania j\u0119zyka polskiego jako obcego. Zosta\u0142a ona stworzona z my\u015bl\u0105 o nauczycielach, kt\u00f3rzy pragn\u0105, aby ich lekcje by\u0142y atrakcyjne i anga\u017cuj\u0105ce uczni\u00f3w.<\/p>\n<p>W trakcie spotkania zaprezentujemy, jak mo\u017cna szybko urozmaici\u0107 lekcje wykorzystuj\u0105c bibliotek\u0119 e-polish.eu.<\/p>\n<p>Podczas webinarium zaprezentujemy:<\/p>\n<ul>\n<li style=\"list-style-type: none;\">\n<ul>\n<li>bibliotek\u0119 gotowych materia\u0142\u00f3w dydaktycznych<\/li>\n<li>sposoby wyszukiwania materia\u0142\u00f3w w bibliotece<\/li>\n<li>multimedialny s\u0142ownik<\/li>\n<li>interaktywne podr\u0119czniki &#8211; e-coursebooki<\/li>\n<li>jak dostosowywa\u0107 gotowe materia\u0142y do konkretnych potrzeb swoich uczni\u00f3w, dzi\u0119ki czemu lekcje stan\u0105 si\u0119 bardziej anga\u017cuj\u0105ce i efektywne<\/li>\n<\/ul>\n<\/li>\n<\/ul>\n<p>&lt;ul<\/p>\n<p>Na webinarium zapraszamy zar\u00f3wno nauczycieli, kt\u00f3rzy znaj\u0105 i korzystaj\u0105 z e-polish.eu jak te\u017c tych, kt\u00f3rzy dopiero chc\u0105 pozna\u0107 to narz\u0119dzie a chc\u0105 wzbogaci\u0107 swoje metody dydaktyczne o nowoczesne narz\u0119dzia i materia\u0142y dost\u0119pne online.<\/p>\n<p>Do\u0142\u0105cz do nas i odkryj, jak platforma e-polish.eu mo\u017ce sta\u0107 si\u0119 Twoim nieocenionym wsparciem w codziennej pracy dydaktycznej!<\/p>\n<p>Po webinarium uczestnicy otrzymaj\u0105:<\/p>\n<p>dyplom uczestnictwa<\/p>\n<p>dost\u0119p do nagrania z webinarium<\/p>\n<p>Czas szkolenia: 60 minut.<\/p>\n","protected":false},"excerpt":{"rendered":"<p>Prowadz\u0105cy: Magdalena Gieniec<br \/>\nMiejsce: Krak\u00f3w (online)<br \/>\nDate: 2024-10-10<br \/>\nTime: 20:00\u201321:00 (CEST\/Europa\/Warszawa)<\/p>\n","protected":false},"featured_media":4634,"comment_status":"open","ping_status":"closed","template":"","meta":{"_uag_custom_page_level_css":"","site-sidebar-layout":"default","site-content-layout":"","ast-site-content-layout":"default","site-content-style":"default","site-sidebar-style":"default","ast-global-header-display":"","ast-banner-title-visibility":"","ast-main-header-display":"","ast-hfb-above-header-display":"","ast-hfb-below-header-display":"","ast-hfb-mobile-header-display":"","site-post-title":"","ast-breadcrumbs-content":"","ast-featured-img":"","footer-sml-layout":"","ast-disable-related-posts":"","theme-transparent-header-meta":"default","adv-header-id-meta":"","stick-header-meta":"default","header-above-stick-meta":"","header-main-stick-meta":"","header-below-stick-meta":"","astra-migrate-meta-layouts":"set","ast-page-background-enabled":"default","ast-page-background-meta":{"desktop":{"background-color":"","background-image":"","background-repeat":"repeat","background-position":"center center","background-size":"auto","background-attachment":"scroll","background-type":"","background-media":"","overlay-type":"","overlay-color":"","overlay-opacity":"","overlay-gradient":""},"tablet":{"background-color":"","background-image":"","background-repeat":"repeat","background-position":"center center","background-size":"auto","background-attachment":"scroll","background-type":"","background-media":"","overlay-type":"","overlay-color":"","overlay-opacity":"","overlay-gradient":""},"mobile":{"background-color":"","background-image":"","background-repeat":"repeat","background-position":"center center","background-size":"auto","background-attachment":"scroll","background-type":"","background-media":"","overlay-type":"","overlay-color":"","overlay-opacity":"","overlay-gradient":""}},"ast-content-background-meta":{"desktop":{"background-color":"var(--ast-global-color-5)","background-image":"","background-repeat":"repeat","background-position":"center center","background-size":"auto","background-attachment":"scroll","background-type":"","background-media":"","overlay-type":"","overlay-color":"","overlay-opacity":"","overlay-gradient":""},"tablet":{"background-color":"var(--ast-global-color-5)","background-image":"","background-repeat":"repeat","background-position":"center center","background-size":"auto","background-attachment":"scroll","background-type":"","background-media":"","overlay-type":"","overlay-color":"","overlay-opacity":"","overlay-gradient":""},"mobile":{"background-color":"var(--ast-global-color-5)","background-image":"","background-repeat":"repeat","background-position":"center center","background-size":"auto","background-attachment":"scroll","background-type":"","background-media":"","overlay-type":"","overlay-color":"","overlay-opacity":"","overlay-gradient":""}}},"product_brand":[],"product_cat":[114,1582,1688],"product_tag":[],"class_list":{"0":"post-4633","1":"product","2":"type-product","3":"status-publish","4":"has-post-thumbnail","6":"product_cat-all-products","7":"product_cat-trainings","8":"product_cat-webinarium-e-polish","9":"desktop-align-center","10":"tablet-align-left","11":"mobile-align-left","12":"ast-product-gallery-layout-horizontal-slider","13":"ast-product-gallery-with-no-image","14":"ast-product-tabs-layout-horizontal","16":"first","17":"outofstock","18":"virtual","19":"sold-individually","20":"taxable","21":"purchasable","22":"product-type-simple"},"aioseo_notices":[],"uagb_featured_image_src":{"full":["https:\/\/e-polish.eu\/sklep\/wp-content\/uploads\/shop-items\/0-biblioteka_materialow_do_nauczania_jezyka_polskiego_dla_obcokrajowcow",560,796,false],"thumbnail":["https:\/\/e-polish.eu\/sklep\/wp-content\/uploads\/shop-items\/0-biblioteka_materialow_do_nauczania_jezyka_polskiego_dla_obcokrajowcow",106,150,false],"medium":["https:\/\/e-polish.eu\/sklep\/wp-content\/uploads\/shop-items\/0-biblioteka_materialow_do_nauczania_jezyka_polskiego_dla_obcokrajowcow",211,300,false],"medium_large":["https:\/\/e-polish.eu\/sklep\/wp-content\/uploads\/shop-items\/0-biblioteka_materialow_do_nauczania_jezyka_polskiego_dla_obcokrajowcow",560,796,false],"large":["https:\/\/e-polish.eu\/sklep\/wp-content\/uploads\/shop-items\/0-biblioteka_materialow_do_nauczania_jezyka_polskiego_dla_obcokrajowcow",560,796,false],"1536x1536":["https:\/\/e-polish.eu\/sklep\/wp-content\/uploads\/shop-items\/0-biblioteka_materialow_do_nauczania_jezyka_polskiego_dla_obcokrajowcow",560,796,false],"2048x2048":["https:\/\/e-polish.eu\/sklep\/wp-content\/uploads\/shop-items\/0-biblioteka_materialow_do_nauczania_jezyka_polskiego_dla_obcokrajowcow",560,796,false],"page-small":["https:\/\/e-polish.eu\/sklep\/wp-content\/uploads\/shop-items\/0-biblioteka_materialow_do_nauczania_jezyka_polskiego_dla_obcokrajowcow",210,297,false],"woocommerce_thumbnail":["https:\/\/e-polish.eu\/sklep\/wp-content\/uploads\/shop-items\/0-biblioteka_materialow_do_nauczania_jezyka_polskiego_dla_obcokrajowcow",300,426,false],"woocommerce_single":["https:\/\/e-polish.eu\/sklep\/wp-content\/uploads\/shop-items\/0-biblioteka_materialow_do_nauczania_jezyka_polskiego_dla_obcokrajowcow",300,426,false],"woocommerce_gallery_thumbnail":["https:\/\/e-polish.eu\/sklep\/wp-content\/uploads\/shop-items\/0-biblioteka_materialow_do_nauczania_jezyka_polskiego_dla_obcokrajowcow-100x100.",100,100,true],"lws_wr_thumbnail":["https:\/\/e-polish.eu\/sklep\/wp-content\/uploads\/shop-items\/0-biblioteka_materialow_do_nauczania_jezyka_polskiego_dla_obcokrajowcow",68,96,false],"lws_wr_thumbnail_small":["https:\/\/e-polish.eu\/sklep\/wp-content\/uploads\/shop-items\/0-biblioteka_materialow_do_nauczania_jezyka_polskiego_dla_obcokrajowcow",30,42,false]},"uagb_author_info":{"display_name":"Marta Zawisza","author_link":"https:\/\/e-polish.eu\/sklep\/blog\/author\/"},"uagb_comment_info":0,"uagb_excerpt":"Prowadz\u0105cy: Magdalena Gieniec Miejsce: Krak\u00f3w (online) Date: 2024-10-10 Time: 20:00\u201321:00 (CEST\/Europa\/Warszawa)","_links":{"self":[{"href":"https:\/\/e-polish.eu\/sklep\/wp-json\/wp\/v2\/product\/4633","targetHints":{"allow":["GET"]}}],"collection":[{"href":"https:\/\/e-polish.eu\/sklep\/wp-json\/wp\/v2\/product"}],"about":[{"href":"https:\/\/e-polish.eu\/sklep\/wp-json\/wp\/v2\/types\/product"}],"replies":[{"embeddable":true,"href":"https:\/\/e-polish.eu\/sklep\/wp-json\/wp\/v2\/comments?post=4633"}],"wp:featuredmedia":[{"embeddable":true,"href":"https:\/\/e-polish.eu\/sklep\/wp-json\/wp\/v2\/media\/4634"}],"wp:attachment":[{"href":"https:\/\/e-polish.eu\/sklep\/wp-json\/wp\/v2\/media?parent=4633"}],"wp:term":[{"taxonomy":"product_brand","embeddable":true,"href":"https:\/\/e-polish.eu\/sklep\/wp-json\/wp\/v2\/product_brand?post=4633"},{"taxonomy":"product_cat","embeddable":true,"href":"https:\/\/e-polish.eu\/sklep\/wp-json\/wp\/v2\/product_cat?post=4633"},{"taxonomy":"product_tag","embeddable":true,"href":"https:\/\/e-polish.eu\/sklep\/wp-json\/wp\/v2\/product_tag?post=4633"}],"curies":[{"name":"wp","href":"https:\/\/api.w.org\/{rel}","templated":true}]}}