{"id":49,"date":"2024-02-06T15:47:25","date_gmt":"2024-02-06T14:47:25","guid":{"rendered":"https:\/\/e-polish.eu\/sklep\/?post_type=product&#038;p=49"},"modified":"2026-04-03T03:42:24","modified_gmt":"2026-04-03T01:42:24","slug":"polski-w-obrazkach-czesc-1","status":"publish","type":"product","link":"https:\/\/e-polish.eu\/sklep\/ksiazki\/polski-w-obrazkach-czesc-1\/","title":{"rendered":"POLSKI w obrazkach 1"},"content":{"rendered":"<p>\u201ePOLSKI w obrazkach 1\u201d to niezast\u0105piona pomoc w czasie zaj\u0119\u0107 j\u0119zyka polskiego. Zestaw 16 plansz zawiera podstawowe s\u0142owa oraz zwroty niezb\u0119dne na pocz\u0105tkowym etapie nauki.<\/p>\n<p><span class=\"fontstyle0\">Precyzyjnie dobrane sugestywne fotografe i obrazki ilustruj\u0105 znaczenie podstawowych s\u0142\u00f3w: 193 rzeczownik\u00f3w, 63 przymiotnik\u00f3w, 43 czasownik\u00f3w oraz 30 zwrot\u00f3w koniecznych na pocz\u0105tkowym etapie nauki. Dzi\u0119ki barwnym tablicom mo\u017cna wprowadza\u0107 i utrwala\u0107 now\u0105 leksyk\u0119 bez potrzeby t\u0142umaczenia i si\u0119gania po s\u0142ownik.<\/span><\/p>\n<p>Wymiary ka\u017cdej planszy to 89 cm x 63 cm.<\/p>\n<p>ISBN 978-83-941178-8-7 | Iwona Stempek<\/p>\n","protected":false},"excerpt":{"rendered":"<p data-wp-editing=\"1\">\u201ePOLSKI w obrazkach 1\u201d to niezast\u0105piona pomoc w czasie zaj\u0119\u0107 j\u0119zyka polskiego. Zestaw 16 plansz zawiera podstawowe s\u0142owa oraz zwroty niezb\u0119dne na pocz\u0105tkowym etapie nauki. <span class=\"fontstyle0\">Precyzyjnie dobrane sugestywne fotografe i obrazki ilustruj\u0105 znaczenie podstawowych s\u0142\u00f3w: 193 rzeczownik\u00f3w, 63 przymiotnik\u00f3w, 43 czasownik\u00f3w oraz 30 zwrot\u00f3w koniecznych na pocz\u0105tkowym etapie nauki. Dzi\u0119ki barwnym tablicom mo\u017cna wprowadza\u0107 i utrwala\u0107 now\u0105 leksyk\u0119 bez potrzeby t\u0142umaczenia i si\u0119gania po s\u0142ownik.<\/span><\/p>\n<p><a href=\"https:\/\/e-polish.eu\/sklep\/seria-jpjo-dla-obokrajowcow-polski-w-obrazkach\/\"><img loading=\"lazy\" decoding=\"async\" class=\"alignnone wp-image-3922 size-full\" src=\"https:\/\/e-polish.eu\/sklep\/wp-content\/uploads\/2024\/02\/logo-1000x700px-PwO-t-2.png\" alt=\"\" width=\"200\" height=\"73\" \/><\/a><\/p>\n","protected":false},"featured_media":3694,"comment_status":"open","ping_status":"closed","template":"","meta":{"_uag_custom_page_level_css":"","site-sidebar-layout":"default","site-content-layout":"","ast-site-content-layout":"default","site-content-style":"default","site-sidebar-style":"default","ast-global-header-display":"","ast-banner-title-visibility":"","ast-main-header-display":"","ast-hfb-above-header-display":"","ast-hfb-below-header-display":"","ast-hfb-mobile-header-display":"","site-post-title":"","ast-breadcrumbs-content":"","ast-featured-img":"","footer-sml-layout":"","ast-disable-related-posts":"","theme-transparent-header-meta":"default","adv-header-id-meta":"","stick-header-meta":"default","header-above-stick-meta":"","header-main-stick-meta":"","header-below-stick-meta":"","astra-migrate-meta-layouts":"set","ast-page-background-enabled":"default","ast-page-background-meta":{"desktop":{"background-color":"","background-image":"","background-repeat":"repeat","background-position":"center center","background-size":"auto","background-attachment":"scroll","background-type":"","background-media":"","overlay-type":"","overlay-color":"","overlay-opacity":"","overlay-gradient":""},"tablet":{"background-color":"","background-image":"","background-repeat":"repeat","background-position":"center center","background-size":"auto","background-attachment":"scroll","background-type":"","background-media":"","overlay-type":"","overlay-color":"","overlay-opacity":"","overlay-gradient":""},"mobile":{"background-color":"","background-image":"","background-repeat":"repeat","background-position":"center center","background-size":"auto","background-attachment":"scroll","background-type":"","background-media":"","overlay-type":"","overlay-color":"","overlay-opacity":"","overlay-gradient":""}},"ast-content-background-meta":{"desktop":{"background-color":"var(--ast-global-color-5)","background-image":"","background-repeat":"repeat","background-position":"center center","background-size":"auto","background-attachment":"scroll","background-type":"","background-media":"","overlay-type":"","overlay-color":"","overlay-opacity":"","overlay-gradient":""},"tablet":{"background-color":"var(--ast-global-color-5)","background-image":"","background-repeat":"repeat","background-position":"center center","background-size":"auto","background-attachment":"scroll","background-type":"","background-media":"","overlay-type":"","overlay-color":"","overlay-opacity":"","overlay-gradient":""},"mobile":{"background-color":"var(--ast-global-color-5)","background-image":"","background-repeat":"repeat","background-position":"center center","background-size":"auto","background-attachment":"scroll","background-type":"","background-media":"","overlay-type":"","overlay-color":"","overlay-opacity":"","overlay-gradient":""}}},"product_brand":[],"product_cat":[69,1630,19],"product_tag":[],"class_list":{"0":"post-49","1":"product","2":"type-product","3":"status-publish","4":"has-post-thumbnail","6":"product_cat-ksiazki","7":"product_cat-polski-w-obrazkach","8":"product_cat-wszystkie-produkty","9":"product_series-polski-w-obrazkach","10":"desktop-align-center","11":"tablet-align-left","12":"mobile-align-left","13":"ast-product-gallery-layout-horizontal-slider","14":"ast-product-tabs-layout-horizontal","16":"first","17":"instock","18":"taxable","19":"shipping-taxable","20":"purchasable","21":"product-type-simple"},"aioseo_notices":[],"uagb_featured_image_src":{"full":["https:\/\/e-polish.eu\/sklep\/wp-content\/uploads\/shop-items\/0-polski_w_obrazkach_1",1000,1415,false],"thumbnail":["https:\/\/e-polish.eu\/sklep\/wp-content\/uploads\/shop-items\/0-polski_w_obrazkach_1-150x150.",150,150,true],"medium":["https:\/\/e-polish.eu\/sklep\/wp-content\/uploads\/shop-items\/0-polski_w_obrazkach_1-212x300.",212,300,true],"medium_large":["https:\/\/e-polish.eu\/sklep\/wp-content\/uploads\/shop-items\/0-polski_w_obrazkach_1-768x1087.",768,1087,true],"large":["https:\/\/e-polish.eu\/sklep\/wp-content\/uploads\/shop-items\/0-polski_w_obrazkach_1-724x1024.",724,1024,true],"1536x1536":["https:\/\/e-polish.eu\/sklep\/wp-content\/uploads\/shop-items\/0-polski_w_obrazkach_1",1000,1415,false],"2048x2048":["https:\/\/e-polish.eu\/sklep\/wp-content\/uploads\/shop-items\/0-polski_w_obrazkach_1",1000,1415,false],"page-small":["https:\/\/e-polish.eu\/sklep\/wp-content\/uploads\/shop-items\/0-polski_w_obrazkach_1-210x297.",210,297,true],"woocommerce_thumbnail":["https:\/\/e-polish.eu\/sklep\/wp-content\/uploads\/shop-items\/0-polski_w_obrazkach_1-300x425.",300,425,true],"woocommerce_single":["https:\/\/e-polish.eu\/sklep\/wp-content\/uploads\/shop-items\/0-polski_w_obrazkach_1-300x425.",300,425,true],"woocommerce_gallery_thumbnail":["https:\/\/e-polish.eu\/sklep\/wp-content\/uploads\/shop-items\/0-polski_w_obrazkach_1-100x100.",100,100,true],"lws_wr_thumbnail":["https:\/\/e-polish.eu\/sklep\/wp-content\/uploads\/shop-items\/0-polski_w_obrazkach_1",68,96,false],"lws_wr_thumbnail_small":["https:\/\/e-polish.eu\/sklep\/wp-content\/uploads\/shop-items\/0-polski_w_obrazkach_1",30,42,false]},"uagb_author_info":{"display_name":"artur","author_link":"https:\/\/e-polish.eu\/sklep\/blog\/author\/"},"uagb_comment_info":2,"uagb_excerpt":"\u201ePOLSKI w obrazkach 1\u201d to niezast\u0105piona pomoc w czasie zaj\u0119\u0107 j\u0119zyka polskiego. Zestaw 16 plansz zawiera podstawowe s\u0142owa oraz zwroty niezb\u0119dne na pocz\u0105tkowym etapie nauki. Precyzyjnie dobrane sugestywne fotografe i obrazki ilustruj\u0105 znaczenie podstawowych s\u0142\u00f3w: 193 rzeczownik\u00f3w, 63 przymiotnik\u00f3w, 43 czasownik\u00f3w oraz 30 zwrot\u00f3w koniecznych na pocz\u0105tkowym etapie nauki. Dzi\u0119ki barwnym tablicom mo\u017cna wprowadza\u0107 i&hellip;","_links":{"self":[{"href":"https:\/\/e-polish.eu\/sklep\/wp-json\/wp\/v2\/product\/49","targetHints":{"allow":["GET"]}}],"collection":[{"href":"https:\/\/e-polish.eu\/sklep\/wp-json\/wp\/v2\/product"}],"about":[{"href":"https:\/\/e-polish.eu\/sklep\/wp-json\/wp\/v2\/types\/product"}],"replies":[{"embeddable":true,"href":"https:\/\/e-polish.eu\/sklep\/wp-json\/wp\/v2\/comments?post=49"}],"wp:featuredmedia":[{"embeddable":true,"href":"https:\/\/e-polish.eu\/sklep\/wp-json\/wp\/v2\/media\/3694"}],"wp:attachment":[{"href":"https:\/\/e-polish.eu\/sklep\/wp-json\/wp\/v2\/media?parent=49"}],"wp:term":[{"taxonomy":"product_brand","embeddable":true,"href":"https:\/\/e-polish.eu\/sklep\/wp-json\/wp\/v2\/product_brand?post=49"},{"taxonomy":"product_cat","embeddable":true,"href":"https:\/\/e-polish.eu\/sklep\/wp-json\/wp\/v2\/product_cat?post=49"},{"taxonomy":"product_tag","embeddable":true,"href":"https:\/\/e-polish.eu\/sklep\/wp-json\/wp\/v2\/product_tag?post=49"}],"curies":[{"name":"wp","href":"https:\/\/api.w.org\/{rel}","templated":true}]}}