{"id":50,"date":"2024-02-06T15:47:54","date_gmt":"2024-02-06T14:47:54","guid":{"rendered":"https:\/\/e-polish.eu\/sklep\/?post_type=product&#038;p=50"},"modified":"2026-04-20T03:42:09","modified_gmt":"2026-04-20T01:42:09","slug":"polski-w-obrazkach-czesc-2","status":"publish","type":"product","link":"https:\/\/e-polish.eu\/sklep\/ksiazki\/polski-w-obrazkach-czesc-2\/","title":{"rendered":"POLSKI w obrazkach 2"},"content":{"rendered":"<p>\u201ePOLSKI w obrazkach 2\u201d to niezast\u0105piona pomoc w czasie zaj\u0119\u0107 j\u0119zyka polskiego. Zestaw 17 plansz zawiera podstawowe s\u0142owa oraz zwroty niezb\u0119dne na pocz\u0105tkowym etapie nauki.<span class=\"fontstyle0\">Zestawy ilustracji edukacyjnych pozwol\u0105 bez t\u0142umaczenia zrozumie\u0107 znaczenie ponad 500 s\u0142\u00f3w i wyra\u017ce\u0144 zwi\u0105zanych z \u017cyciem codziennym, rodzin\u0105 i domem, miastem, podr\u00f3\u017cami oraz otaczaj\u0105cym nas \u015bwiatem ro\u015blin i zwierz\u0105t.<\/span><\/p>\n<p>Wymiary ka\u017cdej planszy to 89 cm x 63 cm.<\/p>\n<p>ISBN 978-83-958524-8-0 | Iwona Stempek | Czy\u017c Joanna<\/p>\n","protected":false},"excerpt":{"rendered":"<p>\u201ePOLSKI w obrazkach 2\u201d to niezast\u0105piona pomoc w czasie zaj\u0119\u0107 j\u0119zyka polskiego. Zestaw 17 plansz zawiera podstawowe s\u0142owa oraz zwroty niezb\u0119dne na pocz\u0105tkowym etapie nauki. <span class=\"fontstyle0\">Zestawy ilustracji edukacyjnych pozwol\u0105 bez t\u0142umaczenia zrozumie\u0107 znaczenie ponad 500 s\u0142\u00f3w i wyra\u017ce\u0144 zwi\u0105zanych z \u017cyciem codziennym, rodzin\u0105 i domem, miastem, podr\u00f3\u017cami oraz otaczaj\u0105cym nas \u015bwiatem ro\u015blin i zwierz\u0105t.<\/span><\/p>\n<p><a href=\"https:\/\/e-polish.eu\/sklep\/seria-jpjo-dla-obokrajowcow-polski-w-obrazkach\/\"><img loading=\"lazy\" decoding=\"async\" class=\"alignnone size-full wp-image-3922\" src=\"https:\/\/e-polish.eu\/sklep\/wp-content\/uploads\/2024\/02\/logo-1000x700px-PwO-t-2.png\" alt=\"\" width=\"200\" height=\"73\" \/><\/a><\/p>\n","protected":false},"featured_media":3693,"comment_status":"open","ping_status":"closed","template":"","meta":{"_uag_custom_page_level_css":"","site-sidebar-layout":"default","site-content-layout":"","ast-site-content-layout":"default","site-content-style":"default","site-sidebar-style":"default","ast-global-header-display":"","ast-banner-title-visibility":"","ast-main-header-display":"","ast-hfb-above-header-display":"","ast-hfb-below-header-display":"","ast-hfb-mobile-header-display":"","site-post-title":"","ast-breadcrumbs-content":"","ast-featured-img":"","footer-sml-layout":"","ast-disable-related-posts":"","theme-transparent-header-meta":"default","adv-header-id-meta":"","stick-header-meta":"default","header-above-stick-meta":"","header-main-stick-meta":"","header-below-stick-meta":"","astra-migrate-meta-layouts":"set","ast-page-background-enabled":"default","ast-page-background-meta":{"desktop":{"background-color":"","background-image":"","background-repeat":"repeat","background-position":"center center","background-size":"auto","background-attachment":"scroll","background-type":"","background-media":"","overlay-type":"","overlay-color":"","overlay-opacity":"","overlay-gradient":""},"tablet":{"background-color":"","background-image":"","background-repeat":"repeat","background-position":"center center","background-size":"auto","background-attachment":"scroll","background-type":"","background-media":"","overlay-type":"","overlay-color":"","overlay-opacity":"","overlay-gradient":""},"mobile":{"background-color":"","background-image":"","background-repeat":"repeat","background-position":"center center","background-size":"auto","background-attachment":"scroll","background-type":"","background-media":"","overlay-type":"","overlay-color":"","overlay-opacity":"","overlay-gradient":""}},"ast-content-background-meta":{"desktop":{"background-color":"var(--ast-global-color-5)","background-image":"","background-repeat":"repeat","background-position":"center center","background-size":"auto","background-attachment":"scroll","background-type":"","background-media":"","overlay-type":"","overlay-color":"","overlay-opacity":"","overlay-gradient":""},"tablet":{"background-color":"var(--ast-global-color-5)","background-image":"","background-repeat":"repeat","background-position":"center center","background-size":"auto","background-attachment":"scroll","background-type":"","background-media":"","overlay-type":"","overlay-color":"","overlay-opacity":"","overlay-gradient":""},"mobile":{"background-color":"var(--ast-global-color-5)","background-image":"","background-repeat":"repeat","background-position":"center center","background-size":"auto","background-attachment":"scroll","background-type":"","background-media":"","overlay-type":"","overlay-color":"","overlay-opacity":"","overlay-gradient":""}}},"product_brand":[],"product_cat":[69,1630,19],"product_tag":[],"class_list":{"0":"post-50","1":"product","2":"type-product","3":"status-publish","4":"has-post-thumbnail","6":"product_cat-ksiazki","7":"product_cat-polski-w-obrazkach","8":"product_cat-wszystkie-produkty","9":"product_series-polski-w-obrazkach","10":"desktop-align-center","11":"tablet-align-left","12":"mobile-align-left","13":"ast-product-gallery-layout-horizontal-slider","14":"ast-product-tabs-layout-horizontal","16":"first","17":"instock","18":"taxable","19":"shipping-taxable","20":"purchasable","21":"product-type-simple"},"aioseo_notices":[],"uagb_featured_image_src":{"full":["https:\/\/e-polish.eu\/sklep\/wp-content\/uploads\/shop-items\/0-polski_w_obrazkach_2",1000,1415,false],"thumbnail":["https:\/\/e-polish.eu\/sklep\/wp-content\/uploads\/shop-items\/0-polski_w_obrazkach_2-150x150.",150,150,true],"medium":["https:\/\/e-polish.eu\/sklep\/wp-content\/uploads\/shop-items\/0-polski_w_obrazkach_2-212x300.",212,300,true],"medium_large":["https:\/\/e-polish.eu\/sklep\/wp-content\/uploads\/shop-items\/0-polski_w_obrazkach_2-768x1087.",768,1087,true],"large":["https:\/\/e-polish.eu\/sklep\/wp-content\/uploads\/shop-items\/0-polski_w_obrazkach_2-724x1024.",724,1024,true],"1536x1536":["https:\/\/e-polish.eu\/sklep\/wp-content\/uploads\/shop-items\/0-polski_w_obrazkach_2",1000,1415,false],"2048x2048":["https:\/\/e-polish.eu\/sklep\/wp-content\/uploads\/shop-items\/0-polski_w_obrazkach_2",1000,1415,false],"page-small":["https:\/\/e-polish.eu\/sklep\/wp-content\/uploads\/shop-items\/0-polski_w_obrazkach_2-210x297.",210,297,true],"woocommerce_thumbnail":["https:\/\/e-polish.eu\/sklep\/wp-content\/uploads\/shop-items\/0-polski_w_obrazkach_2-300x425.",300,425,true],"woocommerce_single":["https:\/\/e-polish.eu\/sklep\/wp-content\/uploads\/shop-items\/0-polski_w_obrazkach_2-300x425.",300,425,true],"woocommerce_gallery_thumbnail":["https:\/\/e-polish.eu\/sklep\/wp-content\/uploads\/shop-items\/0-polski_w_obrazkach_2-100x100.",100,100,true],"lws_wr_thumbnail":["https:\/\/e-polish.eu\/sklep\/wp-content\/uploads\/shop-items\/0-polski_w_obrazkach_2",68,96,false],"lws_wr_thumbnail_small":["https:\/\/e-polish.eu\/sklep\/wp-content\/uploads\/shop-items\/0-polski_w_obrazkach_2",30,42,false]},"uagb_author_info":{"display_name":"artur","author_link":"https:\/\/e-polish.eu\/sklep\/blog\/author\/"},"uagb_comment_info":2,"uagb_excerpt":"\u201ePOLSKI w obrazkach 2\u201d to niezast\u0105piona pomoc w czasie zaj\u0119\u0107 j\u0119zyka polskiego. Zestaw 17 plansz zawiera podstawowe s\u0142owa oraz zwroty niezb\u0119dne na pocz\u0105tkowym etapie nauki. Zestawy ilustracji edukacyjnych pozwol\u0105 bez t\u0142umaczenia zrozumie\u0107 znaczenie ponad 500 s\u0142\u00f3w i wyra\u017ce\u0144 zwi\u0105zanych z \u017cyciem codziennym, rodzin\u0105 i domem, miastem, podr\u00f3\u017cami oraz otaczaj\u0105cym nas \u015bwiatem ro\u015blin i zwierz\u0105t.","_links":{"self":[{"href":"https:\/\/e-polish.eu\/sklep\/wp-json\/wp\/v2\/product\/50","targetHints":{"allow":["GET"]}}],"collection":[{"href":"https:\/\/e-polish.eu\/sklep\/wp-json\/wp\/v2\/product"}],"about":[{"href":"https:\/\/e-polish.eu\/sklep\/wp-json\/wp\/v2\/types\/product"}],"replies":[{"embeddable":true,"href":"https:\/\/e-polish.eu\/sklep\/wp-json\/wp\/v2\/comments?post=50"}],"wp:featuredmedia":[{"embeddable":true,"href":"https:\/\/e-polish.eu\/sklep\/wp-json\/wp\/v2\/media\/3693"}],"wp:attachment":[{"href":"https:\/\/e-polish.eu\/sklep\/wp-json\/wp\/v2\/media?parent=50"}],"wp:term":[{"taxonomy":"product_brand","embeddable":true,"href":"https:\/\/e-polish.eu\/sklep\/wp-json\/wp\/v2\/product_brand?post=50"},{"taxonomy":"product_cat","embeddable":true,"href":"https:\/\/e-polish.eu\/sklep\/wp-json\/wp\/v2\/product_cat?post=50"},{"taxonomy":"product_tag","embeddable":true,"href":"https:\/\/e-polish.eu\/sklep\/wp-json\/wp\/v2\/product_tag?post=50"}],"curies":[{"name":"wp","href":"https:\/\/api.w.org\/{rel}","templated":true}]}}