{"id":51,"date":"2024-02-06T15:49:55","date_gmt":"2024-02-06T14:49:55","guid":{"rendered":"https:\/\/e-polish.eu\/sklep\/?post_type=product&#038;p=51"},"modified":"2026-04-20T03:42:09","modified_gmt":"2026-04-20T01:42:09","slug":"68-pomyslow-na-lekcje-polskiego","status":"publish","type":"product","link":"https:\/\/e-polish.eu\/sklep\/ksiazki\/68-pomyslow-na-lekcje-polskiego\/","title":{"rendered":"68 pomys\u0142\u00f3w na lekcje polskiego"},"content":{"rendered":"<p><span class=\"fontstyle0\">Zbi\u00f3r r\u00f3\u017cnorodnych zada\u0144 i aktywno\u015bci j\u0119zykowych, wykorzystuj\u0105cych mi\u0119dzy innymi elementy grywalizacji, my\u015blenie wizualne, technik\u0119 role play, a tak\u017ce metod\u0119 storytellingu. <\/span><span class=\"fontstyle2\">Gotowe karty pracy, quizy, gry planszowe, gramatyczne labirynty, rebusy, kalambury, ma\u0142e projekty \u2013 mn\u00f3stwo ciekawych propozycji nastawionych na doskonalenie umiej\u0119tno\u015bci swobodnego wypowiadania si\u0119 w j\u0119zyku polskim.<\/span><\/p>\n<p>Je\u017celi:<\/p>\n<ul>\n<li>jeste\u015b zapracowany\u200a\/\u200azapracowana i brak ci czasu na przygotowywanie ciekawych materia\u0142\u00f3w,<\/li>\n<li>pracujesz z tzw. \u201etrudnymi przypadkami\u201d i ci\u0105gle potrzebujesz nowych \u0107wicze\u0144,<\/li>\n<li>masz ju\u017c do\u015b\u0107 monotonnych zada\u0144 j\u0119zykowych,<\/li>\n<li>chcesz rozbudzi\u0107 kreatywno\u015b\u0107 swoich uczni\u00f3w,<\/li>\n<li>brakuje ci pomys\u0142\u00f3w na anga\u017cuj\u0105ce \u0107wiczenia,<\/li>\n<li>nie wiesz, jak zmotywowa\u0107 uczni\u00f3w do nauki,<\/li>\n<\/ul>\n<p>to \u201e68 POMYS\u0141\u00d3W NA LEKCJE POLSKIEGO\u201d jest w\u0142a\u015bnie dla Ciebie!<\/p>\n<p>ISBN 978-83-958524-9-7 | Joanna Pasek<\/p>\n<blockquote><p><strong><span class=\"fontstyle0\">Praktyczny zestaw zada\u0144 na ka\u017cd\u0105 lekcj\u0119 \u2013 dobra zabawa gwarantowana!<\/span><\/strong><\/p><\/blockquote>\n","protected":false},"excerpt":{"rendered":"<p><span class=\"fontstyle0\">Zbi\u00f3r r\u00f3\u017cnorodnych zada\u0144 i aktywno\u015bci j\u0119zykowych, wykorzystuj\u0105cych mi\u0119dzy innymi elementy grywalizacji, my\u015blenie wizualne, technik\u0119 role play, a tak\u017ce metod\u0119 storytellingu. <\/span><span class=\"fontstyle2\">Gotowe karty pracy, quizy, gry planszowe, gramatyczne labirynty, rebusy, kalambury, ma\u0142e projekty \u2013 mn\u00f3stwo ciekawych propozycji nastawionych na doskonalenie umiej\u0119tno\u015bci swobodnego wypowiadania si\u0119 w j\u0119zyku polskim.<\/span><\/p>\n","protected":false},"featured_media":3358,"comment_status":"open","ping_status":"closed","template":"","meta":{"_uag_custom_page_level_css":"","site-sidebar-layout":"default","site-content-layout":"","ast-site-content-layout":"default","site-content-style":"default","site-sidebar-style":"default","ast-global-header-display":"","ast-banner-title-visibility":"","ast-main-header-display":"","ast-hfb-above-header-display":"","ast-hfb-below-header-display":"","ast-hfb-mobile-header-display":"","site-post-title":"","ast-breadcrumbs-content":"","ast-featured-img":"","footer-sml-layout":"","ast-disable-related-posts":"","theme-transparent-header-meta":"default","adv-header-id-meta":"","stick-header-meta":"default","header-above-stick-meta":"","header-main-stick-meta":"","header-below-stick-meta":"","astra-migrate-meta-layouts":"set","ast-page-background-enabled":"default","ast-page-background-meta":{"desktop":{"background-color":"","background-image":"","background-repeat":"repeat","background-position":"center center","background-size":"auto","background-attachment":"scroll","background-type":"","background-media":"","overlay-type":"","overlay-color":"","overlay-opacity":"","overlay-gradient":""},"tablet":{"background-color":"","background-image":"","background-repeat":"repeat","background-position":"center center","background-size":"auto","background-attachment":"scroll","background-type":"","background-media":"","overlay-type":"","overlay-color":"","overlay-opacity":"","overlay-gradient":""},"mobile":{"background-color":"","background-image":"","background-repeat":"repeat","background-position":"center center","background-size":"auto","background-attachment":"scroll","background-type":"","background-media":"","overlay-type":"","overlay-color":"","overlay-opacity":"","overlay-gradient":""}},"ast-content-background-meta":{"desktop":{"background-color":"var(--ast-global-color-5)","background-image":"","background-repeat":"repeat","background-position":"center center","background-size":"auto","background-attachment":"scroll","background-type":"","background-media":"","overlay-type":"","overlay-color":"","overlay-opacity":"","overlay-gradient":""},"tablet":{"background-color":"var(--ast-global-color-5)","background-image":"","background-repeat":"repeat","background-position":"center center","background-size":"auto","background-attachment":"scroll","background-type":"","background-media":"","overlay-type":"","overlay-color":"","overlay-opacity":"","overlay-gradient":""},"mobile":{"background-color":"var(--ast-global-color-5)","background-image":"","background-repeat":"repeat","background-position":"center center","background-size":"auto","background-attachment":"scroll","background-type":"","background-media":"","overlay-type":"","overlay-color":"","overlay-opacity":"","overlay-gradient":""}}},"product_brand":[],"product_cat":[69,19],"product_tag":[],"class_list":{"0":"post-51","1":"product","2":"type-product","3":"status-publish","4":"has-post-thumbnail","6":"product_cat-ksiazki","7":"product_cat-wszystkie-produkty","8":"desktop-align-center","9":"tablet-align-left","10":"mobile-align-left","11":"ast-product-gallery-layout-horizontal-slider","12":"ast-product-tabs-layout-horizontal","14":"first","15":"instock","16":"featured","17":"taxable","18":"shipping-taxable","19":"purchasable","20":"product-type-simple"},"aioseo_notices":[],"uagb_featured_image_src":{"full":["https:\/\/e-polish.eu\/sklep\/wp-content\/uploads\/shop-items\/68-68_pomyslow_na_lekcje_polskiego",1000,1415,false],"thumbnail":["https:\/\/e-polish.eu\/sklep\/wp-content\/uploads\/shop-items\/68-68_pomyslow_na_lekcje_polskiego-150x150.",150,150,true],"medium":["https:\/\/e-polish.eu\/sklep\/wp-content\/uploads\/shop-items\/68-68_pomyslow_na_lekcje_polskiego-212x300.",212,300,true],"medium_large":["https:\/\/e-polish.eu\/sklep\/wp-content\/uploads\/shop-items\/68-68_pomyslow_na_lekcje_polskiego-768x1087.",768,1087,true],"large":["https:\/\/e-polish.eu\/sklep\/wp-content\/uploads\/shop-items\/68-68_pomyslow_na_lekcje_polskiego-724x1024.",724,1024,true],"1536x1536":["https:\/\/e-polish.eu\/sklep\/wp-content\/uploads\/shop-items\/68-68_pomyslow_na_lekcje_polskiego",1000,1415,false],"2048x2048":["https:\/\/e-polish.eu\/sklep\/wp-content\/uploads\/shop-items\/68-68_pomyslow_na_lekcje_polskiego",1000,1415,false],"page-small":["https:\/\/e-polish.eu\/sklep\/wp-content\/uploads\/shop-items\/68-68_pomyslow_na_lekcje_polskiego-210x297.",210,297,true],"woocommerce_thumbnail":["https:\/\/e-polish.eu\/sklep\/wp-content\/uploads\/shop-items\/68-68_pomyslow_na_lekcje_polskiego-300x425.",300,425,true],"woocommerce_single":["https:\/\/e-polish.eu\/sklep\/wp-content\/uploads\/shop-items\/68-68_pomyslow_na_lekcje_polskiego-300x425.",300,425,true],"woocommerce_gallery_thumbnail":["https:\/\/e-polish.eu\/sklep\/wp-content\/uploads\/shop-items\/68-68_pomyslow_na_lekcje_polskiego-100x100.",100,100,true],"lws_wr_thumbnail":["https:\/\/e-polish.eu\/sklep\/wp-content\/uploads\/shop-items\/68-68_pomyslow_na_lekcje_polskiego",68,96,false],"lws_wr_thumbnail_small":["https:\/\/e-polish.eu\/sklep\/wp-content\/uploads\/shop-items\/68-68_pomyslow_na_lekcje_polskiego",30,42,false]},"uagb_author_info":{"display_name":"artur","author_link":"https:\/\/e-polish.eu\/sklep\/blog\/author\/"},"uagb_comment_info":36,"uagb_excerpt":"Zbi\u00f3r r\u00f3\u017cnorodnych zada\u0144 i aktywno\u015bci j\u0119zykowych, wykorzystuj\u0105cych mi\u0119dzy innymi elementy grywalizacji, my\u015blenie wizualne, technik\u0119 role play, a tak\u017ce metod\u0119 storytellingu. Gotowe karty pracy, quizy, gry planszowe, gramatyczne labirynty, rebusy, kalambury, ma\u0142e projekty \u2013 mn\u00f3stwo ciekawych propozycji nastawionych na doskonalenie umiej\u0119tno\u015bci swobodnego wypowiadania si\u0119 w j\u0119zyku polskim.","_links":{"self":[{"href":"https:\/\/e-polish.eu\/sklep\/wp-json\/wp\/v2\/product\/51","targetHints":{"allow":["GET"]}}],"collection":[{"href":"https:\/\/e-polish.eu\/sklep\/wp-json\/wp\/v2\/product"}],"about":[{"href":"https:\/\/e-polish.eu\/sklep\/wp-json\/wp\/v2\/types\/product"}],"replies":[{"embeddable":true,"href":"https:\/\/e-polish.eu\/sklep\/wp-json\/wp\/v2\/comments?post=51"}],"wp:featuredmedia":[{"embeddable":true,"href":"https:\/\/e-polish.eu\/sklep\/wp-json\/wp\/v2\/media\/3358"}],"wp:attachment":[{"href":"https:\/\/e-polish.eu\/sklep\/wp-json\/wp\/v2\/media?parent=51"}],"wp:term":[{"taxonomy":"product_brand","embeddable":true,"href":"https:\/\/e-polish.eu\/sklep\/wp-json\/wp\/v2\/product_brand?post=51"},{"taxonomy":"product_cat","embeddable":true,"href":"https:\/\/e-polish.eu\/sklep\/wp-json\/wp\/v2\/product_cat?post=51"},{"taxonomy":"product_tag","embeddable":true,"href":"https:\/\/e-polish.eu\/sklep\/wp-json\/wp\/v2\/product_tag?post=51"}],"curies":[{"name":"wp","href":"https:\/\/api.w.org\/{rel}","templated":true}]}}