{"id":63,"date":"2024-02-13T15:22:24","date_gmt":"2024-02-13T14:22:24","guid":{"rendered":"https:\/\/e-polish.eu\/sklep\/?post_type=product&#038;p=63"},"modified":"2026-04-20T03:42:09","modified_gmt":"2026-04-20T01:42:09","slug":"polski-krok-po-kroku-zeszyt-cwiczen-czesc-1","status":"publish","type":"product","link":"https:\/\/e-polish.eu\/sklep\/ksiazki\/polski-krok-po-kroku-zeszyt-cwiczen-czesc-1\/","title":{"rendered":"Zeszyt \u0107wicze\u0144 1"},"content":{"rendered":"<p><span class=\"fontstyle0\">350 \u0107wicze\u0144 \u2013 w tym tak\u017ce nowych dialog\u00f3w i tekst\u00f3w opatrzonych nagraniami \u2013 to doskona\u0142e dope\u0142nienie podr\u0119cznika. Nauczyciel znajdzie tu szereg zada\u0144 uzupe\u0142niaj\u0105cych: leksykalnych i gramatycznych rozwijaj\u0105cych poszczeg\u00f3lne sprawno\u015bci. Ucz\u0105cy si\u0119 b\u0119dzie mia\u0142 mo\u017cliwo\u015b\u0107 sprawdzenia i utrwalenia swojej wiedzy.<\/span><\/p>\n<p><span class=\"fontstyle0\">W zbiorze tym znajduj\u0105 si\u0119 zar\u00f3wno proste \u0107wiczenia automatyzuj\u0105ce oraz u\u0142atwiaj\u0105ce zrozumienie tre\u015bci podr\u0119cznika, jak i trudniejsze dla lepszych student\u00f3w. Zr\u00f3\u017cnicowanie to daje mo\u017cliwo\u015b\u0107 dostosowania trybu nauki do indywidualnych potrzeb ucznia. Ambitniejsi mog\u0105 poszerza\u0107 leksyk\u0119 czy doskonali\u0107 sprawno\u015b\u0107 pos\u0142ugiwania si\u0119 j\u0119zykiem. S\u0142abszych uciesz\u0105 alternatywne, cz\u0119sto uproszczone, wersje zada\u0144 do nagra\u0144 czy tekst\u00f3w z podr\u0119cznika. \u0106wiczenia maj\u0105 atrakcyjn\u0105 szat\u0119 graficzn\u0105. Wiele z nich opartych jest na ilustracjach, niekt\u00f3re maj\u0105 form\u0119 diagram\u00f3w, krzy\u017c\u00f3wek, puzzli czy SMS-\u00f3w.<\/span><\/p>\n<blockquote><p><strong><i>Wyj\u0105tkowo przydatne narz\u0119dzie w r\u0119kach nauczyciela, jak i ucznia!<\/i><\/strong><\/p><\/blockquote>\n<p><img loading=\"lazy\" decoding=\"async\" class=\"size-full wp-image-3930 alignleft\" src=\"https:\/\/e-polish.eu\/sklep\/wp-content\/uploads\/2024\/04\/dzwiek_ok.png\" alt=\"\" width=\"70\" height=\"58\" \/>Zeszyt \u0107wicze\u0144 zawiera 73 minuty nagra\u0144 w formacie mp3 (<a href=\"https:\/\/e-polish.eu\/recordings\/zc1\">do pobrania na e-polish.eu<\/a>).<\/p>\n<p><img loading=\"lazy\" decoding=\"async\" class=\"size-full wp-image-3931 alignleft\" src=\"https:\/\/e-polish.eu\/sklep\/wp-content\/uploads\/2024\/04\/e-coursebook_ok.png\" alt=\"\" width=\"70\" height=\"58\" \/>Zeszyt \u0107wicze\u0144 dost\u0119pny jest tak\u017ce w <b>interaktywnej wersji <a href=\"https:\/\/e-polish.eu\/sklep\/e-coursebook_ZC1\">e-coursebook<\/a><\/b>.<\/p>\n<p>ISBN 978-83-930731-3-9 | Iwona Stempek | Ma\u0142gorzata Grudzie\u0144<\/p>\n","protected":false},"excerpt":{"rendered":"<p><span class=\"fontstyle0\">Zeszyt \u0107wicze\u0144 do podr\u0119cznika \u201ePOLSKI krok po kroku 1\u201d. 350 \u0107wicze\u0144 \u2013 w tym tak\u017ce nowych dialog\u00f3w i tekst\u00f3w opatrzonych nagraniami \u2013 to doskona\u0142e dope\u0142nienie podr\u0119cznika. Nauczyciel znajdzie tu szereg zada\u0144 uzupe\u0142niaj\u0105cych: leksykalnych i gramatycznych rozwijaj\u0105cych poszczeg\u00f3lne sprawno\u015bci. Ucz\u0105cy si\u0119 b\u0119dzie mia\u0142 mo\u017cliwo\u015b\u0107 sprawdzenia i utrwalenia swojej wiedzy.<br \/>\n<\/span><\/p>\n<p><a href=\"https:\/\/e-polish.eu\/sklep\/seria-podrecznikow-do-jezyka-polskiego-dla-doroslych-polski-krok-po-kroku\/\"><img loading=\"lazy\" decoding=\"async\" class=\"alignnone size-full wp-image-3934\" src=\"https:\/\/e-polish.eu\/sklep\/wp-content\/uploads\/2024\/04\/logo_pkpk.png\" alt=\"\" width=\"200\" height=\"73\" \/><\/a><\/p>\n","protected":false},"featured_media":3363,"comment_status":"open","ping_status":"closed","template":"","meta":{"_uag_custom_page_level_css":"","site-sidebar-layout":"default","site-content-layout":"","ast-site-content-layout":"default","site-content-style":"default","site-sidebar-style":"default","ast-global-header-display":"","ast-banner-title-visibility":"","ast-main-header-display":"","ast-hfb-above-header-display":"","ast-hfb-below-header-display":"","ast-hfb-mobile-header-display":"","site-post-title":"","ast-breadcrumbs-content":"","ast-featured-img":"","footer-sml-layout":"","ast-disable-related-posts":"","theme-transparent-header-meta":"default","adv-header-id-meta":"","stick-header-meta":"default","header-above-stick-meta":"","header-main-stick-meta":"","header-below-stick-meta":"","astra-migrate-meta-layouts":"set","ast-page-background-enabled":"default","ast-page-background-meta":{"desktop":{"background-color":"","background-image":"","background-repeat":"repeat","background-position":"center center","background-size":"auto","background-attachment":"scroll","background-type":"","background-media":"","overlay-type":"","overlay-color":"","overlay-opacity":"","overlay-gradient":""},"tablet":{"background-color":"","background-image":"","background-repeat":"repeat","background-position":"center center","background-size":"auto","background-attachment":"scroll","background-type":"","background-media":"","overlay-type":"","overlay-color":"","overlay-opacity":"","overlay-gradient":""},"mobile":{"background-color":"","background-image":"","background-repeat":"repeat","background-position":"center center","background-size":"auto","background-attachment":"scroll","background-type":"","background-media":"","overlay-type":"","overlay-color":"","overlay-opacity":"","overlay-gradient":""}},"ast-content-background-meta":{"desktop":{"background-color":"var(--ast-global-color-5)","background-image":"","background-repeat":"repeat","background-position":"center center","background-size":"auto","background-attachment":"scroll","background-type":"","background-media":"","overlay-type":"","overlay-color":"","overlay-opacity":"","overlay-gradient":""},"tablet":{"background-color":"var(--ast-global-color-5)","background-image":"","background-repeat":"repeat","background-position":"center center","background-size":"auto","background-attachment":"scroll","background-type":"","background-media":"","overlay-type":"","overlay-color":"","overlay-opacity":"","overlay-gradient":""},"mobile":{"background-color":"var(--ast-global-color-5)","background-image":"","background-repeat":"repeat","background-position":"center center","background-size":"auto","background-attachment":"scroll","background-type":"","background-media":"","overlay-type":"","overlay-color":"","overlay-opacity":"","overlay-gradient":""}}},"product_brand":[],"product_cat":[69,1633,19],"product_tag":[],"class_list":{"0":"post-63","1":"product","2":"type-product","3":"status-publish","4":"has-post-thumbnail","6":"product_cat-ksiazki","7":"product_cat-polski-krok-po-kroku","8":"product_cat-wszystkie-produkty","9":"product_series-polski-krok-po-kroku","10":"desktop-align-center","11":"tablet-align-left","12":"mobile-align-left","13":"ast-product-gallery-layout-horizontal-slider","14":"ast-product-tabs-layout-horizontal","16":"first","17":"instock","18":"taxable","19":"shipping-taxable","20":"purchasable","21":"product-type-simple"},"aioseo_notices":[],"uagb_featured_image_src":{"full":["https:\/\/e-polish.eu\/sklep\/wp-content\/uploads\/shop-items\/0-zeszyt_cwiczen_1",1000,1415,false],"thumbnail":["https:\/\/e-polish.eu\/sklep\/wp-content\/uploads\/shop-items\/0-zeszyt_cwiczen_1-150x150.",150,150,true],"medium":["https:\/\/e-polish.eu\/sklep\/wp-content\/uploads\/shop-items\/0-zeszyt_cwiczen_1-212x300.",212,300,true],"medium_large":["https:\/\/e-polish.eu\/sklep\/wp-content\/uploads\/shop-items\/0-zeszyt_cwiczen_1-768x1087.",768,1087,true],"large":["https:\/\/e-polish.eu\/sklep\/wp-content\/uploads\/shop-items\/0-zeszyt_cwiczen_1-724x1024.",724,1024,true],"1536x1536":["https:\/\/e-polish.eu\/sklep\/wp-content\/uploads\/shop-items\/0-zeszyt_cwiczen_1",1000,1415,false],"2048x2048":["https:\/\/e-polish.eu\/sklep\/wp-content\/uploads\/shop-items\/0-zeszyt_cwiczen_1",1000,1415,false],"page-small":["https:\/\/e-polish.eu\/sklep\/wp-content\/uploads\/shop-items\/0-zeszyt_cwiczen_1-210x297.",210,297,true],"woocommerce_thumbnail":["https:\/\/e-polish.eu\/sklep\/wp-content\/uploads\/shop-items\/0-zeszyt_cwiczen_1-300x425.",300,425,true],"woocommerce_single":["https:\/\/e-polish.eu\/sklep\/wp-content\/uploads\/shop-items\/0-zeszyt_cwiczen_1-300x425.",300,425,true],"woocommerce_gallery_thumbnail":["https:\/\/e-polish.eu\/sklep\/wp-content\/uploads\/shop-items\/0-zeszyt_cwiczen_1-100x100.",100,100,true],"lws_wr_thumbnail":["https:\/\/e-polish.eu\/sklep\/wp-content\/uploads\/shop-items\/0-zeszyt_cwiczen_1",68,96,false],"lws_wr_thumbnail_small":["https:\/\/e-polish.eu\/sklep\/wp-content\/uploads\/shop-items\/0-zeszyt_cwiczen_1",30,42,false]},"uagb_author_info":{"display_name":"artur","author_link":"https:\/\/e-polish.eu\/sklep\/blog\/author\/"},"uagb_comment_info":22,"uagb_excerpt":"Zeszyt \u0107wicze\u0144 do podr\u0119cznika \u201ePOLSKI krok po kroku 1\u201d. 350 \u0107wicze\u0144 \u2013 w tym tak\u017ce nowych dialog\u00f3w i tekst\u00f3w opatrzonych nagraniami \u2013 to doskona\u0142e dope\u0142nienie podr\u0119cznika. Nauczyciel znajdzie tu szereg zada\u0144 uzupe\u0142niaj\u0105cych: leksykalnych i gramatycznych rozwijaj\u0105cych poszczeg\u00f3lne sprawno\u015bci. Ucz\u0105cy si\u0119 b\u0119dzie mia\u0142 mo\u017cliwo\u015b\u0107 sprawdzenia i utrwalenia swojej wiedzy.","_links":{"self":[{"href":"https:\/\/e-polish.eu\/sklep\/wp-json\/wp\/v2\/product\/63","targetHints":{"allow":["GET"]}}],"collection":[{"href":"https:\/\/e-polish.eu\/sklep\/wp-json\/wp\/v2\/product"}],"about":[{"href":"https:\/\/e-polish.eu\/sklep\/wp-json\/wp\/v2\/types\/product"}],"replies":[{"embeddable":true,"href":"https:\/\/e-polish.eu\/sklep\/wp-json\/wp\/v2\/comments?post=63"}],"wp:featuredmedia":[{"embeddable":true,"href":"https:\/\/e-polish.eu\/sklep\/wp-json\/wp\/v2\/media\/3363"}],"wp:attachment":[{"href":"https:\/\/e-polish.eu\/sklep\/wp-json\/wp\/v2\/media?parent=63"}],"wp:term":[{"taxonomy":"product_brand","embeddable":true,"href":"https:\/\/e-polish.eu\/sklep\/wp-json\/wp\/v2\/product_brand?post=63"},{"taxonomy":"product_cat","embeddable":true,"href":"https:\/\/e-polish.eu\/sklep\/wp-json\/wp\/v2\/product_cat?post=63"},{"taxonomy":"product_tag","embeddable":true,"href":"https:\/\/e-polish.eu\/sklep\/wp-json\/wp\/v2\/product_tag?post=63"}],"curies":[{"name":"wp","href":"https:\/\/api.w.org\/{rel}","templated":true}]}}