{"id":7437,"date":"2024-10-09T15:49:29","date_gmt":"2024-10-09T13:49:29","guid":{"rendered":"https:\/\/e-polish.eu\/sklepproduct\/szkolenie-dla-nauczycieli-jezyka-polskiego\/"},"modified":"2024-11-19T11:06:51","modified_gmt":"2024-11-19T10:06:51","slug":"szkolenie-dla-nauczycieli-jezyka-polskiego","status":"publish","type":"product","link":"https:\/\/e-polish.eu\/sklep\/en\/trainings\/szkolenie-dla-nauczycieli-jezyka-polskiego\/","title":{"rendered":"Szkolenie dla nauczycieli j\u0119zyka polskiego"},"content":{"rendered":"<h2>Opis szkolenia<\/h2>\n<h3>Udane lekcje j\u0119zyka polskiego \u2013 sprawdzone pomys\u0142y, zadania oraz gry j\u0119zykowe. (I. Stempek)<\/h3>\n<p>Czy nie czujecie si\u0119 czasem wyeksploatowani? Czy nie macie wra\u017cenia, \u017ce wci\u0105\u017c szykujecie tony materia\u0142\u00f3w na zaj\u0119cia? Ile\u017c razy marzy\u0142a Wam si\u0119 lekcja oparta na minimum przygotowania, kt\u00f3ra w dodatku sprawdzi\u0142aby si\u0119 na kilku poziomach? W czasie warsztat\u00f3w przetestujemy na sobie proste sposoby na utrwalanie r\u00f3\u017cnych zagadnie\u0144 gramatycznych b\u0105d\u017a leksykalnych oraz na aktywizowanie grupy i motywowanie student\u00f3w do m\u00f3wienia. Z pomoc\u0105 przyjd\u0105 nam gry i zadania ze zbior\u00f3w serii \u201ePOLSKI krok po kroku\u201d<\/p>\n<h3>Co si\u0119 sta\u0142o? \u2013 czyli jak poszerza\u0107 leksyk\u0119 zwi\u0105zan\u0105 z anatomi\u0105 i zdrowiem. (I. Stempek)<\/h3>\n<p>W czasie sesji przedstawi\u0119 kilka pomys\u0142\u00f3w na to, jak wydobywa\u0107 j\u0119zyk medyczny z dost\u0119pnych materia\u0142\u00f3w do nauki j\u0119zyka polskiego jako obcego oraz jak wykorzysta\u0107 i zaadaptowa\u0107 autentyczne materia\u0142y do zaj\u0119\u0107 j\u0119zykowych. Wsp\u00f3lnie wypr\u00f3bujemy r\u00f3\u017cne typy zada\u0144 u\u0142atwiaj\u0105ce szybkie zapami\u0119tywanie d\u0142ugiej listy skomplikowanych s\u0142\u00f3w i poj\u0119\u0107.<\/p>\n<h3>Zanim sztuczna inteligencja Ci\u0119 wyr\u0119czy, zajrzyj na platform\u0119 e-coursebook.eu&#8230; (T. Stempek)<\/h3>\n<p>Niezale\u017cnie, czy uczysz j\u0119zyka polskiego, angielskiego, biologii, anatomii czy ekonomii to z pewno\u015bci\u0105 sporo czasu zajmuje Ci przygotowanie zaj\u0119\u0107 tak, aby by\u0142y ciekawe, anga\u017cuj\u0105ce i dopasowane do konkretnej grupy student\u00f3w. Mo\u017ce za kilka lat faktycznie sztuczna inteligencja wykona za Ciebie ca\u0142\u0105 prac\u0119, ale zanim to nast\u0105pi, chcia\u0142bym zaproponowa\u0107 Ci skorzystanie z narz\u0119dzi <strong>e-coursebook.eu<\/strong>.<\/p>\n<p>Narz\u0119dzia te nie tylko pomog\u0105 Ci szybko i w prosty spos\u00f3b przygotowywa\u0107 atrakcyjne interaktywne materia\u0142y czy ca\u0142e zaj\u0119cia, ale tak\u017ce pozwol\u0105 tworzy\u0107 na ich bazie rozmaite wariacje \u2013 uproszczone lub rozbudowane w zale\u017cno\u015bci od potrzeb i poziomu grupy. Wszystko co stworzysz b\u0119dzie przechowywane w chmurze \u2013 \u0142atwo dost\u0119pne zawsze, gdy tylko ponownie b\u0119dziesz realizowa\u0107 ten sam temat. Przygotowanie zaj\u0119\u0107 to jedno, a sprawdzanie licznych prac domowych i test\u00f3w student\u00f3w to drugie. Czy nie masz poczucia, \u017ce tracisz czas koryguj\u0105c schematyczne \u0107wiczenia typu: prawda fa\u0142sz, test wyboru, uzupe\u0142nianie luk czy dopasowywanie s\u0142\u00f3w do definicji? Przygotuj i zadaj swoim studentom nast\u0119pne zadanie domowe lub test na platformie <strong>e-coursebook.eu<\/strong>. Zobacz, jak szybko system sprawdzi go za Ciebie. Ty zyskasz czas, a Twoi studenci z pewno\u015bci\u0105 doceni\u0105 t\u0119 nowoczesn\u0105 i interaktywn\u0105 form\u0119 zada\u0144!<\/p>\n<h2>Program szkolenia<\/h2>\n<p>09:30-10:00 REJESTRACJA I POWITANIE UCZESTNIK\u00d3W<\/p>\n<p>10:00-11:30 Udane lekcje j\u0119zyka polskiego \u2013 sprawdzone pomys\u0142y, zadania oraz gry j\u0119zykowe. (I. Stempek)<\/p>\n<p>11:30-12:00 Przerwa<\/p>\n<p>12:00-12:45 Co si\u0119 sta\u0142o? \u2013 czyli jak poszerza\u0107 leksyk\u0119 zwi\u0105zan\u0105 z anatomi\u0105 i zdrowiem (I. Stempek)<\/p>\n<p>12:45-13:00 Przerwa<\/p>\n<p>13:00-14:30 Zanim sztuczna inteligencja Ci\u0119 wyr\u0119czy, zajrzyj na platform\u0119 e-coursebook.eu&#8230; (T. Stempek)<\/p>\n<p>14:30-14:45 ROZDANIE CERTYFIKAT\u00d3W I ZAKO\u0143CZENIE WARSZTAT\u00d3W<\/p>\n","protected":false},"excerpt":{"rendered":"<p>Prowadz\u0105cy: Iwona Stempek | Tomasz Stempek<br \/>\nMiejsce: Lublin (Polska)<br \/>\nDate: 2024-10-26<br \/>\nTime: 09:30\u201314:45 (CEST\/Europa\/Warszawa)<\/p>\n","protected":false},"featured_media":7438,"comment_status":"open","ping_status":"closed","template":"","meta":{"_uag_custom_page_level_css":"","site-sidebar-layout":"default","site-content-layout":"","ast-site-content-layout":"default","site-content-style":"default","site-sidebar-style":"default","ast-global-header-display":"","ast-banner-title-visibility":"","ast-main-header-display":"","ast-hfb-above-header-display":"","ast-hfb-below-header-display":"","ast-hfb-mobile-header-display":"","site-post-title":"","ast-breadcrumbs-content":"","ast-featured-img":"","footer-sml-layout":"","ast-disable-related-posts":"","theme-transparent-header-meta":"default","adv-header-id-meta":"","stick-header-meta":"default","header-above-stick-meta":"","header-main-stick-meta":"","header-below-stick-meta":"","astra-migrate-meta-layouts":"set","ast-page-background-enabled":"default","ast-page-background-meta":{"desktop":{"background-color":"","background-image":"","background-repeat":"repeat","background-position":"center center","background-size":"auto","background-attachment":"scroll","background-type":"","background-media":"","overlay-type":"","overlay-color":"","overlay-opacity":"","overlay-gradient":""},"tablet":{"background-color":"","background-image":"","background-repeat":"repeat","background-position":"center center","background-size":"auto","background-attachment":"scroll","background-type":"","background-media":"","overlay-type":"","overlay-color":"","overlay-opacity":"","overlay-gradient":""},"mobile":{"background-color":"","background-image":"","background-repeat":"repeat","background-position":"center center","background-size":"auto","background-attachment":"scroll","background-type":"","background-media":"","overlay-type":"","overlay-color":"","overlay-opacity":"","overlay-gradient":""}},"ast-content-background-meta":{"desktop":{"background-color":"var(--ast-global-color-5)","background-image":"","background-repeat":"repeat","background-position":"center center","background-size":"auto","background-attachment":"scroll","background-type":"","background-media":"","overlay-type":"","overlay-color":"","overlay-opacity":"","overlay-gradient":""},"tablet":{"background-color":"var(--ast-global-color-5)","background-image":"","background-repeat":"repeat","background-position":"center center","background-size":"auto","background-attachment":"scroll","background-type":"","background-media":"","overlay-type":"","overlay-color":"","overlay-opacity":"","overlay-gradient":""},"mobile":{"background-color":"var(--ast-global-color-5)","background-image":"","background-repeat":"repeat","background-position":"center center","background-size":"auto","background-attachment":"scroll","background-type":"","background-media":"","overlay-type":"","overlay-color":"","overlay-opacity":"","overlay-gradient":""}}},"product_brand":[],"product_cat":[114,1690,1900,1582],"product_tag":[],"class_list":{"0":"post-7437","1":"product","2":"type-product","3":"status-publish","4":"has-post-thumbnail","6":"product_cat-all-products","7":"product_cat-premiera","8":"product_cat-szkolenie-stacjonarne","9":"product_cat-trainings","10":"desktop-align-center","11":"tablet-align-left","12":"mobile-align-left","13":"ast-product-gallery-layout-horizontal-slider","14":"ast-product-gallery-with-no-image","15":"ast-product-tabs-layout-horizontal","17":"first","18":"outofstock","19":"virtual","20":"sold-individually","21":"taxable","22":"purchasable","23":"product-type-simple"},"aioseo_notices":[],"uagb_featured_image_src":{"full":["https:\/\/e-polish.eu\/sklep\/wp-content\/uploads\/shop-items\/0-szkolenie_dla_nauczycieli_jezyka_polskiego",560,796,false],"thumbnail":["https:\/\/e-polish.eu\/sklep\/wp-content\/uploads\/shop-items\/0-szkolenie_dla_nauczycieli_jezyka_polskiego",106,150,false],"medium":["https:\/\/e-polish.eu\/sklep\/wp-content\/uploads\/shop-items\/0-szkolenie_dla_nauczycieli_jezyka_polskiego",211,300,false],"medium_large":["https:\/\/e-polish.eu\/sklep\/wp-content\/uploads\/shop-items\/0-szkolenie_dla_nauczycieli_jezyka_polskiego",560,796,false],"large":["https:\/\/e-polish.eu\/sklep\/wp-content\/uploads\/shop-items\/0-szkolenie_dla_nauczycieli_jezyka_polskiego",560,796,false],"1536x1536":["https:\/\/e-polish.eu\/sklep\/wp-content\/uploads\/shop-items\/0-szkolenie_dla_nauczycieli_jezyka_polskiego",560,796,false],"2048x2048":["https:\/\/e-polish.eu\/sklep\/wp-content\/uploads\/shop-items\/0-szkolenie_dla_nauczycieli_jezyka_polskiego",560,796,false],"page-small":["https:\/\/e-polish.eu\/sklep\/wp-content\/uploads\/shop-items\/0-szkolenie_dla_nauczycieli_jezyka_polskiego",210,297,false],"woocommerce_thumbnail":["https:\/\/e-polish.eu\/sklep\/wp-content\/uploads\/shop-items\/0-szkolenie_dla_nauczycieli_jezyka_polskiego",300,426,false],"woocommerce_single":["https:\/\/e-polish.eu\/sklep\/wp-content\/uploads\/shop-items\/0-szkolenie_dla_nauczycieli_jezyka_polskiego",300,426,false],"woocommerce_gallery_thumbnail":["https:\/\/e-polish.eu\/sklep\/wp-content\/uploads\/shop-items\/0-szkolenie_dla_nauczycieli_jezyka_polskiego-100x100.",100,100,true],"lws_wr_thumbnail":["https:\/\/e-polish.eu\/sklep\/wp-content\/uploads\/shop-items\/0-szkolenie_dla_nauczycieli_jezyka_polskiego",68,96,false],"lws_wr_thumbnail_small":["https:\/\/e-polish.eu\/sklep\/wp-content\/uploads\/shop-items\/0-szkolenie_dla_nauczycieli_jezyka_polskiego",30,42,false]},"uagb_author_info":{"display_name":"Marta Zawisza","author_link":"https:\/\/e-polish.eu\/sklep\/blog\/author\/"},"uagb_comment_info":2,"uagb_excerpt":"Prowadz\u0105cy: Iwona Stempek | Tomasz Stempek Miejsce: Lublin (Polska) Date: 2024-10-26 Time: 09:30\u201314:45 (CEST\/Europa\/Warszawa)","_links":{"self":[{"href":"https:\/\/e-polish.eu\/sklep\/wp-json\/wp\/v2\/product\/7437","targetHints":{"allow":["GET"]}}],"collection":[{"href":"https:\/\/e-polish.eu\/sklep\/wp-json\/wp\/v2\/product"}],"about":[{"href":"https:\/\/e-polish.eu\/sklep\/wp-json\/wp\/v2\/types\/product"}],"replies":[{"embeddable":true,"href":"https:\/\/e-polish.eu\/sklep\/wp-json\/wp\/v2\/comments?post=7437"}],"wp:featuredmedia":[{"embeddable":true,"href":"https:\/\/e-polish.eu\/sklep\/wp-json\/wp\/v2\/media\/7438"}],"wp:attachment":[{"href":"https:\/\/e-polish.eu\/sklep\/wp-json\/wp\/v2\/media?parent=7437"}],"wp:term":[{"taxonomy":"product_brand","embeddable":true,"href":"https:\/\/e-polish.eu\/sklep\/wp-json\/wp\/v2\/product_brand?post=7437"},{"taxonomy":"product_cat","embeddable":true,"href":"https:\/\/e-polish.eu\/sklep\/wp-json\/wp\/v2\/product_cat?post=7437"},{"taxonomy":"product_tag","embeddable":true,"href":"https:\/\/e-polish.eu\/sklep\/wp-json\/wp\/v2\/product_tag?post=7437"}],"curies":[{"name":"wp","href":"https:\/\/api.w.org\/{rel}","templated":true}]}}