{"id":9161,"date":"2024-12-11T17:10:52","date_gmt":"2024-12-11T16:10:52","guid":{"rendered":"https:\/\/e-polish.eu\/sklepproduct\/polski-krok-po-kroku-junior-1-2\/"},"modified":"2026-04-09T03:42:09","modified_gmt":"2026-04-09T01:42:09","slug":"polski-krok-po-kroku-junior-1-2","status":"publish","type":"product","link":"https:\/\/e-polish.eu\/sklep\/ksiazki\/polski-krok-po-kroku-junior-1-2\/","title":{"rendered":"POLSKI krok po kroku &#8211; junior 1"},"content":{"rendered":"<p>Podr\u0119cznik do nauki j\u0119zyka polskiego jako obcego dla dzieci i m\u0142odzie\u017cy w wieku 10-15 lat &#8211; pierwsza cz\u0119\u015b\u0107 bestsellerowej serii 'POLSKI krok po kroku &#8211; junior&#8221;. Jest on idealn\u0105 propozycja zar\u00f3wno do pracy z nauczycielem, jak i \u2013 dzi\u0119ki integracji z platform\u0105 e-learningow\u0105 e-polish.eu \u2013 do samodzielnej nauki.<\/p>\n<p><span class=\"fontstyle0\">Dialogi i teksty w podr\u0119czniku s\u0105 napisane \u017cywym j\u0119zykiem, jakim pos\u0142uguj\u0105 si\u0119 dzieci i nastolatki na co dzie\u0144. Du\u017ca ilo\u015b\u0107 nagra\u0144 zapoznaje z naturalnym brzmieniem j\u0119zyka polskiego i u\u0142atwia opanowanie trudnej sztuki wymowy. R\u00f3\u017cnorodne \u0107wiczenia s\u0142u\u017c\u0105ce kszta\u0142ceniu umiej\u0119tno\u015bci swobodnej komunikacji w j\u0119zyku polskim, wprowadzaj\u0105 w \u015bwiat bliski m\u0142odym ludziom. Dodatkowo w prezentowane tre\u015bci wplecione s\u0105 elementy polskiej kultury, dzi\u0119ki czemu uczniowie naturalnie zdobywaj\u0105 podstawow\u0105 wiedz\u0119 o Polsce.<\/span><\/p>\n<p><span class=\"fontstyle0\">Podr\u0119cznik sk\u0142ada si\u0119 z dziesi\u0119ciu rozdzia\u0142\u00f3w przeznaczonych na oko\u0142o 60 godzin nauki. Ka\u017cdy rozdzia\u0142 dzieli si\u0119 na cztery podrozdzia\u0142y po kt\u00f3rych nast\u0119puje cz\u0119\u015b\u0107 powt\u00f3rzeniowa oraz fakultatywny \u201ePLUS dla ambitnych\u201d z nieco trudniejszymi uzupe\u0142niaj\u0105cymi materia\u0142ami. Do ka\u017cdego rozdzia\u0142u zosta\u0142 opracowany s\u0142owniczek nowo poznanych s\u0142\u00f3w i wyra\u017ce\u0144 przet\u0142umaczonych na angielski, niemiecki i rosyjski.<\/span><\/p>\n<p>Ciekawe, motywuj\u0105ce i pe\u0142ne humoru lekcje zachowuj\u0105 w\u0142a\u015bciwe proporcje mi\u0119dzy gramatyk\u0105, s\u0142ownictwem oraz doskonaleniem wymowy i umiej\u0119tno\u015bci komunikacyjnych. Od samego pocz\u0105tku bazuj\u0105 tylko na j\u0119zyku polskim, dzi\u0119ki czemu zach\u0119caj\u0105 m\u0142odych ludzi do m\u00f3wienia i my\u015blenia wy\u0142\u0105cznie w tym j\u0119zyku.<\/p>\n<p>&#8222;POLSKI krok po kroku &#8211; junior&#8221; to:<\/p>\n<ul>\n<li>m\u0142odzi bohaterowie w szkolnych realiach,<\/li>\n<li>tre\u015bci dostosowane do wieku odbiorc\u00f3w,<\/li>\n<li>\u015bwiat bliski m\u0142odym ludziom (szko\u0142a, dom, koledzy, nowe technologie),<\/li>\n<li>r\u00f3\u017cnorodne materia\u0142y prezentowane na tle polskiej kultury,<\/li>\n<li>autentyczne sytuacje komunikacyjne inspiruj\u0105ce do m\u00f3wienia,<\/li>\n<li>intuicyjne tabele gramatyczne,<\/li>\n<li>atrakcyjna i funkcjonalna grafika.<\/li>\n<\/ul>\n<blockquote><p><strong> <span class=\"fontstyle0\">Dialogi i teksty wprowadzaj\u0105 w autentyczny \u015bwiat bliski m\u0142odym ludziom<\/span><\/strong><\/p><\/blockquote>\n<p><img loading=\"lazy\" decoding=\"async\" class=\"size-full wp-image-3930 alignleft\" src=\"https:\/\/e-polish.eu\/sklep\/wp-content\/uploads\/2024\/04\/dzwiek_ok.png\" alt=\"\" width=\"70\" height=\"58\" \/>Ksi\u0105\u017cka zawiera ponad 160 minut nagra\u0144 w formacie mp3 <a href=\"https:\/\/e-polish.eu\/recordings\/polski_krok_po_kroku_junior_1\">do pobrania na e-polish.eu<\/a>.<\/p>\n<p><img loading=\"lazy\" decoding=\"async\" class=\"size-full wp-image-3931 alignleft\" src=\"https:\/\/e-polish.eu\/sklep\/wp-content\/uploads\/2024\/04\/e-coursebook_ok.png\" alt=\"\" width=\"70\" height=\"58\" \/>Podr\u0119cznik dost\u0119pny jest tak\u017ce w <b>interaktywnej wersji <a href=\"https:\/\/e-polish.eu\/sklep\/e-coursebook_JUN1\">e-coursebook<\/a><\/b>.<\/p>\n<p>ISBN 978-83-963171-7-9 | Iwona Stempek | Paulina Kuc | Ma\u0142gorzata Grudzie\u0144<\/p>\n","protected":false},"excerpt":{"rendered":"<p>Podr\u0119cznik do nauki j\u0119zyka polskiego jako obcego dla dzieci i m\u0142odzie\u017cy w wieku 10-15 lat &#8211; pierwsza cz\u0119\u015b\u0107 bestsellerowej serii 'POLSKI krok po kroku &#8211; junior&#8221;. Jest on idealn\u0105 propozycja zar\u00f3wno do pracy z nauczycielem, jak i \u2013 dzi\u0119ki integracji z platform\u0105 e-learningow\u0105 e-polish.eu \u2013 do samodzielnej nauki.<\/p>\n<p><span class=\"fontstyle0\">Dialogi i teksty w podr\u0119czniku s\u0105 napisane \u017cywym j\u0119zykiem, jakim pos\u0142uguj\u0105 si\u0119 dzieci i nastolatki na co dzie\u0144. Du\u017ca ilo\u015b\u0107 nagra\u0144 zapoznaje z naturalnym brzmieniem j\u0119zyka polskiego i u\u0142atwia opanowanie trudnej sztuki wymowy. R\u00f3\u017cnorodne \u0107wiczenia s\u0142u\u017c\u0105ce kszta\u0142ceniu umiej\u0119tno\u015bci swobodnej komunikacji w j\u0119zyku polskim, wprowadzaj\u0105 w \u015bwiat bliski m\u0142odym ludziom. Dodatkowo w prezentowane tre\u015bci wplecione s\u0105 elementy polskiej kultury, dzi\u0119ki czemu uczniowie naturalnie zdobywaj\u0105 podstawow\u0105 wiedz\u0119 o Polsce.<\/span><\/p>\n<p><a href=\"https:\/\/e-polish.eu\/sklep\/seria-podrecznikow-do-jezyka-polskiego-dla-dzieci-i-mlodziezy-polski-krok-po-kroku-junior\/\"><img loading=\"lazy\" decoding=\"async\" class=\"size-full wp-image-3925 alignnone\" src=\"https:\/\/e-polish.eu\/sklep\/wp-content\/uploads\/2024\/04\/logo-1000x700px-PwO-t-2.png\" alt=\"Seria POLSKI krok po kroku - junior\" width=\"200\" height=\"73\" \/><\/a><\/p>\n","protected":false},"featured_media":9227,"comment_status":"open","ping_status":"closed","template":"","meta":{"_uag_custom_page_level_css":"","site-sidebar-layout":"default","site-content-layout":"","ast-site-content-layout":"default","site-content-style":"default","site-sidebar-style":"default","ast-global-header-display":"","ast-banner-title-visibility":"","ast-main-header-display":"","ast-hfb-above-header-display":"","ast-hfb-below-header-display":"","ast-hfb-mobile-header-display":"","site-post-title":"","ast-breadcrumbs-content":"","ast-featured-img":"","footer-sml-layout":"","ast-disable-related-posts":"","theme-transparent-header-meta":"default","adv-header-id-meta":"","stick-header-meta":"default","header-above-stick-meta":"","header-main-stick-meta":"","header-below-stick-meta":"","astra-migrate-meta-layouts":"set","ast-page-background-enabled":"default","ast-page-background-meta":{"desktop":{"background-color":"","background-image":"","background-repeat":"repeat","background-position":"center center","background-size":"auto","background-attachment":"scroll","background-type":"","background-media":"","overlay-type":"","overlay-color":"","overlay-opacity":"","overlay-gradient":""},"tablet":{"background-color":"","background-image":"","background-repeat":"repeat","background-position":"center center","background-size":"auto","background-attachment":"scroll","background-type":"","background-media":"","overlay-type":"","overlay-color":"","overlay-opacity":"","overlay-gradient":""},"mobile":{"background-color":"","background-image":"","background-repeat":"repeat","background-position":"center center","background-size":"auto","background-attachment":"scroll","background-type":"","background-media":"","overlay-type":"","overlay-color":"","overlay-opacity":"","overlay-gradient":""}},"ast-content-background-meta":{"desktop":{"background-color":"var(--ast-global-color-5)","background-image":"","background-repeat":"repeat","background-position":"center center","background-size":"auto","background-attachment":"scroll","background-type":"","background-media":"","overlay-type":"","overlay-color":"","overlay-opacity":"","overlay-gradient":""},"tablet":{"background-color":"var(--ast-global-color-5)","background-image":"","background-repeat":"repeat","background-position":"center center","background-size":"auto","background-attachment":"scroll","background-type":"","background-media":"","overlay-type":"","overlay-color":"","overlay-opacity":"","overlay-gradient":""},"mobile":{"background-color":"var(--ast-global-color-5)","background-image":"","background-repeat":"repeat","background-position":"center center","background-size":"auto","background-attachment":"scroll","background-type":"","background-media":"","overlay-type":"","overlay-color":"","overlay-opacity":"","overlay-gradient":""}}},"product_brand":[],"product_cat":[69,1624,19],"product_tag":[],"class_list":{"0":"post-9161","1":"product","2":"type-product","3":"status-publish","4":"has-post-thumbnail","6":"product_cat-ksiazki","7":"product_cat-polski-krok-po-kroku-junior","8":"product_cat-wszystkie-produkty","9":"product_series-polski-krok-po-kroku-junior","10":"desktop-align-center","11":"tablet-align-left","12":"mobile-align-left","13":"ast-product-gallery-layout-horizontal-slider","14":"ast-product-tabs-layout-horizontal","16":"first","17":"instock","18":"featured","19":"taxable","20":"shipping-taxable","21":"purchasable","22":"product-type-simple"},"aioseo_notices":[],"uagb_featured_image_src":{"full":["https:\/\/e-polish.eu\/sklep\/wp-content\/uploads\/shop-items\/junuk1-polski_krok_po_kroku_-_junior_1.png",1000,1415,false],"thumbnail":["https:\/\/e-polish.eu\/sklep\/wp-content\/uploads\/shop-items\/junuk1-polski_krok_po_kroku_-_junior_1-150x150.png",150,150,true],"medium":["https:\/\/e-polish.eu\/sklep\/wp-content\/uploads\/shop-items\/junuk1-polski_krok_po_kroku_-_junior_1-212x300.png",212,300,true],"medium_large":["https:\/\/e-polish.eu\/sklep\/wp-content\/uploads\/shop-items\/junuk1-polski_krok_po_kroku_-_junior_1-768x1087.png",768,1087,true],"large":["https:\/\/e-polish.eu\/sklep\/wp-content\/uploads\/shop-items\/junuk1-polski_krok_po_kroku_-_junior_1-724x1024.png",724,1024,true],"1536x1536":["https:\/\/e-polish.eu\/sklep\/wp-content\/uploads\/shop-items\/junuk1-polski_krok_po_kroku_-_junior_1.png",1000,1415,false],"2048x2048":["https:\/\/e-polish.eu\/sklep\/wp-content\/uploads\/shop-items\/junuk1-polski_krok_po_kroku_-_junior_1.png",1000,1415,false],"page-small":["https:\/\/e-polish.eu\/sklep\/wp-content\/uploads\/shop-items\/junuk1-polski_krok_po_kroku_-_junior_1-210x297.png",210,297,true],"woocommerce_thumbnail":["https:\/\/e-polish.eu\/sklep\/wp-content\/uploads\/shop-items\/junuk1-polski_krok_po_kroku_-_junior_1-300x425.png",300,425,true],"woocommerce_single":["https:\/\/e-polish.eu\/sklep\/wp-content\/uploads\/shop-items\/junuk1-polski_krok_po_kroku_-_junior_1-300x425.png",300,425,true],"woocommerce_gallery_thumbnail":["https:\/\/e-polish.eu\/sklep\/wp-content\/uploads\/shop-items\/junuk1-polski_krok_po_kroku_-_junior_1-100x100.png",100,100,true],"lws_wr_thumbnail":["https:\/\/e-polish.eu\/sklep\/wp-content\/uploads\/shop-items\/junuk1-polski_krok_po_kroku_-_junior_1-68x96.png",68,96,true],"lws_wr_thumbnail_small":["https:\/\/e-polish.eu\/sklep\/wp-content\/uploads\/shop-items\/junuk1-polski_krok_po_kroku_-_junior_1-30x42.png",30,42,true]},"uagb_author_info":{"display_name":"Marta Zawisza","author_link":"https:\/\/e-polish.eu\/sklep\/blog\/author\/"},"uagb_comment_info":12,"uagb_excerpt":"Podr\u0119cznik do nauki j\u0119zyka polskiego jako obcego dla dzieci i m\u0142odzie\u017cy w wieku 10-15 lat - pierwsza cz\u0119\u015b\u0107 bestsellerowej serii 'POLSKI krok po kroku - junior\". Jest on idealn\u0105 propozycja zar\u00f3wno do pracy z nauczycielem, jak i \u2013 dzi\u0119ki integracji z platform\u0105 e-learningow\u0105 e-polish.eu \u2013 do samodzielnej nauki. Dialogi i teksty w podr\u0119czniku s\u0105 napisane&hellip;","_links":{"self":[{"href":"https:\/\/e-polish.eu\/sklep\/wp-json\/wp\/v2\/product\/9161","targetHints":{"allow":["GET"]}}],"collection":[{"href":"https:\/\/e-polish.eu\/sklep\/wp-json\/wp\/v2\/product"}],"about":[{"href":"https:\/\/e-polish.eu\/sklep\/wp-json\/wp\/v2\/types\/product"}],"replies":[{"embeddable":true,"href":"https:\/\/e-polish.eu\/sklep\/wp-json\/wp\/v2\/comments?post=9161"}],"wp:featuredmedia":[{"embeddable":true,"href":"https:\/\/e-polish.eu\/sklep\/wp-json\/wp\/v2\/media\/9227"}],"wp:attachment":[{"href":"https:\/\/e-polish.eu\/sklep\/wp-json\/wp\/v2\/media?parent=9161"}],"wp:term":[{"taxonomy":"product_brand","embeddable":true,"href":"https:\/\/e-polish.eu\/sklep\/wp-json\/wp\/v2\/product_brand?post=9161"},{"taxonomy":"product_cat","embeddable":true,"href":"https:\/\/e-polish.eu\/sklep\/wp-json\/wp\/v2\/product_cat?post=9161"},{"taxonomy":"product_tag","embeddable":true,"href":"https:\/\/e-polish.eu\/sklep\/wp-json\/wp\/v2\/product_tag?post=9161"}],"curies":[{"name":"wp","href":"https:\/\/api.w.org\/{rel}","templated":true}]}}