{"id":9440,"date":"2025-01-10T15:15:00","date_gmt":"2025-01-10T14:15:00","guid":{"rendered":"https:\/\/e-polish.eu\/sklepproduct\/fonetyka-polski-w-praktyce-go-e-coursebook-2\/"},"modified":"2026-04-06T03:42:10","modified_gmt":"2026-04-06T01:42:10","slug":"fonetyka-polski-w-praktyce-go-e-coursebook-2","status":"publish","type":"product","link":"https:\/\/e-polish.eu\/sklep\/ecoursebooki\/fonetyka-polski-w-praktyce-go-e-coursebook-2\/","title":{"rendered":"Fonetyka &#8211; polski w praktyce e-coursebook GO! (nowa platforma)"},"content":{"rendered":"<p><img loading=\"lazy\" decoding=\"async\" class=\"alignnone size-medium wp-image-9492\" src=\"https:\/\/sklep.e-polish.eu\/wp-content\/uploads\/2025\/01\/ecoursebookeu_LOGO-podstawowe-poziome-300x69.png\" alt=\"\" width=\"300\" height=\"69\" srcset=\"https:\/\/e-polish.eu\/sklep\/wp-content\/uploads\/2025\/01\/ecoursebookeu_LOGO-podstawowe-poziome-300x69.png 300w, https:\/\/e-polish.eu\/sklep\/wp-content\/uploads\/2025\/01\/ecoursebookeu_LOGO-podstawowe-poziome-1024x237.png 1024w, https:\/\/e-polish.eu\/sklep\/wp-content\/uploads\/2025\/01\/ecoursebookeu_LOGO-podstawowe-poziome-768x178.png 768w, https:\/\/e-polish.eu\/sklep\/wp-content\/uploads\/2025\/01\/ecoursebookeu_LOGO-podstawowe-poziome-1536x355.png 1536w, https:\/\/e-polish.eu\/sklep\/wp-content\/uploads\/2025\/01\/ecoursebookeu_LOGO-podstawowe-poziome-96x22.png 96w, https:\/\/e-polish.eu\/sklep\/wp-content\/uploads\/2025\/01\/ecoursebookeu_LOGO-podstawowe-poziome-42x10.png 42w, https:\/\/e-polish.eu\/sklep\/wp-content\/uploads\/2025\/01\/ecoursebookeu_LOGO-podstawowe-poziome-1471x340.png 1471w, https:\/\/e-polish.eu\/sklep\/wp-content\/uploads\/2025\/01\/ecoursebookeu_LOGO-podstawowe-poziome-1280x296.png 1280w, https:\/\/e-polish.eu\/sklep\/wp-content\/uploads\/2025\/01\/ecoursebookeu_LOGO-podstawowe-poziome.png 2020w\" sizes=\"auto, (max-width: 300px) 100vw, 300px\" \/><\/p>\n<p><span style=\"font-weight: 400;\"><a href=\"https:\/\/uczen.e-coursebook.eu\" target=\"_blank\" rel=\"noopener\"><strong>Link<\/strong> do rejestracji dla ucznia.<\/a><\/span><\/p>\n<p><span style=\"font-weight: 400;\"><a href=\"https:\/\/nauczyciel.e-coursebook.eu\" target=\"_blank\" rel=\"noopener\"><strong>Link<\/strong> do rejestracji dla nauczyciela.<\/a>\u00a0 <\/span><\/p>\n<p><span style=\"font-weight: 400;\"><a href=\"https:\/\/drive.google.com\/file\/d\/1oAwSrIGKXP4VFqJ6DmKri7R6Xt3PEuJb\/view\" target=\"_blank\" rel=\"noopener\"><strong>Link<\/strong> do tutorialu jak si\u0119 zarejestrowa\u0107 i aktywowa\u0107 kod dost\u0119pu.<\/a><\/span><\/p>\n<p><span class=\"fontstyle0\">\u201eFONETYKA \u2013 polski w praktyce GO!\u201d powsta\u0142a z my\u015bl\u0105 o osobach, kt\u00f3re rozpoczynaj\u0105 przygod\u0119 z j\u0119zykiem polskim oraz tych, kt\u00f3re pragn\u0105 udoskonali\u0107 wymow\u0119 lub pozby\u0107 si\u0119 z\u0142ych nawyk\u00f3w. Ksi\u0105\u017cka ta jest znakomitym narz\u0119dziem do pracy samodzielnej, sprawdzi si\u0119 tak\u017ce na lekcjach jako \u017ar\u00f3d\u0142o dodatkowych materia\u0142\u00f3w. Uporz\u0105dkowanie zagadnie\u0144 wed\u0142ug temat\u00f3w i stopnia trudno\u015bci u\u0142atwi nauczycielowi dob\u00f3r \u0107wicze\u0144 optymalnie dopasowanych do grupy. Ogromna r\u00f3\u017cnorodno\u015b\u0107 zada\u0144 sprawi, \u017ce czas na fonetyk\u0119 b\u0119dzie czasem dobrej zabawy.<\/span><\/p>\n<p>\u201eFONETYKA \u2013 polski w praktyce GO!\u201d to zaproszenie do intensywnego treningu wymowy \u2013 prowadzonego w spos\u00f3b rzetelny, praktyczny i atrakcyjny. Powsta\u0142a ona z my\u015bl\u0105 o osobach, kt\u00f3re rozpoczynaj\u0105 przygod\u0119 z j\u0119zykiem polskim oraz tych, kt\u00f3re pragn\u0105 udoskonali\u0107 wymow\u0119 lub pozby\u0107 si\u0119 z\u0142ych nawyk\u00f3w. Ksi\u0105\u017cka sk\u0142ada si\u0119 z cz\u0119\u015bci teoretycznej oraz praktycznych materia\u0142\u00f3w do intensywnego i efektywnego treningu wymowy. Uporz\u0105dkowanie zada\u0144 wed\u0142ug temat\u00f3w i stopnia trudno\u015bci u\u0142atwi nauczycielowi dob\u00f3r \u0107wicze\u0144 optymalnie dopasowanych do grupy. Poszczeg\u00f3lne rozdzia\u0142y pozwol\u0105 skutecznie wyeliminowa\u0107 najbardziej typowe b\u0142\u0119dy oraz pomog\u0105 rozwi\u0105za\u0107 problemy fonetyczne poszczeg\u00f3lnych narodowo\u015bci \u2013 wszak ka\u017cda nacja ma swoj\u0105 \u201epi\u0119t\u0119 Achillesa\u201d.<\/p>\n<p><span style=\"font-weight: 400;\">\u00a0e-coursebook GO! to zdecydowanie wi\u0119cej ni\u017c PDF czy e-book \u2013 to interaktywna wersja podr\u0119cznika do nauki j\u0119zyka polskiego, zaprojektowana z my\u015bl\u0105 o urz\u0105dzeniach mobilnych. Motywuje do pracy i prowadzi Ci\u0119 krok po kroku przez proces samodzielnego uczenia si\u0119, sprawiaj\u0105c, \u017ce nauka staje si\u0119 \u0142atwiejsza i bardziej anga\u017cuj\u0105ca.<\/span><\/p>\n<p><b>Wa\u017cna informacja!<\/b><\/p>\n<p><span style=\"font-weight: 400;\">e-coursebook GO! jest dedykowany platformie, kt\u00f3ra oferuje \u0142atwe i atrakcyjne korzystanie z wersji mobilnej.\u00a0<\/span><\/p>\n<p><span style=\"font-weight: 400;\">Ten e-coursebook nie jest kompatybilny z platform\u0105 e-polish.eu ani z Wirtualn\u0105 Sal\u0105.<\/span><\/p>\n<p>Kod po aktywacji jest wa\u017cny przez 3 lata.<\/p>\n<p>| Joanna Stanek<\/p>\n<p><img loading=\"lazy\" decoding=\"async\" class=\"alignnone size-medium wp-image-9493\" src=\"https:\/\/sklep.e-polish.eu\/wp-content\/uploads\/2025\/01\/ecoursebookeu_LOGO-podstawowe-pionowe-1-300x227.png\" alt=\"\" width=\"300\" height=\"227\" \/><\/p>\n","protected":false},"excerpt":{"rendered":"<p><span style=\"font-weight: 400;\">Poznaj now\u0105 ods\u0142on\u0119 znanego e-coursebooka! Teraz dost\u0119pny na smartfonie i tablecie \u2013 ucz si\u0119 wygodnie, gdziekolwiek jeste\u015b!\u00a0<\/span><span style=\"font-weight: 400;\">e-coursebook GO! zawiera teksty i \u0107wiczenia z ksi\u0105\u017cki <\/span><a href=\"https:\/\/sklep.e-polish.eu\/ksiazki\/fonetyka-polski-w-praktyce\/\" target=\"_blank\" rel=\"noopener\"><em><span style=\"font-weight: 400;\">Fonetyka &#8211; p<\/span>olski w praktyce<\/em><\/a><span style=\"font-weight: 400;\"> w formie interaktywnej wraz z t\u0142umaczeniami polece\u0144, kluczem odpowiedzi, nagraniami, s\u0142ownikiem multimedialnym, t\u0142umaczeniami s\u0142\u00f3wek i zwrot\u00f3w. Posiada tak\u017ce mo\u017cliwo\u015b\u0107 zakre\u015blania oraz wstawiania tekstu bezpo\u015brednio na pdfie. Po zakupie e-coursebook GO! otrzymasz mailowo kod dost\u0119pu do wpisania na nowej platformie<a href=\"https:\/\/e-coursebook.eu\/zaloguj-sie\/\"><img loading=\"lazy\" decoding=\"async\" class=\"alignnone wp-image-9492 \" src=\"https:\/\/sklep.e-polish.eu\/wp-content\/uploads\/2025\/01\/ecoursebookeu_LOGO-podstawowe-poziome-300x69.png\" alt=\"\" width=\"166\" height=\"38\" srcset=\"https:\/\/e-polish.eu\/sklep\/wp-content\/uploads\/2025\/01\/ecoursebookeu_LOGO-podstawowe-poziome-300x69.png 300w, https:\/\/e-polish.eu\/sklep\/wp-content\/uploads\/2025\/01\/ecoursebookeu_LOGO-podstawowe-poziome-1024x237.png 1024w, https:\/\/e-polish.eu\/sklep\/wp-content\/uploads\/2025\/01\/ecoursebookeu_LOGO-podstawowe-poziome-768x178.png 768w, https:\/\/e-polish.eu\/sklep\/wp-content\/uploads\/2025\/01\/ecoursebookeu_LOGO-podstawowe-poziome-1536x355.png 1536w, https:\/\/e-polish.eu\/sklep\/wp-content\/uploads\/2025\/01\/ecoursebookeu_LOGO-podstawowe-poziome-96x22.png 96w, https:\/\/e-polish.eu\/sklep\/wp-content\/uploads\/2025\/01\/ecoursebookeu_LOGO-podstawowe-poziome-42x10.png 42w, https:\/\/e-polish.eu\/sklep\/wp-content\/uploads\/2025\/01\/ecoursebookeu_LOGO-podstawowe-poziome-1471x340.png 1471w, https:\/\/e-polish.eu\/sklep\/wp-content\/uploads\/2025\/01\/ecoursebookeu_LOGO-podstawowe-poziome-1280x296.png 1280w, https:\/\/e-polish.eu\/sklep\/wp-content\/uploads\/2025\/01\/ecoursebookeu_LOGO-podstawowe-poziome.png 2020w\" sizes=\"auto, (max-width: 166px) 100vw, 166px\" \/><\/a><\/span><\/p>\n[caption id=\"attachment_9774\" align=\"alignnone\" width=\"116\"]<img loading=\"lazy\" decoding=\"async\" class=\"wp-image-9774\" src=\"https:\/\/sklep.e-polish.eu\/wp-content\/uploads\/2025\/01\/FB038_qr_code-297x300.png\" alt=\"\" width=\"116\" height=\"117\" \/> <a href=\"https:\/\/start-pre-school.nvt-it.pl\/previews\/EX-kdT9L\" target=\"_blank\" rel=\"noopener\">Zobacz przyk\u0142adowe \u0107wiczenie<\/a>[\/caption]\n<p><!--more--><\/p>\n<p>&nbsp;<\/p>\n","protected":false},"featured_media":9849,"comment_status":"open","ping_status":"closed","template":"","meta":{"_uag_custom_page_level_css":"","site-sidebar-layout":"default","site-content-layout":"","ast-site-content-layout":"default","site-content-style":"default","site-sidebar-style":"default","ast-global-header-display":"","ast-banner-title-visibility":"","ast-main-header-display":"","ast-hfb-above-header-display":"","ast-hfb-below-header-display":"","ast-hfb-mobile-header-display":"","site-post-title":"","ast-breadcrumbs-content":"","ast-featured-img":"","footer-sml-layout":"","ast-disable-related-posts":"","theme-transparent-header-meta":"default","adv-header-id-meta":"","stick-header-meta":"default","header-above-stick-meta":"","header-main-stick-meta":"","header-below-stick-meta":"","astra-migrate-meta-layouts":"set","ast-page-background-enabled":"default","ast-page-background-meta":{"desktop":{"background-color":"","background-image":"","background-repeat":"repeat","background-position":"center center","background-size":"auto","background-attachment":"scroll","background-type":"","background-media":"","overlay-type":"","overlay-color":"","overlay-opacity":"","overlay-gradient":""},"tablet":{"background-color":"","background-image":"","background-repeat":"repeat","background-position":"center center","background-size":"auto","background-attachment":"scroll","background-type":"","background-media":"","overlay-type":"","overlay-color":"","overlay-opacity":"","overlay-gradient":""},"mobile":{"background-color":"","background-image":"","background-repeat":"repeat","background-position":"center center","background-size":"auto","background-attachment":"scroll","background-type":"","background-media":"","overlay-type":"","overlay-color":"","overlay-opacity":"","overlay-gradient":""}},"ast-content-background-meta":{"desktop":{"background-color":"var(--ast-global-color-5)","background-image":"","background-repeat":"repeat","background-position":"center center","background-size":"auto","background-attachment":"scroll","background-type":"","background-media":"","overlay-type":"","overlay-color":"","overlay-opacity":"","overlay-gradient":""},"tablet":{"background-color":"var(--ast-global-color-5)","background-image":"","background-repeat":"repeat","background-position":"center center","background-size":"auto","background-attachment":"scroll","background-type":"","background-media":"","overlay-type":"","overlay-color":"","overlay-opacity":"","overlay-gradient":""},"mobile":{"background-color":"var(--ast-global-color-5)","background-image":"","background-repeat":"repeat","background-position":"center center","background-size":"auto","background-attachment":"scroll","background-type":"","background-media":"","overlay-type":"","overlay-color":"","overlay-opacity":"","overlay-gradient":""}}},"product_brand":[],"product_cat":[22,1933,19],"product_tag":[],"class_list":{"0":"post-9440","1":"product","2":"type-product","3":"status-publish","4":"has-post-thumbnail","6":"product_cat-ecoursebooki","7":"product_cat-e-coursebooki-go","8":"product_cat-wszystkie-produkty","9":"desktop-align-center","10":"tablet-align-left","11":"mobile-align-left","12":"ast-product-gallery-layout-horizontal-slider","13":"ast-product-gallery-with-no-image","14":"ast-product-tabs-layout-horizontal","16":"first","17":"instock","18":"virtual","19":"taxable","20":"purchasable","21":"product-type-simple"},"aioseo_notices":[],"uagb_featured_image_src":{"full":["https:\/\/e-polish.eu\/sklep\/wp-content\/uploads\/shop-items\/efong-fonetyka_-_polski_w_praktyce_go_e-coursebook.png",1000,1415,false],"thumbnail":["https:\/\/e-polish.eu\/sklep\/wp-content\/uploads\/shop-items\/efong-fonetyka_-_polski_w_praktyce_go_e-coursebook-150x150.png",150,150,true],"medium":["https:\/\/e-polish.eu\/sklep\/wp-content\/uploads\/shop-items\/efong-fonetyka_-_polski_w_praktyce_go_e-coursebook-212x300.png",212,300,true],"medium_large":["https:\/\/e-polish.eu\/sklep\/wp-content\/uploads\/shop-items\/efong-fonetyka_-_polski_w_praktyce_go_e-coursebook-768x1087.png",768,1087,true],"large":["https:\/\/e-polish.eu\/sklep\/wp-content\/uploads\/shop-items\/efong-fonetyka_-_polski_w_praktyce_go_e-coursebook-724x1024.png",724,1024,true],"1536x1536":["https:\/\/e-polish.eu\/sklep\/wp-content\/uploads\/shop-items\/efong-fonetyka_-_polski_w_praktyce_go_e-coursebook.png",1000,1415,false],"2048x2048":["https:\/\/e-polish.eu\/sklep\/wp-content\/uploads\/shop-items\/efong-fonetyka_-_polski_w_praktyce_go_e-coursebook.png",1000,1415,false],"page-small":["https:\/\/e-polish.eu\/sklep\/wp-content\/uploads\/shop-items\/efong-fonetyka_-_polski_w_praktyce_go_e-coursebook-210x297.png",210,297,true],"woocommerce_thumbnail":["https:\/\/e-polish.eu\/sklep\/wp-content\/uploads\/shop-items\/efong-fonetyka_-_polski_w_praktyce_go_e-coursebook-300x425.png",300,425,true],"woocommerce_single":["https:\/\/e-polish.eu\/sklep\/wp-content\/uploads\/shop-items\/efong-fonetyka_-_polski_w_praktyce_go_e-coursebook-300x425.png",300,425,true],"woocommerce_gallery_thumbnail":["https:\/\/e-polish.eu\/sklep\/wp-content\/uploads\/shop-items\/efong-fonetyka_-_polski_w_praktyce_go_e-coursebook-100x100.png",100,100,true],"lws_wr_thumbnail":["https:\/\/e-polish.eu\/sklep\/wp-content\/uploads\/shop-items\/efong-fonetyka_-_polski_w_praktyce_go_e-coursebook-68x96.png",68,96,true],"lws_wr_thumbnail_small":["https:\/\/e-polish.eu\/sklep\/wp-content\/uploads\/shop-items\/efong-fonetyka_-_polski_w_praktyce_go_e-coursebook-30x42.png",30,42,true]},"uagb_author_info":{"display_name":"Marta Zawisza","author_link":"https:\/\/e-polish.eu\/sklep\/blog\/author\/"},"uagb_comment_info":1,"uagb_excerpt":"Poznaj now\u0105 ods\u0142on\u0119 znanego e-coursebooka! Teraz dost\u0119pny na smartfonie i tablecie \u2013 ucz si\u0119 wygodnie, gdziekolwiek jeste\u015b!\u00a0e-coursebook GO! zawiera teksty i \u0107wiczenia z ksi\u0105\u017cki Fonetyka - polski w praktyce w formie interaktywnej wraz z t\u0142umaczeniami polece\u0144, kluczem odpowiedzi, nagraniami, s\u0142ownikiem multimedialnym, t\u0142umaczeniami s\u0142\u00f3wek i zwrot\u00f3w. Posiada tak\u017ce mo\u017cliwo\u015b\u0107 zakre\u015blania oraz wstawiania tekstu bezpo\u015brednio na pdfie.&hellip;","_links":{"self":[{"href":"https:\/\/e-polish.eu\/sklep\/wp-json\/wp\/v2\/product\/9440","targetHints":{"allow":["GET"]}}],"collection":[{"href":"https:\/\/e-polish.eu\/sklep\/wp-json\/wp\/v2\/product"}],"about":[{"href":"https:\/\/e-polish.eu\/sklep\/wp-json\/wp\/v2\/types\/product"}],"replies":[{"embeddable":true,"href":"https:\/\/e-polish.eu\/sklep\/wp-json\/wp\/v2\/comments?post=9440"}],"wp:featuredmedia":[{"embeddable":true,"href":"https:\/\/e-polish.eu\/sklep\/wp-json\/wp\/v2\/media\/9849"}],"wp:attachment":[{"href":"https:\/\/e-polish.eu\/sklep\/wp-json\/wp\/v2\/media?parent=9440"}],"wp:term":[{"taxonomy":"product_brand","embeddable":true,"href":"https:\/\/e-polish.eu\/sklep\/wp-json\/wp\/v2\/product_brand?post=9440"},{"taxonomy":"product_cat","embeddable":true,"href":"https:\/\/e-polish.eu\/sklep\/wp-json\/wp\/v2\/product_cat?post=9440"},{"taxonomy":"product_tag","embeddable":true,"href":"https:\/\/e-polish.eu\/sklep\/wp-json\/wp\/v2\/product_tag?post=9440"}],"curies":[{"name":"wp","href":"https:\/\/api.w.org\/{rel}","templated":true}]}}