{"id":9707,"date":"2025-01-30T11:23:04","date_gmt":"2025-01-30T10:23:04","guid":{"rendered":"https:\/\/e-polish.eu\/sklepproduct\/interaktywne-gry-w-wirtualnej-sali-lekcyjnej-2\/"},"modified":"2026-04-07T15:52:09","modified_gmt":"2026-04-07T13:52:09","slug":"interaktywne-gry-w-wirtualnej-sali-lekcyjnej-2","status":"publish","type":"product","link":"https:\/\/e-polish.eu\/sklep\/szkolenia\/interaktywne-gry-w-wirtualnej-sali-lekcyjnej-2\/","title":{"rendered":"Interaktywne gry w wirtualnej sali lekcyjnej"},"content":{"rendered":"<p>Chcesz uatrakcyjni\u0107 i zdynamizowa\u0107 swoje lekcje j\u0119zyka polskiego? Niezale\u017cnie czy uczysz doros\u0142ych czy dzieci gry j\u0119zykowe sprawi\u0105, \u017ce Twoje lekcje stan\u0105 si\u0119 ciekawsze i tym samym bardziej skuteczne. Stworzyli\u015bmy dla nauczycieli jpjo mo\u017cliwo\u015b\u0107 przygotowywania w\u0142asnych gier, kt\u00f3re mog\u0105 by\u0107 wykorzystywane w ramach zaj\u0119\u0107 stacjonarnych jak i online. Podczas webinarium dowiesz si\u0119, jak wykorzysta\u0107 gry aby anga\u017cowa\u0107 uczni\u00f3w do nauki, a tak\u017ce otrzymasz praktyczne wskaz\u00f3wki i inspiracje do stworzenia w\u0142asnych gier.<br \/>\nPodczas webinarium zaprezentujemy jak tworzy\u0107:<\/p>\n<ul>\n<li>Ko\u015bci opowie\u015bci \u2013 idealne do rozwijania wyobra\u017ani i kreatywno\u015bci uczni\u00f3w,<\/li>\n<li>Ko\u0142o fortuny \u2013 anga\u017cuj\u0105ce i wszechstronne narz\u0119dzie do nauki przez zabaw\u0119,<\/li>\n<li>Memory \u2013 skuteczne w \u0107wiczeniu pami\u0119ci i koncentracji,<\/li>\n<li>Puzzle \u2013 wizualne i interaktywne materia\u0142y wspieraj\u0105ce nauk\u0119,<\/li>\n<li>Karty dialogowe \u2013 \u015bwietne do nauki j\u0119zyka i rozwijania umiej\u0119tno\u015bci komunikacyjnych,<\/li>\n<li>K\u00f3\u0142ko krzy\u017cyk \u2013 klasyczna gra w nowoczesnym wydaniu edukacyjnym.<\/li>\n<\/ul>\n<p>Uatrakcyjnij Twoje lekcje j\u0119zyka polskiego! Zapisz si\u0119 na webinarium i poznaj sprawdzone pomys\u0142y na gry j\u0119zykowe!<\/p>\n<p>Na webinarium zapraszamy zar\u00f3wno nauczycieli, kt\u00f3rzy znaj\u0105 i korzystaj\u0105 z e-polish.eu jak te\u017c tych, kt\u00f3rzy dopiero chc\u0105 pozna\u0107 to narz\u0119dzie.<\/p>\n<p>Czas szkolenia: 60 minut.<\/p>\n","protected":false},"excerpt":{"rendered":"<p><strong>Prowadz\u0105cy:<\/strong> Magdalena Gieniec<br \/><strong>Miejsce:<\/strong> (online)<br \/><strong>Data:<\/strong> 2026-05-06<br \/><strong>Godzina:<\/strong> 20:00\u201321:00 (CEST\/Europa\/Warszawa)<\/p>\n","protected":false},"featured_media":14050,"comment_status":"open","ping_status":"closed","template":"","meta":{"_uag_custom_page_level_css":"","site-sidebar-layout":"default","site-content-layout":"","ast-site-content-layout":"default","site-content-style":"default","site-sidebar-style":"default","ast-global-header-display":"","ast-banner-title-visibility":"","ast-main-header-display":"","ast-hfb-above-header-display":"","ast-hfb-below-header-display":"","ast-hfb-mobile-header-display":"","site-post-title":"","ast-breadcrumbs-content":"","ast-featured-img":"","footer-sml-layout":"","ast-disable-related-posts":"","theme-transparent-header-meta":"default","adv-header-id-meta":"","stick-header-meta":"default","header-above-stick-meta":"","header-main-stick-meta":"","header-below-stick-meta":"","astra-migrate-meta-layouts":"set","ast-page-background-enabled":"default","ast-page-background-meta":{"desktop":{"background-color":"","background-image":"","background-repeat":"repeat","background-position":"center center","background-size":"auto","background-attachment":"scroll","background-type":"","background-media":"","overlay-type":"","overlay-color":"","overlay-opacity":"","overlay-gradient":""},"tablet":{"background-color":"","background-image":"","background-repeat":"repeat","background-position":"center center","background-size":"auto","background-attachment":"scroll","background-type":"","background-media":"","overlay-type":"","overlay-color":"","overlay-opacity":"","overlay-gradient":""},"mobile":{"background-color":"","background-image":"","background-repeat":"repeat","background-position":"center center","background-size":"auto","background-attachment":"scroll","background-type":"","background-media":"","overlay-type":"","overlay-color":"","overlay-opacity":"","overlay-gradient":""}},"ast-content-background-meta":{"desktop":{"background-color":"var(--ast-global-color-5)","background-image":"","background-repeat":"repeat","background-position":"center center","background-size":"auto","background-attachment":"scroll","background-type":"","background-media":"","overlay-type":"","overlay-color":"","overlay-opacity":"","overlay-gradient":""},"tablet":{"background-color":"var(--ast-global-color-5)","background-image":"","background-repeat":"repeat","background-position":"center center","background-size":"auto","background-attachment":"scroll","background-type":"","background-media":"","overlay-type":"","overlay-color":"","overlay-opacity":"","overlay-gradient":""},"mobile":{"background-color":"var(--ast-global-color-5)","background-image":"","background-repeat":"repeat","background-position":"center center","background-size":"auto","background-attachment":"scroll","background-type":"","background-media":"","overlay-type":"","overlay-color":"","overlay-opacity":"","overlay-gradient":""}}},"product_brand":[],"product_cat":[1705,19],"product_tag":[],"class_list":{"0":"post-9707","1":"product","2":"type-product","3":"status-publish","4":"has-post-thumbnail","6":"product_cat-szkolenia","7":"product_cat-wszystkie-produkty","8":"desktop-align-center","9":"tablet-align-left","10":"mobile-align-left","11":"ast-product-gallery-layout-horizontal-slider","12":"ast-product-gallery-with-no-image","13":"ast-product-tabs-layout-horizontal","15":"first","16":"instock","17":"virtual","18":"sold-individually","19":"taxable","20":"purchasable","21":"product-type-simple"},"aioseo_notices":[],"uagb_featured_image_src":{"full":["https:\/\/e-polish.eu\/sklep\/wp-content\/uploads\/shop-items\/we009-interaktywne_gry_w_wirtualnej_sali_lekcyjnej.png",420,595,false],"thumbnail":["https:\/\/e-polish.eu\/sklep\/wp-content\/uploads\/shop-items\/we009-interaktywne_gry_w_wirtualnej_sali_lekcyjnej-150x150.png",150,150,true],"medium":["https:\/\/e-polish.eu\/sklep\/wp-content\/uploads\/shop-items\/we009-interaktywne_gry_w_wirtualnej_sali_lekcyjnej-212x300.png",212,300,true],"medium_large":["https:\/\/e-polish.eu\/sklep\/wp-content\/uploads\/shop-items\/we009-interaktywne_gry_w_wirtualnej_sali_lekcyjnej.png",420,595,false],"large":["https:\/\/e-polish.eu\/sklep\/wp-content\/uploads\/shop-items\/we009-interaktywne_gry_w_wirtualnej_sali_lekcyjnej.png",420,595,false],"1536x1536":["https:\/\/e-polish.eu\/sklep\/wp-content\/uploads\/shop-items\/we009-interaktywne_gry_w_wirtualnej_sali_lekcyjnej.png",420,595,false],"2048x2048":["https:\/\/e-polish.eu\/sklep\/wp-content\/uploads\/shop-items\/we009-interaktywne_gry_w_wirtualnej_sali_lekcyjnej.png",420,595,false],"page-small":["https:\/\/e-polish.eu\/sklep\/wp-content\/uploads\/shop-items\/we009-interaktywne_gry_w_wirtualnej_sali_lekcyjnej-210x297.png",210,297,true],"woocommerce_thumbnail":["https:\/\/e-polish.eu\/sklep\/wp-content\/uploads\/shop-items\/we009-interaktywne_gry_w_wirtualnej_sali_lekcyjnej-300x425.png",300,425,true],"woocommerce_single":["https:\/\/e-polish.eu\/sklep\/wp-content\/uploads\/shop-items\/we009-interaktywne_gry_w_wirtualnej_sali_lekcyjnej-300x425.png",300,425,true],"woocommerce_gallery_thumbnail":["https:\/\/e-polish.eu\/sklep\/wp-content\/uploads\/shop-items\/we009-interaktywne_gry_w_wirtualnej_sali_lekcyjnej-100x100.png",100,100,true],"lws_wr_thumbnail":["https:\/\/e-polish.eu\/sklep\/wp-content\/uploads\/shop-items\/we009-interaktywne_gry_w_wirtualnej_sali_lekcyjnej-68x96.png",68,96,true],"lws_wr_thumbnail_small":["https:\/\/e-polish.eu\/sklep\/wp-content\/uploads\/shop-items\/we009-interaktywne_gry_w_wirtualnej_sali_lekcyjnej-30x42.png",30,42,true]},"uagb_author_info":{"display_name":"Marta Zawisza","author_link":"https:\/\/e-polish.eu\/sklep\/blog\/author\/"},"uagb_comment_info":0,"uagb_excerpt":"Prowadz\u0105cy: Magdalena GieniecMiejsce: (online)Data: 2026-05-06Godzina: 20:00\u201321:00 (CEST\/Europa\/Warszawa)","_links":{"self":[{"href":"https:\/\/e-polish.eu\/sklep\/wp-json\/wp\/v2\/product\/9707","targetHints":{"allow":["GET"]}}],"collection":[{"href":"https:\/\/e-polish.eu\/sklep\/wp-json\/wp\/v2\/product"}],"about":[{"href":"https:\/\/e-polish.eu\/sklep\/wp-json\/wp\/v2\/types\/product"}],"replies":[{"embeddable":true,"href":"https:\/\/e-polish.eu\/sklep\/wp-json\/wp\/v2\/comments?post=9707"}],"wp:featuredmedia":[{"embeddable":true,"href":"https:\/\/e-polish.eu\/sklep\/wp-json\/wp\/v2\/media\/14050"}],"wp:attachment":[{"href":"https:\/\/e-polish.eu\/sklep\/wp-json\/wp\/v2\/media?parent=9707"}],"wp:term":[{"taxonomy":"product_brand","embeddable":true,"href":"https:\/\/e-polish.eu\/sklep\/wp-json\/wp\/v2\/product_brand?post=9707"},{"taxonomy":"product_cat","embeddable":true,"href":"https:\/\/e-polish.eu\/sklep\/wp-json\/wp\/v2\/product_cat?post=9707"},{"taxonomy":"product_tag","embeddable":true,"href":"https:\/\/e-polish.eu\/sklep\/wp-json\/wp\/v2\/product_tag?post=9707"}],"curies":[{"name":"wp","href":"https:\/\/api.w.org\/{rel}","templated":true}]}}