{"id":9709,"date":"2025-01-30T11:23:04","date_gmt":"2025-01-30T10:23:04","guid":{"rendered":"https:\/\/e-polish.eu\/sklepproduct\/sprawdz-czy-potrafisz-czyli-wirtualna-sala-lekcyjna-w-praktyce-2\/"},"modified":"2026-04-07T15:52:09","modified_gmt":"2026-04-07T13:52:09","slug":"sprawdz-czy-potrafisz-czyli-wirtualna-sala-lekcyjna-w-praktyce-2","status":"publish","type":"product","link":"https:\/\/e-polish.eu\/sklep\/szkolenia\/sprawdz-czy-potrafisz-czyli-wirtualna-sala-lekcyjna-w-praktyce-2\/","title":{"rendered":"Sprawd\u017a, czy potrafisz, czyli Wirtualna Sala Lekcyjna w praktyce"},"content":{"rendered":"<p>Ostatnie w cyklu webinarium przeznaczone jest dla nauczycieli, kt\u00f3rym brakuje im swobody w korzystaniu Wirtualnej Sali lekcyjnej ale chcieliby zacz\u0105\u0107 z niej korzysta\u0107 nauczaj\u0105c online lub stacjonarnie. Spotkanie to b\u0119dzie mia\u0142o charakter praktycznych warsztat\u00f3w. Uczestnicy dostan\u0105 okre\u015blone zadania takie jak stworzenie swojego profilu nauczyciela w bazie lektor\u00f3w, tworzenie gier interaktywnych, prezentacji lekcyjnej oraz umawianie lekcji w harmonogramie, kt\u00f3re b\u0119d\u0105 realizowa\u0107 pod okiem prowadz\u0105cego. Uczestnicy \u2013 poprzez zadawane przez nich pytania \u2013 b\u0119d\u0105 mieli realny wp\u0142yw na program webinarium.<\/p>\n<p>Na webinarium zapraszamy wszystkich nauczycieli, niezale\u017cnie od ich poziomu znajomo\u015bci platformy e-polish.eu.<\/p>\n<p>Czas szkolenia: 2&#215;90\u00a0minut.<\/p>\n","protected":false},"excerpt":{"rendered":"<p><strong>Prowadz\u0105cy:<\/strong> Tomasz Dominik Stempek<br \/><strong>Miejsce:<\/strong> (online)<br \/><strong>Grupa:<\/strong> do 12 os\u00f3b<br \/><strong>Data:<\/strong> od 2026-06-10 do 2026-06-17<br \/><strong>Godzina:<\/strong> 20:00\u201321:30 (CEST\/Europa\/Warszawa)<\/p>\n","protected":false},"featured_media":14052,"comment_status":"open","ping_status":"closed","template":"","meta":{"_uag_custom_page_level_css":"","site-sidebar-layout":"default","site-content-layout":"","ast-site-content-layout":"default","site-content-style":"default","site-sidebar-style":"default","ast-global-header-display":"","ast-banner-title-visibility":"","ast-main-header-display":"","ast-hfb-above-header-display":"","ast-hfb-below-header-display":"","ast-hfb-mobile-header-display":"","site-post-title":"","ast-breadcrumbs-content":"","ast-featured-img":"","footer-sml-layout":"","ast-disable-related-posts":"","theme-transparent-header-meta":"default","adv-header-id-meta":"","stick-header-meta":"default","header-above-stick-meta":"","header-main-stick-meta":"","header-below-stick-meta":"","astra-migrate-meta-layouts":"set","ast-page-background-enabled":"default","ast-page-background-meta":{"desktop":{"background-color":"","background-image":"","background-repeat":"repeat","background-position":"center center","background-size":"auto","background-attachment":"scroll","background-type":"","background-media":"","overlay-type":"","overlay-color":"","overlay-opacity":"","overlay-gradient":""},"tablet":{"background-color":"","background-image":"","background-repeat":"repeat","background-position":"center center","background-size":"auto","background-attachment":"scroll","background-type":"","background-media":"","overlay-type":"","overlay-color":"","overlay-opacity":"","overlay-gradient":""},"mobile":{"background-color":"","background-image":"","background-repeat":"repeat","background-position":"center center","background-size":"auto","background-attachment":"scroll","background-type":"","background-media":"","overlay-type":"","overlay-color":"","overlay-opacity":"","overlay-gradient":""}},"ast-content-background-meta":{"desktop":{"background-color":"var(--ast-global-color-5)","background-image":"","background-repeat":"repeat","background-position":"center center","background-size":"auto","background-attachment":"scroll","background-type":"","background-media":"","overlay-type":"","overlay-color":"","overlay-opacity":"","overlay-gradient":""},"tablet":{"background-color":"var(--ast-global-color-5)","background-image":"","background-repeat":"repeat","background-position":"center center","background-size":"auto","background-attachment":"scroll","background-type":"","background-media":"","overlay-type":"","overlay-color":"","overlay-opacity":"","overlay-gradient":""},"mobile":{"background-color":"var(--ast-global-color-5)","background-image":"","background-repeat":"repeat","background-position":"center center","background-size":"auto","background-attachment":"scroll","background-type":"","background-media":"","overlay-type":"","overlay-color":"","overlay-opacity":"","overlay-gradient":""}}},"product_brand":[],"product_cat":[1705,19],"product_tag":[],"class_list":{"0":"post-9709","1":"product","2":"type-product","3":"status-publish","4":"has-post-thumbnail","6":"product_cat-szkolenia","7":"product_cat-wszystkie-produkty","8":"desktop-align-center","9":"tablet-align-left","10":"mobile-align-left","11":"ast-product-gallery-layout-horizontal-slider","12":"ast-product-gallery-with-no-image","13":"ast-product-tabs-layout-horizontal","15":"first","16":"instock","17":"virtual","18":"sold-individually","19":"taxable","20":"purchasable","21":"product-type-simple"},"aioseo_notices":[],"uagb_featured_image_src":{"full":["https:\/\/e-polish.eu\/sklep\/wp-content\/uploads\/shop-items\/we011-sprawdz_czy_potrafisz_czyli_wirtualna_sala_lekcyjna_w_praktyce.png",420,595,false],"thumbnail":["https:\/\/e-polish.eu\/sklep\/wp-content\/uploads\/shop-items\/we011-sprawdz_czy_potrafisz_czyli_wirtualna_sala_lekcyjna_w_praktyce-150x150.png",150,150,true],"medium":["https:\/\/e-polish.eu\/sklep\/wp-content\/uploads\/shop-items\/we011-sprawdz_czy_potrafisz_czyli_wirtualna_sala_lekcyjna_w_praktyce-212x300.png",212,300,true],"medium_large":["https:\/\/e-polish.eu\/sklep\/wp-content\/uploads\/shop-items\/we011-sprawdz_czy_potrafisz_czyli_wirtualna_sala_lekcyjna_w_praktyce.png",420,595,false],"large":["https:\/\/e-polish.eu\/sklep\/wp-content\/uploads\/shop-items\/we011-sprawdz_czy_potrafisz_czyli_wirtualna_sala_lekcyjna_w_praktyce.png",420,595,false],"1536x1536":["https:\/\/e-polish.eu\/sklep\/wp-content\/uploads\/shop-items\/we011-sprawdz_czy_potrafisz_czyli_wirtualna_sala_lekcyjna_w_praktyce.png",420,595,false],"2048x2048":["https:\/\/e-polish.eu\/sklep\/wp-content\/uploads\/shop-items\/we011-sprawdz_czy_potrafisz_czyli_wirtualna_sala_lekcyjna_w_praktyce.png",420,595,false],"page-small":["https:\/\/e-polish.eu\/sklep\/wp-content\/uploads\/shop-items\/we011-sprawdz_czy_potrafisz_czyli_wirtualna_sala_lekcyjna_w_praktyce-210x297.png",210,297,true],"woocommerce_thumbnail":["https:\/\/e-polish.eu\/sklep\/wp-content\/uploads\/shop-items\/we011-sprawdz_czy_potrafisz_czyli_wirtualna_sala_lekcyjna_w_praktyce-300x425.png",300,425,true],"woocommerce_single":["https:\/\/e-polish.eu\/sklep\/wp-content\/uploads\/shop-items\/we011-sprawdz_czy_potrafisz_czyli_wirtualna_sala_lekcyjna_w_praktyce-300x425.png",300,425,true],"woocommerce_gallery_thumbnail":["https:\/\/e-polish.eu\/sklep\/wp-content\/uploads\/shop-items\/we011-sprawdz_czy_potrafisz_czyli_wirtualna_sala_lekcyjna_w_praktyce-100x100.png",100,100,true],"lws_wr_thumbnail":["https:\/\/e-polish.eu\/sklep\/wp-content\/uploads\/shop-items\/we011-sprawdz_czy_potrafisz_czyli_wirtualna_sala_lekcyjna_w_praktyce-68x96.png",68,96,true],"lws_wr_thumbnail_small":["https:\/\/e-polish.eu\/sklep\/wp-content\/uploads\/shop-items\/we011-sprawdz_czy_potrafisz_czyli_wirtualna_sala_lekcyjna_w_praktyce-30x42.png",30,42,true]},"uagb_author_info":{"display_name":"Marta Zawisza","author_link":"https:\/\/e-polish.eu\/sklep\/blog\/author\/"},"uagb_comment_info":0,"uagb_excerpt":"Prowadz\u0105cy: Tomasz Dominik StempekMiejsce: (online)Grupa: do 12 os\u00f3bData: od 2026-06-10 do 2026-06-17Godzina: 20:00\u201321:30 (CEST\/Europa\/Warszawa)","_links":{"self":[{"href":"https:\/\/e-polish.eu\/sklep\/wp-json\/wp\/v2\/product\/9709","targetHints":{"allow":["GET"]}}],"collection":[{"href":"https:\/\/e-polish.eu\/sklep\/wp-json\/wp\/v2\/product"}],"about":[{"href":"https:\/\/e-polish.eu\/sklep\/wp-json\/wp\/v2\/types\/product"}],"replies":[{"embeddable":true,"href":"https:\/\/e-polish.eu\/sklep\/wp-json\/wp\/v2\/comments?post=9709"}],"wp:featuredmedia":[{"embeddable":true,"href":"https:\/\/e-polish.eu\/sklep\/wp-json\/wp\/v2\/media\/14052"}],"wp:attachment":[{"href":"https:\/\/e-polish.eu\/sklep\/wp-json\/wp\/v2\/media?parent=9709"}],"wp:term":[{"taxonomy":"product_brand","embeddable":true,"href":"https:\/\/e-polish.eu\/sklep\/wp-json\/wp\/v2\/product_brand?post=9709"},{"taxonomy":"product_cat","embeddable":true,"href":"https:\/\/e-polish.eu\/sklep\/wp-json\/wp\/v2\/product_cat?post=9709"},{"taxonomy":"product_tag","embeddable":true,"href":"https:\/\/e-polish.eu\/sklep\/wp-json\/wp\/v2\/product_tag?post=9709"}],"curies":[{"name":"wp","href":"https:\/\/api.w.org\/{rel}","templated":true}]}}