{"id":9710,"date":"2025-01-30T11:23:04","date_gmt":"2025-01-30T10:23:04","guid":{"rendered":"https:\/\/e-polish.eu\/sklepproduct\/e-polish-eu-najlepsza-platforma-do-nauki-jezyka-polskiego-4\/"},"modified":"2025-04-15T10:18:20","modified_gmt":"2025-04-15T08:18:20","slug":"e-polish-eu-najlepsza-platforma-do-nauki-jezyka-polskiego-4","status":"publish","type":"product","link":"https:\/\/e-polish.eu\/sklep\/szkolenia\/e-polish-eu-najlepsza-platforma-do-nauki-jezyka-polskiego-4\/","title":{"rendered":"e-polish.eu \u2013 najlepsza platforma do nauki j\u0119zyka polskiego"},"content":{"rendered":"<p>Zapraszamy wszystkich student\u00f3w j\u0119zyka polskiego na wyj\u0105tkowe webinarium, kt\u00f3re pozwoli Ci odkry\u0107 wszystkie mo\u017cliwo\u015bci naszej innowacyjnej platformy do nauki j\u0119zyka polskiego! Niezale\u017cnie od tego, czy dopiero zaczynasz swoj\u0105 przygod\u0119 z j\u0119zykiem polskim, czy ju\u017c masz pewne do\u015bwiadczenie, nasze narz\u0119dzia i zasoby pomog\u0105 Ci w nauce tego j\u0119zyka.<\/p>\n<p>Podczas webinarium zaprezentujemy:<\/p>\n<ul>\n<li>jak efektywnie korzysta\u0107 z naszej platformy do nauki j\u0119zyka polskiego<\/li>\n<li>jak uczy\u0107 si\u0119 samodzielnie korzystaj\u0105c z interaktywnych materia\u0142\u00f3w na platformie<\/li>\n<li>e-coursebooki &#8211; unikalne podr\u0119czniki interaktywne<\/li>\n<li>s\u0142ownik multimedialny<\/li>\n<li>fiszki &#8211; system zapami\u0119tywania s\u0142ownictwa<\/li>\n<li>jak uczy\u0107 si\u0119 z pomoc\u0105 nauczyciela na platformie e-polish.eu<\/li>\n<li>jak uczestniczy\u0107 w interaktywnych lekcjach online<\/li>\n<li>jak znale\u017a\u0107 nauczyciela dla siebie w naszej bazie lektor\u00f3w<\/li>\n<\/ul>\n<p>Do\u0142\u0105cz do webinarium i odkryj, jak nasza platforma mo\u017ce odmieni\u0107 Twoj\u0105 nauk\u0119 j\u0119zyka polskiego!<\/p>\n<p>Po webinarium uczestnicy otrzymaj\u0105 dost\u0119p do nagrania z webinarium.<\/p>\n<p>Webinarium prowadzone w j\u0119zyku polskim.<\/p>\n<p>Czas webinarium: 50 minut<\/p>\n","protected":false},"excerpt":{"rendered":"<p>Prowadz\u0105cy: Magdalena Gieniec<br \/>\nMiejsce: Krak\u00f3w (online)<br \/>\nData: 2025-04-14<br \/>\nGodzina: 20:00\u201320:50 (CEST\/Europa\/Warszawa)<\/p>\n","protected":false},"featured_media":9703,"comment_status":"open","ping_status":"closed","template":"","meta":{"_uag_custom_page_level_css":"","site-sidebar-layout":"default","site-content-layout":"","ast-site-content-layout":"default","site-content-style":"default","site-sidebar-style":"default","ast-global-header-display":"","ast-banner-title-visibility":"","ast-main-header-display":"","ast-hfb-above-header-display":"","ast-hfb-below-header-display":"","ast-hfb-mobile-header-display":"","site-post-title":"","ast-breadcrumbs-content":"","ast-featured-img":"","footer-sml-layout":"","ast-disable-related-posts":"","theme-transparent-header-meta":"default","adv-header-id-meta":"","stick-header-meta":"default","header-above-stick-meta":"","header-main-stick-meta":"","header-below-stick-meta":"","astra-migrate-meta-layouts":"set","ast-page-background-enabled":"default","ast-page-background-meta":{"desktop":{"background-color":"","background-image":"","background-repeat":"repeat","background-position":"center center","background-size":"auto","background-attachment":"scroll","background-type":"","background-media":"","overlay-type":"","overlay-color":"","overlay-opacity":"","overlay-gradient":""},"tablet":{"background-color":"","background-image":"","background-repeat":"repeat","background-position":"center center","background-size":"auto","background-attachment":"scroll","background-type":"","background-media":"","overlay-type":"","overlay-color":"","overlay-opacity":"","overlay-gradient":""},"mobile":{"background-color":"","background-image":"","background-repeat":"repeat","background-position":"center center","background-size":"auto","background-attachment":"scroll","background-type":"","background-media":"","overlay-type":"","overlay-color":"","overlay-opacity":"","overlay-gradient":""}},"ast-content-background-meta":{"desktop":{"background-color":"var(--ast-global-color-5)","background-image":"","background-repeat":"repeat","background-position":"center center","background-size":"auto","background-attachment":"scroll","background-type":"","background-media":"","overlay-type":"","overlay-color":"","overlay-opacity":"","overlay-gradient":""},"tablet":{"background-color":"var(--ast-global-color-5)","background-image":"","background-repeat":"repeat","background-position":"center center","background-size":"auto","background-attachment":"scroll","background-type":"","background-media":"","overlay-type":"","overlay-color":"","overlay-opacity":"","overlay-gradient":""},"mobile":{"background-color":"var(--ast-global-color-5)","background-image":"","background-repeat":"repeat","background-position":"center center","background-size":"auto","background-attachment":"scroll","background-type":"","background-media":"","overlay-type":"","overlay-color":"","overlay-opacity":"","overlay-gradient":""}}},"product_brand":[],"product_cat":[1705,19],"product_tag":[],"class_list":{"0":"post-9710","1":"product","2":"type-product","3":"status-publish","4":"has-post-thumbnail","6":"product_cat-szkolenia","7":"product_cat-wszystkie-produkty","8":"desktop-align-center","9":"tablet-align-left","10":"mobile-align-left","11":"ast-product-gallery-layout-horizontal-slider","12":"ast-product-gallery-with-no-image","13":"ast-product-tabs-layout-horizontal","15":"first","16":"outofstock","17":"virtual","18":"sold-individually","19":"taxable","20":"purchasable","21":"product-type-simple"},"aioseo_notices":[],"uagb_featured_image_src":{"full":["https:\/\/e-polish.eu\/sklep\/wp-content\/uploads\/shop-items\/we007-e-polish.eu_-_najlepsza_platforma_do_nauki_jezyka_polskiego.png",560,796,false],"thumbnail":["https:\/\/e-polish.eu\/sklep\/wp-content\/uploads\/shop-items\/we007-e-polish.eu_-_najlepsza_platforma_do_nauki_jezyka_polskiego.png",106,150,false],"medium":["https:\/\/e-polish.eu\/sklep\/wp-content\/uploads\/shop-items\/we007-e-polish.eu_-_najlepsza_platforma_do_nauki_jezyka_polskiego.png",211,300,false],"medium_large":["https:\/\/e-polish.eu\/sklep\/wp-content\/uploads\/shop-items\/we007-e-polish.eu_-_najlepsza_platforma_do_nauki_jezyka_polskiego.png",560,796,false],"large":["https:\/\/e-polish.eu\/sklep\/wp-content\/uploads\/shop-items\/we007-e-polish.eu_-_najlepsza_platforma_do_nauki_jezyka_polskiego.png",560,796,false],"1536x1536":["https:\/\/e-polish.eu\/sklep\/wp-content\/uploads\/shop-items\/we007-e-polish.eu_-_najlepsza_platforma_do_nauki_jezyka_polskiego.png",560,796,false],"2048x2048":["https:\/\/e-polish.eu\/sklep\/wp-content\/uploads\/shop-items\/we007-e-polish.eu_-_najlepsza_platforma_do_nauki_jezyka_polskiego.png",560,796,false],"page-small":["https:\/\/e-polish.eu\/sklep\/wp-content\/uploads\/shop-items\/we007-e-polish.eu_-_najlepsza_platforma_do_nauki_jezyka_polskiego.png",210,297,false],"woocommerce_thumbnail":["https:\/\/e-polish.eu\/sklep\/wp-content\/uploads\/shop-items\/we007-e-polish.eu_-_najlepsza_platforma_do_nauki_jezyka_polskiego.png",300,426,false],"woocommerce_single":["https:\/\/e-polish.eu\/sklep\/wp-content\/uploads\/shop-items\/we007-e-polish.eu_-_najlepsza_platforma_do_nauki_jezyka_polskiego.png",300,426,false],"woocommerce_gallery_thumbnail":["https:\/\/e-polish.eu\/sklep\/wp-content\/uploads\/shop-items\/we007-e-polish.eu_-_najlepsza_platforma_do_nauki_jezyka_polskiego-100x100.png",100,100,true],"lws_wr_thumbnail":["https:\/\/e-polish.eu\/sklep\/wp-content\/uploads\/shop-items\/we007-e-polish.eu_-_najlepsza_platforma_do_nauki_jezyka_polskiego.png",68,96,false],"lws_wr_thumbnail_small":["https:\/\/e-polish.eu\/sklep\/wp-content\/uploads\/shop-items\/we007-e-polish.eu_-_najlepsza_platforma_do_nauki_jezyka_polskiego.png",30,42,false]},"uagb_author_info":{"display_name":"Marta Zawisza","author_link":"https:\/\/e-polish.eu\/sklep\/blog\/author\/"},"uagb_comment_info":0,"uagb_excerpt":"Prowadz\u0105cy: Magdalena Gieniec Miejsce: Krak\u00f3w (online) Data: 2025-04-14 Godzina: 20:00\u201320:50 (CEST\/Europa\/Warszawa)","_links":{"self":[{"href":"https:\/\/e-polish.eu\/sklep\/wp-json\/wp\/v2\/product\/9710","targetHints":{"allow":["GET"]}}],"collection":[{"href":"https:\/\/e-polish.eu\/sklep\/wp-json\/wp\/v2\/product"}],"about":[{"href":"https:\/\/e-polish.eu\/sklep\/wp-json\/wp\/v2\/types\/product"}],"replies":[{"embeddable":true,"href":"https:\/\/e-polish.eu\/sklep\/wp-json\/wp\/v2\/comments?post=9710"}],"wp:featuredmedia":[{"embeddable":true,"href":"https:\/\/e-polish.eu\/sklep\/wp-json\/wp\/v2\/media\/9703"}],"wp:attachment":[{"href":"https:\/\/e-polish.eu\/sklep\/wp-json\/wp\/v2\/media?parent=9710"}],"wp:term":[{"taxonomy":"product_brand","embeddable":true,"href":"https:\/\/e-polish.eu\/sklep\/wp-json\/wp\/v2\/product_brand?post=9710"},{"taxonomy":"product_cat","embeddable":true,"href":"https:\/\/e-polish.eu\/sklep\/wp-json\/wp\/v2\/product_cat?post=9710"},{"taxonomy":"product_tag","embeddable":true,"href":"https:\/\/e-polish.eu\/sklep\/wp-json\/wp\/v2\/product_tag?post=9710"}],"curies":[{"name":"wp","href":"https:\/\/api.w.org\/{rel}","templated":true}]}}